{"id":7268,"date":"2022-09-26T14:34:31","date_gmt":"2022-09-26T12:34:31","guid":{"rendered":"https:\/\/semmelweis.hu\/szaknyelv\/?page_id=7268"},"modified":"2022-11-03T10:52:15","modified_gmt":"2022-11-03T09:52:15","slug":"smlc-abstact-submission","status":"publish","type":"page","link":"https:\/\/semmelweis.hu\/szaknyelv\/en\/smlc2023\/smlc-abstact-submission\/","title":{"rendered":"SMLC Abstact submission"},"content":{"rendered":"<p><img loading=\"lazy\" decoding=\"async\" class=\"alignnone wp-image-7880 size-large\" src=\"https:\/\/semmelweis.hu\/szaknyelv\/files\/2022\/11\/SE_Szaknyelvi_Int_Nemzetkozi_kongresszus_Slider_1280x420px-1024x336.png\" alt=\"\" width=\"753\" height=\"247\" srcset=\"https:\/\/semmelweis.hu\/szaknyelv\/files\/2022\/11\/SE_Szaknyelvi_Int_Nemzetkozi_kongresszus_Slider_1280x420px-1024x336.png 1024w, https:\/\/semmelweis.hu\/szaknyelv\/files\/2022\/11\/SE_Szaknyelvi_Int_Nemzetkozi_kongresszus_Slider_1280x420px-400x131.png 400w, https:\/\/semmelweis.hu\/szaknyelv\/files\/2022\/11\/SE_Szaknyelvi_Int_Nemzetkozi_kongresszus_Slider_1280x420px-768x252.png 768w, https:\/\/semmelweis.hu\/szaknyelv\/files\/2022\/11\/SE_Szaknyelvi_Int_Nemzetkozi_kongresszus_Slider_1280x420px-753x247.png 753w, https:\/\/semmelweis.hu\/szaknyelv\/files\/2022\/11\/SE_Szaknyelvi_Int_Nemzetkozi_kongresszus_Slider_1280x420px.png 1280w\" sizes=\"auto, (max-width: 753px) 100vw, 753px\" \/><\/p>\n\n<div class=\"wpcf7 no-js\" id=\"wpcf7-f7271-o1\" lang=\"hu-HU\" dir=\"ltr\" data-wpcf7-id=\"7271\">\n<div class=\"screen-reader-response\"><p role=\"status\" aria-live=\"polite\" aria-atomic=\"true\"><\/p> <ul><\/ul><\/div>\n<form action=\"\/szaknyelv\/wp-json\/wp\/v2\/pages\/7268#wpcf7-f7271-o1\" method=\"post\" class=\"wpcf7-form init\" aria-label=\"Kapcsolatfelv\u00e9teli \u0171rlap\" novalidate=\"novalidate\" data-status=\"init\">\n<div style=\"display: none;\">\n<input type=\"hidden\" name=\"_wpcf7\" value=\"7271\" \/>\n<input type=\"hidden\" name=\"_wpcf7_version\" value=\"6.0.5\" \/>\n<input type=\"hidden\" name=\"_wpcf7_locale\" value=\"hu_HU\" \/>\n<input type=\"hidden\" name=\"_wpcf7_unit_tag\" value=\"wpcf7-f7271-o1\" \/>\n<input type=\"hidden\" name=\"_wpcf7_container_post\" value=\"0\" \/>\n<input type=\"hidden\" name=\"_wpcf7_posted_data_hash\" value=\"\" \/>\n<input type=\"hidden\" name=\"_wpcf7cf_hidden_group_fields\" value=\"[]\" \/>\n<input type=\"hidden\" name=\"_wpcf7cf_hidden_groups\" value=\"[]\" \/>\n<input type=\"hidden\" name=\"_wpcf7cf_visible_groups\" value=\"[]\" \/>\n<input type=\"hidden\" name=\"_wpcf7cf_repeaters\" value=\"[]\" \/>\n<input type=\"hidden\" name=\"_wpcf7cf_steps\" value=\"{}\" \/>\n<input type=\"hidden\" name=\"_wpcf7cf_options\" value=\"{&quot;form_id&quot;:7271,&quot;conditions&quot;:[],&quot;settings&quot;:{&quot;animation&quot;:&quot;yes&quot;,&quot;animation_intime&quot;:200,&quot;animation_outtime&quot;:200,&quot;conditions_ui&quot;:&quot;normal&quot;,&quot;notice_dismissed&quot;:false}}\" \/>\n<input type=\"hidden\" name=\"_wpcf7_recaptcha_response\" value=\"\" \/>\n<\/div>\n<h3 style=\"text-align: center;\">Information\n<\/h3>\n<p style=\"text-align: center;\">The extended deadline for abstract submission is 31 March, 2023. Abstracts should include research questions, and results and should not exceed 1700 characters (references are to be mentioned in the full papers, not in the abstracts). Only accepted abstracts of registered presenters will be included in the final program.\n<\/p>\n<p style=\"text-align: center;\">Poster format: printed, maximum width: 90 cm; height 130 cm - portrait format.\n<\/p>\n<p>&nbsp;\n<\/p>\n<h3>Abstract details\n<\/h3>\n<p><label>Mode of presentation<span style=\"color:red\">*<\/span><br \/>\n<span class=\"wpcf7-form-control-wrap\" data-name=\"mode-of-presentation\"><select class=\"wpcf7-form-control wpcf7-select wpcf7-validates-as-required\" aria-required=\"true\" aria-invalid=\"false\" name=\"mode-of-presentation\"><option value=\"speaker\">speaker<\/option><option value=\"poster presenter\">poster presenter<\/option><\/select><\/span> <\/label>\n<\/p>\n<p><label>5 keywords<span style=\"color:red\">*<\/span><br \/>\n<span class=\"wpcf7-form-control-wrap\" data-name=\"five-keywords\"><input size=\"40\" maxlength=\"400\" class=\"wpcf7-form-control wpcf7-text wpcf7-validates-as-required\" aria-required=\"true\" aria-invalid=\"false\" value=\"\" type=\"text\" name=\"five-keywords\" \/><\/span><\/label>\n<\/p>\n<p><label>Title<span style=\"color:red\">*<\/span><br \/>\n<span class=\"wpcf7-form-control-wrap\" data-name=\"title\"><input size=\"40\" maxlength=\"400\" class=\"wpcf7-form-control wpcf7-text wpcf7-validates-as-required\" aria-required=\"true\" aria-invalid=\"false\" value=\"\" type=\"text\" name=\"title\" \/><\/span><\/label>\n<\/p>\n<h3>Abstract text\n<\/h3>\n<p>The maximum character number should be between 1500 and 1700 characters.\n<\/p>\n<p><span class=\"wpcf7-form-control-wrap\" data-name=\"abstract-text\"><textarea cols=\"40\" rows=\"10\" maxlength=\"1700\" class=\"wpcf7-form-control wpcf7-textarea wpcf7-validates-as-required\" aria-required=\"true\" aria-invalid=\"false\" name=\"abstract-text\"><\/textarea><\/span><span class=\"wpcf7-character-count up\" data-target-name=\"abstract-text\" data-starting-value=\"0\" data-current-value=\"0\" data-maximum-value=\"1700\">0<\/span>\n<\/p>\n<h3>Personal Data\n<\/h3>\n<p><label>First name<span style=\"color:red\">*<\/span><br \/>\n<span class=\"wpcf7-form-control-wrap\" data-name=\"first-name\"><input size=\"40\" maxlength=\"400\" class=\"wpcf7-form-control wpcf7-text wpcf7-validates-as-required\" aria-required=\"true\" aria-invalid=\"false\" value=\"\" type=\"text\" name=\"first-name\" \/><\/span><\/label><br \/>\n<label>Family name<span style=\"color:red\">*<\/span><br \/>\n<span class=\"wpcf7-form-control-wrap\" data-name=\"family-name\"><input size=\"40\" maxlength=\"400\" class=\"wpcf7-form-control wpcf7-text wpcf7-validates-as-required\" aria-required=\"true\" aria-invalid=\"false\" value=\"\" type=\"text\" name=\"family-name\" \/><\/span><\/label><br \/>\n<label>Email<span style=\"color:red\">*<\/span><br \/>\n<span class=\"wpcf7-form-control-wrap\" data-name=\"email-address\"><input size=\"40\" maxlength=\"400\" class=\"wpcf7-form-control wpcf7-email wpcf7-validates-as-required wpcf7-text wpcf7-validates-as-email\" aria-required=\"true\" aria-invalid=\"false\" value=\"\" type=\"email\" name=\"email-address\" \/><\/span><\/label><br \/>\n<label>Confirm Email<span style=\"color:red\">*<\/span><br \/>\n<span class=\"wpcf7-form-control-wrap\" data-name=\"repeat-email-address\"><input size=\"40\" maxlength=\"400\" class=\"wpcf7-form-control wpcf7-email wpcf7-validates-as-required wpcf7-text wpcf7-validates-as-email\" aria-required=\"true\" aria-invalid=\"false\" value=\"\" type=\"email\" name=\"repeat-email-address\" \/><\/span><\/label><br \/>\n<label>Institution<span style=\"color:red\">*<\/span><br \/>\n<span class=\"wpcf7-form-control-wrap\" data-name=\"institution\"><input size=\"40\" maxlength=\"400\" class=\"wpcf7-form-control wpcf7-text wpcf7-validates-as-required\" aria-required=\"true\" aria-invalid=\"false\" value=\"\" type=\"text\" name=\"institution\" \/><\/span><\/label><br \/>\n<label>Nationality<span style=\"color:red\">*<\/span><br \/>\n<span class=\"wpcf7-form-control-wrap\" data-name=\"nationality\"><input size=\"40\" maxlength=\"400\" class=\"wpcf7-form-control wpcf7-text wpcf7-validates-as-required\" aria-required=\"true\" aria-invalid=\"false\" value=\"\" type=\"text\" name=\"nationality\" \/><\/span><\/label><br \/>\n<label>ID\/Passport number<span style=\"color:red\">*<\/span><br \/>\n<span class=\"wpcf7-form-control-wrap\" data-name=\"id-passport-number\"><input size=\"40\" maxlength=\"400\" class=\"wpcf7-form-control wpcf7-text wpcf7-validates-as-required\" aria-required=\"true\" aria-invalid=\"false\" value=\"\" type=\"text\" name=\"id-passport-number\" \/><\/span><\/label><br \/>\n<label>Country<span style=\"color:red\">*<\/span><br \/>\n[countrytext* country] <\/label><br \/>\n<label>Postal Code<span style=\"color:red\">*<\/span><br \/>\n<span class=\"wpcf7-form-control-wrap\" data-name=\"postal-code\"><input size=\"40\" maxlength=\"400\" class=\"wpcf7-form-control wpcf7-text wpcf7-validates-as-required\" aria-required=\"true\" aria-invalid=\"false\" value=\"\" type=\"text\" name=\"postal-code\" \/><\/span> <\/label><br \/>\n<label>City<span style=\"color:red\">*<\/span><br \/>\n<span class=\"wpcf7-form-control-wrap\" data-name=\"city\"><input size=\"40\" maxlength=\"400\" class=\"wpcf7-form-control wpcf7-text wpcf7-validates-as-required\" aria-required=\"true\" aria-invalid=\"false\" value=\"\" type=\"text\" name=\"city\" \/><\/span> <\/label><br \/>\n<label>Address (street name, house number)<span style=\"color:red\">*<\/span><br \/>\n<span class=\"wpcf7-form-control-wrap\" data-name=\"mailing-address\"><input size=\"40\" maxlength=\"400\" class=\"wpcf7-form-control wpcf7-text wpcf7-validates-as-required\" aria-required=\"true\" aria-invalid=\"false\" value=\"\" type=\"text\" name=\"mailing-address\" \/><\/span> <\/label><br \/>\n<label>Phone<span style=\"color:red\">*<\/span><br \/>\n[phonetext* phone numberonly minlength:6] <\/label><br \/>\n<label>Participation category<span style=\"color:red\">*<\/span><br \/>\n<span class=\"wpcf7-form-control-wrap\" data-name=\"participation-category\"><select class=\"wpcf7-form-control wpcf7-select wpcf7-validates-as-required\" aria-required=\"true\" aria-invalid=\"false\" name=\"participation-category\"><option value=\"\">&#8212; K\u00e9rj\u00fck, v\u00e1lasszon egy opci\u00f3t &#8212;<\/option><option value=\"Speaker\">Speaker<\/option><option value=\"Poster presenter\">Poster presenter<\/option><option value=\"Participant\">Participant<\/option><option value=\"Online participant\">Online participant<\/option><\/select><\/span> <\/label><br \/>\n<label>Privacy settings<\/label>I hereby consent to the publication of the photo and<br \/>\nvideo material made during the event. <span style=\"color:red\">*<\/span><br \/>\n<span class=\"wpcf7-form-control-wrap\" data-name=\"privacy-settings-photo\"><select class=\"wpcf7-form-control wpcf7-select wpcf7-validates-as-required\" aria-required=\"true\" aria-invalid=\"false\" name=\"privacy-settings-photo\"><option value=\"\">&#8212; K\u00e9rj\u00fck, v\u00e1lasszon egy opci\u00f3t &#8212;<\/option><option value=\"Yes\">Yes<\/option><option value=\"No\">No<\/option><\/select><\/span><br \/>\nMy name and contact information may be shared with the registered event participants <span style=\"color:red\">*<\/span><br \/>\n<span class=\"wpcf7-form-control-wrap\" data-name=\"privacy-settings-contact\"><select class=\"wpcf7-form-control wpcf7-select wpcf7-validates-as-required\" aria-required=\"true\" aria-invalid=\"false\" name=\"privacy-settings-contact\"><option value=\"\">&#8212; K\u00e9rj\u00fck, v\u00e1lasszon egy opci\u00f3t &#8212;<\/option><option value=\"Yes\">Yes<\/option><option value=\"No\">No<\/option><\/select><\/span><br \/>\n<span class=\"wpcf7-form-control-wrap\" data-name=\"accepted-terms-conditions\"><span class=\"wpcf7-form-control wpcf7-acceptance\"><span class=\"wpcf7-list-item\"><label><input type=\"checkbox\" name=\"accepted-terms-conditions\" value=\"1\" aria-invalid=\"false\" \/><span class=\"wpcf7-list-item-label\"><a href=\"https:\/\/semmelweis.hu\/english\/data-protection\/\">Accept Terms and Conditions<\/a><\/span><\/label><\/span><\/span><\/span><br \/>\n<input class=\"wpcf7-form-control wpcf7-submit has-spinner\" type=\"submit\" value=\"Abstract submission\" \/>\n<\/p><div class=\"wpcf7-response-output\" aria-hidden=\"true\"><\/div>\n<\/form>\n<\/div>\n\n","protected":false},"excerpt":{"rendered":"","protected":false},"author":118,"featured_media":0,"parent":6909,"menu_order":0,"comment_status":"closed","ping_status":"closed","template":"","meta":{"_acf_changed":false,"footnotes":""},"categories":[],"tags":[],"class_list":["post-7268","page","type-page","status-publish","hentry"],"acf":[],"_links":{"self":[{"href":"https:\/\/semmelweis.hu\/szaknyelv\/wp-json\/wp\/v2\/pages\/7268","targetHints":{"allow":["GET"]}}],"collection":[{"href":"https:\/\/semmelweis.hu\/szaknyelv\/wp-json\/wp\/v2\/pages"}],"about":[{"href":"https:\/\/semmelweis.hu\/szaknyelv\/wp-json\/wp\/v2\/types\/page"}],"author":[{"embeddable":true,"href":"https:\/\/semmelweis.hu\/szaknyelv\/wp-json\/wp\/v2\/users\/118"}],"replies":[{"embeddable":true,"href":"https:\/\/semmelweis.hu\/szaknyelv\/wp-json\/wp\/v2\/comments?post=7268"}],"version-history":[{"count":8,"href":"https:\/\/semmelweis.hu\/szaknyelv\/wp-json\/wp\/v2\/pages\/7268\/revisions"}],"predecessor-version":[{"id":7909,"href":"https:\/\/semmelweis.hu\/szaknyelv\/wp-json\/wp\/v2\/pages\/7268\/revisions\/7909"}],"up":[{"embeddable":true,"href":"https:\/\/semmelweis.hu\/szaknyelv\/wp-json\/wp\/v2\/pages\/6909"}],"wp:attachment":[{"href":"https:\/\/semmelweis.hu\/szaknyelv\/wp-json\/wp\/v2\/media?parent=7268"}],"wp:term":[{"taxonomy":"category","embeddable":true,"href":"https:\/\/semmelweis.hu\/szaknyelv\/wp-json\/wp\/v2\/categories?post=7268"},{"taxonomy":"post_tag","embeddable":true,"href":"https:\/\/semmelweis.hu\/szaknyelv\/wp-json\/wp\/v2\/tags?post=7268"}],"curies":[{"name":"wp","href":"https:\/\/api.w.org\/{rel}","templated":true}]}}