{"id":6909,"date":"2022-09-26T14:33:05","date_gmt":"2022-09-26T12:33:05","guid":{"rendered":"https:\/\/semmelweis.hu\/szaknyelv\/?page_id=6909"},"modified":"2025-12-04T21:35:34","modified_gmt":"2025-12-04T20:35:34","slug":"smlc2023","status":"publish","type":"page","link":"https:\/\/semmelweis.hu\/szaknyelv\/en\/smlc2023\/","title":{"rendered":"SMLC 2023"},"content":{"rendered":"<p><img loading=\"lazy\" decoding=\"async\" class=\"alignnone wp-image-7880 size-large\" src=\"https:\/\/semmelweis.hu\/szaknyelv\/files\/2022\/11\/SE_Szaknyelvi_Int_Nemzetkozi_kongresszus_Slider_1280x420px-1024x336.png\" alt=\"\" width=\"753\" height=\"247\" srcset=\"https:\/\/semmelweis.hu\/szaknyelv\/files\/2022\/11\/SE_Szaknyelvi_Int_Nemzetkozi_kongresszus_Slider_1280x420px-1024x336.png 1024w, https:\/\/semmelweis.hu\/szaknyelv\/files\/2022\/11\/SE_Szaknyelvi_Int_Nemzetkozi_kongresszus_Slider_1280x420px-400x131.png 400w, https:\/\/semmelweis.hu\/szaknyelv\/files\/2022\/11\/SE_Szaknyelvi_Int_Nemzetkozi_kongresszus_Slider_1280x420px-768x252.png 768w, https:\/\/semmelweis.hu\/szaknyelv\/files\/2022\/11\/SE_Szaknyelvi_Int_Nemzetkozi_kongresszus_Slider_1280x420px-753x247.png 753w, https:\/\/semmelweis.hu\/szaknyelv\/files\/2022\/11\/SE_Szaknyelvi_Int_Nemzetkozi_kongresszus_Slider_1280x420px.png 1280w\" sizes=\"auto, (max-width: 753px) 100vw, 753px\" \/><\/p>\n<p style=\"text-align: center\"><strong>Semmelweis Medical Linguistics Conference 2023<\/strong><br \/>\n<strong>Impact of Sociocultural Factors on Health Communication Hybrid Conference<\/strong><\/p>\n<p style=\"text-align: center\">Department of Languages for Specific Purposes, Semmelweis University<br \/>\n2-3 June, 2023 <br \/>\nBudapest, Hungary<\/p>\n<p>&nbsp;<\/p>\n<div class=\"exp-col-content-holder\"><a class=\"expand-cnt-link\" href=\"#\">Conference programme<\/a><\/p>\n<div class=\"hidden-content\"><a href=\"https:\/\/semmelweis.hu\/szaknyelv\/files\/2023\/08\/SMLC_programfuzet_offline-06.01..pdf\">SMLC 2023 Programme<\/a><\/div>\n<\/div>\n<div class=\"exp-col-content-holder\"><a class=\"expand-cnt-link\" href=\"#\">Book of abstracts<\/a><\/p>\n<div class=\"hidden-content\"><a href=\"https:\/\/semmelweis.hu\/szaknyelv\/files\/2024\/07\/SMLC-2023-Book-of-abstracts.pdf\">SMLC 2023 Abstracts<\/a><\/div>\n<\/div>\n<div class=\"exp-col-content-holder\"><a class=\"expand-cnt-link\" href=\"#\">Important dates and deadlines<\/a><\/p>\n<div class=\"hidden-content\">\n<table style=\"border-collapse: collapse;width: 100%;height: 166px\">\n<tbody>\n<tr style=\"height: 33px\">\n<td style=\"width: 65.3996%;height: 33px\">Abstract submission deadline (extended)<\/td>\n<td style=\"width: 34.6004%;height: 33px\">31 March, 2023<\/td>\n<\/tr>\n<tr style=\"height: 34px\">\n<td style=\"width: 65.3996%;height: 34px\">Registration as speaker or poster presenter<\/td>\n<td style=\"width: 34.6004%;height: 67px\" rowspan=\"2\">1 April, 2023<\/td>\n<\/tr>\n<tr style=\"height: 33px\">\n<td style=\"width: 65.3996%;height: 33px\">Registration as participant or online participant<\/td>\n<\/tr>\n<tr style=\"height: 33px\">\n<td style=\"width: 65.3996%;height: 33px\">Payment deadline<\/td>\n<td style=\"width: 34.6004%;height: 33px\">15 April, 2023<\/td>\n<\/tr>\n<tr style=\"height: 33px\">\n<td style=\"width: 65.3996%;height: 33px\">Conference<\/td>\n<td style=\"width: 34.6004%;height: 33px\">2-3 June, 2023<\/td>\n<\/tr>\n<\/tbody>\n<\/table>\n<\/div>\n<\/div>\n<div class=\"exp-col-content-holder\"><a class=\"expand-cnt-link\" href=\"#\">Call for Papers<\/a><\/p>\n<div class=\"hidden-content\">\n<p><a href=\"https:\/\/semmelweis.hu\/szaknyelv\/files\/2022\/11\/SMLC_1st_call-november.png\">SMLC 2023 First Call for Papers<\/a><\/p>\n<p><a href=\"https:\/\/semmelweis.hu\/szaknyelv\/files\/2023\/01\/SMLC-2023-2nd-Call-for-Papers-scaled.jpg\">SMLC 2023 Second Call for Papers<\/a><\/p>\n<p><a href=\"https:\/\/semmelweis.hu\/szaknyelv\/files\/2023\/02\/SMLC_3rd_call-scaled.jpg\">SMLC 2023 Third Call for Papers<\/a><\/p>\n<\/div>\n<\/div>\n<div class=\"exp-col-content-holder\"><a class=\"expand-cnt-link\" href=\"#\">Registration fees<\/a><\/p>\n<div class=\"hidden-content\">\n<table>\n<tbody>\n<tr>\n<td width=\"389\">\n<p>Speaker<\/p>\n<p>Poster presenter<\/p>\n<p>Participant<\/p>\n<p>Online participant<\/p>\n<\/td>\n<td width=\"236\">\n<p>150 EUR (for two days)*<\/p>\n<\/td>\n<\/tr>\n<tr>\n<td width=\"389\">\n<p>Dinner on the first evening**<\/p>\n<\/td>\n<td width=\"236\">\n<p>30 EUR<\/p>\n<\/td>\n<\/tr>\n<\/tbody>\n<\/table>\n<p>* including lunch on both days<\/p>\n<p>** optional program<\/p>\n<\/div>\n<\/div>\n<div class=\"exp-col-content-holder\"><a class=\"expand-cnt-link\" href=\"#\">Keynote speakers<\/a><\/p>\n<div class=\"hidden-content\">\n<h4><img loading=\"lazy\" decoding=\"async\" width=\"400\" height=\"400\" class=\"aligncenter wp-image-7405 size-medium\" style=\"width: 50%\" src=\"https:\/\/semmelweis.hu\/szaknyelv\/files\/2022\/10\/Sarah-Bigi2-400x400.jpg\" alt=\"\" srcset=\"https:\/\/semmelweis.hu\/szaknyelv\/files\/2022\/10\/Sarah-Bigi2-400x400.jpg 400w, https:\/\/semmelweis.hu\/szaknyelv\/files\/2022\/10\/Sarah-Bigi2-150x150.jpg 150w, https:\/\/semmelweis.hu\/szaknyelv\/files\/2022\/10\/Sarah-Bigi2-768x768.jpg 768w, https:\/\/semmelweis.hu\/szaknyelv\/files\/2022\/10\/Sarah-Bigi2-753x753.jpg 753w, https:\/\/semmelweis.hu\/szaknyelv\/files\/2022\/10\/Sarah-Bigi2.jpg 800w\" sizes=\"auto, (max-width: 400px) 100vw, 400px\" \/><\/h4>\n<p style=\"text-align: center\"><strong>Bigi, Sara<\/strong><\/p>\n<p style=\"text-align: left\"><strong>Universit\u00e0 Cattolica del Sacro Cuore<\/strong><\/p>\n<p style=\"text-align: justify\"><strong>Title of keynote speech:<\/strong> Doing pragma-linguistic analysis of discourse in medical settings: methodological and ethical issues<\/p>\n<hr \/>\n<h4><img loading=\"lazy\" decoding=\"async\" width=\"400\" height=\"400\" class=\"aligncenter size-medium wp-image-7401\" style=\"width: 50%\" src=\"https:\/\/semmelweis.hu\/szaknyelv\/files\/2022\/10\/Demjen-Zsofia-400x400.jpg\" alt=\"\" srcset=\"https:\/\/semmelweis.hu\/szaknyelv\/files\/2022\/10\/Demjen-Zsofia-400x400.jpg 400w, https:\/\/semmelweis.hu\/szaknyelv\/files\/2022\/10\/Demjen-Zsofia-150x150.jpg 150w, https:\/\/semmelweis.hu\/szaknyelv\/files\/2022\/10\/Demjen-Zsofia-768x768.jpg 768w, https:\/\/semmelweis.hu\/szaknyelv\/files\/2022\/10\/Demjen-Zsofia-753x753.jpg 753w, https:\/\/semmelweis.hu\/szaknyelv\/files\/2022\/10\/Demjen-Zsofia.jpg 800w\" sizes=\"auto, (max-width: 400px) 100vw, 400px\" \/><\/h4>\n<p style=\"text-align: center\"><strong>Demjen, Zsofia<\/strong><\/p>\n<p style=\"text-align: left\"><strong>University College London<\/strong><\/p>\n<p style=\"text-align: justify\"><span style=\"font-size: 14pt\"><strong>Title of keynote speech:<\/strong> Patient discourse online: sociocultural factors and beyond<\/span><\/p>\n<hr \/>\n<h4><img decoding=\"async\" class=\"aligncenter wp-image-7405\" style=\"width: 50%\" src=\"https:\/\/semmelweis.hu\/szaknyelv\/files\/2022\/10\/Jan-Engberg-400x400.jpg\" alt=\"\" \/><\/h4>\n<p style=\"text-align: center\"><strong>Engberg, Jan<\/strong><\/p>\n<p style=\"text-align: left\"><strong>Aarhus University<\/strong><\/p>\n<p style=\"text-align: justify\"><strong>Title of keynote speech:<\/strong> Disseminating our knowledge or popularizing our insights? Investigating levels of explanatory depth in online health support communities.<\/p>\n<hr \/>\n<h4><img decoding=\"async\" class=\"aligncenter wp-image-7405\" style=\"width: 50%\" src=\"https:\/\/semmelweis.hu\/szaknyelv\/files\/2022\/10\/Pascaline-Faure-400x400.jpg\" alt=\"\" \/><\/h4>\n<p style=\"text-align: center\"><strong>Faure, Pascaline<\/strong><\/p>\n<p style=\"text-align: left\"><strong>Sorbonne University<\/strong><\/p>\n<p style=\"text-align: justify\"><strong>Title of keynote speech:<\/strong> \u201cDoctor, I have not seen for three months \/ Docteur, je ne vois rien depuis trois mois\u201d: a comparative lexicological analysis of words and expressions related to the body and its (dys)functions in the English and French common languages<\/p>\n<hr \/>\n<h4><img decoding=\"async\" class=\"aligncenter wp-image-7405\" style=\"width: 50%\" src=\"https:\/\/semmelweis.hu\/szaknyelv\/files\/2022\/10\/Rita-Temmerman-400x400.jpg\" alt=\"\" \/><\/h4>\n<p style=\"text-align: center\"><strong>Temmerman, Rita<\/strong><\/p>\n<p style=\"text-align: left\"><strong>Vrije Universiteit Brussel<\/strong><\/p>\n<p style=\"text-align: justify\"><strong>Title of keynote speech:<\/strong> Understanding monolingual and multilingual culture-bound communication in health care<\/p>\n<hr \/>\n<\/div>\n<\/div>\n<div class=\"exp-col-content-holder\"><a class=\"expand-cnt-link\" href=\"#\">Payment details<\/a><\/p>\n<div class=\"hidden-content\">\n<ol>\n<li>Fill in the <a href=\"https:\/\/semmelweis.hu\/szaknyelv\/en\/smlc2023\/smlc-registration\/\">registration form. <\/a>Please make sure your invoicing details are correct.<\/li>\n<li>Transfer the fee of your choice.\n<div id=\"GroupWiseSection_1681445842000_trencsenyi.monika@semmelweis-univ.hu_CA3DB3811AA4000084F2000000000000_\" class=\"GroupWiseMessageBody\">\n<div>\n<div>\n<div id=\"x_GroupWiseSection_1681379922000_trencsenyi.monika@semmelweis-univ.hu_CA3DB3811AA4000084F2000000000000_\" class=\"x_\">\n<div>\u00a0<\/div>\n<\/div>\n<\/div>\n<\/div>\n<\/div>\n<p><strong>BENEFICIARY&#8217;s details:<\/strong><br \/>\nName: Semmelweis University or Semmelweis Egyetem<br \/>\nAddress: 1085 Budapest, \u00dcll\u0151i \u00fat 26, Hungary<br \/>\nAccount number: 11763842-00880888<br \/>\nIBAN: HU51117638420088088800000000<br \/>\nSWIFT (BIC) code: OTPVHUHB<\/p>\n<p><strong>BANK details:<\/strong><br \/>\nName: OTP Bank Nyrt.<br \/>\nAddress: 1051 Budapest, N\u00e1dor utca 16, Hungary<\/p>\n<p>The registration fee may vary:<\/p>\n<ul style=\"list-style-type: disc\">\n<li>150 EUR registration fee for both days<\/li>\n<li>180 EUR (registration fee for both days + 30 EUR for the optional program)<\/li>\n<\/ul>\n<\/li>\n<li>The payment reference should state the code: <br \/>\n<strong><span lang=\"EN-GB\">\u2018<\/span>SMLC2023 registration fee<span lang=\"EN-GB\"><b>\u2019<\/b><\/span><\/strong><\/li>\n<li>Please send the payment confirmation to our e-mail address:<br \/>\n<a href=\"mailto:smlc2023@semmelweis-univ.hu\">smlc2023@semmelweis-univ.hu<\/a><\/li>\n<li>Semmelweis University will issue and send an e-invoice to your invoicing e-mail address.<br \/>\nShould you have any questions, please do not hesitate to contact us.<\/li>\n<\/ol>\n<\/div>\n<\/div>\n<div class=\"exp-col-content-holder\"><a class=\"expand-cnt-link\" href=\"#\">Social and networking events<\/a><\/p>\n<div class=\"hidden-content\">\n<p class=\"hiddenContentp\">City tour and boat trip on the second evening<\/p>\n<\/div>\n<\/div>\n<div class=\"exp-col-content-holder\"><a class=\"expand-cnt-link\" href=\"#\">Accommodation &#8211; Hotels nearby<\/a><\/p>\n<div class=\"hidden-content\">\n<div>\n<div>1. Leonardo Hotel<\/div>\n<div><a href=\"https:\/\/www.leonardo-hotels.com\/budapest\/leonardo-hotel-budapest\" target=\"_blank\" rel=\"noopener\">https:\/\/www.leonardo-hotels.com\/budapest\/leonardo-hotel-budapest<\/a><\/div>\n<div>1094 Budapest,\u00a0Tompa u. 30-34.<\/div>\n<\/div>\n<div>\u00a0<\/div>\n<div>2. Corvin Hotel Budapest<\/div>\n<div><a href=\"https:\/\/corvinhotelbudapest.hu\/en\/?gclid=Cj0KCQjwpeaYBhDXARIsAEzItbG9X-uJy7Hwaplf4uID3yYRfnJis29Ys8vC7Id_n9k_SW2B7xlCNrAaAuz4EALw_wcB&amp;gclsrc=aw.ds\" target=\"_blank\" rel=\"noopener\">https:\/\/corvinhotelbudapest.hu\/en\/?gclid=Cj0KCQjwpeaYBhDXARIsAEzItbG9X-uJy7Hwaplf4uID3yYRfnJis29Ys8vC7Id_n9k_SW2B7xlCNrAaAuz4EALw_wcB&amp;gclsrc=aw.ds<\/a><\/div>\n<div>1094 Budapest, Angyal utca 31.<\/div>\n<div>\u00a0<\/div>\n<div>3. Dean&#8217;s College Hotel<\/div>\n<div><a href=\"https:\/\/deanscollegehotel.com\/en\/hotel#location\" target=\"_blank\" rel=\"noopener\">https:\/\/deanscollegehotel.com\/en\/hotel#location<\/a><\/div>\n<div>1094 Budapest, T\u0171zolt\u00f3 u. 50-56.<\/div>\n<\/div>\n<\/div>\n<div class=\"exp-col-content-holder\"><a class=\"expand-cnt-link\" href=\"#\">Organizer<\/a><\/p>\n<div class=\"hidden-content\">\n<p class=\"hiddenContentp\">Department of Languages for Specific Purposes, Semmelweis University<br \/>\n<em>H-1094 Budapest, Ferenc t\u00e9r 15.<\/em><br \/>\n<em>E-mail: <a href=\"mailto:smlc2023@semmelweis-univ.hu\" target=\"_blank\" rel=\"noopener\">smlc2023@semmelweis-univ.hu<\/a><br \/>\n<\/em>Website:\u00a0<a href=\"https:\/\/semmelweis.hu\/szaknyelv\/en\/\">https:\/\/semmelweis.hu\/szaknyelv\/en\/<\/a><\/p>\n<div>\n\n<!-- iframe plugin v.4.9 wordpress.org\/plugins\/iframe\/ -->\n<iframe loading=\"lazy\" src=\"https:\/\/www.google.com\/maps\/embed?pb=!1m18!1m12!1m3!1d2696.4253059752737!2d19.071129815626193!3d47.481627479176595!2m3!1f0!2f0!3f0!3m2!1i1024!2i768!4f13.1!3m3!1m2!1s0x4741dcf9197d8caf%3A0x94c158521b894fda!2sBudapest%2C%20Ferenc%20t%C3%A9r%2015%2C%201094!5e0!3m2!1shu!2shu!4v1576505994460!5m2!1shu!2shu\" width=\"100%\" height=\"350\" scrolling=\"yes\" class=\"iframe-class\" frameborder=\"0\"><\/iframe>\n\n<\/div>\n<\/div>\n<\/div>\n<div class=\"exp-col-content-holder\"><a class=\"expand-cnt-link\" href=\"#\">Venue<\/a><\/p>\n<div class=\"hidden-content\">\n<p class=\"hiddenContentp\">Semmelweis University, Basic Medical Science Center (EOK)<br \/>\n<em>H-1094 Budapest, T\u0171zolt\u00f3 u. 37-43.<\/em><\/p>\n<p><img loading=\"lazy\" decoding=\"async\" class=\"alignnone size-medium wp-image-7427\" src=\"https:\/\/semmelweis.hu\/szaknyelv\/files\/2022\/10\/31918scr_wm_e294988edf21acc-400x267.jpg\" alt=\"\" width=\"400\" height=\"267\" srcset=\"https:\/\/semmelweis.hu\/szaknyelv\/files\/2022\/10\/31918scr_wm_e294988edf21acc-400x267.jpg 400w, https:\/\/semmelweis.hu\/szaknyelv\/files\/2022\/10\/31918scr_wm_e294988edf21acc-768x512.jpg 768w, https:\/\/semmelweis.hu\/szaknyelv\/files\/2022\/10\/31918scr_wm_e294988edf21acc-753x502.jpg 753w, https:\/\/semmelweis.hu\/szaknyelv\/files\/2022\/10\/31918scr_wm_e294988edf21acc-203x135.jpg 203w, https:\/\/semmelweis.hu\/szaknyelv\/files\/2022\/10\/31918scr_wm_e294988edf21acc.jpg 950w\" sizes=\"auto, (max-width: 400px) 100vw, 400px\" \/><\/p>\n<div>\n\n<!-- iframe plugin v.4.9 wordpress.org\/plugins\/iframe\/ -->\n<iframe src=\"https:\/\/www.google.com\/maps\/embed?pb=!1m18!1m12!1m3!1d2696.454224778354!2d19.073696429931548!3d47.481064038041296!2m3!1f0!2f0!3f0!3m2!1i1024!2i768!4f13.1!3m3!1m2!1s0x4741dcfbb9e85115%3A0x6b8fc07cb378bc23!2sBudapest%2C%20T%C5%B1zolt%C3%B3%20u.%2037-43%2C%201094!5e0!3m2!1sen!2shu!4v1664277955378!5m2!1sen!2shu\" width=\"600\" height=\"450\" style=\"border:0;\" allowfullscreen loading=\"lazy\" 0=\"referrerpolicy=&quot;no-referrer-when-downgrade&quot;&gt;&lt;\/iframe\" scrolling=\"yes\" class=\"iframe-class\" frameborder=\"0\"><\/iframe>\n\n<\/div>\n<\/div>\n<\/div>\n<p style=\"text-align: center\"><a class=\"button\" href=\"\" target=\"_self\" rel=\"noopener\">Registration<\/a><\/p>\n<p style=\"text-align: center\"><a class=\"button\" href=\"\" target=\"_self\" rel=\"noopener\">Abstract submission<\/a><\/p>\n","protected":false},"excerpt":{"rendered":"<p>Semmelweis Medical Linguistics Conference 2023 Impact of Sociocultural Factors on Health Communication Hybrid Conference Department of Languages for Specific Purposes, Semmelweis University 2-3 June, 2023 Budapest, Hungary &nbsp; <a class=\"expand-cnt-link\" href=\"#\">Conference programme<\/a> <a href=\"https:\/\/semmelweis.hu\/szaknyelv\/files\/2023\/08\/SMLC_programfuzet_offline-06.01..pdf\">SMLC 2023 Programme<\/a> <a class=\"expand-cnt-link\" href=\"#\">Book of abstracts<\/a> <a href=\"https:\/\/semmelweis.hu\/szaknyelv\/files\/2024\/07\/SMLC-2023-Book-of-abstracts.pdf\">SMLC 2023 Abstracts<\/a> <a class=\"expand-cnt-link\" href=\"#\">Important dates and deadlines<\/a> Abstract submission deadline (extended) 31 March, 2023 Registration as speaker or poster presenter 1 April, 2023 Registration as participant or online participant Payment deadline 15 April, 2023 &hellip;<\/p>\n","protected":false},"author":118,"featured_media":0,"parent":0,"menu_order":0,"comment_status":"closed","ping_status":"closed","template":"","meta":{"_acf_changed":false,"footnotes":""},"categories":[],"tags":[],"class_list":["post-6909","page","type-page","status-publish","hentry"],"acf":[],"_links":{"self":[{"href":"https:\/\/semmelweis.hu\/szaknyelv\/wp-json\/wp\/v2\/pages\/6909","targetHints":{"allow":["GET"]}}],"collection":[{"href":"https:\/\/semmelweis.hu\/szaknyelv\/wp-json\/wp\/v2\/pages"}],"about":[{"href":"https:\/\/semmelweis.hu\/szaknyelv\/wp-json\/wp\/v2\/types\/page"}],"author":[{"embeddable":true,"href":"https:\/\/semmelweis.hu\/szaknyelv\/wp-json\/wp\/v2\/users\/118"}],"replies":[{"embeddable":true,"href":"https:\/\/semmelweis.hu\/szaknyelv\/wp-json\/wp\/v2\/comments?post=6909"}],"version-history":[{"count":10,"href":"https:\/\/semmelweis.hu\/szaknyelv\/wp-json\/wp\/v2\/pages\/6909\/revisions"}],"predecessor-version":[{"id":15332,"href":"https:\/\/semmelweis.hu\/szaknyelv\/wp-json\/wp\/v2\/pages\/6909\/revisions\/15332"}],"wp:attachment":[{"href":"https:\/\/semmelweis.hu\/szaknyelv\/wp-json\/wp\/v2\/media?parent=6909"}],"wp:term":[{"taxonomy":"category","embeddable":true,"href":"https:\/\/semmelweis.hu\/szaknyelv\/wp-json\/wp\/v2\/categories?post=6909"},{"taxonomy":"post_tag","embeddable":true,"href":"https:\/\/semmelweis.hu\/szaknyelv\/wp-json\/wp\/v2\/tags?post=6909"}],"curies":[{"name":"wp","href":"https:\/\/api.w.org\/{rel}","templated":true}]}}