{"id":6777,"date":"2022-05-09T11:16:44","date_gmt":"2022-05-09T09:16:44","guid":{"rendered":"https:\/\/semmelweis.hu\/szaknyelv\/?page_id=6777"},"modified":"2022-05-09T11:16:44","modified_gmt":"2022-05-09T09:16:44","slug":"ceepus-netzwerk","status":"publish","type":"page","link":"https:\/\/semmelweis.hu\/szaknyelv\/de\/lehre\/ceepus-netzwerk\/","title":{"rendered":"CEEPUS-Netzwerk"},"content":{"rendered":"<p><strong>Healthcare communication CEEPUS-Netzwerk (Mobilit\u00e4tsprogramm f\u00fcr Studierende und Dozenten)<\/strong><\/p>\n<p>Die Healthcare communication ist das erste Netzwerk innerhalb von CEEPUS, das darauf abzielt, fachliche Kommunikation und Terminologie, \u00dcbersetzung und Dolmetschen im Gesundheitswesen in einem interdisziplin\u00e4ren und interkulturellen Rahmen zu lehren und zu analysieren. Unter der Leitung des Instituts f\u00fcr Fachsprachen der Semmelweis-Universit\u00e4t f\u00fchren die Partner des Netzes Mobilit\u00e4tsprogramme durch, die auf die Entwicklung von Lehrpl\u00e4nen und gemeinsame Forschung abzielen. Das Programm unterst\u00fctzt auch die Mobilit\u00e4t der Studierenden.<\/p>\n<p>F\u00fcr weitere Informationen wenden Sie sich bitte an Dr. D\u00e1niel M\u00e1ny, den Bewerbungskoordinator (<a href=\"mailto:many.daniel@semmelweis-univ.hu\">many.daniel@semmelweis-univ.hu<\/a>).<\/p>\n<p>Die derzeit am Netz beteiligten Einrichtungen sind:<\/p>\n<ol>\n<li>Semmelweis University, Department of Languages for Specific Purposes (Hungary)<\/li>\n<li>George Emil Palade University of Medicine, Pharmacy, Science, and Technology of Targu Mures, Petru Major Faculty of Science and Letters, Foreign Language Department (Romania)<\/li>\n<li>University of Ljubljana, Faculty of Arts, Department of Translation Studies (Slovenia)<\/li>\n<li>Comenius University in Bratislava, Jessenius Faculty of Medicine, Department of Foreign Languages (Slovakia)<\/li>\n<li>Masaryk University, Faculty of Medicine, Language Center (Czech Republic)<\/li>\n<\/ol>\n<p><img loading=\"lazy\" decoding=\"async\" class=\"aligncenter wp-image-6762 size-full\" src=\"https:\/\/semmelweis.hu\/szaknyelv\/files\/2022\/05\/ceepus_logo.png\" alt=\"\" width=\"472\" height=\"462\" srcset=\"https:\/\/semmelweis.hu\/szaknyelv\/files\/2022\/05\/ceepus_logo.png 472w, https:\/\/semmelweis.hu\/szaknyelv\/files\/2022\/05\/ceepus_logo-400x392.png 400w\" sizes=\"auto, (max-width: 472px) 100vw, 472px\" \/><img loading=\"lazy\" decoding=\"async\" class=\"aligncenter wp-image-6774 size-large\" src=\"https:\/\/semmelweis.hu\/szaknyelv\/files\/2022\/05\/ceepus_student_20222-1024x576.png\" alt=\"\" width=\"753\" height=\"424\" srcset=\"https:\/\/semmelweis.hu\/szaknyelv\/files\/2022\/05\/ceepus_student_20222-1024x576.png 1024w, https:\/\/semmelweis.hu\/szaknyelv\/files\/2022\/05\/ceepus_student_20222-400x225.png 400w, https:\/\/semmelweis.hu\/szaknyelv\/files\/2022\/05\/ceepus_student_20222-768x432.png 768w, https:\/\/semmelweis.hu\/szaknyelv\/files\/2022\/05\/ceepus_student_20222-753x424.png 753w, https:\/\/semmelweis.hu\/szaknyelv\/files\/2022\/05\/ceepus_student_20222.png 1280w\" sizes=\"auto, (max-width: 753px) 100vw, 753px\" \/><\/p>\n<p><img loading=\"lazy\" decoding=\"async\" class=\"aligncenter wp-image-6775 size-large\" src=\"https:\/\/semmelweis.hu\/szaknyelv\/files\/2022\/05\/ceepus_student_20221-1024x576.png\" alt=\"\" width=\"753\" height=\"424\" srcset=\"https:\/\/semmelweis.hu\/szaknyelv\/files\/2022\/05\/ceepus_student_20221-1024x576.png 1024w, https:\/\/semmelweis.hu\/szaknyelv\/files\/2022\/05\/ceepus_student_20221-400x225.png 400w, https:\/\/semmelweis.hu\/szaknyelv\/files\/2022\/05\/ceepus_student_20221-768x432.png 768w, https:\/\/semmelweis.hu\/szaknyelv\/files\/2022\/05\/ceepus_student_20221-753x424.png 753w, https:\/\/semmelweis.hu\/szaknyelv\/files\/2022\/05\/ceepus_student_20221.png 1280w\" sizes=\"auto, (max-width: 753px) 100vw, 753px\" \/><\/p>\n","protected":false},"excerpt":{"rendered":"<p>Healthcare communication CEEPUS-Netzwerk (Mobilit\u00e4tsprogramm f\u00fcr Studierende und Dozenten) Die Healthcare communication ist das erste Netzwerk innerhalb von CEEPUS, das darauf abzielt, fachliche Kommunikation und Terminologie, \u00dcbersetzung und Dolmetschen im Gesundheitswesen in einem interdisziplin\u00e4ren und interkulturellen Rahmen zu lehren und zu analysieren. Unter der Leitung des Instituts f\u00fcr Fachsprachen der Semmelweis-Universit\u00e4t f\u00fchren die Partner des Netzes &hellip;<\/p>\n","protected":false},"author":118,"featured_media":0,"parent":6324,"menu_order":0,"comment_status":"closed","ping_status":"closed","template":"","meta":{"_acf_changed":false,"footnotes":""},"categories":[],"tags":[],"class_list":["post-6777","page","type-page","status-publish","hentry"],"acf":[],"_links":{"self":[{"href":"https:\/\/semmelweis.hu\/szaknyelv\/wp-json\/wp\/v2\/pages\/6777","targetHints":{"allow":["GET"]}}],"collection":[{"href":"https:\/\/semmelweis.hu\/szaknyelv\/wp-json\/wp\/v2\/pages"}],"about":[{"href":"https:\/\/semmelweis.hu\/szaknyelv\/wp-json\/wp\/v2\/types\/page"}],"author":[{"embeddable":true,"href":"https:\/\/semmelweis.hu\/szaknyelv\/wp-json\/wp\/v2\/users\/118"}],"replies":[{"embeddable":true,"href":"https:\/\/semmelweis.hu\/szaknyelv\/wp-json\/wp\/v2\/comments?post=6777"}],"version-history":[{"count":1,"href":"https:\/\/semmelweis.hu\/szaknyelv\/wp-json\/wp\/v2\/pages\/6777\/revisions"}],"predecessor-version":[{"id":6778,"href":"https:\/\/semmelweis.hu\/szaknyelv\/wp-json\/wp\/v2\/pages\/6777\/revisions\/6778"}],"up":[{"embeddable":true,"href":"https:\/\/semmelweis.hu\/szaknyelv\/wp-json\/wp\/v2\/pages\/6324"}],"wp:attachment":[{"href":"https:\/\/semmelweis.hu\/szaknyelv\/wp-json\/wp\/v2\/media?parent=6777"}],"wp:term":[{"taxonomy":"category","embeddable":true,"href":"https:\/\/semmelweis.hu\/szaknyelv\/wp-json\/wp\/v2\/categories?post=6777"},{"taxonomy":"post_tag","embeddable":true,"href":"https:\/\/semmelweis.hu\/szaknyelv\/wp-json\/wp\/v2\/tags?post=6777"}],"curies":[{"name":"wp","href":"https:\/\/api.w.org\/{rel}","templated":true}]}}