{"id":6760,"date":"2022-05-06T13:52:50","date_gmt":"2022-05-06T11:52:50","guid":{"rendered":"https:\/\/semmelweis.hu\/szaknyelv\/?page_id=6760"},"modified":"2025-03-26T12:42:23","modified_gmt":"2025-03-26T11:42:23","slug":"ceepus-halozat","status":"publish","type":"page","link":"https:\/\/semmelweis.hu\/szaknyelv\/oktatas\/ceepus-halozat\/","title":{"rendered":"CEEPUS-h\u00e1l\u00f3zat"},"content":{"rendered":"<div>\n<p style=\"text-align: center\"><strong>Healthcare communication CEEPUS-h\u00e1l\u00f3zat <br \/>\n(hallgat\u00f3i, kutat\u00f3i \u00e9s oktat\u00f3i mobilit\u00e1si program)<\/strong><\/p>\n<p style=\"text-align: justify\">A Healthcare communication az els\u0151 olyan h\u00e1l\u00f3zat a CEEPUS-on bel\u00fcl, melynek c\u00e9lja az eg\u00e9szs\u00e9g\u00fcgyi szaknyelvi kommunik\u00e1ci\u00f3 \u00e9s terminol\u00f3gia, a szakford\u00edt\u00e1s \u00e9s tolm\u00e1csol\u00e1s oktat\u00e1sa \u00e9s kutat\u00e1sa interprofesszion\u00e1lis \u00e9s interkultur\u00e1lis keretben.\u00a0 A Semmelweis Egyetem Szaknyelvi Int\u00e9zet vezet\u00e9s\u00e9vel a h\u00e1l\u00f3zatban szerepl\u0151 partnerek mobilit\u00e1si programokat val\u00f3s\u00edtanak meg, amelyek c\u00e9lja a tananyagfejleszt\u00e9s \u00e9s a k\u00f6z\u00f6s kutat\u00e1sok megval\u00f3s\u00edt\u00e1sa. A program keret\u00e9ben hallgat\u00f3k, kutat\u00f3k \u00e9s oktat\u00f3k mobilit\u00e1sa is t\u00e1mogatott.<\/p>\n<p><strong>Tov\u00e1bbi inform\u00e1ci\u00f3:<\/strong><br \/>\n&#8211; dr. M\u00e1ny D\u00e1niel p\u00e1ly\u00e1zati koordin\u00e1tort: <a href=\"mailto:many.daniel@semmelweis-univ.hu\" target=\"_blank\" rel=\"noopener\">many.daniel@semmelweis.hu<\/a><br \/>\n<a href=\"https:\/\/ceepus.hu\/\">&#8211; https:\/\/ceepus.hu\/<\/a><\/p>\n<p><strong>\u00a0\u00a0\u00a0\u00a0\u00a0 Koordin\u00e1l\u00f3 int\u00e9zm\u00e9ny:\u00a0<br \/>\n<\/strong>1. Semmelweis University, Department of Languages for Specific Purposes (Hungary)<\/p>\n<p><strong>A h\u00e1l\u00f3zatban jelenleg szerepl\u0151 int\u00e9zm\u00e9nyek:<\/strong><\/p>\n<p style=\"text-align: justify\">2. Bla\u017ee Koneski Faculty of Philology of Skopje, Ss. Cyril and Methodius University of Skopje (North Macedonia)<br \/>\n3. Charles University, Faculty of Medicine in Pilsen, Department of Languages (Czech Republic)<br \/>\n4. Comenius University in Bratislava, Jessenius Faculty of Medicine, Department of Foreign Languages (Slovakia)<br \/>\n5. Comenius University, Faculty of Medicine, Institute of Medical Terminology and Foreign Languages IMTFL (Slovakia)<br \/>\n6. George Emil Palade University of Medicine, Pharmacy, Science, and Technology of Targu Mures, Petru Major Faculty of Sciences and Letters, Foreign Language Department (Romania)<br \/>\n7. Masaryk University, Faculty of Medicine, Language Center (Czech Republic)<br \/>\n8. Matej Bel University in Banska Bystrica, Faculty of Arts, Department of German Studies (Slovakia)<br \/>\n9. Palack\u00fd University, Faculty of Health Sciences, Department of Humanities and Social Sciences (Czech Republic)<br \/>\n10. University Department of Health Studies, University of Split (Croatia)<br \/>\n11. University of Ljubljana, Faculty of Arts, Department of Translation Studies (Slovenia)<br \/>\n12. University of Belgrade, Faculty of Medicine, Department of Humanities (Serbia)<br \/>\n13. University of Belgrade, School of Dental Medicine, English Language (Serbia)<br \/>\n14. University of P\u00e9cs Medical School, Department of Languages for Biomedical Purposes and Communication (Hungary)<br \/>\n15. University of Rijeka, Faculty of Health Studies, Department of Public Health (Croatia)<br \/>\n16. Western Balkans University, Faculty of Technical Medical Sciences, Department of Medicine (Albania)<\/p>\n<\/div>\n<p><img loading=\"lazy\" decoding=\"async\" class=\"size-medium wp-image-6762 aligncenter\" src=\"https:\/\/semmelweis.hu\/szaknyelv\/files\/2022\/05\/ceepus_logo-400x392.png\" alt=\"\" width=\"400\" height=\"392\" srcset=\"https:\/\/semmelweis.hu\/szaknyelv\/files\/2022\/05\/ceepus_logo-400x392.png 400w, https:\/\/semmelweis.hu\/szaknyelv\/files\/2022\/05\/ceepus_logo.png 472w\" sizes=\"auto, (max-width: 400px) 100vw, 400px\" \/><\/p>\n<p><img loading=\"lazy\" decoding=\"async\" class=\"wp-image-6765 size-large aligncenter\" src=\"https:\/\/semmelweis.hu\/szaknyelv\/files\/2022\/05\/ceepus_hallgatoi_ppt_2020_final-1024x576.png\" alt=\"\" width=\"753\" height=\"424\" srcset=\"https:\/\/semmelweis.hu\/szaknyelv\/files\/2022\/05\/ceepus_hallgatoi_ppt_2020_final-1024x576.png 1024w, https:\/\/semmelweis.hu\/szaknyelv\/files\/2022\/05\/ceepus_hallgatoi_ppt_2020_final-400x225.png 400w, https:\/\/semmelweis.hu\/szaknyelv\/files\/2022\/05\/ceepus_hallgatoi_ppt_2020_final-768x432.png 768w, https:\/\/semmelweis.hu\/szaknyelv\/files\/2022\/05\/ceepus_hallgatoi_ppt_2020_final-753x424.png 753w, https:\/\/semmelweis.hu\/szaknyelv\/files\/2022\/05\/ceepus_hallgatoi_ppt_2020_final.png 1280w\" sizes=\"auto, (max-width: 753px) 100vw, 753px\" \/> <img loading=\"lazy\" decoding=\"async\" class=\"wp-image-6764 size-large aligncenter\" src=\"https:\/\/semmelweis.hu\/szaknyelv\/files\/2022\/05\/ceepus_hallgatoi_ppt_2020_final4-1024x576.png\" alt=\"\" width=\"753\" height=\"424\" srcset=\"https:\/\/semmelweis.hu\/szaknyelv\/files\/2022\/05\/ceepus_hallgatoi_ppt_2020_final4-1024x576.png 1024w, https:\/\/semmelweis.hu\/szaknyelv\/files\/2022\/05\/ceepus_hallgatoi_ppt_2020_final4-400x225.png 400w, https:\/\/semmelweis.hu\/szaknyelv\/files\/2022\/05\/ceepus_hallgatoi_ppt_2020_final4-768x432.png 768w, https:\/\/semmelweis.hu\/szaknyelv\/files\/2022\/05\/ceepus_hallgatoi_ppt_2020_final4-753x424.png 753w, https:\/\/semmelweis.hu\/szaknyelv\/files\/2022\/05\/ceepus_hallgatoi_ppt_2020_final4.png 1280w\" sizes=\"auto, (max-width: 753px) 100vw, 753px\" \/><\/p>\n","protected":false},"excerpt":{"rendered":"<p>Healthcare communication CEEPUS-h\u00e1l\u00f3zat (hallgat\u00f3i, kutat\u00f3i \u00e9s oktat\u00f3i mobilit\u00e1si program) A Healthcare communication az els\u0151 olyan h\u00e1l\u00f3zat a CEEPUS-on bel\u00fcl, melynek c\u00e9lja az eg\u00e9szs\u00e9g\u00fcgyi szaknyelvi kommunik\u00e1ci\u00f3 \u00e9s terminol\u00f3gia, a szakford\u00edt\u00e1s \u00e9s tolm\u00e1csol\u00e1s oktat\u00e1sa \u00e9s kutat\u00e1sa interprofesszion\u00e1lis \u00e9s interkultur\u00e1lis keretben.\u00a0 A Semmelweis Egyetem Szaknyelvi Int\u00e9zet vezet\u00e9s\u00e9vel a h\u00e1l\u00f3zatban szerepl\u0151 partnerek mobilit\u00e1si programokat val\u00f3s\u00edtanak meg, amelyek c\u00e9lja a &hellip;<\/p>\n","protected":false},"author":118,"featured_media":0,"parent":4954,"menu_order":0,"comment_status":"closed","ping_status":"closed","template":"","meta":{"_acf_changed":false,"footnotes":""},"categories":[],"tags":[],"class_list":["post-6760","page","type-page","status-publish","hentry"],"acf":[],"_links":{"self":[{"href":"https:\/\/semmelweis.hu\/szaknyelv\/wp-json\/wp\/v2\/pages\/6760","targetHints":{"allow":["GET"]}}],"collection":[{"href":"https:\/\/semmelweis.hu\/szaknyelv\/wp-json\/wp\/v2\/pages"}],"about":[{"href":"https:\/\/semmelweis.hu\/szaknyelv\/wp-json\/wp\/v2\/types\/page"}],"author":[{"embeddable":true,"href":"https:\/\/semmelweis.hu\/szaknyelv\/wp-json\/wp\/v2\/users\/118"}],"replies":[{"embeddable":true,"href":"https:\/\/semmelweis.hu\/szaknyelv\/wp-json\/wp\/v2\/comments?post=6760"}],"version-history":[{"count":10,"href":"https:\/\/semmelweis.hu\/szaknyelv\/wp-json\/wp\/v2\/pages\/6760\/revisions"}],"predecessor-version":[{"id":14287,"href":"https:\/\/semmelweis.hu\/szaknyelv\/wp-json\/wp\/v2\/pages\/6760\/revisions\/14287"}],"up":[{"embeddable":true,"href":"https:\/\/semmelweis.hu\/szaknyelv\/wp-json\/wp\/v2\/pages\/4954"}],"wp:attachment":[{"href":"https:\/\/semmelweis.hu\/szaknyelv\/wp-json\/wp\/v2\/media?parent=6760"}],"wp:term":[{"taxonomy":"category","embeddable":true,"href":"https:\/\/semmelweis.hu\/szaknyelv\/wp-json\/wp\/v2\/categories?post=6760"},{"taxonomy":"post_tag","embeddable":true,"href":"https:\/\/semmelweis.hu\/szaknyelv\/wp-json\/wp\/v2\/tags?post=6760"}],"curies":[{"name":"wp","href":"https:\/\/api.w.org\/{rel}","templated":true}]}}