{"id":6720,"date":"2022-04-25T12:21:15","date_gmt":"2022-04-25T10:21:15","guid":{"rendered":"https:\/\/semmelweis.hu\/szaknyelv\/?page_id=6720"},"modified":"2026-01-30T00:43:32","modified_gmt":"2026-01-29T23:43:32","slug":"fachsprachkurse-in-franzoesisch-spanisch-italienisch-und-russisch","status":"publish","type":"page","link":"https:\/\/semmelweis.hu\/szaknyelv\/de\/lehre\/informationen-zu-studienfaechern\/fachsprachkurse-in-franzoesisch-spanisch-italienisch-und-russisch\/","title":{"rendered":"Fachsprachkurse in Franz\u00f6sisch, Spanisch, Italienisch und Russisch"},"content":{"rendered":"<p style=\"text-align: center\"><a class=\"button\" href=\"https:\/\/semmelweis.hu\/szaknyelv\/en\/elective-courses-for-students-in-english-german-programs-25_26_2\/\" target=\"_self\" rel=\"noopener\">Stundenplan<\/a><\/p>\n<p style=\"text-align: justify\"><strong><img loading=\"lazy\" decoding=\"async\" class=\"alignright wp-image-15572 size-large\" src=\"https:\/\/semmelweis.hu\/szaknyelv\/files\/2026\/01\/3.-FACHSPRACHKURSE-25_26_2-576x1024.png\" alt=\"\" width=\"576\" height=\"1024\" srcset=\"https:\/\/semmelweis.hu\/szaknyelv\/files\/2026\/01\/3.-FACHSPRACHKURSE-25_26_2-576x1024.png 576w, https:\/\/semmelweis.hu\/szaknyelv\/files\/2026\/01\/3.-FACHSPRACHKURSE-25_26_2-225x400.png 225w, https:\/\/semmelweis.hu\/szaknyelv\/files\/2026\/01\/3.-FACHSPRACHKURSE-25_26_2-768x1365.png 768w, https:\/\/semmelweis.hu\/szaknyelv\/files\/2026\/01\/3.-FACHSPRACHKURSE-25_26_2-864x1536.png 864w, https:\/\/semmelweis.hu\/szaknyelv\/files\/2026\/01\/3.-FACHSPRACHKURSE-25_26_2-753x1339.png 753w, https:\/\/semmelweis.hu\/szaknyelv\/files\/2026\/01\/3.-FACHSPRACHKURSE-25_26_2.png 1080w\" sizes=\"auto, (max-width: 576px) 100vw, 576px\" \/><\/strong>Wir freuen uns auf die Teilnahme der Studierenden an unseren Fachsprachkursen als Wahlfach!<\/p>\n<p style=\"text-align: justify\">Im Fr\u00fchling-\/Sommersemester 2025\/26 k\u00f6nnen Sie sich in diejenigen Kurse einschreiben, f\u00fcr die Sie in der untenstehenden Tabelle den Neptun-Code des Faches sehen. <strong>Im Neptun-System<\/strong> k\u00f6nnen Sie sowohl <strong>die Termine als auch die Dozentinnen und Dozenten der Kurse<\/strong> finden.<\/p>\n<p style=\"text-align: justify\">In den <strong>Einf\u00fchrungskursen I und II<\/strong>, <strong>in denen Sie mit einer der Sprachen bei Null anfangen k\u00f6nnen<\/strong>, wird Englisch als Vermittlungssprache verwendet, wenn der Kurs von ausl\u00e4ndischen Studierenden belegt wird &#8211; dies wird immer bei der Sprache des Kurses in Neptun angegeben.<br \/>\nIn den fortgeschrittenen Kursen (<strong>Fachsprachkurse I-II-III-IV-(V) und Vorbereitungskurse auf die Universit\u00e4re Grundpr\u00fcfung<\/strong>) unterrichten wir ohne eine Vermittlungssprache. \u00a0\u2013 Bei diesen Kursen ist Ungarisch als Unterrichtssprache in Neptun angegeben, aber die Stunden werden in der Sprache gehalten, die im Namen des Kurses angegeben werden (z. B. Englisch, Franz\u00f6sisch, Spanisch, Italienisch, Russisch).<\/p>\n<p style=\"text-align: justify\">Denjenigen, die in diesem Semester die <strong>Grundpr\u00fcfung<\/strong> ablegen m\u00f6chten, empfehlen wir die <strong>Vorbereitungskurse auf die Universit\u00e4re Grundpr\u00fcfung<\/strong>. Der Abschluss des Vorbereitungskurses ist jedoch KEINE Voraussetzung f\u00fcr die Teilnahme an der Universit\u00e4ren Grundpr\u00fcfung. Wir weisen darauf hin, dass der Vorbereitungskurs und die Grundpr\u00fcfung zwei verschiedene F\u00e4cher im Neptun-System sind! <em>Als ausl\u00e4ndische\/r Studierende k\u00f6nnen Sie die Grundpr\u00fcfung in Franz\u00f6sisch, Spanisch, Italienisch und Russisch ablegen \u2013 nicht jedoch in Englisch oder Deutsch.<\/em>\u00a0<\/p>\n<p style=\"text-align: justify\">Die <strong>Fachsprachkurse I-II-III-IV-(V)<\/strong> k\u00f6nnen in beliebiger Reihenfolge belegt werden.<\/p>\n<p style=\"text-align: justify\">Das <strong>Sprachniveau eines jeden Kurses<\/strong> ist ein Hinweis auf die allgemeinen Sprachkenntnisse (nicht auf die Fachkenntnisse). Bitte belegen Sie daher den Kurs, der Ihrem Sprachniveau in der gew\u00e4hlten Sprache am besten entspricht:<\/p>\n<p style=\"text-align: justify\">A1 \u2013 Anf\u00e4ngerstufe<br \/>\nA2 \u2013 Grundlegende Kenntnisse<br \/>\nB1 \u2013 Fortgeschrittene Sprachverwendung<br \/>\nB2 \u2013 Selbstst\u00e4ndige Sprachverwendung<\/p>\n<p style=\"text-align: justify\">Die Kurse f\u00fcr <strong>fortgeschrittenes Ungarisch<\/strong> k\u00f6nnen Sie belegen, nachdem Sie das Rigorosum in Ungarisch abgelegt haben.<\/p>\n<p><img loading=\"lazy\" decoding=\"async\" class=\"alignleft wp-image-15577 size-full\" src=\"https:\/\/semmelweis.hu\/szaknyelv\/files\/2026\/01\/nemet.png\" alt=\"\" width=\"1550\" height=\"5795\" srcset=\"https:\/\/semmelweis.hu\/szaknyelv\/files\/2026\/01\/nemet.png 1550w, https:\/\/semmelweis.hu\/szaknyelv\/files\/2026\/01\/nemet-107x400.png 107w, https:\/\/semmelweis.hu\/szaknyelv\/files\/2026\/01\/nemet-274x1024.png 274w, https:\/\/semmelweis.hu\/szaknyelv\/files\/2026\/01\/nemet-768x2871.png 768w, https:\/\/semmelweis.hu\/szaknyelv\/files\/2026\/01\/nemet-411x1536.png 411w, https:\/\/semmelweis.hu\/szaknyelv\/files\/2026\/01\/nemet-548x2048.png 548w, https:\/\/semmelweis.hu\/szaknyelv\/files\/2026\/01\/nemet-753x2815.png 753w\" sizes=\"auto, (max-width: 1550px) 100vw, 1550px\" \/><\/p>\n<p>Kontaktdaten der Dozentinnen und Dozenten:<br \/>\n<a href=\"https:\/\/semmelweis.hu\/szaknyelv\/de\/kontakt\/\">https:\/\/semmelweis.hu\/szaknyelv\/de\/kontakt\/<\/a><\/p>\n<p>&nbsp;<\/p>\n","protected":false},"excerpt":{"rendered":"<p><a class=\"button\" href=\"https:\/\/semmelweis.hu\/szaknyelv\/en\/elective-courses-for-students-in-english-german-programs-25_26_2\/\" target=\"_self\" rel=\"noopener\">Stundenplan<\/a> Wir freuen uns auf die Teilnahme der Studierenden an unseren Fachsprachkursen als Wahlfach! Im Fr\u00fchling-\/Sommersemester 2025\/26 k\u00f6nnen Sie sich in diejenigen Kurse einschreiben, f\u00fcr die Sie in der untenstehenden Tabelle den Neptun-Code des Faches sehen. Im Neptun-System k\u00f6nnen Sie sowohl die Termine als auch die Dozentinnen und Dozenten der Kurse finden. In den Einf\u00fchrungskursen I &hellip;<\/p>\n","protected":false},"author":118,"featured_media":0,"parent":6675,"menu_order":0,"comment_status":"closed","ping_status":"closed","template":"template-fullwidth.php","meta":{"_acf_changed":false,"footnotes":""},"categories":[],"tags":[],"class_list":["post-6720","page","type-page","status-publish","hentry"],"acf":[],"_links":{"self":[{"href":"https:\/\/semmelweis.hu\/szaknyelv\/wp-json\/wp\/v2\/pages\/6720","targetHints":{"allow":["GET"]}}],"collection":[{"href":"https:\/\/semmelweis.hu\/szaknyelv\/wp-json\/wp\/v2\/pages"}],"about":[{"href":"https:\/\/semmelweis.hu\/szaknyelv\/wp-json\/wp\/v2\/types\/page"}],"author":[{"embeddable":true,"href":"https:\/\/semmelweis.hu\/szaknyelv\/wp-json\/wp\/v2\/users\/118"}],"replies":[{"embeddable":true,"href":"https:\/\/semmelweis.hu\/szaknyelv\/wp-json\/wp\/v2\/comments?post=6720"}],"version-history":[{"count":10,"href":"https:\/\/semmelweis.hu\/szaknyelv\/wp-json\/wp\/v2\/pages\/6720\/revisions"}],"predecessor-version":[{"id":15604,"href":"https:\/\/semmelweis.hu\/szaknyelv\/wp-json\/wp\/v2\/pages\/6720\/revisions\/15604"}],"up":[{"embeddable":true,"href":"https:\/\/semmelweis.hu\/szaknyelv\/wp-json\/wp\/v2\/pages\/6675"}],"wp:attachment":[{"href":"https:\/\/semmelweis.hu\/szaknyelv\/wp-json\/wp\/v2\/media?parent=6720"}],"wp:term":[{"taxonomy":"category","embeddable":true,"href":"https:\/\/semmelweis.hu\/szaknyelv\/wp-json\/wp\/v2\/categories?post=6720"},{"taxonomy":"post_tag","embeddable":true,"href":"https:\/\/semmelweis.hu\/szaknyelv\/wp-json\/wp\/v2\/tags?post=6720"}],"curies":[{"name":"wp","href":"https:\/\/api.w.org\/{rel}","templated":true}]}}