{"id":6666,"date":"2022-04-12T10:50:15","date_gmt":"2022-04-12T08:50:15","guid":{"rendered":"https:\/\/semmelweis.hu\/szaknyelv\/?page_id=6666"},"modified":"2024-10-28T16:35:16","modified_gmt":"2024-10-28T15:35:16","slug":"szabalyzatok-es-dokumentumok","status":"publish","type":"page","link":"https:\/\/semmelweis.hu\/szaknyelv\/kepzeseink\/szakfordito-egeszsegtudomanyi-kepzeseink\/szabalyzatok-es-dokumentumok\/","title":{"rendered":"Szab\u00e1lyzatok \u00e9s dokumentumok"},"content":{"rendered":"<p><a href=\"https:\/\/semmelweis.hu\/jogigfoig\/dokumentumtar\/szabalyzattar\/szervezeti-es-mukodesi-szabalyzat\/\">Semmelweis Egyetem, Szervezeti \u00e9s M\u0171k\u00f6d\u00e9si Szab\u00e1lyzat<\/a><\/p>\n<p><a href=\"https:\/\/semmelweis.hu\/jogigfoig\/files\/2022\/04\/SZMSZ_HKR_III_KONYV_III_2_RESZ_Tanulmanyi_es_Vizsgaszabalyzat_hatalyos_2022_04_06_tol.pdf\">Semmelweis Egyetem, Tanulm\u00e1nyi \u00e9s Vizsgaszab\u00e1lyzat<\/a><\/p>\n<p><a href=\"https:\/\/semmelweis.hu\/szaknyelv\/files\/2024\/02\/TO-Meghatalmazas-beiratkozashoz.doc\">TO-Meghatalmaz\u00e1s beiratkoz\u00e1shoz<\/a><\/p>\n<p><a href=\"https:\/\/semmelweis.hu\/szaknyelv\/files\/2024\/10\/A-SZEMELYES-ADATOK-KEZELESEROL-szolo.docx\">A SZEM\u00c9LYES ADATOK KEZEL\u00c9S\u00c9R\u0150L sz\u00f3l\u00f3<\/a><\/p>\n<p><a href=\"https:\/\/semmelweis.hu\/szaknyelv\/files\/2024\/10\/Fogadalom-tetel-Semmelweis.pdf\">Fogadalom t\u00e9tel Semmelweis<\/a><\/p>\n<p><a href=\"https:\/\/semmelweis.hu\/szaknyelv\/files\/2024\/10\/torles-sajat-keresre-Szaknyelvi-Intezet.docx\">t\u00f6rl\u00e9s saj\u00e1t k\u00e9r\u00e9sre<\/a><\/p>\n<p><a href=\"https:\/\/semmelweis.hu\/szaknyelv\/files\/2024\/05\/Szaknyelvi-Kerelem_egyeb_tan_ugyekben.docx\">Szaknyelvi Kerelem_egyeb_tan_ugyekben<\/a><\/p>\n<p>&nbsp;<\/p>\n","protected":false},"excerpt":{"rendered":"<p><a href=\"https:\/\/semmelweis.hu\/jogigfoig\/dokumentumtar\/szabalyzattar\/szervezeti-es-mukodesi-szabalyzat\/\">Semmelweis Egyetem, Szervezeti \u00e9s M\u0171k\u00f6d\u00e9si Szab\u00e1lyzat<\/a><br \/>\n<a href=\"https:\/\/semmelweis.hu\/jogigfoig\/files\/2022\/04\/SZMSZ_HKR_III_KONYV_III_2_RESZ_Tanulmanyi_es_Vizsgaszabalyzat_hatalyos_2022_04_06_tol.pdf\">Semmelweis Egyetem, Tanulm\u00e1nyi \u00e9s Vizsgaszab\u00e1lyzat<\/a><br \/>\n<a href=\"https:\/\/semmelweis.hu\/szaknyelv\/files\/2024\/02\/TO-Meghatalmazas-beiratkozashoz.doc\">TO-Meghatalmaz\u00e1s beiratkoz\u00e1shoz<\/a><br \/>\n<a href=\"https:\/\/semmelweis.hu\/szaknyelv\/files\/2024\/10\/A-SZEMELYES-ADATOK-KEZELESEROL-szolo.docx\">A SZEM\u00c9LYES ADATOK KEZEL\u00c9S\u00c9R\u0150L sz\u00f3l\u00f3<\/a><br \/>\n<a href=\"https:\/\/semmelweis.hu\/szaknyelv\/files\/2024\/10\/Fogadalom-tetel-Semmelweis.pdf\">Fogadalom t\u00e9tel Semmelweis<\/a><br \/>\n<a href=\"https:\/\/semmelweis.hu\/szaknyelv\/files\/2024\/10\/torles-sajat-keresre-Szaknyelvi-Intezet.docx\">t\u00f6rl\u00e9s saj\u00e1t k\u00e9r\u00e9sre<\/a><br \/>\n<a href=\"https:\/\/semmelweis.hu\/szaknyelv\/files\/2024\/05\/Szaknyelvi-Kerelem_egyeb_tan_ugyekben.docx\">Szaknyelvi Kerelem_egyeb_tan_ugyekben<\/a><br \/>\n&nbsp;<\/p>\n","protected":false},"author":118,"featured_media":0,"parent":5815,"menu_order":0,"comment_status":"closed","ping_status":"closed","template":"","meta":{"_acf_changed":false,"footnotes":""},"categories":[],"tags":[],"class_list":["post-6666","page","type-page","status-publish","hentry"],"acf":[],"_links":{"self":[{"href":"https:\/\/semmelweis.hu\/szaknyelv\/wp-json\/wp\/v2\/pages\/6666","targetHints":{"allow":["GET"]}}],"collection":[{"href":"https:\/\/semmelweis.hu\/szaknyelv\/wp-json\/wp\/v2\/pages"}],"about":[{"href":"https:\/\/semmelweis.hu\/szaknyelv\/wp-json\/wp\/v2\/types\/page"}],"author":[{"embeddable":true,"href":"https:\/\/semmelweis.hu\/szaknyelv\/wp-json\/wp\/v2\/users\/118"}],"replies":[{"embeddable":true,"href":"https:\/\/semmelweis.hu\/szaknyelv\/wp-json\/wp\/v2\/comments?post=6666"}],"version-history":[{"count":9,"href":"https:\/\/semmelweis.hu\/szaknyelv\/wp-json\/wp\/v2\/pages\/6666\/revisions"}],"predecessor-version":[{"id":13522,"href":"https:\/\/semmelweis.hu\/szaknyelv\/wp-json\/wp\/v2\/pages\/6666\/revisions\/13522"}],"up":[{"embeddable":true,"href":"https:\/\/semmelweis.hu\/szaknyelv\/wp-json\/wp\/v2\/pages\/5815"}],"wp:attachment":[{"href":"https:\/\/semmelweis.hu\/szaknyelv\/wp-json\/wp\/v2\/media?parent=6666"}],"wp:term":[{"taxonomy":"category","embeddable":true,"href":"https:\/\/semmelweis.hu\/szaknyelv\/wp-json\/wp\/v2\/categories?post=6666"},{"taxonomy":"post_tag","embeddable":true,"href":"https:\/\/semmelweis.hu\/szaknyelv\/wp-json\/wp\/v2\/tags?post=6666"}],"curies":[{"name":"wp","href":"https:\/\/api.w.org\/{rel}","templated":true}]}}