{"id":6566,"date":"2022-03-25T10:19:09","date_gmt":"2022-03-25T09:19:09","guid":{"rendered":"https:\/\/semmelweis.hu\/szaknyelv\/?page_id=6566"},"modified":"2022-03-28T09:38:25","modified_gmt":"2022-03-28T07:38:25","slug":"studienwettbewerb-in-anatomischer-und-klinischer-terminologie","status":"publish","type":"page","link":"https:\/\/semmelweis.hu\/szaknyelv\/de\/studienwettbewerb-in-anatomischer-und-klinischer-terminologie\/","title":{"rendered":"Studienwettbewerb in anatomischer und klinischer Terminologie"},"content":{"rendered":"<p><strong>Studienwettbewerb in anatomischer und klinischer Terminologie <\/strong><\/p>\n<p><img loading=\"lazy\" decoding=\"async\" class=\"alignnone size-medium wp-image-6596\" src=\"https:\/\/semmelweis.hu\/szaknyelv\/files\/2022\/03\/pexels-andy-barbour-6684286-400x267.jpg\" alt=\"\" width=\"400\" height=\"267\" srcset=\"https:\/\/semmelweis.hu\/szaknyelv\/files\/2022\/03\/pexels-andy-barbour-6684286-400x267.jpg 400w, https:\/\/semmelweis.hu\/szaknyelv\/files\/2022\/03\/pexels-andy-barbour-6684286-1024x683.jpg 1024w, https:\/\/semmelweis.hu\/szaknyelv\/files\/2022\/03\/pexels-andy-barbour-6684286-768x512.jpg 768w, https:\/\/semmelweis.hu\/szaknyelv\/files\/2022\/03\/pexels-andy-barbour-6684286-1536x1024.jpg 1536w, https:\/\/semmelweis.hu\/szaknyelv\/files\/2022\/03\/pexels-andy-barbour-6684286-2048x1365.jpg 2048w, https:\/\/semmelweis.hu\/szaknyelv\/files\/2022\/03\/pexels-andy-barbour-6684286-753x502.jpg 753w, https:\/\/semmelweis.hu\/szaknyelv\/files\/2022\/03\/pexels-andy-barbour-6684286-203x135.jpg 203w\" sizes=\"auto, (max-width: 400px) 100vw, 400px\" \/><\/p>\n<div class=\"exp-col-content-holder\"><a class=\"expand-cnt-link\" href=\"#\">Fakult\u00e4t f\u00fcr Allgemeinmedizin<\/a><\/p>\n<div class=\"hidden-content\">\n<p class=\"hiddenContentp\"><strong>Wettbewerbsausschreibung<\/strong><\/p>\n<p class=\"hiddenContentp\">Zum ersten Mal \u00fcberhaupt wird das Institut f\u00fcr Fachsprachen einen Studienwettbewerb in anatomischer und klinischer Terminologie f\u00fcr die Studierenden des deutschsprachigen Studiengangs ausschreiben. Der Wettbewerb besteht aus zwei Teilen:<\/p>\n<p class=\"hiddenContentp\">1) \u00dcbersetzung von \u00e4rztlichen Diagnosen aus dem Deutschen ins Lateinische;<\/p>\n<p class=\"hiddenContentp\">2) \u00dcbersetzung von \u00e4rztlichen Diagnosen aus dem Lateinischen ins Deutsche.<\/p>\n<p class=\"hiddenContentp\">In jeder Aufgabe werden W\u00f6rter zus\u00e4tzlich zu dem f\u00fcr den Wettbewerb ausgegebenen Grundwortschatz vorgegeben. Studierende, die im Wettbewerb mindestens 85% der Ergebnisse erreichen, erhalten am Ende des Semesters eine sehr gute Note (5) im Fach Terminologie der klinischen Fachgebiete (DM). Die ersten drei Pl\u00e4tze werden mit einer Urkunde ausgezeichnet.<\/p>\n<p class=\"hiddenContentp\">Datum und Ort des Wettbewerbs:<\/p>\n<p class=\"hiddenContentp\">31. M\u00e4rz 2022 (Donnerstag), 18:00 bis 19:30 Uhr<\/p>\n<p class=\"hiddenContentp\">EOK, B\u00e9k\u00e9sy Gy\u00f6rgy H\u00f6rsaal<\/p>\n<p class=\"hiddenContentp\">Anmeldung erfolgt auf der Moodle-Seite des Kurses.<\/p>\n<p class=\"hiddenContentp\">Meldefrist: 30. M\u00e4rz (Mittwoch), 13 Uhr<\/p>\n<\/div>\n<\/div>\n<div class=\"exp-col-content-holder\"><a class=\"expand-cnt-link\" href=\"#\">Fakult\u00e4t f\u00fcr Zahnmedizin<\/a><\/p>\n<div class=\"hidden-content\">\n<p class=\"hiddenContentp\"><strong>Wettbewerbsausschreibung<\/strong><\/p>\n<p class=\"hiddenContentp\">Zum ersten Mal \u00fcberhaupt wird das Institut f\u00fcr Fachsprachen einen Studienwettbewerb in anatomischer und klinischer Terminologie f\u00fcr die Studierenden des deutschsprachigen Studiengangs ausschreiben. Der Wettbewerb besteht aus zwei Teilen:<\/p>\n<p class=\"hiddenContentp\">1) \u00dcbersetzung von \u00e4rztlichen Diagnosen und Rezepten aus dem Deutschen ins Lateinische;<\/p>\n<p class=\"hiddenContentp\">2) \u00dcbersetzung von \u00e4rztlichen Diagnosen und Rezepten aus dem Lateinischen ins Deutsche.<\/p>\n<p class=\"hiddenContentp\">In jeder Aufgabe werden W\u00f6rter zus\u00e4tzlich zu dem f\u00fcr den Wettbewerb ausgegebenen Grundwortschatz vorgegeben. Studierende, die im Wettbewerb mindestens 85% der Ergebnisse erreichen, erhalten am Ende des Semesters eine sehr gute Note (5) im Fach Zahmedizinische Terminologie (DZ). Die ersten drei Pl\u00e4tze werden mit einer Urkunde ausgezeichnet.<\/p>\n<p class=\"hiddenContentp\">Datum und Ort des Wettbewerbs:<\/p>\n<p class=\"hiddenContentp\">31. M\u00e4rz 2022 (Donnerstag), 18:00 bis 19:30 Uhr<\/p>\n<p class=\"hiddenContentp\">EOK, B\u00e9k\u00e9sy Gy\u00f6rgy H\u00f6rsaal<\/p>\n<p class=\"hiddenContentp\">Anmeldung erfolgt auf der Moodle-Seite des Kurses.<\/p>\n<p class=\"hiddenContentp\">Meldefrist: 30. M\u00e4rz (Mittwoch), 13 Uhr<\/p>\n<\/div>\n<\/div>\n<p>&nbsp;<\/p>\n","protected":false},"excerpt":{"rendered":"<p>Studienwettbewerb in anatomischer und klinischer Terminologie <a class=\"expand-cnt-link\" href=\"#\">Fakult\u00e4t f\u00fcr Allgemeinmedizin<\/a> Wettbewerbsausschreibung Zum ersten Mal \u00fcberhaupt wird das Institut f\u00fcr Fachsprachen einen Studienwettbewerb in anatomischer und klinischer Terminologie f\u00fcr die Studierenden des deutschsprachigen Studiengangs ausschreiben. Der Wettbewerb besteht aus zwei Teilen: 1) \u00dcbersetzung von \u00e4rztlichen Diagnosen aus dem Deutschen ins Lateinische; 2) \u00dcbersetzung von \u00e4rztlichen Diagnosen aus dem Lateinischen ins &hellip;<\/p>\n","protected":false},"author":118,"featured_media":0,"parent":0,"menu_order":0,"comment_status":"closed","ping_status":"closed","template":"","meta":{"_acf_changed":false,"footnotes":""},"categories":[19],"tags":[],"class_list":["post-6566","page","type-page","status-publish","hentry","category-andere-de"],"acf":[],"_links":{"self":[{"href":"https:\/\/semmelweis.hu\/szaknyelv\/wp-json\/wp\/v2\/pages\/6566","targetHints":{"allow":["GET"]}}],"collection":[{"href":"https:\/\/semmelweis.hu\/szaknyelv\/wp-json\/wp\/v2\/pages"}],"about":[{"href":"https:\/\/semmelweis.hu\/szaknyelv\/wp-json\/wp\/v2\/types\/page"}],"author":[{"embeddable":true,"href":"https:\/\/semmelweis.hu\/szaknyelv\/wp-json\/wp\/v2\/users\/118"}],"replies":[{"embeddable":true,"href":"https:\/\/semmelweis.hu\/szaknyelv\/wp-json\/wp\/v2\/comments?post=6566"}],"version-history":[{"count":8,"href":"https:\/\/semmelweis.hu\/szaknyelv\/wp-json\/wp\/v2\/pages\/6566\/revisions"}],"predecessor-version":[{"id":6599,"href":"https:\/\/semmelweis.hu\/szaknyelv\/wp-json\/wp\/v2\/pages\/6566\/revisions\/6599"}],"wp:attachment":[{"href":"https:\/\/semmelweis.hu\/szaknyelv\/wp-json\/wp\/v2\/media?parent=6566"}],"wp:term":[{"taxonomy":"category","embeddable":true,"href":"https:\/\/semmelweis.hu\/szaknyelv\/wp-json\/wp\/v2\/categories?post=6566"},{"taxonomy":"post_tag","embeddable":true,"href":"https:\/\/semmelweis.hu\/szaknyelv\/wp-json\/wp\/v2\/tags?post=6566"}],"curies":[{"name":"wp","href":"https:\/\/api.w.org\/{rel}","templated":true}]}}