{"id":6555,"date":"2022-03-24T09:58:51","date_gmt":"2022-03-24T08:58:51","guid":{"rendered":"https:\/\/semmelweis.hu\/szaknyelv\/?page_id=6555"},"modified":"2023-09-07T09:48:53","modified_gmt":"2023-09-07T07:48:53","slug":"anatomia-es-klinikai-terminologia-tanulmanyi-verseny","status":"publish","type":"page","link":"https:\/\/semmelweis.hu\/szaknyelv\/oktatas\/terminologia\/anatomia-es-klinikai-terminologia-tanulmanyi-verseny\/","title":{"rendered":"Anat\u00f3mia \u00e9s klinikai terminol\u00f3gia tanulm\u00e1nyi verseny"},"content":{"rendered":"<p><strong>Anat\u00f3miai \u00e9s klinikai terminol\u00f3gia tanulm\u00e1nyi verseny<\/strong><\/p>\n<p style=\"text-align: justify\">A Szaknyelvi Int\u00e9zet minden tavaszi f\u00e9l\u00e9vben tanulm\u00e1nyi versenyt szervez a terminol\u00f3gia t\u00e1rgyak hallgat\u00f3inak. <br \/>\nAz els\u0151 h\u00e1rom helyezettet oklev\u00e9llel d\u00edjazzuk, a versenyeredm\u00e9ny tanulm\u00e1nyi p\u00e1ly\u00e1zatokn\u00e1l elismertethet\u0151.<br \/>\nA versenyki\u00edr\u00e1st \u00e9s a tudnival\u00f3kat az egyes t\u00e1rgyak Moodle oldal\u00e1n tessz\u00fck k\u00f6zz\u00e9.<\/p>\n<p>Szeretettel v\u00e1rjuk a hallgat\u00f3inkat!<\/p>\n<p><img loading=\"lazy\" decoding=\"async\" class=\"aligncenter wp-image-11362 size-large\" src=\"https:\/\/semmelweis.hu\/szaknyelv\/files\/2023\/09\/IMG_20230413_184935-1024x459.jpg\" alt=\"\" width=\"753\" height=\"338\" srcset=\"https:\/\/semmelweis.hu\/szaknyelv\/files\/2023\/09\/IMG_20230413_184935-1024x459.jpg 1024w, https:\/\/semmelweis.hu\/szaknyelv\/files\/2023\/09\/IMG_20230413_184935-400x179.jpg 400w, https:\/\/semmelweis.hu\/szaknyelv\/files\/2023\/09\/IMG_20230413_184935-768x344.jpg 768w, https:\/\/semmelweis.hu\/szaknyelv\/files\/2023\/09\/IMG_20230413_184935-1536x688.jpg 1536w, https:\/\/semmelweis.hu\/szaknyelv\/files\/2023\/09\/IMG_20230413_184935-2048x918.jpg 2048w, https:\/\/semmelweis.hu\/szaknyelv\/files\/2023\/09\/IMG_20230413_184935-753x337.jpg 753w\" sizes=\"auto, (max-width: 753px) 100vw, 753px\" \/><\/p>\n<p>&nbsp;<\/p>\n","protected":false},"excerpt":{"rendered":"<p>Anat\u00f3miai \u00e9s klinikai terminol\u00f3gia tanulm\u00e1nyi verseny<br \/>\nA Szaknyelvi Int\u00e9zet minden tavaszi f\u00e9l\u00e9vben tanulm\u00e1nyi versenyt szervez a terminol\u00f3gia t\u00e1rgyak hallgat\u00f3inak.<br \/>\nAz els\u0151 h\u00e1rom helyezettet oklev\u00e9llel d\u00edjazzuk, a versenyeredm\u00e9ny tanulm\u00e1nyi p\u00e1ly\u00e1zatokn\u00e1l elismertethet\u0151.<br \/>\nA versenyki\u00edr\u00e1st \u00e9s a tudnival\u00f3kat az egyes t\u00e1rgyak Moodle oldal\u00e1n tessz\u00fck k\u00f6zz\u00e9.<br \/>\nSzeretettel v\u00e1rjuk a hallgat\u00f3inkat!<\/p>\n<p>&nbsp;<\/p>\n","protected":false},"author":118,"featured_media":0,"parent":4632,"menu_order":0,"comment_status":"closed","ping_status":"closed","template":"","meta":{"_acf_changed":false,"footnotes":""},"categories":[],"tags":[],"class_list":["post-6555","page","type-page","status-publish","hentry"],"acf":[],"_links":{"self":[{"href":"https:\/\/semmelweis.hu\/szaknyelv\/wp-json\/wp\/v2\/pages\/6555","targetHints":{"allow":["GET"]}}],"collection":[{"href":"https:\/\/semmelweis.hu\/szaknyelv\/wp-json\/wp\/v2\/pages"}],"about":[{"href":"https:\/\/semmelweis.hu\/szaknyelv\/wp-json\/wp\/v2\/types\/page"}],"author":[{"embeddable":true,"href":"https:\/\/semmelweis.hu\/szaknyelv\/wp-json\/wp\/v2\/users\/118"}],"replies":[{"embeddable":true,"href":"https:\/\/semmelweis.hu\/szaknyelv\/wp-json\/wp\/v2\/comments?post=6555"}],"version-history":[{"count":7,"href":"https:\/\/semmelweis.hu\/szaknyelv\/wp-json\/wp\/v2\/pages\/6555\/revisions"}],"predecessor-version":[{"id":11363,"href":"https:\/\/semmelweis.hu\/szaknyelv\/wp-json\/wp\/v2\/pages\/6555\/revisions\/11363"}],"up":[{"embeddable":true,"href":"https:\/\/semmelweis.hu\/szaknyelv\/wp-json\/wp\/v2\/pages\/4632"}],"wp:attachment":[{"href":"https:\/\/semmelweis.hu\/szaknyelv\/wp-json\/wp\/v2\/media?parent=6555"}],"wp:term":[{"taxonomy":"category","embeddable":true,"href":"https:\/\/semmelweis.hu\/szaknyelv\/wp-json\/wp\/v2\/categories?post=6555"},{"taxonomy":"post_tag","embeddable":true,"href":"https:\/\/semmelweis.hu\/szaknyelv\/wp-json\/wp\/v2\/tags?post=6555"}],"curies":[{"name":"wp","href":"https:\/\/api.w.org\/{rel}","templated":true}]}}