{"id":6516,"date":"2022-03-18T21:01:38","date_gmt":"2022-03-18T20:01:38","guid":{"rendered":"https:\/\/semmelweis.hu\/szaknyelv\/?page_id=6516"},"modified":"2026-03-31T13:41:21","modified_gmt":"2026-03-31T11:41:21","slug":"aktualis-tanfolyamok","status":"publish","type":"page","link":"https:\/\/semmelweis.hu\/szaknyelv\/nyelvtanfolyam\/aktualis-tanfolyamok\/","title":{"rendered":"Aktu\u00e1lis tanfolyamok"},"content":{"rendered":"<div class=\"fontos_div\">\n<p>\u00dcgyf\u00e9lszolg\u00e1lat<br \/>\nE-mail: lsp@semmelweis.hu <br \/>\nC\u00edm: 1091 Budapest \u00dcll\u0151i \u00fat 25.<\/p>\n<\/div>\n<h4><a href=\"https:\/\/semmelweis.hu\/szaknyelv\/files\/2026\/03\/One-to-one-nemet-26-FK-final.png\"><img loading=\"lazy\" decoding=\"async\" class=\"alignright wp-image-15871 size-medium\" src=\"https:\/\/semmelweis.hu\/szaknyelv\/files\/2026\/03\/One-to-one-nemet-26-FK-final-283x400.png\" alt=\"\" width=\"283\" height=\"400\" srcset=\"https:\/\/semmelweis.hu\/szaknyelv\/files\/2026\/03\/One-to-one-nemet-26-FK-final-283x400.png 283w, https:\/\/semmelweis.hu\/szaknyelv\/files\/2026\/03\/One-to-one-nemet-26-FK-final-724x1024.png 724w, https:\/\/semmelweis.hu\/szaknyelv\/files\/2026\/03\/One-to-one-nemet-26-FK-final-768x1086.png 768w, https:\/\/semmelweis.hu\/szaknyelv\/files\/2026\/03\/One-to-one-nemet-26-FK-final-1086x1536.png 1086w, https:\/\/semmelweis.hu\/szaknyelv\/files\/2026\/03\/One-to-one-nemet-26-FK-final-1448x2048.png 1448w, https:\/\/semmelweis.hu\/szaknyelv\/files\/2026\/03\/One-to-one-nemet-26-FK-final-753x1065.png 753w, https:\/\/semmelweis.hu\/szaknyelv\/files\/2026\/03\/One-to-one-nemet-26-FK-final.png 1587w\" sizes=\"auto, (max-width: 283px) 100vw, 283px\" \/><\/a><strong>general\/medical <\/strong><strong>one-to-one, two-to-one english-medium german languAgE course<\/strong><\/h4>\n<p>Study with us:<br \/>\n&#8211; online or in-person language course,<br \/>\n&#8211; at all language levels (A1-C1),<br \/>\n&#8211; German for GENERAL purposes,<br \/>\n&#8211; German for SPECIFIC purposes, with a focus on: medicine, dentistry, pharmacy, health sciences.<\/p>\n<p>Tailored to individual needs:<br \/>\n&#8211; development of communication competences: writing, speaking, presentation skills and grammar,<br \/>\n&#8211; language exam prep training.<\/p>\n<p><span data-contrast=\"auto\">Discounts <\/span>for Semmelweis University citizens<br \/>\nMore information: lsp@semmelweis.hu<\/p>\n<p><a href=\"https:\/\/forms.cloud.microsoft\/e\/WAekggjHwg?origin=lprLink\">Registration\u00a0 \u2192<\/a><\/p>\n<hr \/>\n<h4><a href=\"https:\/\/semmelweis.hu\/szaknyelv\/files\/2025\/08\/Eu-szaknyelv-angol-2025.-oktober.png\"><strong><img loading=\"lazy\" decoding=\"async\" class=\"alignright wp-image-15428 size-medium\" src=\"https:\/\/semmelweis.hu\/szaknyelv\/files\/2026\/01\/magyar2-283x400.png\" alt=\"\" width=\"283\" height=\"400\" srcset=\"https:\/\/semmelweis.hu\/szaknyelv\/files\/2026\/01\/magyar2-283x400.png 283w, https:\/\/semmelweis.hu\/szaknyelv\/files\/2026\/01\/magyar2-724x1024.png 724w, https:\/\/semmelweis.hu\/szaknyelv\/files\/2026\/01\/magyar2-768x1086.png 768w, https:\/\/semmelweis.hu\/szaknyelv\/files\/2026\/01\/magyar2-1086x1536.png 1086w, https:\/\/semmelweis.hu\/szaknyelv\/files\/2026\/01\/magyar2-1448x2048.png 1448w, https:\/\/semmelweis.hu\/szaknyelv\/files\/2026\/01\/magyar2-753x1065.png 753w, https:\/\/semmelweis.hu\/szaknyelv\/files\/2026\/01\/magyar2.png 1587w\" sizes=\"auto, (max-width: 283px) 100vw, 283px\" \/><\/strong><\/a><strong>N\u00e9met orvos\/fogorvos-beteg kommunik\u00e1ci\u00f3s tanfolyam<\/strong><\/h4>\n<p>Kezd\u00e9s: 2026. febru\u00e1r 2.<br \/>\nBefejez\u00e9s: 2026. m\u00e1rcius 23.<br \/>\nJelentkez\u00e9si \u00e9s befizet\u00e9si hat\u00e1rid\u0151: 2026. janu\u00e1r 29.<br \/>\nNap(ok): h\u00e9tf\u0151n \u00e9s cs\u00fct\u00f6rt\u00f6k\u00f6n\u00a0<br \/>\nId\u0151pont:15.00-16.30 k\u00f6z\u00f6tt<br \/>\n\u00d3r\u00e1k sz\u00e1ma alkalmank\u00e9nt: 2&#215;45 perc<br \/>\n\u00d3rasz\u00e1m \u00f6sszesen: 30&#215;45 perc<br \/>\nBemeneti szint: B2<br \/>\nTanfolyam d\u00edja: 180.000 Ft<br \/>\nKedvezm\u00e9nyek: Semmelweis polg\u00e1rk\u00e9nt 20%, Alumni tagk\u00e9nt 10%<br \/>\nB\u0151vebb inform\u00e1ci\u00f3: lsp@semmelweis.hu<\/p>\n<p><a href=\"https:\/\/forms.office.com\/e\/F3irEJpmyu?origin=lprLink\">Jelentkez\u00e9s\u00a0 \u2192<\/a><\/p>\n<hr \/>\n<h4><a href=\"https:\/\/semmelweis.hu\/szaknyelv\/files\/2025\/08\/Eu-szaknyelv-angol-2025.-oktober.png\"><strong><img loading=\"lazy\" decoding=\"async\" class=\"alignright wp-image-15428 size-medium\" src=\"https:\/\/semmelweis.hu\/szaknyelv\/files\/2026\/01\/magyar2-283x400.png\" alt=\"\" width=\"283\" height=\"400\" srcset=\"https:\/\/semmelweis.hu\/szaknyelv\/files\/2026\/01\/magyar2-283x400.png 283w, https:\/\/semmelweis.hu\/szaknyelv\/files\/2026\/01\/magyar2-724x1024.png 724w, https:\/\/semmelweis.hu\/szaknyelv\/files\/2026\/01\/magyar2-768x1086.png 768w, https:\/\/semmelweis.hu\/szaknyelv\/files\/2026\/01\/magyar2-1086x1536.png 1086w, https:\/\/semmelweis.hu\/szaknyelv\/files\/2026\/01\/magyar2-1448x2048.png 1448w, https:\/\/semmelweis.hu\/szaknyelv\/files\/2026\/01\/magyar2-753x1065.png 753w, https:\/\/semmelweis.hu\/szaknyelv\/files\/2026\/01\/magyar2.png 1587w\" sizes=\"auto, (max-width: 283px) 100vw, 283px\" \/><\/strong><\/a><strong>N\u00e9met nyelvtani rendszerez\u0151 tanfolyam orvosi, fogorvosi \u00e9s eg\u00e9szs\u00e9g\u00fcgyi szaknyelvi f\u00f3kusszal<\/strong><\/h4>\n<p>Kezd\u00e9s: 2026. febru\u00e1r 12.<br \/>\nBefejez\u00e9s: 2026. m\u00e1rcius 19.<br \/>\nJelentkez\u00e9si \u00e9s befizet\u00e9si hat\u00e1rid\u0151: 2026. febru\u00e1r 10.<br \/>\nNap(ok): cs\u00fct\u00f6rt\u00f6k\u00f6nk\u00e9nt<br \/>\nId\u0151pont:16.00-19.15 k\u00f6z\u00f6tt<br \/>\n\u00d3r\u00e1k sz\u00e1ma alkalmank\u00e9nt: 4&#215;45 perc<br \/>\n\u00d3rasz\u00e1m \u00f6sszesen: 24&#215;45 perc<br \/>\nBemeneti szint: A2\u2013B1 szintr\u0151l tov\u00e1bbl\u00e9p\u0151knek<br \/>\nTanfolyam d\u00edja: 120.000 Ft<br \/>\nKedvezm\u00e9nyek: Semmelweis polg\u00e1rk\u00e9nt 20%, Alumni tagk\u00e9nt 10%<br \/>\nB\u0151vebb inform\u00e1ci\u00f3: lsp@semmelweis.hu<\/p>\n<p><a href=\"https:\/\/forms.office.com\/e\/F3irEJpmyu?origin=lprLink\">Jelentkez\u00e9s\u00a0 \u2192<\/a><\/p>\n<hr \/>\n<h4><a href=\"https:\/\/semmelweis.hu\/szaknyelv\/files\/2025\/08\/Eu-szaknyelv-angol-2025.-oktober.png\"><strong><img loading=\"lazy\" decoding=\"async\" class=\"alignright wp-image-15428 size-medium\" src=\"https:\/\/semmelweis.hu\/szaknyelv\/files\/2026\/01\/magyar2-283x400.png\" alt=\"\" width=\"283\" height=\"400\" srcset=\"https:\/\/semmelweis.hu\/szaknyelv\/files\/2026\/01\/magyar2-283x400.png 283w, https:\/\/semmelweis.hu\/szaknyelv\/files\/2026\/01\/magyar2-724x1024.png 724w, https:\/\/semmelweis.hu\/szaknyelv\/files\/2026\/01\/magyar2-768x1086.png 768w, https:\/\/semmelweis.hu\/szaknyelv\/files\/2026\/01\/magyar2-1086x1536.png 1086w, https:\/\/semmelweis.hu\/szaknyelv\/files\/2026\/01\/magyar2-1448x2048.png 1448w, https:\/\/semmelweis.hu\/szaknyelv\/files\/2026\/01\/magyar2-753x1065.png 753w, https:\/\/semmelweis.hu\/szaknyelv\/files\/2026\/01\/magyar2.png 1587w\" sizes=\"auto, (max-width: 283px) 100vw, 283px\" \/><\/strong><\/a><strong>eg\u00e9szs\u00e9g\u00fcgyi n\u00e9met szaknyelv\u00a0<\/strong><\/h4>\n<p>Kezd\u00e9s: 2026. febru\u00e1r 17.<br \/>\nBefejez\u00e9s: 2026. \u00e1prilis 21.<br \/>\nJelentkez\u00e9si \u00e9s befizet\u00e9si hat\u00e1rid\u0151: 2026. febru\u00e1r 16.<br \/>\nNap(ok): keddenk\u00e9nt<br \/>\nId\u0151pont: 8.00-11.15 k\u00f6z\u00f6tt<br \/>\n\u00d3r\u00e1k sz\u00e1ma alkalmank\u00e9nt: 4&#215;45 perc<br \/>\n\u00d3rasz\u00e1m \u00f6sszesen: 40&#215;45 perc<br \/>\nBemeneti szint: B2<br \/>\nTanfolyam d\u00edja: 240.000 Ft<br \/>\nKedvezm\u00e9nyek: Semmelweis polg\u00e1rk\u00e9nt 20%, Alumni tagk\u00e9nt 10%<br \/>\nB\u0151vebb inform\u00e1ci\u00f3: lsp@semmelweis.hu<\/p>\n<p><a href=\"https:\/\/forms.office.com\/e\/F3irEJpmyu?origin=lprLink\">Jelentkez\u00e9s\u00a0 \u2192<\/a><\/p>\n<hr \/>\n<h4><a href=\"https:\/\/semmelweis.hu\/szaknyelv\/files\/2025\/08\/Eu-szaknyelv-angol-2025.-oktober.png\"><strong><img loading=\"lazy\" decoding=\"async\" class=\"alignright wp-image-15428 size-medium\" src=\"https:\/\/semmelweis.hu\/szaknyelv\/files\/2026\/01\/magyar2-283x400.png\" alt=\"\" width=\"283\" height=\"400\" srcset=\"https:\/\/semmelweis.hu\/szaknyelv\/files\/2026\/01\/magyar2-283x400.png 283w, https:\/\/semmelweis.hu\/szaknyelv\/files\/2026\/01\/magyar2-724x1024.png 724w, https:\/\/semmelweis.hu\/szaknyelv\/files\/2026\/01\/magyar2-768x1086.png 768w, https:\/\/semmelweis.hu\/szaknyelv\/files\/2026\/01\/magyar2-1086x1536.png 1086w, https:\/\/semmelweis.hu\/szaknyelv\/files\/2026\/01\/magyar2-1448x2048.png 1448w, https:\/\/semmelweis.hu\/szaknyelv\/files\/2026\/01\/magyar2-753x1065.png 753w, https:\/\/semmelweis.hu\/szaknyelv\/files\/2026\/01\/magyar2.png 1587w\" sizes=\"auto, (max-width: 283px) 100vw, 283px\" \/><\/strong><\/a><strong>eg\u00e9szs\u00e9g\u00fcgyi angol szaknyelv\u00a0<\/strong><\/h4>\n<p>Kezd\u00e9s: 2026. janu\u00e1r 28.<br \/>\nBefejez\u00e9s: 2026. \u00e1prilis 1.<br \/>\nJelentkez\u00e9si \u00e9s befizet\u00e9si hat\u00e1rid\u0151: 2026. janu\u00e1r 27.<br \/>\nNap(ok): minden szerd\u00e1n<br \/>\nId\u0151pont: 17.00-20.15 k\u00f6z\u00f6tt<br \/>\n\u00d3r\u00e1k sz\u00e1ma alkalmank\u00e9nt: 4&#215;45 perc<br \/>\n\u00d3rasz\u00e1m \u00f6sszesen: 40&#215;45 perc<br \/>\nBemeneti szint: B2<br \/>\nTanfolyam d\u00edja: 240.000 Ft<br \/>\nKedvezm\u00e9nyek: Semmelweis polg\u00e1rk\u00e9nt 20%, Alumni tagk\u00e9nt 10%<br \/>\nB\u0151vebb inform\u00e1ci\u00f3: lsp@semmelweis.hu<\/p>\n<p><a href=\"https:\/\/forms.office.com\/e\/F3irEJpmyu?origin=lprLink\">Jelentkez\u00e9s\u00a0 \u2192<\/a><\/p>\n<hr \/>\n<h4><a href=\"https:\/\/semmelweis.hu\/szaknyelv\/files\/2025\/08\/Eu-szaknyelv-angol-2025.-oktober.png\"><strong><img loading=\"lazy\" decoding=\"async\" class=\"wp-image-14616 size-medium alignright\" src=\"https:\/\/semmelweis.hu\/szaknyelv\/files\/2025\/08\/Eu-szaknyelv-angol-2025.-oktober-283x400.png\" alt=\"\" width=\"283\" height=\"400\" srcset=\"https:\/\/semmelweis.hu\/szaknyelv\/files\/2025\/08\/Eu-szaknyelv-angol-2025.-oktober-283x400.png 283w, https:\/\/semmelweis.hu\/szaknyelv\/files\/2025\/08\/Eu-szaknyelv-angol-2025.-oktober-724x1024.png 724w, https:\/\/semmelweis.hu\/szaknyelv\/files\/2025\/08\/Eu-szaknyelv-angol-2025.-oktober-768x1086.png 768w, https:\/\/semmelweis.hu\/szaknyelv\/files\/2025\/08\/Eu-szaknyelv-angol-2025.-oktober-1086x1536.png 1086w, https:\/\/semmelweis.hu\/szaknyelv\/files\/2025\/08\/Eu-szaknyelv-angol-2025.-oktober-1448x2048.png 1448w, https:\/\/semmelweis.hu\/szaknyelv\/files\/2025\/08\/Eu-szaknyelv-angol-2025.-oktober-753x1065.png 753w, https:\/\/semmelweis.hu\/szaknyelv\/files\/2025\/08\/Eu-szaknyelv-angol-2025.-oktober.png 1587w\" sizes=\"auto, (max-width: 283px) 100vw, 283px\" \/><\/strong><\/a><\/h4>\n<h4><strong>eg\u00e9szs\u00e9g\u00fcgyi angol szaknyelv\u00a0<\/strong><\/h4>\n<p>Kezd\u00e9s: 2025. okt\u00f3ber 1.<br \/>\nBefejez\u00e9s: 2025. december 3.<br \/>\nJelentkez\u00e9si \u00e9s befizet\u00e9si hat\u00e1rid\u0151: 2025. szeptember 19.<br \/>\nNap(ok): minden szerd\u00e1n<br \/>\nId\u0151pont: 17.00 \u00e9s 20.00 k\u00f6z\u00f6tt<br \/>\n\u00d3r\u00e1k sz\u00e1ma alkalmank\u00e9nt: 4&#215;45 perc<br \/>\n\u00d3rasz\u00e1m \u00f6sszesen: 40&#215;45 perc<br \/>\nBemeneti szint: B2<br \/>\nTanfolyam d\u00edja: 160.000 Ft<br \/>\nKedvezm\u00e9nyek: Semmelweis polg\u00e1rk\u00e9nt 20%, Alumni tagk\u00e9nt 10%<br \/>\nB\u0151vebb inform\u00e1ci\u00f3: lsp@semmelweis.hu<\/p>\n<p><a href=\"https:\/\/forms.office.com\/e\/g4Ns501g9e?origin=lprLink\">Jelentkez\u00e9s\u00a0 \u2192<\/a><\/p>\n<hr \/>\n<h4><a href=\"https:\/\/semmelweis.hu\/szaknyelv\/files\/2025\/06\/2025.-nyari-tanfolyamkinalat-2-HUN.png\"><strong><img loading=\"lazy\" decoding=\"async\" class=\"alignright wp-image-14507 size-medium\" src=\"https:\/\/semmelweis.hu\/szaknyelv\/files\/2025\/06\/2025.-nyari-tanfolyamkinalat-2-HUN-283x400.png\" alt=\"\" width=\"283\" height=\"400\" srcset=\"https:\/\/semmelweis.hu\/szaknyelv\/files\/2025\/06\/2025.-nyari-tanfolyamkinalat-2-HUN-283x400.png 283w, https:\/\/semmelweis.hu\/szaknyelv\/files\/2025\/06\/2025.-nyari-tanfolyamkinalat-2-HUN-724x1024.png 724w, https:\/\/semmelweis.hu\/szaknyelv\/files\/2025\/06\/2025.-nyari-tanfolyamkinalat-2-HUN-768x1086.png 768w, https:\/\/semmelweis.hu\/szaknyelv\/files\/2025\/06\/2025.-nyari-tanfolyamkinalat-2-HUN-1086x1536.png 1086w, https:\/\/semmelweis.hu\/szaknyelv\/files\/2025\/06\/2025.-nyari-tanfolyamkinalat-2-HUN-1448x2048.png 1448w, https:\/\/semmelweis.hu\/szaknyelv\/files\/2025\/06\/2025.-nyari-tanfolyamkinalat-2-HUN-753x1065.png 753w, https:\/\/semmelweis.hu\/szaknyelv\/files\/2025\/06\/2025.-nyari-tanfolyamkinalat-2-HUN.png 1587w\" sizes=\"auto, (max-width: 283px) 100vw, 283px\" \/><\/strong><\/a><strong>olasz eg\u00e9szs\u00e9g\u00fcgyi szaknyelv\u00a0<\/strong><\/h4>\n<p>Kezd\u00e9s: 2025. augusztus 5.<br \/>\nBefejez\u00e9s: 2025. november 11.<br \/>\nJelentkez\u00e9si \u00e9s befizet\u00e9si hat\u00e1rid\u0151: 2025. j\u00falius 31.<br \/>\nNap(ok): keddenk\u00e9nt<br \/>\nId\u0151pont: 17-18.30 k\u00f6z\u00f6tt<br \/>\n\u00d3r\u00e1k sz\u00e1ma alkalmank\u00e9nt: 2&#215;45 perc<br \/>\n\u00d3rasz\u00e1m \u00f6sszesen: 30&#215;45 perc<br \/>\nBemeneti szint: B1-B2 k\u00f6z\u00f6tti szint<br \/>\nTanfolyam d\u00edja: 120.000 Ft<br \/>\nKedvezm\u00e9nyek: Semmelweis polg\u00e1rk\u00e9nt 20%, Alumni tagk\u00e9nt 10%<br \/>\nB\u0151vebb inform\u00e1ci\u00f3: lsp@semmelweis.hu<\/p>\n<p><a href=\"https:\/\/forms.office.com\/e\/un8W1ntzbr?origin=lprLink\">Jelentkez\u00e9s\u00a0 \u2192<\/a><\/p>\n<hr \/>\n<p>&nbsp;<\/p>\n","protected":false},"excerpt":{"rendered":"<p>\u00dcgyf\u00e9lszolg\u00e1lat E-mail: lsp@semmelweis.hu C\u00edm: 1091 Budapest \u00dcll\u0151i \u00fat 25. <a href=\"https:\/\/semmelweis.hu\/szaknyelv\/files\/2026\/03\/One-to-one-nemet-26-FK-final.png\"><\/a> general\/medical one-to-one, two-to-one english-medium german languAgE course Study with us: &#8211; online or in-person language course, &#8211; at all language levels (A1-C1), &#8211; German for GENERAL purposes, &#8211; German for SPECIFIC purposes, with a focus on: medicine, dentistry, pharmacy, health sciences. Tailored to individual needs: &#8211; &hellip;<\/p>\n","protected":false},"author":118,"featured_media":0,"parent":5653,"menu_order":0,"comment_status":"closed","ping_status":"closed","template":"","meta":{"_acf_changed":false,"footnotes":""},"categories":[],"tags":[],"class_list":["post-6516","page","type-page","status-publish","hentry"],"acf":[],"_links":{"self":[{"href":"https:\/\/semmelweis.hu\/szaknyelv\/wp-json\/wp\/v2\/pages\/6516","targetHints":{"allow":["GET"]}}],"collection":[{"href":"https:\/\/semmelweis.hu\/szaknyelv\/wp-json\/wp\/v2\/pages"}],"about":[{"href":"https:\/\/semmelweis.hu\/szaknyelv\/wp-json\/wp\/v2\/types\/page"}],"author":[{"embeddable":true,"href":"https:\/\/semmelweis.hu\/szaknyelv\/wp-json\/wp\/v2\/users\/118"}],"replies":[{"embeddable":true,"href":"https:\/\/semmelweis.hu\/szaknyelv\/wp-json\/wp\/v2\/comments?post=6516"}],"version-history":[{"count":11,"href":"https:\/\/semmelweis.hu\/szaknyelv\/wp-json\/wp\/v2\/pages\/6516\/revisions"}],"predecessor-version":[{"id":15878,"href":"https:\/\/semmelweis.hu\/szaknyelv\/wp-json\/wp\/v2\/pages\/6516\/revisions\/15878"}],"up":[{"embeddable":true,"href":"https:\/\/semmelweis.hu\/szaknyelv\/wp-json\/wp\/v2\/pages\/5653"}],"wp:attachment":[{"href":"https:\/\/semmelweis.hu\/szaknyelv\/wp-json\/wp\/v2\/media?parent=6516"}],"wp:term":[{"taxonomy":"category","embeddable":true,"href":"https:\/\/semmelweis.hu\/szaknyelv\/wp-json\/wp\/v2\/categories?post=6516"},{"taxonomy":"post_tag","embeddable":true,"href":"https:\/\/semmelweis.hu\/szaknyelv\/wp-json\/wp\/v2\/tags?post=6516"}],"curies":[{"name":"wp","href":"https:\/\/api.w.org\/{rel}","templated":true}]}}