{"id":6456,"date":"2022-03-11T16:26:14","date_gmt":"2022-03-11T15:26:14","guid":{"rendered":"https:\/\/semmelweis.hu\/szaknyelv\/?page_id=6456"},"modified":"2025-02-18T13:51:52","modified_gmt":"2025-02-18T12:51:52","slug":"a-semmelweis-egyetem-oktatoi-kutatoi-es-tdk-vagy-phd-hallgatoi-reszere-2","status":"publish","type":"page","link":"https:\/\/semmelweis.hu\/szaknyelv\/szolgaltatasok\/szaknyelvi-es-egyeb-forditasok\/a-semmelweis-egyetem-oktatoi-kutatoi-es-tdk-vagy-phd-hallgatoi-reszere-2\/","title":{"rendered":"A Semmelweis Egyetem oktat\u00f3i\/kutat\u00f3i \u00e9s TDK vagy PhD hallgat\u00f3i r\u00e9sz\u00e9re"},"content":{"rendered":"<p style=\"text-align: justify\">A Semmelweis Egyetem Szaknyelvi Int\u00e9zete v\u00e1llalja tudom\u00e1nyos k\u00f6zlem\u00e9nyek \u00e9s szaksz\u00f6vegek <strong>ford\u00edt\u00e1s\u00e1t a Semmelweis Egyetem<\/strong> oktat\u00f3i\/kutat\u00f3i \u00e9s TDK vagy PhD hallgat\u00f3i r\u00e9sz\u00e9re:<\/p>\n<p style=\"text-align: justify\">Ford\u00edt\u00e1si d\u00edj le\u00fct\u00e9senk\u00e9nt (sz\u00f3k\u00f6z\u00f6kkel): 5,00 Ft\/karakter (\u00e1tk\u00f6nyvel\u00e9ssel, \u00e1famentesen)<\/p>\n<p><strong>10 munkanapos hat\u00e1rid\u0151vel<\/strong> tudunk ford\u00edt\u00e1st v\u00e1llalni.<br \/>\nHa\u00a0 a ford\u00edt\u00e1s enn\u00e9l s\u00fcrg\u0151sebb, vagy terjedelme meghaladja a 6000 karaktert, k\u00e9rj\u00fck k\u00fcl\u00f6n jelezz\u00e9k, hogy a felt\u00e9teleket meg tudjuk besz\u00e9lni.<\/p>\n<p style=\"text-align: justify\">A ford\u00edtand\u00f3 anyagot k\u00e9rj\u00fck az al\u00e1bbi e-mail c\u00edmre k\u00fcldeni:<br \/>\n<a href=\"mailto:forditas@semmelweis-univ.hu\"><strong>forditas.lsp@semmelweis.hu<\/strong><\/a><\/p>\n","protected":false},"excerpt":{"rendered":"<p>A Semmelweis Egyetem Szaknyelvi Int\u00e9zete v\u00e1llalja tudom\u00e1nyos k\u00f6zlem\u00e9nyek \u00e9s szaksz\u00f6vegek ford\u00edt\u00e1s\u00e1t a Semmelweis Egyetem oktat\u00f3i\/kutat\u00f3i \u00e9s TDK vagy PhD hallgat\u00f3i r\u00e9sz\u00e9re: Ford\u00edt\u00e1si d\u00edj le\u00fct\u00e9senk\u00e9nt (sz\u00f3k\u00f6z\u00f6kkel): 5,00 Ft\/karakter (\u00e1tk\u00f6nyvel\u00e9ssel, \u00e1famentesen) 10 munkanapos hat\u00e1rid\u0151vel tudunk ford\u00edt\u00e1st v\u00e1llalni. Ha\u00a0 a ford\u00edt\u00e1s enn\u00e9l s\u00fcrg\u0151sebb, vagy terjedelme meghaladja a 6000 karaktert, k\u00e9rj\u00fck k\u00fcl\u00f6n jelezz\u00e9k, hogy a felt\u00e9teleket meg tudjuk besz\u00e9lni. &hellip;<\/p>\n","protected":false},"author":118,"featured_media":0,"parent":6294,"menu_order":0,"comment_status":"closed","ping_status":"closed","template":"","meta":{"_acf_changed":false,"footnotes":""},"categories":[],"tags":[],"class_list":["post-6456","page","type-page","status-publish","hentry"],"acf":[],"_links":{"self":[{"href":"https:\/\/semmelweis.hu\/szaknyelv\/wp-json\/wp\/v2\/pages\/6456","targetHints":{"allow":["GET"]}}],"collection":[{"href":"https:\/\/semmelweis.hu\/szaknyelv\/wp-json\/wp\/v2\/pages"}],"about":[{"href":"https:\/\/semmelweis.hu\/szaknyelv\/wp-json\/wp\/v2\/types\/page"}],"author":[{"embeddable":true,"href":"https:\/\/semmelweis.hu\/szaknyelv\/wp-json\/wp\/v2\/users\/118"}],"replies":[{"embeddable":true,"href":"https:\/\/semmelweis.hu\/szaknyelv\/wp-json\/wp\/v2\/comments?post=6456"}],"version-history":[{"count":11,"href":"https:\/\/semmelweis.hu\/szaknyelv\/wp-json\/wp\/v2\/pages\/6456\/revisions"}],"predecessor-version":[{"id":14136,"href":"https:\/\/semmelweis.hu\/szaknyelv\/wp-json\/wp\/v2\/pages\/6456\/revisions\/14136"}],"up":[{"embeddable":true,"href":"https:\/\/semmelweis.hu\/szaknyelv\/wp-json\/wp\/v2\/pages\/6294"}],"wp:attachment":[{"href":"https:\/\/semmelweis.hu\/szaknyelv\/wp-json\/wp\/v2\/media?parent=6456"}],"wp:term":[{"taxonomy":"category","embeddable":true,"href":"https:\/\/semmelweis.hu\/szaknyelv\/wp-json\/wp\/v2\/categories?post=6456"},{"taxonomy":"post_tag","embeddable":true,"href":"https:\/\/semmelweis.hu\/szaknyelv\/wp-json\/wp\/v2\/tags?post=6456"}],"curies":[{"name":"wp","href":"https:\/\/api.w.org\/{rel}","templated":true}]}}