{"id":6454,"date":"2022-03-11T16:25:52","date_gmt":"2022-03-11T15:25:52","guid":{"rendered":"https:\/\/semmelweis.hu\/szaknyelv\/?page_id=6454"},"modified":"2025-06-03T15:44:02","modified_gmt":"2025-06-03T13:44:02","slug":"kulso-partnerek-reszere-2","status":"publish","type":"page","link":"https:\/\/semmelweis.hu\/szaknyelv\/szolgaltatasok\/szaknyelvi-es-egyeb-forditasok\/kulso-partnerek-reszere-2\/","title":{"rendered":"K\u00fcls\u0151 partnerek r\u00e9sz\u00e9re"},"content":{"rendered":"<p style=\"text-align: justify\">A Semmelweis Egyetem Szaknyelvi Int\u00e9zete v\u00e1llalja tudom\u00e1nyos k\u00f6zlem\u00e9nyek \u00e9s szaksz\u00f6vegek <strong>ford\u00edt\u00e1s\u00e1t k\u00fcls\u0151 partnerek<\/strong> r\u00e9sz\u00e9re:<\/p>\n<p style=\"text-align: justify\">6000 karaktern\u00e9l r\u00f6videbb sz\u00f6vegeket<strong> 10 munkanapos hat\u00e1rid\u0151vel<\/strong> tudunk v\u00e1llalni.<br \/>\nHa a ford\u00edt\u00e1s enn\u00e9l s\u00fcrg\u0151sebb, k\u00e9rj\u00fck k\u00fcl\u00f6n jelezz\u00e9k, hogy a felt\u00e9teleket meg tudjuk besz\u00e9lni.<\/p>\n<p style=\"text-align: justify\">K\u00e9rjen \u00e1raj\u00e1nlatot a ford\u00edtand\u00f3 anyagok csatol\u00e1s\u00e1val az al\u00e1bbi e-mail c\u00edmen:<br \/>\n<a href=\"mailto:forditas@semmelweis-univ.hu\"><strong>forditas.lsp@semmelweis.hu<\/strong><\/a><\/p>\n","protected":false},"excerpt":{"rendered":"<p>A Semmelweis Egyetem Szaknyelvi Int\u00e9zete v\u00e1llalja tudom\u00e1nyos k\u00f6zlem\u00e9nyek \u00e9s szaksz\u00f6vegek ford\u00edt\u00e1s\u00e1t k\u00fcls\u0151 partnerek r\u00e9sz\u00e9re:<br \/>\n6000 karaktern\u00e9l r\u00f6videbb sz\u00f6vegeket 10 munkanapos hat\u00e1rid\u0151vel tudunk v\u00e1llalni.<br \/>\nHa a ford\u00edt\u00e1s enn\u00e9l s\u00fcrg\u0151sebb, k\u00e9rj\u00fck k\u00fcl\u00f6n jelezz\u00e9k, hogy a felt\u00e9teleket meg tudjuk besz\u00e9lni.<br \/>\nK\u00e9rjen \u00e1raj\u00e1nlatot a ford\u00edtand\u00f3 anyagok csatol\u00e1s\u00e1val az al\u00e1bbi e-mail c\u00edmen:<br \/>\n<a href=\"mailto:forditas@semmelweis-univ.hu\">forditas.lsp@semmelweis.hu<\/a><\/p>\n","protected":false},"author":118,"featured_media":0,"parent":6294,"menu_order":0,"comment_status":"closed","ping_status":"closed","template":"","meta":{"_acf_changed":false,"footnotes":""},"categories":[],"tags":[],"class_list":["post-6454","page","type-page","status-publish","hentry"],"acf":[],"_links":{"self":[{"href":"https:\/\/semmelweis.hu\/szaknyelv\/wp-json\/wp\/v2\/pages\/6454","targetHints":{"allow":["GET"]}}],"collection":[{"href":"https:\/\/semmelweis.hu\/szaknyelv\/wp-json\/wp\/v2\/pages"}],"about":[{"href":"https:\/\/semmelweis.hu\/szaknyelv\/wp-json\/wp\/v2\/types\/page"}],"author":[{"embeddable":true,"href":"https:\/\/semmelweis.hu\/szaknyelv\/wp-json\/wp\/v2\/users\/118"}],"replies":[{"embeddable":true,"href":"https:\/\/semmelweis.hu\/szaknyelv\/wp-json\/wp\/v2\/comments?post=6454"}],"version-history":[{"count":11,"href":"https:\/\/semmelweis.hu\/szaknyelv\/wp-json\/wp\/v2\/pages\/6454\/revisions"}],"predecessor-version":[{"id":14458,"href":"https:\/\/semmelweis.hu\/szaknyelv\/wp-json\/wp\/v2\/pages\/6454\/revisions\/14458"}],"up":[{"embeddable":true,"href":"https:\/\/semmelweis.hu\/szaknyelv\/wp-json\/wp\/v2\/pages\/6294"}],"wp:attachment":[{"href":"https:\/\/semmelweis.hu\/szaknyelv\/wp-json\/wp\/v2\/media?parent=6454"}],"wp:term":[{"taxonomy":"category","embeddable":true,"href":"https:\/\/semmelweis.hu\/szaknyelv\/wp-json\/wp\/v2\/categories?post=6454"},{"taxonomy":"post_tag","embeddable":true,"href":"https:\/\/semmelweis.hu\/szaknyelv\/wp-json\/wp\/v2\/tags?post=6454"}],"curies":[{"name":"wp","href":"https:\/\/api.w.org\/{rel}","templated":true}]}}