{"id":6418,"date":"2022-03-11T15:15:24","date_gmt":"2022-03-11T14:15:24","guid":{"rendered":"https:\/\/semmelweis.hu\/szaknyelv\/?page_id=6418"},"modified":"2026-02-02T14:56:23","modified_gmt":"2026-02-02T13:56:23","slug":"a-semmelweis-egyetem-oktatoi-kutatoi-es-tdk-vagy-phd-hallgatoi-reszere","status":"publish","type":"page","link":"https:\/\/semmelweis.hu\/szaknyelv\/szolgaltatasok\/szaknyelvi-lektoralas\/a-semmelweis-egyetem-oktatoi-kutatoi-es-tdk-vagy-phd-hallgatoi-reszere\/","title":{"rendered":"A Semmelweis Egyetem oktat\u00f3i\/kutat\u00f3i \u00e9s TDK vagy PhD hallgat\u00f3i r\u00e9sz\u00e9re"},"content":{"rendered":"<p style=\"text-align: center\"><strong>A SZAKNYELVI INT\u00c9ZET \u00c1LTAL NY\u00daJTOTT<\/strong><br \/>\n<strong>ANGOL SZAKNYELVI LEKTOR\u00c1L\u00c1SI SZOLG\u00c1LTAT\u00c1S \u00dcGYMENETE<\/strong><br \/>\n<strong>A SEMMELWEIS EGYETEM OKTAT\u00d3I\/KUTAT\u00d3I<\/strong><br \/>\n<strong>\u00c9S TDK VAGY PHD HALLGAT\u00d3I R\u00c9SZ\u00c9RE<\/strong><br \/>\n<strong>2023. SZEPTEMBER 1-J\u00c9T\u0150L<\/strong><\/p>\n<p style=\"text-align: justify\">1. Tudom\u00e1nyos \u00e9s Innov\u00e1ci\u00f3s Rektorhelyettes \u00far megb\u00edz\u00e1s\u00e1b\u00f3l a Szaknyelvi Int\u00e9zet az Egyetem \u00e1ltal erre a c\u00e9lra biztos\u00edtott keretb\u0151l, a szerz\u0151k sz\u00e1m\u00e1ra <strong>d\u00edjmentesen<\/strong>, 10 munkanapos hat\u00e1rid\u0151vel (a Transzl\u00e1ci\u00f3s Medicina K\u00f6zpontb\u00f3l \u00e9rkez\u0151 k\u00e9ziratok eset\u00e9ben 7 munkanap) v\u00e1llalja nemzetk\u00f6zi publik\u00e1ci\u00f3ra sz\u00e1nt k\u00e9ziratok angol szaknyelvi lektor\u00e1l\u00e1s\u00e1t, amennyiben a k\u00e9zirat els\u0151 vagy utols\u00f3 szerz\u0151je a Semmelweis Egyetemen <strong>oktat\u00f3ja\/kutat\u00f3ja<\/strong> illetve TDK vagy PhD <strong>hallgat\u00f3ja<\/strong>, \u00e9s a tanulm\u00e1ny terjedelme, valamint nyelvi min\u0151s\u00e9ge lehet\u0151v\u00e9 teszi, hogy a k\u00e9zirat szaknyelvi lektor\u00e1l\u00e1sa legfeljebb<strong> 4\u00d760 perces<\/strong> id\u0151keretben elv\u00e9gezhet\u0151 legyen. (Amennyiben \u00e9rthet\u0151 a sz\u00f6veg, \u00e9s csak stil\u00e1ris \u00e9s nyelvtani jav\u00edt\u00e1sok sz\u00fcks\u00e9gesek, 8-10 oldal foly\u00f3 sz\u00f6veg \u2013 az affili\u00e1ci\u00f3k \u00e9s referenci\u00e1k n\u00e9lk\u00fcl \u2013 lektor\u00e1lhat\u00f3 ebben az id\u0151keretben.) <br \/>\nAmennyiben a k\u00e9zirat nyelvi min\u0151s\u00e9ge vagy terjedelme folyt\u00e1n szaknyelvi lektor\u00e1l\u00e1s id\u0151tartama <strong>meghaladja a 4\u00d760 percet,<\/strong> a 4 \u00f3ra id\u0151tartamon fel\u00fcl es\u0151 <strong>lektor\u00e1l\u00e1si d\u00edj 8.500 Ft\/60 perc<\/strong>, amit int\u00e9zetek k\u00f6zti \u00e1tk\u00f6nyvel\u00e9s, vagy \u00e1tutal\u00e1s \u00fatj\u00e1n lehet kiegyenl\u00edteni.<br \/>\nEbben az esetben a Szaknyelvi Int\u00e9zet el\u0151zetesen \u00edr\u00e1sban t\u00e1j\u00e9koztatja a szerz\u0151t a lektor\u00e1l\u00e1s becs\u00fclt id\u0151tartam\u00e1t, valamint a vonatkoz\u00f3 k\u00f6lts\u00e9geket megjel\u00f6lve.<\/p>\n<p style=\"text-align: justify\">2. Amennyiben a Semmelweis Egyetem vagy m\u00e1s szervezeti egys\u00e9g olyan dokumentum lektor\u00e1l\u00e1s\u00e1t ig\u00e9nyli, amely<br \/>\n\u2013 nem nemzetk\u00f6zi publik\u00e1ci\u00f3ra sz\u00e1nt \u00e9s \/ vagy nem teljes \u00e9rt\u00e9k\u0171 tudom\u00e1nyos k\u00f6zlem\u00e9ny (pl. <strong>absztrakt, k\u00f6nyvfejezet vagy disszert\u00e1ci\u00f3<\/strong>),<br \/>\n\u2013 els\u0151 vagy utols\u00f3 szerz\u0151je <strong>nem a Semmelweis<\/strong> Egyetem PhD vagy TDK hallgat\u00f3ja, oktat\u00f3ja\/kutat\u00f3ja,<br \/>\n\u00fagy a Szaknyelvi Int\u00e9zet ezeket a megb\u00edz\u00e1sokat is elv\u00e1llalja, de \u00e1tk\u00f6nyvel\u00e9s \u00fatj\u00e1n megk\u00e9ri az utols\u00f3 szerz\u0151 szervezeti egys\u00e9g\u00e9t\u0151l, vagy \u00e1tutal\u00e1s \u00fatj\u00e1n ig\u00e9nyli a szaknyelvi lektor\u00e1l\u00e1s d\u00edj\u00e1t, amely <strong>8500 Ft\/ 60 perc.<\/strong><\/p>\n<p style=\"text-align: justify\">\nA Szaknyelvi Int\u00e9zet a bek\u00fcld\u00f6tt k\u00e9ziratok <strong>eredetis\u00e9gvizsg\u00e1lat\u00e1t<\/strong> <strong>is<\/strong> elv\u00e9gzi. Felh\u00edvjuk a szerz\u0151k figyelm\u00e9t, hogy a szerz\u0151i adatok, affili\u00e1ci\u00f3k \u00e9s a referenci\u00e1k nagy m\u00e9rt\u00e9kben torz\u00edtj\u00e1k a vizsg\u00e1lat eredm\u00e9ny\u00e9t. A Szaknyelvi Int\u00e9zet lehet\u0151s\u00e9g szerint igyekszik az eredetis\u00e9gvizsg\u00e1latot a fenti adatokt\u00f3l mentes v\u00e1ltozaton elv\u00e9gezni \u00e9s a v\u00e9geredm\u00e9nyr\u0151l t\u00e1j\u00e9koztatja a szerz\u0151t.<br \/>\nMinden esetben k\u00e9rj\u00fck tov\u00e1bb\u00e1 megnevezni azt a foly\u00f3iratot, amelybe a szerz\u0151k a k\u00e9ziratot sz\u00e1nj\u00e1k.<\/p>\n<div class=\"keretes w-100\">\n<p style=\"text-align: center\"><strong>A Szaknyelvi Int\u00e9zet az Eg\u00e9szs\u00e9gtudom\u00e1nyi Kar PhD hallgat\u00f3inak <br \/>\n<\/strong><strong><u>K\u00dcL\u00d6N MEG\u00c1LLAPOD\u00c1S alapj\u00e1n<\/u> az al\u00e1bbi szolg\u00e1ltat\u00e1sokat ny\u00fajtja:<\/strong><\/p>\n<\/div>\n<ul>\n<li style=\"text-align: justify\"><strong>Tudom\u00e1nyos k\u00f6zlem\u00e9nyek angol szaknyelvi lektor\u00e1l\u00e1s\u00e1t \/ ford\u00edt\u00e1s\u00e1t<\/strong> kari k\u00f6lts\u00e9gre, 10 munkanapos hat\u00e1rid\u0151vel v\u00e1llaljuk, ha a szerz\u0151d erre vonatkoz\u00f3 ig\u00e9ny\u00fcket a <a href=\"https:\/\/semmelweis.hu\/szaknyelv\/oktatas\/phd-hallgatoknak\/publication.etk@semmelweis.hu\"><strong>publication<\/strong>.<strong>etk@semmelweis.hu<\/strong><\/a> c\u00edmre bek\u00fcldik. Sz\u00fcks\u00e9g eset\u00e9n a k\u00e9zirat ism\u00e9telt nyelvi \u00e1tdolgoz\u00e1s\u00e1t is biztos\u00edtjuk.<\/li>\n<li style=\"text-align: justify\"><strong>Angol nyelven \u00edrt PhD dolgozatok \u00e9s tudom\u00e1nyos k\u00f6zlem\u00e9nyek parafraze\u00e1l\u00e1s\u00e1t <\/strong>v\u00e1llaljuk, egy\u00e9ni meg\u00e1llapod\u00e1s alapj\u00e1n meghat\u00e1rozott hat\u00e1rid\u0151vel. Az erre vonatkoz\u00f3 ig\u00e9nyt a <a href=\"https:\/\/semmelweis.hu\/szaknyelv\/oktatas\/phd-hallgatoknak\/publication.etk@semmelweis.hu\"><strong>publication.etk@semmelweis.hu<\/strong><\/a> c\u00edmre k\u00e9rj\u00fck megk\u00fcldeni.<\/li>\n<\/ul>\n<p style=\"text-align: justify\"><strong>Tov\u00e1bbi szolg\u00e1ltat\u00e1saink:<\/strong><\/p>\n<ul style=\"text-align: justify\">\n<li><strong>Felk\u00e9sz\u00edt\u00e9s<\/strong><strong>angol nyelv\u0171 prezent\u00e1ci\u00f3ra<\/strong>\u00a0(konferencia-el\u0151ad\u00e1sra vagy poszter-prezent\u00e1ci\u00f3ra) konzult\u00e1ci\u00f3 form\u00e1j\u00e1ban, kari k\u00f6lts\u00e9gre.<\/li>\n<li><strong>Poszterek<\/strong> \u00e9s <strong>voice-overek<\/strong> lektor\u00e1l\u00e1sa.<\/li>\n<\/ul>\n<p style=\"text-align: justify\">A lektor\u00e1land\u00f3 anyagokat word form\u00e1tumban az al\u00e1bbi email c\u00edmre v\u00e1rjuk: <a href=\"mailto:publication.lsp@semmelweis.hu\">publication.lsp@semmelweis.hu<\/a><br \/>\nA <strong>Transzl\u00e1ci\u00f3s Medicina K\u00f6zpontb\u00f3l<\/strong> \u00e9rkez\u0151 anyagokat word form\u00e1tumban az al\u00e1bbi email c\u00edmre v\u00e1rjuk: <a href=\"ctm.publication@semmelweis.hu\">ctm.publication@semmelweis.hu<\/a><\/p>\n<div class=\"fontos_div\">\n<p style=\"text-align: justify\">Az <strong>Eg\u00e9szs\u00e9gtudom\u00e1nyi Karr\u00f3l<\/strong> \u00e9rkez\u0151 k\u00f6zlem\u00e9nyeket k\u00e9rj\u00fck a <a href=\"https:\/\/semmelweis.hu\/szaknyelv\/oktatas\/phd-hallgatoknak\/publication.etk@semmelweis.hu\">publication.etk@semmelweis.hu<\/a> c\u00edmre bek\u00fcldeni.<\/p>\n<\/div>\n<p style=\"text-align: justify\">Rem\u00e9lj\u00fck, hogy ily m\u00f3don min\u00e9l t\u00f6bb kutat\u00f3 sikeres tudom\u00e1nyos publik\u00e1ci\u00f3s tev\u00e9kenys\u00e9g\u00e9t t\u00e1mogathatjuk.<br \/>\nDr. Fogarasi Katalin<br \/>\nigazgat\u00f3<br \/>\nSzaknyelvi Int\u00e9zet<\/p>\n<p>&nbsp;<\/p>\n<p>&nbsp;<\/p>\n<p>&nbsp;<\/p>\n","protected":false},"excerpt":{"rendered":"<p>A SZAKNYELVI INT\u00c9ZET \u00c1LTAL NY\u00daJTOTT ANGOL SZAKNYELVI LEKTOR\u00c1L\u00c1SI SZOLG\u00c1LTAT\u00c1S \u00dcGYMENETE A SEMMELWEIS EGYETEM OKTAT\u00d3I\/KUTAT\u00d3I \u00c9S TDK VAGY PHD HALLGAT\u00d3I R\u00c9SZ\u00c9RE 2023. SZEPTEMBER 1-J\u00c9T\u0150L 1. Tudom\u00e1nyos \u00e9s Innov\u00e1ci\u00f3s Rektorhelyettes \u00far megb\u00edz\u00e1s\u00e1b\u00f3l a Szaknyelvi Int\u00e9zet az Egyetem \u00e1ltal erre a c\u00e9lra biztos\u00edtott keretb\u0151l, a szerz\u0151k sz\u00e1m\u00e1ra d\u00edjmentesen, 10 munkanapos hat\u00e1rid\u0151vel (a Transzl\u00e1ci\u00f3s Medicina K\u00f6zpontb\u00f3l \u00e9rkez\u0151 k\u00e9ziratok eset\u00e9ben &hellip;<\/p>\n","protected":false},"author":118,"featured_media":0,"parent":4770,"menu_order":0,"comment_status":"closed","ping_status":"closed","template":"","meta":{"_acf_changed":false,"footnotes":""},"categories":[],"tags":[],"class_list":["post-6418","page","type-page","status-publish","hentry"],"acf":[],"_links":{"self":[{"href":"https:\/\/semmelweis.hu\/szaknyelv\/wp-json\/wp\/v2\/pages\/6418","targetHints":{"allow":["GET"]}}],"collection":[{"href":"https:\/\/semmelweis.hu\/szaknyelv\/wp-json\/wp\/v2\/pages"}],"about":[{"href":"https:\/\/semmelweis.hu\/szaknyelv\/wp-json\/wp\/v2\/types\/page"}],"author":[{"embeddable":true,"href":"https:\/\/semmelweis.hu\/szaknyelv\/wp-json\/wp\/v2\/users\/118"}],"replies":[{"embeddable":true,"href":"https:\/\/semmelweis.hu\/szaknyelv\/wp-json\/wp\/v2\/comments?post=6418"}],"version-history":[{"count":10,"href":"https:\/\/semmelweis.hu\/szaknyelv\/wp-json\/wp\/v2\/pages\/6418\/revisions"}],"predecessor-version":[{"id":15644,"href":"https:\/\/semmelweis.hu\/szaknyelv\/wp-json\/wp\/v2\/pages\/6418\/revisions\/15644"}],"up":[{"embeddable":true,"href":"https:\/\/semmelweis.hu\/szaknyelv\/wp-json\/wp\/v2\/pages\/4770"}],"wp:attachment":[{"href":"https:\/\/semmelweis.hu\/szaknyelv\/wp-json\/wp\/v2\/media?parent=6418"}],"wp:term":[{"taxonomy":"category","embeddable":true,"href":"https:\/\/semmelweis.hu\/szaknyelv\/wp-json\/wp\/v2\/categories?post=6418"},{"taxonomy":"post_tag","embeddable":true,"href":"https:\/\/semmelweis.hu\/szaknyelv\/wp-json\/wp\/v2\/tags?post=6418"}],"curies":[{"name":"wp","href":"https:\/\/api.w.org\/{rel}","templated":true}]}}