{"id":5826,"date":"2021-11-17T14:34:56","date_gmt":"2021-11-17T13:34:56","guid":{"rendered":"https:\/\/semmelweis.hu\/szaknyelv\/?page_id=5826"},"modified":"2025-11-03T09:58:10","modified_gmt":"2025-11-03T08:58:10","slug":"szakfordito-es-tolmacskepzes-angol","status":"publish","type":"page","link":"https:\/\/semmelweis.hu\/szaknyelv\/kepzeseink\/szakfordito-egeszsegtudomanyi-kepzeseink\/szakfordito-es-tolmacskepzes-angol\/","title":{"rendered":"Szakford\u00edt\u00f3- \u00e9s tolm\u00e1csk\u00e9pz\u00e9s angol"},"content":{"rendered":"<p><img loading=\"lazy\" decoding=\"async\" class=\"aligncenter wp-image-15134 size-large\" src=\"https:\/\/semmelweis.hu\/szaknyelv\/files\/2025\/11\/normal-slider-meret-1280x420-1-1024x336.png\" alt=\"\" width=\"753\" height=\"247\" srcset=\"https:\/\/semmelweis.hu\/szaknyelv\/files\/2025\/11\/normal-slider-meret-1280x420-1-1024x336.png 1024w, https:\/\/semmelweis.hu\/szaknyelv\/files\/2025\/11\/normal-slider-meret-1280x420-1-400x131.png 400w, https:\/\/semmelweis.hu\/szaknyelv\/files\/2025\/11\/normal-slider-meret-1280x420-1-768x252.png 768w, https:\/\/semmelweis.hu\/szaknyelv\/files\/2025\/11\/normal-slider-meret-1280x420-1-753x247.png 753w, https:\/\/semmelweis.hu\/szaknyelv\/files\/2025\/11\/normal-slider-meret-1280x420-1.png 1280w\" sizes=\"auto, (max-width: 753px) 100vw, 753px\" \/><\/p>\n<p><a href=\"https:\/\/semmelweis.hu\/szaknyelv\/files\/2025\/10\/UJ-angol-szakfordito_tantervi-halo-kivonata.png\">A szak tantervi h\u00e1l\u00f3j\u00e1nak kivonata<\/a><\/p>\n<p><a href=\"https:\/\/semmelweis.hu\/szaknyelv\/files\/2025\/10\/angol-szakford_tolm_kepzes_leirasa.pdf\" target=\"_blank\" rel=\"noopener\">A k\u00e9pz\u00e9s r\u00e9szletes le\u00edr\u00e1sa<\/a><\/p>\n<div class=\"fontos_div\">\n<p><strong>Jelentkez\u00e9s:<\/strong><\/p>\n<p><img loading=\"lazy\" decoding=\"async\" class=\"alignnone wp-image-15028 size-thumbnail\" src=\"https:\/\/semmelweis.hu\/szaknyelv\/files\/2025\/10\/Szakford-25-26-150x150.png\" alt=\"\" width=\"150\" height=\"150\" srcset=\"https:\/\/semmelweis.hu\/szaknyelv\/files\/2025\/10\/Szakford-25-26-150x150.png 150w, https:\/\/semmelweis.hu\/szaknyelv\/files\/2025\/10\/Szakford-25-26-400x400.png 400w, https:\/\/semmelweis.hu\/szaknyelv\/files\/2025\/10\/Szakford-25-26-768x768.png 768w, https:\/\/semmelweis.hu\/szaknyelv\/files\/2025\/10\/Szakford-25-26-753x753.png 753w, https:\/\/semmelweis.hu\/szaknyelv\/files\/2025\/10\/Szakford-25-26.png 800w\" sizes=\"auto, (max-width: 150px) 100vw, 150px\" \/><\/p>\n<p>Vagy: <a href=\"https:\/\/forms.office.com\/e\/cULx2EpSN4?origin=lprLink\">https:\/\/forms.office.com\/e\/JgCFF91Mvn?origin=lprLink<\/a><\/p>\n<\/div>\n<p>&nbsp;<\/p>\n<p><img loading=\"lazy\" decoding=\"async\" class=\"aligncenter wp-image-15135 size-full\" src=\"https:\/\/semmelweis.hu\/szaknyelv\/files\/2025\/11\/Szakfordito-kepzes-anyaganak-frissitese-2025-oktober-28.png\" alt=\"\" width=\"2560\" height=\"6400\" srcset=\"https:\/\/semmelweis.hu\/szaknyelv\/files\/2025\/11\/Szakfordito-kepzes-anyaganak-frissitese-2025-oktober-28.png 2560w, https:\/\/semmelweis.hu\/szaknyelv\/files\/2025\/11\/Szakfordito-kepzes-anyaganak-frissitese-2025-oktober-28-160x400.png 160w, https:\/\/semmelweis.hu\/szaknyelv\/files\/2025\/11\/Szakfordito-kepzes-anyaganak-frissitese-2025-oktober-28-410x1024.png 410w, https:\/\/semmelweis.hu\/szaknyelv\/files\/2025\/11\/Szakfordito-kepzes-anyaganak-frissitese-2025-oktober-28-768x1920.png 768w, https:\/\/semmelweis.hu\/szaknyelv\/files\/2025\/11\/Szakfordito-kepzes-anyaganak-frissitese-2025-oktober-28-614x1536.png 614w, https:\/\/semmelweis.hu\/szaknyelv\/files\/2025\/11\/Szakfordito-kepzes-anyaganak-frissitese-2025-oktober-28-819x2048.png 819w, https:\/\/semmelweis.hu\/szaknyelv\/files\/2025\/11\/Szakfordito-kepzes-anyaganak-frissitese-2025-oktober-28-753x1883.png 753w\" sizes=\"auto, (max-width: 2560px) 100vw, 2560px\" \/><\/p>\n<p>&nbsp;<\/p>\n","protected":false},"excerpt":{"rendered":"<p><a href=\"https:\/\/semmelweis.hu\/szaknyelv\/files\/2025\/10\/UJ-angol-szakfordito_tantervi-halo-kivonata.png\">A szak tantervi h\u00e1l\u00f3j\u00e1nak kivonata<\/a><br \/>\n<a href=\"https:\/\/semmelweis.hu\/szaknyelv\/files\/2025\/10\/angol-szakford_tolm_kepzes_leirasa.pdf\" target=\"_blank\" rel=\"noopener\">A k\u00e9pz\u00e9s r\u00e9szletes le\u00edr\u00e1sa<\/a><\/p>\n<p>Jelentkez\u00e9s:<\/p>\n<p>Vagy: <a href=\"https:\/\/forms.office.com\/e\/cULx2EpSN4?origin=lprLink\">https:\/\/forms.office.com\/e\/JgCFF91Mvn?origin=lprLink<\/a><\/p>\n<p>&nbsp;<\/p>\n<p>&nbsp;<\/p>\n","protected":false},"author":118,"featured_media":0,"parent":5815,"menu_order":0,"comment_status":"closed","ping_status":"closed","template":"","meta":{"_acf_changed":false,"footnotes":""},"categories":[],"tags":[],"class_list":["post-5826","page","type-page","status-publish","hentry"],"acf":[],"_links":{"self":[{"href":"https:\/\/semmelweis.hu\/szaknyelv\/wp-json\/wp\/v2\/pages\/5826","targetHints":{"allow":["GET"]}}],"collection":[{"href":"https:\/\/semmelweis.hu\/szaknyelv\/wp-json\/wp\/v2\/pages"}],"about":[{"href":"https:\/\/semmelweis.hu\/szaknyelv\/wp-json\/wp\/v2\/types\/page"}],"author":[{"embeddable":true,"href":"https:\/\/semmelweis.hu\/szaknyelv\/wp-json\/wp\/v2\/users\/118"}],"replies":[{"embeddable":true,"href":"https:\/\/semmelweis.hu\/szaknyelv\/wp-json\/wp\/v2\/comments?post=5826"}],"version-history":[{"count":12,"href":"https:\/\/semmelweis.hu\/szaknyelv\/wp-json\/wp\/v2\/pages\/5826\/revisions"}],"predecessor-version":[{"id":15143,"href":"https:\/\/semmelweis.hu\/szaknyelv\/wp-json\/wp\/v2\/pages\/5826\/revisions\/15143"}],"up":[{"embeddable":true,"href":"https:\/\/semmelweis.hu\/szaknyelv\/wp-json\/wp\/v2\/pages\/5815"}],"wp:attachment":[{"href":"https:\/\/semmelweis.hu\/szaknyelv\/wp-json\/wp\/v2\/media?parent=5826"}],"wp:term":[{"taxonomy":"category","embeddable":true,"href":"https:\/\/semmelweis.hu\/szaknyelv\/wp-json\/wp\/v2\/categories?post=5826"},{"taxonomy":"post_tag","embeddable":true,"href":"https:\/\/semmelweis.hu\/szaknyelv\/wp-json\/wp\/v2\/tags?post=5826"}],"curies":[{"name":"wp","href":"https:\/\/api.w.org\/{rel}","templated":true}]}}