{"id":5533,"date":"2021-08-27T19:55:02","date_gmt":"2021-08-27T17:55:02","guid":{"rendered":"https:\/\/semmelweis.hu\/szaknyelv\/?page_id=5533"},"modified":"2023-11-22T10:46:06","modified_gmt":"2023-11-22T09:46:06","slug":"tdk","status":"publish","type":"page","link":"https:\/\/semmelweis.hu\/szaknyelv\/kutatas\/tdk\/","title":{"rendered":"TDK r\u00e9gi"},"content":{"rendered":"<p style=\"text-align: center\"><strong>Tudom\u00e1nyos Di\u00e1kk\u00f6r (TDK) munka a Szaknyelvi Int\u00e9zetben<\/strong><\/p>\n<p style=\"text-align: justify\">A tudom\u00e1nyos di\u00e1kk\u00f6r tehets\u00e9ges hallgat\u00f3knak ny\u00fajt lehet\u0151s\u00e9get, hogy egyetem\u00fcnk oktat\u00f3ival, kutat\u00f3ival egy\u00fcttm\u0171k\u00f6dve k\u00e9sz\u00fclhessenek saj\u00e1t kutat\u00f3i p\u00e1ly\u00e1jukra vagy PhD-k\u00e9pz\u00e9s\u00fckre. Az egyetem alatt v\u00e9gzett TDK munka alapot ny\u00fajthat a hallgat\u00f3 k\u00e9s\u0151bbi tudom\u00e1nyos karrierj\u00e9hez.<\/p>\n<p style=\"text-align: justify\">A Szaknyelvi Int\u00e9zetn\u00e9l v\u00e9gzett TDK munka interprofesszion\u00e1lisan, m\u00e1s szakint\u00e9zetekkel egy\u00fcttm\u0171k\u00f6dve zajlik. A 2023\/2024-es tan\u00e9vben meghirdetett t\u00e9m\u00e1k a k\u00f6vetkez\u0151k:<\/p>\n<table style=\"width: 100%\">\n<tbody>\n<tr>\n<td style=\"width: 39.2%\">\n<div class=\"lead\">T\u00e9m\u00e1k<\/div>\n<\/td>\n<td style=\"width: 60.7273%\">\n<div class=\"lead\">T\u00e9mavazet\u0151k<\/div>\n<\/td>\n<\/tr>\n<tr>\n<td style=\"width: 39.2%\">S\u00e9r\u00fcl\u00e9sekkel kapcsolatos orvosi dokument\u00e1ci\u00f3 terminol\u00f3giai vizsg\u00e1lata<\/td>\n<td style=\"width: 60.7273%\">\n<p>Dr. habil. Fogarasi Katalin egyetemi docens, SE Szaknyelvi Int\u00e9zet<br \/>\nDr. Patonai Zolt\u00e1n egyetemi tan\u00e1rseg\u00e9d, PTE P\u00e9csi Tudom\u00e1nyegyetem, <br \/>\nKlinikai K\u00f6zpont, Traumatol\u00f3giai \u00e9s K\u00e9zseb\u00e9szeti Klinika<\/p>\n<\/td>\n<\/tr>\n<tr>\n<td style=\"width: 39.2%\">A diagn\u00f3zissal kapcsolatos sz\u00f3beli betegt\u00e1j\u00e9koztat\u00e1s vizsg\u00e1lata a terminol\u00f3gia \u00e9s a nyelv\u00e9szeti besz\u00e9lget\u00e9selemz\u00e9s szempontjai alapj\u00e1n<\/td>\n<td style=\"width: 60.7273%\">\n<p>Dr. habil. Fogarasi Katalin egyetemi docens, SE Szaknyelvi Int\u00e9zet <br \/>\nHambuchn\u00e9 Dr. K\u0151halmi Anik\u00f3 egyetemi adjunktus, PTE AOK<\/p>\n<\/td>\n<\/tr>\n<tr>\n<td style=\"width: 39.2%\">Tompa er\u0151hat\u00e1sra keletkezett s\u00e9r\u00fcl\u00e9sek le\u00edr\u00e1s\u00e1nak terminol\u00f3giai vizsg\u00e1lata klinikai leletekben<\/td>\n<td style=\"width: 60.7273%\">\n<p>Dr. habil. Fogarasi Katalin egyetemi docens, SE Szaknyelvi Int\u00e9zet\u00a0<br \/>\nK\u00fcls\u0151 konzulens: Dr. Patonai Zolt\u00e1n, egyetemi tan\u00e1rseg\u00e9d, <br \/>\nPTE AOK Klinikai K\u00f6zpont, Traumatol\u00f3giai \u00e9s K\u00e9szs\u00e9b\u00e9szeti Klinika<\/p>\n<\/td>\n<\/tr>\n<tr>\n<td style=\"width: 39.2%\">A nemzetk\u00f6zi anat\u00f3miai n\u00f3menklat\u00fara relevanci\u00e1ja v\u00e9gtagokat \u00e9rint\u0151 elv\u00e1ltoz\u00e1sok megnevez\u00e9seiben<\/td>\n<td style=\"width: 60.7273%\">\n<div>Dr. Barta Andrea egyetemi adjunktus, SE Szaknyelvi Int\u00e9zet<\/div>\n<div>Dr. Varga \u00c9va Katalin egyetemi adjunktus, SE Szaknyelvi Int\u00e9zet<\/div>\n<div>Dr. Kocsis Katalin egyetemi adjunktus, SE Anat\u00f3miai, Sz\u00f6vet- \u00e9s Fejl\u0151d\u00e9stani Int\u00e9zet<\/div>\n<div>K\u00fcls\u0151 konzulens: Dr. Patonai Zolt\u00e1n egyetemi tan\u00e1rseg\u00e9d, P\u00e9csi Tudom\u00e1nyegyetem, Klinikai K\u00f6zpont, Traumatol\u00f3giai \u00e9s K\u00e9zseb\u00e9szeti Klinika<\/div>\n<\/td>\n<\/tr>\n<tr>\n<td style=\"width: 39.2%\">Magyar-n\u00e9met-osztr\u00e1k drognevek gyakorlati alkalmaz\u00e1s\u00e1nak kontraszt\u00edv terminol\u00f3giai \u00e9s farmakol\u00f3giai szakmai \u00f6sszevet\u00e9se magisztr\u00e1lis recept\u00far\u00e1kon<\/td>\n<td style=\"width: 60.7273%\">\n<div>Dr. habil. Fogarasi Katalin egyetemi docens, SE Szaknyelvi Int\u00e9zet<\/div>\n<div>Dr. Varga \u00c9va Katalin egyetemi adjunktus, SE Szaknyelvi Int\u00e9zet<\/div>\n<div>Dr. Alberti \u00c1gnes egyetemi docens, SE GYTK Farmakogn\u00f3ziai Int\u00e9zet<\/div>\n<div>Dr. Boldizs\u00e1r Imre egyetemi docens, SE GYTK Farmakogn\u00f3ziai Int\u00e9zet<\/div>\n<\/td>\n<\/tr>\n<tr>\n<td style=\"width: 39.2%\">Magyar-n\u00e9met-osztr\u00e1k magisztr\u00e1lis recept\u00far\u00e1k kontraszt\u00edv terminol\u00f3giai \u00e9s gy\u00f3gyszer\u00e9szeti szakmai \u00f6sszevet\u00e9se<\/td>\n<td style=\"width: 60.7273%\">\n<div>Dr. habil. Fogarasi Katalin egyetemi docens, SE Szaknyelvi Int\u00e9zet<\/div>\n<div>Dr. Varga \u00c9va Katalin egyetemi adjunktus, Szaknyelvi Int\u00e9zet<\/div>\n<div>Dr. Budai L\u00edvia egyetemi adjunktus, SE GYTK Gy\u00f3gyszer\u00e9szeti Int\u00e9zet<\/div>\n<\/td>\n<\/tr>\n<\/tbody>\n<\/table>\n<p>&nbsp;<\/p>\n<p>A TDK jelentkez\u00e9ssel kapcsolatban a k\u00f6vetkez\u0151 oldalon tal\u00e1l le\u00edr\u00e1st:<br \/>\n<a href=\"https:\/\/semmelweis.hu\/tdk\/a-tudomanyos-diakkorrol\/hogyan-lesz-valaki-tagja-a-tudomanyos-diakkornek\/\">https:\/\/semmelweis.hu\/tdk\/a-tudomanyos-diakkorrol\/hogyan-lesz-valaki-tagja-a-tudomanyos-diakkornek\/<\/a><\/p>\n<p>&nbsp;<\/p>\n<div class=\"fontos_div\">\n<p style=\"text-align: left\">J\u00e1mbor M\u00e1rk TDK hallgat\u00f3, a <a href=\"https:\/\/hmaa-hc.hu\/fured.html\" target=\"_blank\" rel=\"noopener noreferrer\">HMAA Kongresszuson.<\/a><br \/>\nBalatonf\u00fcred, 2021. augusztus 27.<\/p>\n<\/div>\n<p><img loading=\"lazy\" decoding=\"async\" class=\"wp-image-5537 size-large alignleft\" src=\"https:\/\/semmelweis.hu\/szaknyelv\/files\/2021\/08\/Screenshot_20210827_194401-497x1024.jpg\" alt=\"\" width=\"497\" height=\"1024\" srcset=\"https:\/\/semmelweis.hu\/szaknyelv\/files\/2021\/08\/Screenshot_20210827_194401-497x1024.jpg 497w, https:\/\/semmelweis.hu\/szaknyelv\/files\/2021\/08\/Screenshot_20210827_194401-194x400.jpg 194w, https:\/\/semmelweis.hu\/szaknyelv\/files\/2021\/08\/Screenshot_20210827_194401-768x1581.jpg 768w, https:\/\/semmelweis.hu\/szaknyelv\/files\/2021\/08\/Screenshot_20210827_194401-746x1536.jpg 746w, https:\/\/semmelweis.hu\/szaknyelv\/files\/2021\/08\/Screenshot_20210827_194401-753x1550.jpg 753w, https:\/\/semmelweis.hu\/szaknyelv\/files\/2021\/08\/Screenshot_20210827_194401.jpg 975w\" sizes=\"auto, (max-width: 497px) 100vw, 497px\" \/><\/p>\n","protected":false},"excerpt":{"rendered":"<p>Tudom\u00e1nyos Di\u00e1kk\u00f6r (TDK) munka a Szaknyelvi Int\u00e9zetben A tudom\u00e1nyos di\u00e1kk\u00f6r tehets\u00e9ges hallgat\u00f3knak ny\u00fajt lehet\u0151s\u00e9get, hogy egyetem\u00fcnk oktat\u00f3ival, kutat\u00f3ival egy\u00fcttm\u0171k\u00f6dve k\u00e9sz\u00fclhessenek saj\u00e1t kutat\u00f3i p\u00e1ly\u00e1jukra vagy PhD-k\u00e9pz\u00e9s\u00fckre. Az egyetem alatt v\u00e9gzett TDK munka alapot ny\u00fajthat a hallgat\u00f3 k\u00e9s\u0151bbi tudom\u00e1nyos karrierj\u00e9hez. A Szaknyelvi Int\u00e9zetn\u00e9l v\u00e9gzett TDK munka interprofesszion\u00e1lisan, m\u00e1s szakint\u00e9zetekkel egy\u00fcttm\u0171k\u00f6dve zajlik. A 2023\/2024-es tan\u00e9vben meghirdetett t\u00e9m\u00e1k a &hellip;<\/p>\n","protected":false},"author":118,"featured_media":0,"parent":5529,"menu_order":0,"comment_status":"closed","ping_status":"closed","template":"template-fullwidth.php","meta":{"_acf_changed":false,"footnotes":""},"categories":[],"tags":[],"class_list":["post-5533","page","type-page","status-publish","hentry"],"acf":[],"_links":{"self":[{"href":"https:\/\/semmelweis.hu\/szaknyelv\/wp-json\/wp\/v2\/pages\/5533","targetHints":{"allow":["GET"]}}],"collection":[{"href":"https:\/\/semmelweis.hu\/szaknyelv\/wp-json\/wp\/v2\/pages"}],"about":[{"href":"https:\/\/semmelweis.hu\/szaknyelv\/wp-json\/wp\/v2\/types\/page"}],"author":[{"embeddable":true,"href":"https:\/\/semmelweis.hu\/szaknyelv\/wp-json\/wp\/v2\/users\/118"}],"replies":[{"embeddable":true,"href":"https:\/\/semmelweis.hu\/szaknyelv\/wp-json\/wp\/v2\/comments?post=5533"}],"version-history":[{"count":10,"href":"https:\/\/semmelweis.hu\/szaknyelv\/wp-json\/wp\/v2\/pages\/5533\/revisions"}],"predecessor-version":[{"id":11971,"href":"https:\/\/semmelweis.hu\/szaknyelv\/wp-json\/wp\/v2\/pages\/5533\/revisions\/11971"}],"up":[{"embeddable":true,"href":"https:\/\/semmelweis.hu\/szaknyelv\/wp-json\/wp\/v2\/pages\/5529"}],"wp:attachment":[{"href":"https:\/\/semmelweis.hu\/szaknyelv\/wp-json\/wp\/v2\/media?parent=5533"}],"wp:term":[{"taxonomy":"category","embeddable":true,"href":"https:\/\/semmelweis.hu\/szaknyelv\/wp-json\/wp\/v2\/categories?post=5533"},{"taxonomy":"post_tag","embeddable":true,"href":"https:\/\/semmelweis.hu\/szaknyelv\/wp-json\/wp\/v2\/tags?post=5533"}],"curies":[{"name":"wp","href":"https:\/\/api.w.org\/{rel}","templated":true}]}}