{"id":5458,"date":"2021-05-18T15:29:00","date_gmt":"2021-05-18T13:29:00","guid":{"rendered":"https:\/\/semmelweis.hu\/szaknyelv\/?page_id=5458"},"modified":"2022-11-14T21:56:21","modified_gmt":"2022-11-14T20:56:21","slug":"minosegbiztositas","status":"publish","type":"page","link":"https:\/\/semmelweis.hu\/szaknyelv\/rolunk\/minosegbiztositas\/","title":{"rendered":"Min\u0151s\u00e9gbiztos\u00edt\u00e1s"},"content":{"rendered":"<p><a href=\"https:\/\/semmelweis.hu\/minoseg\/mir-dokumentacio\/kozponti-szervezeti-egysegek\/szaknyelvi-intezet\/\">A Szaknyelvi Int\u00e9zet min\u0151s\u00e9g\u00fcgyi dokumentumai<\/a><\/p>\n<p><a href=\"https:\/\/semmelweis.hu\/minoseg\/mir-dokumentacio\/kozponti-szervezeti-egysegek\/szaknyelvi-intezet\/szaknyelvi-es-kommunikacios-csoport\/\">A Szaknyelvi \u00e9s Kommunik\u00e1ci\u00f3s csoport min\u0151s\u00e9g\u00fcgyi dokumentumai<\/a><\/p>\n","protected":false},"excerpt":{"rendered":"<p><a href=\"https:\/\/semmelweis.hu\/minoseg\/mir-dokumentacio\/kozponti-szervezeti-egysegek\/szaknyelvi-intezet\/\">A Szaknyelvi Int\u00e9zet min\u0151s\u00e9g\u00fcgyi dokumentumai<\/a><br \/>\n<a href=\"https:\/\/semmelweis.hu\/minoseg\/mir-dokumentacio\/kozponti-szervezeti-egysegek\/szaknyelvi-intezet\/szaknyelvi-es-kommunikacios-csoport\/\">A Szaknyelvi \u00e9s Kommunik\u00e1ci\u00f3s csoport min\u0151s\u00e9g\u00fcgyi dokumentumai<\/a><\/p>\n","protected":false},"author":118,"featured_media":0,"parent":7988,"menu_order":0,"comment_status":"closed","ping_status":"closed","template":"","meta":{"_acf_changed":false,"footnotes":""},"categories":[],"tags":[],"class_list":["post-5458","page","type-page","status-publish","hentry"],"acf":[],"_links":{"self":[{"href":"https:\/\/semmelweis.hu\/szaknyelv\/wp-json\/wp\/v2\/pages\/5458","targetHints":{"allow":["GET"]}}],"collection":[{"href":"https:\/\/semmelweis.hu\/szaknyelv\/wp-json\/wp\/v2\/pages"}],"about":[{"href":"https:\/\/semmelweis.hu\/szaknyelv\/wp-json\/wp\/v2\/types\/page"}],"author":[{"embeddable":true,"href":"https:\/\/semmelweis.hu\/szaknyelv\/wp-json\/wp\/v2\/users\/118"}],"replies":[{"embeddable":true,"href":"https:\/\/semmelweis.hu\/szaknyelv\/wp-json\/wp\/v2\/comments?post=5458"}],"version-history":[{"count":3,"href":"https:\/\/semmelweis.hu\/szaknyelv\/wp-json\/wp\/v2\/pages\/5458\/revisions"}],"predecessor-version":[{"id":5461,"href":"https:\/\/semmelweis.hu\/szaknyelv\/wp-json\/wp\/v2\/pages\/5458\/revisions\/5461"}],"up":[{"embeddable":true,"href":"https:\/\/semmelweis.hu\/szaknyelv\/wp-json\/wp\/v2\/pages\/7988"}],"wp:attachment":[{"href":"https:\/\/semmelweis.hu\/szaknyelv\/wp-json\/wp\/v2\/media?parent=5458"}],"wp:term":[{"taxonomy":"category","embeddable":true,"href":"https:\/\/semmelweis.hu\/szaknyelv\/wp-json\/wp\/v2\/categories?post=5458"},{"taxonomy":"post_tag","embeddable":true,"href":"https:\/\/semmelweis.hu\/szaknyelv\/wp-json\/wp\/v2\/tags?post=5458"}],"curies":[{"name":"wp","href":"https:\/\/api.w.org\/{rel}","templated":true}]}}