{"id":5424,"date":"2021-05-07T11:18:34","date_gmt":"2021-05-07T09:18:34","guid":{"rendered":"https:\/\/semmelweis.hu\/szaknyelv\/?page_id=5424"},"modified":"2021-05-07T11:18:34","modified_gmt":"2021-05-07T09:18:34","slug":"oktatasi-tevekenyseg","status":"publish","type":"page","link":"https:\/\/semmelweis.hu\/szaknyelv\/oktatas\/oktatasi-tevekenyseg\/","title":{"rendered":"Oktat\u00e1si tev\u00e9kenys\u00e9g"},"content":{"rendered":"","protected":false},"excerpt":{"rendered":"","protected":false},"author":118,"featured_media":0,"parent":4954,"menu_order":0,"comment_status":"closed","ping_status":"closed","template":"","meta":{"_acf_changed":false,"footnotes":""},"categories":[],"tags":[],"class_list":["post-5424","page","type-page","status-publish","hentry"],"acf":[],"_links":{"self":[{"href":"https:\/\/semmelweis.hu\/szaknyelv\/wp-json\/wp\/v2\/pages\/5424","targetHints":{"allow":["GET"]}}],"collection":[{"href":"https:\/\/semmelweis.hu\/szaknyelv\/wp-json\/wp\/v2\/pages"}],"about":[{"href":"https:\/\/semmelweis.hu\/szaknyelv\/wp-json\/wp\/v2\/types\/page"}],"author":[{"embeddable":true,"href":"https:\/\/semmelweis.hu\/szaknyelv\/wp-json\/wp\/v2\/users\/118"}],"replies":[{"embeddable":true,"href":"https:\/\/semmelweis.hu\/szaknyelv\/wp-json\/wp\/v2\/comments?post=5424"}],"version-history":[{"count":1,"href":"https:\/\/semmelweis.hu\/szaknyelv\/wp-json\/wp\/v2\/pages\/5424\/revisions"}],"predecessor-version":[{"id":5425,"href":"https:\/\/semmelweis.hu\/szaknyelv\/wp-json\/wp\/v2\/pages\/5424\/revisions\/5425"}],"up":[{"embeddable":true,"href":"https:\/\/semmelweis.hu\/szaknyelv\/wp-json\/wp\/v2\/pages\/4954"}],"wp:attachment":[{"href":"https:\/\/semmelweis.hu\/szaknyelv\/wp-json\/wp\/v2\/media?parent=5424"}],"wp:term":[{"taxonomy":"category","embeddable":true,"href":"https:\/\/semmelweis.hu\/szaknyelv\/wp-json\/wp\/v2\/categories?post=5424"},{"taxonomy":"post_tag","embeddable":true,"href":"https:\/\/semmelweis.hu\/szaknyelv\/wp-json\/wp\/v2\/tags?post=5424"}],"curies":[{"name":"wp","href":"https:\/\/api.w.org\/{rel}","templated":true}]}}