{"id":5154,"date":"2021-01-15T12:35:27","date_gmt":"2021-01-15T11:35:27","guid":{"rendered":"https:\/\/semmelweis.hu\/szaknyelv\/?page_id=5154"},"modified":"2021-01-15T12:36:22","modified_gmt":"2021-01-15T11:36:22","slug":"netiquette-fuer-zoom","status":"publish","type":"page","link":"https:\/\/semmelweis.hu\/szaknyelv\/de\/netiquette-fuer-zoom\/","title":{"rendered":"Netiquette f\u00fcr ZOOM"},"content":{"rendered":"<p style=\"text-align: center\"><span style=\"color: #3366ff\"><strong>Netiquette f\u00fcr Zoom-Unterricht am Institut f\u00fcr Fachsprachen<\/strong><\/span><\/p>\n<p>\nF\u00fcr den Fernunterricht sind dieselben Regeln g\u00fcltig, die f\u00fcr die Vorlesungen und Seminare der Universit\u00e4t gelten. Aufgrund der Besonderheiten des Online-Unterrichts m\u00f6chten wir auf folgende wichtige Regeln hinweisen:<br \/>\n\u2013 Der Fernunterricht ist ein interaktiver Prozess, bei dem die aktive Teilnahme der Studierenden erw\u00fcnscht ist. Wir bitten Sie deshalb, Ihre Kameras in unseren Seminarstunden einzuschalten.<br \/>\n\u2013 Nehmen Sie an den Seminarstunden aktiv teil, geben Sie Ihren Beitrag zu den Themen der Stunden, stellen Sie Fragen an die Dozenten! Schalten Sie jedoch stumm, wenn Sie l\u00e4ngere Zeit nicht sprechen, um zu vermeiden, dass Hintergrundger\u00e4usche andere Teilnehmer ablenken.<br \/>\n\u2013 Wenn Sie nicht allein im Raum sind, benutzen Sie ein Headset.<br \/>\n\u2013 Wenn Sie etwas sagen m\u00f6chten, melden Sie sich oder benutzen Sie die \u2019Raise hand\u2019- Funktion, je nach dem, wie es in der jeweiligen Seminarstunde \u00fcblich ist.<br \/>\n\u2013 Melden Sie sich nicht von \u00f6ffentlichen Verkehrsmitteln, von Caf\u00e9s, oder von der Stra\u00dfe aus an. Halten Sie sich w\u00e4hrend der Seminarstunde m\u00f6glichst in einem ruhigen, separaten Raum Ihrer Wohnung auf.<br \/>\n\u2013 Stellen Sie ein virtuelles Hintergrundbild ein, wenn es Ihnen nicht m\u00f6glich ist, z.B in einer WG allein zu sein, oder wenn Sie nicht w\u00fcnschen, dass das Bild Ihrer Umgebung sichtbar ist.<br \/>\nDas virtuelle Hintergrundbild sollte neutral und unbewegt sein (z. B. Innenraum, Naturbild, kein GIF).<br \/>\n\u2013 Wenn m\u00f6glich, benutzen Sie einen stabilen Internetanschluss (Festnetz statt WLAN oder Mobilnet, bzw. PC, Laptop oder Tablet statt Handy etc).<br \/>\n\u2013 Bei technischen Schwierigkeiten mit dem Computer, mit dem Mikrofon oder mit der Kamera k\u00f6nnen Sie vor\u00fcbergehend Ihr Handy benutzen, um an der Unterrichtsstunde teilnehmen zu k\u00f6nnen.<br \/>\n\u2013 Wenn Sie aus technischen Gr\u00fcnden vor\u00fcbergehend ohne Kamera am Unterricht teilnehmen m\u00fcssen, dann bem\u00fchen Sie sich um aktive m\u00fcndliche Mitarbeit. Falls Ihr Mikrofon nicht funktioniert, schreiben Sie Beitr\u00e4ge im Chat zu den Themen der Unterrichtsstunde.<br \/>\n\u2013 Melden Sie sich nicht von mehreren Ger\u00e4ten f\u00fcr dieselbe Kursstunde an. Das verursacht verschiedene Probleme, z. B. bei Kleingruppen werden Sie in zwei unterschiedlichen Gruppen zugewiesen.<br \/>\n\u2013 Kleiden Sie sich bitte in den Online-Stunden angemessen. Tragen Sie solche Kleidungsst\u00fccke, die Sie auch in den Seminarr\u00e4umen der Universit\u00e4t anziehen w\u00fcrden.<br \/>\n\u2013 Wir bitten Sie, sich w\u00e4hrend des Unterrichts ausschlie\u00dflich mit dem aktuellen Lernstoff zu besch\u00e4ftigen! Jegliche Art der privaten Kommunikation (telefonieren, SMS schreiben, chatten) geh\u00f6rt nicht in den Online-Unterricht. Denken Sie bitte auch daran, dass die Besch\u00e4ftigung mit Haustieren, oder nebenbei zu essen f\u00fcr andere als st\u00f6rend wirken k\u00f6nnen und dass Sie sich selbst an der aktiven Teilnahme hindern.<br \/>\n\u2013 Ver\u00f6ffentlichen Sie die Einladung zur Zoom-Stunde und die Angaben zum Eintritt nicht, da auf diese Weise sich auch Unbefugte zur Stunde anmelden k\u00f6nnten. Wenn Ihr Dozent die Stunde mit Bild und Ton aufnimmt, und die Aufzeichnung mit den Studenten teilt, geben Sie anderen Personen keinen Zugriff darauf, da dadurch Pers\u00f6nlichkeitsrechte verletzt werden k\u00f6nnen.<\/p>\n<p>Vielen Dank f\u00fcr Ihre Mitwirkung!<br \/>\nLehrkr\u00e4fte des Instituts f\u00fcr Fachsprachen<\/p>\n","protected":false},"excerpt":{"rendered":"<p>Netiquette f\u00fcr Zoom-Unterricht am Institut f\u00fcr Fachsprachen F\u00fcr den Fernunterricht sind dieselben Regeln g\u00fcltig, die f\u00fcr die Vorlesungen und Seminare der Universit\u00e4t gelten. Aufgrund der Besonderheiten des Online-Unterrichts m\u00f6chten wir auf folgende wichtige Regeln hinweisen: \u2013 Der Fernunterricht ist ein interaktiver Prozess, bei dem die aktive Teilnahme der Studierenden erw\u00fcnscht ist. Wir bitten Sie deshalb, &hellip;<\/p>\n","protected":false},"author":118,"featured_media":0,"parent":0,"menu_order":0,"comment_status":"closed","ping_status":"closed","template":"","meta":{"_acf_changed":false,"footnotes":""},"categories":[],"tags":[],"class_list":["post-5154","page","type-page","status-publish","hentry"],"acf":[],"_links":{"self":[{"href":"https:\/\/semmelweis.hu\/szaknyelv\/wp-json\/wp\/v2\/pages\/5154","targetHints":{"allow":["GET"]}}],"collection":[{"href":"https:\/\/semmelweis.hu\/szaknyelv\/wp-json\/wp\/v2\/pages"}],"about":[{"href":"https:\/\/semmelweis.hu\/szaknyelv\/wp-json\/wp\/v2\/types\/page"}],"author":[{"embeddable":true,"href":"https:\/\/semmelweis.hu\/szaknyelv\/wp-json\/wp\/v2\/users\/118"}],"replies":[{"embeddable":true,"href":"https:\/\/semmelweis.hu\/szaknyelv\/wp-json\/wp\/v2\/comments?post=5154"}],"version-history":[{"count":4,"href":"https:\/\/semmelweis.hu\/szaknyelv\/wp-json\/wp\/v2\/pages\/5154\/revisions"}],"predecessor-version":[{"id":5159,"href":"https:\/\/semmelweis.hu\/szaknyelv\/wp-json\/wp\/v2\/pages\/5154\/revisions\/5159"}],"wp:attachment":[{"href":"https:\/\/semmelweis.hu\/szaknyelv\/wp-json\/wp\/v2\/media?parent=5154"}],"wp:term":[{"taxonomy":"category","embeddable":true,"href":"https:\/\/semmelweis.hu\/szaknyelv\/wp-json\/wp\/v2\/categories?post=5154"},{"taxonomy":"post_tag","embeddable":true,"href":"https:\/\/semmelweis.hu\/szaknyelv\/wp-json\/wp\/v2\/tags?post=5154"}],"curies":[{"name":"wp","href":"https:\/\/api.w.org\/{rel}","templated":true}]}}