{"id":5113,"date":"2021-01-11T22:07:24","date_gmt":"2021-01-11T21:07:24","guid":{"rendered":"https:\/\/semmelweis.hu\/szaknyelv\/?page_id=5113"},"modified":"2023-02-07T08:29:08","modified_gmt":"2023-02-07T07:29:08","slug":"terminologia-teszt","status":"publish","type":"page","link":"https:\/\/semmelweis.hu\/szaknyelv\/oktatas\/terminologia\/terminologia-teszt\/","title":{"rendered":"Terminol\u00f3gia teszt"},"content":{"rendered":"<div>Kedves Hallgat\u00f3nk!<\/div>\n<div>\u00a0<\/div>\n<p style=\"text-align: justify\">Az al\u00e1bbi feladatsort a 2. f\u00e9l\u00e9ves <i>Szakorvosi terminol\u00f3gia<\/i> k\u00f6telez\u0151en v\u00e1laszthat\u00f3 kurzus tematik\u00e1ja alapj\u00e1n \u00e1ll\u00edtottuk \u00f6ssze, ezzel tesztelheti el\u0151zetes tud\u00e1s\u00e1t a kurzus felv\u00e9tele el\u0151tt.<span class=\"im\"><br \/>\n75% alatti teljes\u00edtm\u00e9ny eset\u00e9n javasoljuk a tant\u00e1rgy felv\u00e9tel\u00e9t, ahol a k\u00e9rd\u00e9sekre adott v\u00e1laszokhoz mindenre kiterjed\u0151, alapos magyar\u00e1zatot fog kapni. <br \/>\n<\/span><span class=\"im\">(A teszt 10 feleletv\u00e1laszt\u00f3 k\u00e9rd\u00e9sb\u0151l \u00e1ll, egyes k\u00e9rd\u00e9sekn\u00e9l elt\u00e9r\u0151 sz\u00e1m\u00fa megold\u00e1s lehet j\u00f3. Hib\u00e1san megjel\u00f6lt, hib\u00e1san \u00fcresen hagyott v\u00e1lasz\u00e9rt pontlevon\u00e1s j\u00e1r.)<\/span><\/p>\n<p style=\"text-align: center\"><span style=\"text-decoration: underline\"><strong><span style=\"color: #ff0000;text-decoration: underline\">A teszt kit\u00f6lt\u00e9se:<br \/>\n<\/span><\/strong><\/span><\/p>\n<p><iframe loading=\"lazy\" src=\"https:\/\/bifilab.semmelweis.hu\/szaknyelvi\/quizhu.php\" width=\"700\" height=\"550\"><span style=\"width: 0px;overflow: hidden;line-height: 0\" data-mce-type=\"bookmark\" class=\"mce_SELRES_start\">\ufeff<\/span> <\/iframe><\/p>\n","protected":false},"excerpt":{"rendered":"<p>Kedves Hallgat\u00f3nk! \u00a0 Az al\u00e1bbi feladatsort a 2. f\u00e9l\u00e9ves Szakorvosi terminol\u00f3gia k\u00f6telez\u0151en v\u00e1laszthat\u00f3 kurzus tematik\u00e1ja alapj\u00e1n \u00e1ll\u00edtottuk \u00f6ssze, ezzel tesztelheti el\u0151zetes tud\u00e1s\u00e1t a kurzus felv\u00e9tele el\u0151tt. 75% alatti teljes\u00edtm\u00e9ny eset\u00e9n javasoljuk a tant\u00e1rgy felv\u00e9tel\u00e9t, ahol a k\u00e9rd\u00e9sekre adott v\u00e1laszokhoz mindenre kiterjed\u0151, alapos magyar\u00e1zatot fog kapni. (A teszt 10 feleletv\u00e1laszt\u00f3 k\u00e9rd\u00e9sb\u0151l \u00e1ll, egyes k\u00e9rd\u00e9sekn\u00e9l elt\u00e9r\u0151 sz\u00e1m\u00fa &hellip;<\/p>\n","protected":false},"author":118,"featured_media":0,"parent":4632,"menu_order":0,"comment_status":"closed","ping_status":"closed","template":"","meta":{"_acf_changed":false,"footnotes":""},"categories":[],"tags":[],"class_list":["post-5113","page","type-page","status-publish","hentry"],"acf":[],"_links":{"self":[{"href":"https:\/\/semmelweis.hu\/szaknyelv\/wp-json\/wp\/v2\/pages\/5113","targetHints":{"allow":["GET"]}}],"collection":[{"href":"https:\/\/semmelweis.hu\/szaknyelv\/wp-json\/wp\/v2\/pages"}],"about":[{"href":"https:\/\/semmelweis.hu\/szaknyelv\/wp-json\/wp\/v2\/types\/page"}],"author":[{"embeddable":true,"href":"https:\/\/semmelweis.hu\/szaknyelv\/wp-json\/wp\/v2\/users\/118"}],"replies":[{"embeddable":true,"href":"https:\/\/semmelweis.hu\/szaknyelv\/wp-json\/wp\/v2\/comments?post=5113"}],"version-history":[{"count":10,"href":"https:\/\/semmelweis.hu\/szaknyelv\/wp-json\/wp\/v2\/pages\/5113\/revisions"}],"predecessor-version":[{"id":9148,"href":"https:\/\/semmelweis.hu\/szaknyelv\/wp-json\/wp\/v2\/pages\/5113\/revisions\/9148"}],"up":[{"embeddable":true,"href":"https:\/\/semmelweis.hu\/szaknyelv\/wp-json\/wp\/v2\/pages\/4632"}],"wp:attachment":[{"href":"https:\/\/semmelweis.hu\/szaknyelv\/wp-json\/wp\/v2\/media?parent=5113"}],"wp:term":[{"taxonomy":"category","embeddable":true,"href":"https:\/\/semmelweis.hu\/szaknyelv\/wp-json\/wp\/v2\/categories?post=5113"},{"taxonomy":"post_tag","embeddable":true,"href":"https:\/\/semmelweis.hu\/szaknyelv\/wp-json\/wp\/v2\/tags?post=5113"}],"curies":[{"name":"wp","href":"https:\/\/api.w.org\/{rel}","templated":true}]}}