{"id":4974,"date":"2020-09-10T13:29:10","date_gmt":"2020-09-10T11:29:10","guid":{"rendered":"https:\/\/semmelweis.hu\/szaknyelv\/?page_id=4974"},"modified":"2024-09-23T12:18:21","modified_gmt":"2024-09-23T10:18:21","slug":"phd-hallgatok-szaknyelvi-zarovizsgaja","status":"publish","type":"page","link":"https:\/\/semmelweis.hu\/szaknyelv\/nyelvvizsgak\/szaknyelvi-vizsgak-hallgatoknak\/phd-hallgatok-szaknyelvi-zarovizsgaja\/","title":{"rendered":"PhD hallgat\u00f3k szaknyelvi z\u00e1r\u00f3vizsg\u00e1ja"},"content":{"rendered":"<h6><span style=\"font-size: 12pt\"><strong>Koordin\u00e1tor: <a href=\"https:\/\/semmelweis.hu\/telefonkonyv\/?act=mt&amp;inst_id=126&amp;emp_id=14639\">SZAB\u00d3 ANGELIKA<\/a><br \/>\n<a href=\"mailto:szabo.angelika1@semmelweis.hu\">szabo.angelika1@semmelweis.hu<\/a><br \/>\n+36 20 6701332<br \/>\n<\/strong><\/span><span style=\"font-size: 12pt\"><strong>1091 Budapest, \u00dcll\u0151i \u00fat 25. III.emelet<\/strong><\/span><br \/>\n<span style=\"font-size: 12pt\"><em>Szem\u00e9lyes \u00fcgyf\u00e9lfogad\u00e1s:<\/em><\/span><br \/>\n<span style=\"font-size: 12pt\"><em>H-Cs: 9:00 &#8211; 15:00<\/em><\/span><br \/>\n<span style=\"font-size: 12pt\"><em>P: 9:00 &#8211; 12:00<\/em><\/span><\/h6>\n<div>\u00a0<\/div>\n<p style=\"text-align: center\"><strong><span style=\"text-decoration: underline\"><span style=\"color: #ff0000;font-size: 18pt;text-decoration: underline\">EGYETEMI\u00a0 SZAKNYELVI\u00a0 Z\u00c1R\u00d3VIZSGA PhD HALLGAT\u00d3K R\u00c9SZ\u00c9RE<\/span><\/span><br \/>\n<\/strong><\/p>\n<p style=\"text-align: center\">A Semmelweis Egyetem Szaknyelvi Int\u00e9zete <br \/>\nEGYETEMI SZAKNYELVI Z\u00c1R\u00d3VIZSG\u00c1T\u00a0 szervez <br \/>\nPhD hallgat\u00f3k r\u00e9sz\u00e9re <br \/>\n<strong>angol, n\u00e9met, francia, orosz, olasz, spanyol \u00e9s latin nyelvb\u0151l <br \/>\nm\u00e1sodik nyelvvizsgak\u00e9nt.<\/strong><\/p>\n<p>A kit\u00f6lt\u00f6tt jelentkez\u00e9si lapot csatolva k\u00fcldj\u00e9k el email-ben:\u00a0<br \/>\n<a href=\"mailto:szabo.angelika1@semmelweis.hu\">szabo.angelika1@semmelweis.hu<\/a><\/p>\n<ul>\n<li><a href=\"https:\/\/semmelweis.hu\/szaknyelv\/files\/2023\/07\/PhD-Zarovizsga-kitoltheto-jellap.docx\"><strong>Kit\u00f6lthet\u0151 jelentkez\u00e9si lap<\/strong><\/a><\/li>\n<li><a href=\"https:\/\/semmelweis.hu\/szaknyelv\/files\/2023\/07\/PhD-Zarovizsga-nyomtathato-jellap.pdf\"><strong>Nyomtathat\u00f3 jelentkez\u00e9si lap<\/strong><\/a><\/li>\n<\/ul>\n<div>\n<p style=\"text-align: center\"><span style=\"color: #ff0000\"><strong><em>PhD hallgat\u00f3k r\u00e9sz\u00e9re <\/em><\/strong><em><br \/>\n<\/em><em>T\u00e1j\u00e9koztat\u00f3 <\/em><em>az egyetemi szaknyelvi z\u00e1r\u00f3vizsga lebonyol\u00edt\u00e1s\u00e1r\u00f3l <br \/>\na vesz\u00e9lyhelyzet alatt:<\/em><\/span><\/p>\n<p>Tisztelt PhD hallgat\u00f3k!<\/p>\n<p style=\"text-align: justify\">Inform\u00e1ci\u00f3k:<a href=\"https:\/\/semmelweis.hu\/phd\/hallgatoknak\/nyelvtanulas\"><br \/>\nhttps:\/\/semmelweis.hu\/phd\/hallgatoknak\/nyelvtanulas<\/a> <br \/>\n<strong>A vizsg\u00e1kat ig\u00e9ny szerinti, el\u0151re egyeztetett id\u0151pontban megtartjuk<\/strong>, \u00e9s a teljes\u00edt\u00e9sr\u0151l \u00edr\u00e1sbeli igazol\u00e1st \u00e1ll\u00edtunk ki. K\u00e9rj\u00fck, hogy a vizsg\u00e1z\u00f3k <strong>vizsgaig\u00e9ny eset\u00e9n szorgalmi- \u00e9s vizsgaid\u0151szakban<\/strong> <strong>egyar\u00e1nt<\/strong> a Szaknyelvi Int\u00e9zet nyelvvizsga-koordin\u00e1tor\u00e1n\u00e1l, Szab\u00f3 Angelik\u00e1n\u00e1l jelentkezzenek a <a href=\"mailto:szabo.angelika1@semmelweis.hu\">szabo.angelika1@semmelweis.hu<\/a> c\u00edmen, a fent tal\u00e1lhat\u00f3 jelentkez\u00e9si lap kit\u00f6lt\u00e9s\u00e9vel.<\/p>\n<p style=\"text-align: justify\">Az egyetemi szaknyelvi z\u00e1r\u00f3vizsg\u00e1t a j\u00e1rv\u00e1nyhelyzet f\u00fcggv\u00e9ny\u00e9ben lehets\u00e9ges, hogy t\u00e1voktat\u00e1s eszk\u00f6zeivel fogjuk lebonyol\u00edtani. <br \/>\nEnnek \u00e9rtelm\u00e9ben a PhD hallgat\u00f3k sz\u00e1m\u00e1ra az egyetemi nyelvi z\u00e1r\u00f3vizsg\u00e1nak nem lesz k\u00fcl\u00f6n \u00edr\u00e1sbeli r\u00e9sze, hanem a Zoom rendszeren kereszt\u00fcl ker\u00fcl sor a nyelvi z\u00e1r\u00f3vizsg\u00e1ra egy vizsgabizotts\u00e1g el\u0151tt, a vizsg\u00e1ztat\u00f3kkal \u00e9s a nyelvvizsga-koordin\u00e1torral, Szab\u00f3 Angelik\u00e1val el\u0151re egyeztetett id\u0151pontban. A jelentkez\u00e9si lapot \u00e9s egy\u00e9b inform\u00e1ci\u00f3kat itt tal\u00e1lj\u00e1k: <a href=\"https:\/\/semmelweis.hu\/szaknyelv\/nyelvvizsgak\/\">https:\/\/semmelweis.hu\/szaknyelv\/nyelvvizsgak\/szaknyelvi-vizsgak-hallgatoknak\/phd-hallgatok-szaknyelvi-zarovizsgaja\/<\/a><\/p>\n<p>A t\u00e1vvizsga t\u00e9m\u00e1ja: c\u00e9lnyelven 8-10 percben kell kutat\u00e1si t\u00e9m\u00e1jukr\u00f3l egy el\u0151ad\u00e1st tartani powerpoint vet\u00edt\u00e9s seg\u00edts\u00e9g\u00e9vel a vizsgabizotts\u00e1g el\u0151tt. <strong>A vizsga megkezd\u00e9s\u00e9nek felt\u00e9tele, hogy a .ppt vagy .pptx form\u00e1tum\u00fa, el\u0151k\u00e9sz\u00edtett prezent\u00e1ci\u00f3t legal\u00e1bb 24 \u00f3r\u00e1val a vizsga id\u0151pontja el\u0151tt<\/strong> a nyelvvizsga-koordin\u00e1tor, Szab\u00f3 Angelika (<a href=\"mailto:szabo.angelika1@semmelweis.hu\">szabo.angelika1@semmelweis.hu<\/a>) <strong>\u00e9s<\/strong> a Szaknyelvi Int\u00e9zet (<a href=\"mailto:szaknyelvi.intezet@semmelweis.hu\">szaknyelvi.intezet@semmelweis.hu<\/a>) e-mail c\u00edm\u00e9re elk\u00fcldj\u00e9k. Prezent\u00e1ci\u00f3 hi\u00e1ny\u00e1ban a hallgat\u00f3 nem vizsg\u00e1zhat.<\/p>\n<p style=\"text-align: justify\">K\u00e9rj\u00fck \u00f6n\u00f6ket, szem\u00e9lyazonos\u00edt\u00f3 okm\u00e1nyukat mutass\u00e1k be a vizsga megkezd\u00e9sekor, \u00e9s a laptop vagy tablet kamer\u00e1j\u00e1t \u00fagy \u00e1ll\u00edts\u00e1k be, hogy mindig j\u00f3l l\u00e1that\u00f3k legyenek a vizsg\u00e1ztat\u00f3k sz\u00e1m\u00e1ra. Az el\u0151ad\u00e1s alatt ossz\u00e1k meg k\u00e9perny\u0151j\u00fck\u00f6n a prezent\u00e1ci\u00f3t a vizsgabizotts\u00e1ggal (share screen funkci\u00f3).<br \/>\nTov\u00e1bbi k\u00e9rd\u00e9s eset\u00e9n forduljanak Szab\u00f3 Angelik\u00e1hoz, vagy az illet\u00e9kes szaknyelvoktat\u00f3khoz.<\/p>\n<p>Sikeres felk\u00e9sz\u00fcl\u00e9st k\u00edv\u00e1nunk!<br \/>\nSzaknyelvi Int\u00e9zet<\/p>\n<\/div>\n","protected":false},"excerpt":{"rendered":"<p>Koordin\u00e1tor: <a href=\"https:\/\/semmelweis.hu\/telefonkonyv\/?act=mt&amp;inst_id=126&amp;emp_id=14639\">SZAB\u00d3 ANGELIKA<\/a> <a href=\"mailto:szabo.angelika1@semmelweis.hu\">szabo.angelika1@semmelweis.hu<\/a> +36 20 6701332 1091 Budapest, \u00dcll\u0151i \u00fat 25. III.emelet Szem\u00e9lyes \u00fcgyf\u00e9lfogad\u00e1s: H-Cs: 9:00 &#8211; 15:00 P: 9:00 &#8211; 12:00 \u00a0 EGYETEMI\u00a0 SZAKNYELVI\u00a0 Z\u00c1R\u00d3VIZSGA PhD HALLGAT\u00d3K R\u00c9SZ\u00c9RE A Semmelweis Egyetem Szaknyelvi Int\u00e9zete EGYETEMI SZAKNYELVI Z\u00c1R\u00d3VIZSG\u00c1T\u00a0 szervez PhD hallgat\u00f3k r\u00e9sz\u00e9re angol, n\u00e9met, francia, orosz, olasz, spanyol \u00e9s latin nyelvb\u0151l m\u00e1sodik nyelvvizsgak\u00e9nt. A kit\u00f6lt\u00f6tt jelentkez\u00e9si lapot csatolva &hellip;<\/p>\n","protected":false},"author":118,"featured_media":0,"parent":7677,"menu_order":0,"comment_status":"closed","ping_status":"closed","template":"template-fullwidth.php","meta":{"_acf_changed":false,"footnotes":""},"categories":[],"tags":[],"class_list":["post-4974","page","type-page","status-publish","hentry"],"acf":[],"_links":{"self":[{"href":"https:\/\/semmelweis.hu\/szaknyelv\/wp-json\/wp\/v2\/pages\/4974","targetHints":{"allow":["GET"]}}],"collection":[{"href":"https:\/\/semmelweis.hu\/szaknyelv\/wp-json\/wp\/v2\/pages"}],"about":[{"href":"https:\/\/semmelweis.hu\/szaknyelv\/wp-json\/wp\/v2\/types\/page"}],"author":[{"embeddable":true,"href":"https:\/\/semmelweis.hu\/szaknyelv\/wp-json\/wp\/v2\/users\/118"}],"replies":[{"embeddable":true,"href":"https:\/\/semmelweis.hu\/szaknyelv\/wp-json\/wp\/v2\/comments?post=4974"}],"version-history":[{"count":10,"href":"https:\/\/semmelweis.hu\/szaknyelv\/wp-json\/wp\/v2\/pages\/4974\/revisions"}],"predecessor-version":[{"id":7569,"href":"https:\/\/semmelweis.hu\/szaknyelv\/wp-json\/wp\/v2\/pages\/4974\/revisions\/7569"}],"up":[{"embeddable":true,"href":"https:\/\/semmelweis.hu\/szaknyelv\/wp-json\/wp\/v2\/pages\/7677"}],"wp:attachment":[{"href":"https:\/\/semmelweis.hu\/szaknyelv\/wp-json\/wp\/v2\/media?parent=4974"}],"wp:term":[{"taxonomy":"category","embeddable":true,"href":"https:\/\/semmelweis.hu\/szaknyelv\/wp-json\/wp\/v2\/categories?post=4974"},{"taxonomy":"post_tag","embeddable":true,"href":"https:\/\/semmelweis.hu\/szaknyelv\/wp-json\/wp\/v2\/tags?post=4974"}],"curies":[{"name":"wp","href":"https:\/\/api.w.org\/{rel}","templated":true}]}}