{"id":4973,"date":"2020-09-10T13:29:10","date_gmt":"2020-09-10T11:29:10","guid":{"rendered":"https:\/\/semmelweis.hu\/szaknyelv\/?page_id=4973"},"modified":"2025-01-22T10:48:32","modified_gmt":"2025-01-22T09:48:32","slug":"szaknyelvi-zarovizsga","status":"publish","type":"page","link":"https:\/\/semmelweis.hu\/szaknyelv\/nyelvvizsgak\/szaknyelvi-vizsgak-hallgatoknak\/szaknyelvi-zarovizsga\/","title":{"rendered":"Szaknyelvi z\u00e1r\u00f3vizsga"},"content":{"rendered":"<h6><span style=\"font-size: 12pt\"><strong>Koordin\u00e1tor: <a href=\"https:\/\/semmelweis.hu\/telefonkonyv\/?act=mt&amp;inst_id=126&amp;emp_id=14639\">SZAB\u00d3 ANGELIKA<\/a><br \/>\n<a href=\"mailto:szabo.angelika1@semmelweis.hu\">szabo.angelika1@semmelweis.hu<\/a><br \/>\n+36 20 6701332<br \/>\n<\/strong><\/span><strong><span style=\"font-size: 12pt\">1091 Budapest, \u00dcll\u0151i \u00fat 25.<\/span><br \/>\n<\/strong><span style=\"font-size: 12pt\"><em>Szem\u00e9lyes \u00fcgyf\u00e9lfogad\u00e1s:<\/em><\/span><br \/>\n<span style=\"font-size: 12pt\"><em>H-Cs: 9:00 &#8211; 15:00<\/em><\/span><br \/>\n<span style=\"font-size: 12pt\"><em>P: 9:00 &#8211; 12:00<\/em><\/span><\/h6>\n<p><strong><span style=\"text-decoration: underline;font-size: 18pt\"><span style=\"color: #ff0000;text-decoration: underline\">EGYETEMI\u00a0 SZAKNYELVI\u00a0 Z\u00c1R\u00d3VIZSGA<\/span><\/span><br \/>\n<\/strong><\/p>\n<p>A Semmelweis Egyetem Szaknyelvi Int\u00e9zete <br \/>\nEGYETEMI SZAKNYELVI Z\u00c1R\u00d3VIZSG\u00c1T\u00a0 szervez<br \/>\n<strong>angol, n\u00e9met, francia, spanyol, orosz, olasz<\/strong> nyelvb\u0151l, <br \/>\n<strong><b>orvosi, fogorvosi \u00e9s gy\u00f3gyszer\u00e9szeti <\/b>szaknyelvb\u0151l.<\/strong><\/p>\n<p>A kit\u00f6lt\u00f6tt jelentkez\u00e9si lapot csatolva k\u00fcldj\u00e9k el email-ben:\u00a0<br \/>\n<a href=\"mailto:szabo.angelika1@semmelweis.hu\">szabo.angelika1@semmelweis.hu<\/a><\/p>\n<ul>\n<li><a href=\"https:\/\/semmelweis.hu\/szaknyelv\/files\/2023\/07\/Zarovizsga-kitoltheto-jellap.docx\"><strong>Kit\u00f6lthet\u0151 jelentkez\u00e9si lap<\/strong><\/a><\/li>\n<li><a href=\"https:\/\/semmelweis.hu\/szaknyelv\/files\/2023\/07\/Zarovizsga-nyomtathato-jellap.pdf\"><strong>Nyomtathat\u00f3 jelentkez\u00e9si lap<\/strong><\/a><strong>\n<p><\/strong><\/li>\n<\/ul>\n<hr \/>\n<div style=\"text-align: center\"><span style=\"color: #ff0000\"><strong><em>G<\/em><em>y\u00f3gyszer\u00e9szhallgat\u00f3k r\u00e9sz\u00e9re <\/em><\/strong><em><br \/>\n<\/em><\/span><\/div>\n<div>\u00a0<\/div>\n<div>Kedves Hallgat\u00f3k!<\/div>\n<div>\u00a0<\/div>\n<div>A 2019\/20-as tan\u00e9v el\u0151tt felvett hallgat\u00f3knak <span style=\"font-size: 1rem\">az oklev\u00e9l ki\u00e1ll\u00edt\u00e1s\u00e1hoz krit\u00e9riumk\u00f6vetelm\u00e9ny egy k\u00f6z\u00e9pfok\u00fa nyelvvizsga angol, n\u00e9met, francia, olasz, orosz vagy spanyol nyelvb\u0151l <\/span><b style=\"font-size: 1rem\">\u00e9s\u00a0<\/b><span style=\"font-size: 1rem\">a nyelvi z\u00e1r\u00f3vizsga &#8211; az egyik k\u00f6telez\u0151en angol. Nem egyezhet meg az \u00e1llamilag elismert nyelvvizsga nyelve a z\u00e1r\u00f3vizsg\u00e1\u00e9val, ha az nem angol. Ha az angol, akkor b\u00e1rmilyen egy\u00e9b nyelvb\u0151l leteheti a z\u00e1r\u00f3vizsg\u00e1t a hallgat\u00f3.\u00a0<\/span><\/div>\n<div>\n<div>\u00a0<\/div>\n<div>A 2019-ben \u00e9s ut\u00e1na beiratkozott hallgat\u00f3knak angolb\u00f3l vagy n\u00e9metb\u0151l k\u00f6telez\u0151 a szaknyelvi alapvizsga, a t\u00f6bbi nyelvb\u0151l v\u00e1laszthat\u00f3 (nem k\u00f6telez\u0151, kredites). Az angol vagy n\u00e9met alapvizsg\u00e1t kiv\u00e1ltja a PROFEX.<\/div>\n<div>\u00a0<\/div>\n<\/div>\n<div>Tov\u00e1bbi k\u00e9rd\u00e9s eset\u00e9n forduljanak Szab\u00f3 Angelik\u00e1hoz (z\u00e1r\u00f3vizsga), Tick Ver\u00e1hoz (alapvizsga) vagy az illet\u00e9kes szaknyelvoktat\u00f3hoz.<\/div>\n<div>\u00a0<\/div>\n<div>Sikeres felk\u00e9sz\u00fcl\u00e9st k\u00edv\u00e1nunk!<\/div>\n<div>Szaknyelvi Int\u00e9zet<\/div>\n<div>\u00a0<\/div>\n","protected":false},"excerpt":{"rendered":"<p>Koordin\u00e1tor: <a href=\"https:\/\/semmelweis.hu\/telefonkonyv\/?act=mt&amp;inst_id=126&amp;emp_id=14639\">SZAB\u00d3 ANGELIKA<\/a> <a href=\"mailto:szabo.angelika1@semmelweis.hu\">szabo.angelika1@semmelweis.hu<\/a> +36 20 6701332 1091 Budapest, \u00dcll\u0151i \u00fat 25. Szem\u00e9lyes \u00fcgyf\u00e9lfogad\u00e1s: H-Cs: 9:00 &#8211; 15:00 P: 9:00 &#8211; 12:00 EGYETEMI\u00a0 SZAKNYELVI\u00a0 Z\u00c1R\u00d3VIZSGA A Semmelweis Egyetem Szaknyelvi Int\u00e9zete EGYETEMI SZAKNYELVI Z\u00c1R\u00d3VIZSG\u00c1T\u00a0 szervez angol, n\u00e9met, francia, spanyol, orosz, olasz nyelvb\u0151l, orvosi, fogorvosi \u00e9s gy\u00f3gyszer\u00e9szeti szaknyelvb\u0151l. A kit\u00f6lt\u00f6tt jelentkez\u00e9si lapot csatolva k\u00fcldj\u00e9k el email-ben:\u00a0 <a href=\"mailto:szabo.angelika1@semmelweis.hu\">szabo.angelika1@semmelweis.hu<\/a> <a href=\"https:\/\/semmelweis.hu\/szaknyelv\/files\/2023\/07\/Zarovizsga-kitoltheto-jellap.docx\">Kit\u00f6lthet\u0151 jelentkez\u00e9si lap<\/a> <a href=\"https:\/\/semmelweis.hu\/szaknyelv\/files\/2023\/07\/Zarovizsga-nyomtathato-jellap.pdf\">Nyomtathat\u00f3 jelentkez\u00e9si lap<\/a> Gy\u00f3gyszer\u00e9szhallgat\u00f3k r\u00e9sz\u00e9re \u00a0 Kedves &hellip;<\/p>\n","protected":false},"author":118,"featured_media":0,"parent":7677,"menu_order":0,"comment_status":"closed","ping_status":"closed","template":"","meta":{"_acf_changed":false,"footnotes":""},"categories":[],"tags":[],"class_list":["post-4973","page","type-page","status-publish","hentry"],"acf":[],"_links":{"self":[{"href":"https:\/\/semmelweis.hu\/szaknyelv\/wp-json\/wp\/v2\/pages\/4973","targetHints":{"allow":["GET"]}}],"collection":[{"href":"https:\/\/semmelweis.hu\/szaknyelv\/wp-json\/wp\/v2\/pages"}],"about":[{"href":"https:\/\/semmelweis.hu\/szaknyelv\/wp-json\/wp\/v2\/types\/page"}],"author":[{"embeddable":true,"href":"https:\/\/semmelweis.hu\/szaknyelv\/wp-json\/wp\/v2\/users\/118"}],"replies":[{"embeddable":true,"href":"https:\/\/semmelweis.hu\/szaknyelv\/wp-json\/wp\/v2\/comments?post=4973"}],"version-history":[{"count":10,"href":"https:\/\/semmelweis.hu\/szaknyelv\/wp-json\/wp\/v2\/pages\/4973\/revisions"}],"predecessor-version":[{"id":13697,"href":"https:\/\/semmelweis.hu\/szaknyelv\/wp-json\/wp\/v2\/pages\/4973\/revisions\/13697"}],"up":[{"embeddable":true,"href":"https:\/\/semmelweis.hu\/szaknyelv\/wp-json\/wp\/v2\/pages\/7677"}],"wp:attachment":[{"href":"https:\/\/semmelweis.hu\/szaknyelv\/wp-json\/wp\/v2\/media?parent=4973"}],"wp:term":[{"taxonomy":"category","embeddable":true,"href":"https:\/\/semmelweis.hu\/szaknyelv\/wp-json\/wp\/v2\/categories?post=4973"},{"taxonomy":"post_tag","embeddable":true,"href":"https:\/\/semmelweis.hu\/szaknyelv\/wp-json\/wp\/v2\/tags?post=4973"}],"curies":[{"name":"wp","href":"https:\/\/api.w.org\/{rel}","templated":true}]}}