{"id":4970,"date":"2020-09-10T13:29:10","date_gmt":"2020-09-10T11:29:10","guid":{"rendered":"https:\/\/semmelweis.hu\/szaknyelv\/?page_id=4970"},"modified":"2026-02-09T14:21:54","modified_gmt":"2026-02-09T13:21:54","slug":"profex-2","status":"publish","type":"page","link":"https:\/\/semmelweis.hu\/szaknyelv\/nyelvvizsgak\/szaknyelvi-vizsgak\/profex-2\/","title":{"rendered":"PROFEX (angol, n\u00e9met)"},"content":{"rendered":"<div class=\"lead\" style=\"text-align: center\"><span style=\"color: #000080\"><strong><u><a href=\"http:\/\/profex.aok.pte.hu\/aktualis-orvosi-szaknyelvi\">PROFEX <\/a>\u00c1LLAMILAG ELISMERT, <br \/>\nAKKREDIT\u00c1LT ORVOSI SZAKNYELVI VIZSGA<\/u><\/strong><\/span><\/div>\n<p style=\"text-align: justify\">A <strong>PROFEX<\/strong> \u00e1llamilag elismert, h\u00e1rom fokozat\u00fa, k\u00e9tnyelv\u0171, szintez\u0151, orvosi szaknyelvi vizsga.<br \/>\nAz orvosi szakmai szaknyelvi vizsga <strong>angol \u00e9s n\u00e9met<\/strong> nyelvb\u0151l tehet\u0151 le. <br \/>\nA h\u00e1rom fokozat (<strong>alap, k\u00f6z\u00e9p \u00e9s fels\u0151<\/strong>) kialak\u00edt\u00e1sakor a vizsga kifejleszt\u0151i a magyarorsz\u00e1gi hagyom\u00e1nyokat k\u00f6vett\u00e9k, ugyanakkor -az \u00e1llami akkredit\u00e1ci\u00f3 k\u00f6vetelm\u00e9nyeinek eleget t\u00e9ve- az Eur\u00f3pa Tan\u00e1cs nyelvtud\u00e1sszintekre vonatkoz\u00f3 aj\u00e1nl\u00e1sait is szem el\u0151tt tartott\u00e1k. <br \/>\nAz alap-, k\u00f6z\u00e9p-, \u00e9s fels\u0151fok k\u00f6vetelm\u00e9nyei a vizsga nyelv\u00e9t\u0151l f\u00fcggetlen\u00fcl egys\u00e9gesen meghat\u00e1rozottak \u00e9s j\u00f3l elk\u00fcl\u00f6n\u00edthet\u0151k.<br \/>\n<strong>A PROFEX nyelvvizsg\u00e1val kiv\u00e1lthat\u00f3 a k\u00f6telez\u0151 <a href=\"https:\/\/semmelweis.hu\/szaknyelv\/szaknyelvi-alapvizsga\/\">szaknyelvi alapvizsga<\/a>!<br \/>\n<a href=\"http:\/\/profex.aok.pte.hu\/hu\" target=\"_blank\" rel=\"noopener\"><img loading=\"lazy\" decoding=\"async\" class=\"aligncenter wp-image-7225 size-medium\" src=\"https:\/\/semmelweis.hu\/szaknyelv\/files\/2022\/09\/profex-400x283.jpg\" alt=\"\" width=\"400\" height=\"283\" srcset=\"https:\/\/semmelweis.hu\/szaknyelv\/files\/2022\/09\/profex-400x283.jpg 400w, https:\/\/semmelweis.hu\/szaknyelv\/files\/2022\/09\/profex-1024x725.jpg 1024w, https:\/\/semmelweis.hu\/szaknyelv\/files\/2022\/09\/profex-768x543.jpg 768w, https:\/\/semmelweis.hu\/szaknyelv\/files\/2022\/09\/profex-1536x1087.jpg 1536w, https:\/\/semmelweis.hu\/szaknyelv\/files\/2022\/09\/profex-753x533.jpg 753w, https:\/\/semmelweis.hu\/szaknyelv\/files\/2022\/09\/profex.jpg 1754w\" sizes=\"auto, (max-width: 400px) 100vw, 400px\" \/><\/a><\/strong><\/p>\n<div class=\"fontos_div\">\n<p style=\"text-align: left\"><strong>Koordin\u00e1torok:<br \/>\n<\/strong><\/p>\n<p><a href=\"https:\/\/semmelweis.hu\/telefonkonyv\/?emp_id=18245\"><span style=\"color: #ff0000\">Sarkadi-Nagy Rita<\/span><\/a><\/p>\n<p><a href=\"mailto:sarkadi-nagy.rita@semmelweis.hu\"><span class=\"tel-value\">sarkadi-nagy.rita@semmelweis.hu<\/span><\/a><\/p>\n<p><span class=\"tel-value\">+36300164229<\/span><\/p>\n<p style=\"text-align: left\"><a href=\"https:\/\/semmelweis.hu\/telefonkonyv\/?emp_id=14639\"><span style=\"color: #ff0000\">Szab\u00f3 Angelika<\/span><\/a><br \/>\n<a href=\"mailto:szabo.angelika1@semmelweis.hu\">szabo.angelika1@semmelweis.hu<\/a><br \/>\n+36206701332<\/p>\n<\/div>\n<p><img loading=\"lazy\" decoding=\"async\" class=\" wp-image-8145 alignright\" src=\"https:\/\/semmelweis.hu\/szaknyelv\/files\/2022\/12\/profex-bizi-e1669970319100-266x400.jpg\" alt=\"\" width=\"295\" height=\"444\" srcset=\"https:\/\/semmelweis.hu\/szaknyelv\/files\/2022\/12\/profex-bizi-e1669970319100-266x400.jpg 266w, https:\/\/semmelweis.hu\/szaknyelv\/files\/2022\/12\/profex-bizi-e1669970319100.jpg 346w\" sizes=\"auto, (max-width: 295px) 100vw, 295px\" \/><\/p>\n<div class=\"fontos_div\">\n<p><strong>A k\u00f6vetkez\u0151 id\u0151pont:<\/strong><br \/>\n<span style=\"color: #ff0000\"><strong>2026. \u00e1prilis 18.<\/strong><\/span><\/p>\n<p>\u00cdr\u00e1sbeli \u00e9s besz\u00e9d\u00e9rt\u00e9s: \u00e1prilis 18-\u00e1n<\/p>\n<p>Sz\u00f3beli: \u00e1prilis 13-24. k\u00f6z\u00f6tti id\u0151szakban<\/p>\n<p><span style=\"text-decoration: underline\"><strong>Jelentkez\u00e9si hat\u00e1rid\u0151: <br \/>\n<\/strong><\/span><\/p>\n<p><strong><span style=\"color: #ff0000\">2026. m\u00e1rcius 16.<\/span><\/strong><\/p>\n<\/div>\n<p><u>A jelentkez\u00e9s teljes menete megoldhat\u00f3 online:<\/u> <a href=\"mailto:szabo.angelika1@semmelweis.hu\">szabo.angelika1@semmelweis.hu<\/a><\/p>\n<ul>\n<li><a href=\"https:\/\/semmelweis.hu\/szaknyelv\/files\/2024\/01\/2025.-PROFEX-JELLAP.pdf\">Jelentkez\u00e9si lap<\/a><\/li>\n<li><a href=\"https:\/\/semmelweis.hu\/szaknyelv\/files\/2023\/09\/fizetesi-megosztas-2025.pdf\"><span style=\"color: #ff0000\">Fontos! Fizet\u00e9si megoszt\u00e1s!<\/span><\/a><\/li>\n<li><a href=\"https:\/\/semmelweis.hu\/szaknyelv\/files\/2023\/02\/E-szamla-befogado-nyilatkozat-2023.pdf\">E-sz\u00e1mla bek\u00e9r\u0151 nyilatkozat (csak c\u00e9geknek)<\/a><\/li>\n<li><a href=\"https:\/\/semmelweis.hu\/szaknyelv\/files\/2018\/09\/vizsgaleiras_specifikacio_2018_majus_ok.pdf\">Vizsgale\u00edr\u00e1s<\/a><\/li>\n<li><a href=\"https:\/\/semmelweis.hu\/szaknyelv\/files\/2018\/09\/2018_08__orvosi_vizsgaszab_OK1.pdf\">Vizsgaszab\u00e1lyzat<\/a><\/li>\n<\/ul>\n<p>K\u00e9rj\u00fck, k\u00eds\u00e9rj\u00e9k figyelemmel a PROFEX honlapj\u00e1t \u00e9s facebook oldal\u00e1t.<br \/>\n<a href=\"https:\/\/profex.aok.pte.hu\/hu\/aktualis-orvosi-szaknyelvi\">http:\/\/profex.aok.pte.hu\/<\/a><br \/>\n<a href=\"https:\/\/www.facebook.com\/Profex-orvosi-szaknyelv-1320172384700192\">https:\/\/www.facebook.com\/Profex-orvosi-szaknyelv-1320172384700192<\/a><\/p>\n<p style=\"text-align: left\">Seg\u00edts\u00e9g a felk\u00e9sz\u00fcl\u00e9shez:<br \/>\n<a href=\"http:\/\/profex.aok.pte.hu\/hu\/vizsgaanyagok-uj-vizsgafeladatok\">http:\/\/profex.aok.pte.hu\/hu\/vizsgaanyagok-uj-vizsgafeladatok<\/a><br \/>\n<a href=\"http:\/\/profex.aok.pte.hu\/hu\/felkeszules-e-learning\">http:\/\/profex.aok.pte.hu\/hu\/felkeszules-e-learning<\/a><\/p>\n<div class=\"fontos_div\">\n<p style=\"text-align: left\"><strong>A Szaknyelvi Int\u00e9zet rendszeresen ind\u00edt PROFEX vizsgafelk\u00e9sz\u00edt\u0151 tanfolyamokat. <\/strong>Aktu\u00e1lis tanfolyam inform\u00e1ci\u00f3: <br \/>\n<a href=\"https:\/\/semmelweis.hu\/szaknyelv\/nyelvtanfolyam\/uj-nyelvtanfolyamok\/\"><span style=\"text-decoration: underline\"><span style=\"color: #0000ff;text-decoration: underline\">NYELVTANFOLYAMOK<\/span><\/span><\/a><\/p>\n<\/div>\n","protected":false},"excerpt":{"rendered":"<p><a href=\"http:\/\/profex.aok.pte.hu\/aktualis-orvosi-szaknyelvi\">PROFEX <\/a> \u00c1LLAMILAG ELISMERT, AKKREDIT\u00c1LT ORVOSI SZAKNYELVI VIZSGA A PROFEX \u00e1llamilag elismert, h\u00e1rom fokozat\u00fa, k\u00e9tnyelv\u0171, szintez\u0151, orvosi szaknyelvi vizsga. Az orvosi szakmai szaknyelvi vizsga angol \u00e9s n\u00e9met nyelvb\u0151l tehet\u0151 le. A h\u00e1rom fokozat (alap, k\u00f6z\u00e9p \u00e9s fels\u0151) kialak\u00edt\u00e1sakor a vizsga kifejleszt\u0151i a magyarorsz\u00e1gi hagyom\u00e1nyokat k\u00f6vett\u00e9k, ugyanakkor -az \u00e1llami akkredit\u00e1ci\u00f3 k\u00f6vetelm\u00e9nyeinek eleget t\u00e9ve- az Eur\u00f3pa Tan\u00e1cs nyelvtud\u00e1sszintekre vonatkoz\u00f3 &hellip;<\/p>\n","protected":false},"author":118,"featured_media":0,"parent":7675,"menu_order":0,"comment_status":"closed","ping_status":"closed","template":"template-fullwidth.php","meta":{"_acf_changed":false,"footnotes":""},"categories":[],"tags":[],"class_list":["post-4970","page","type-page","status-publish","hentry"],"acf":[],"_links":{"self":[{"href":"https:\/\/semmelweis.hu\/szaknyelv\/wp-json\/wp\/v2\/pages\/4970","targetHints":{"allow":["GET"]}}],"collection":[{"href":"https:\/\/semmelweis.hu\/szaknyelv\/wp-json\/wp\/v2\/pages"}],"about":[{"href":"https:\/\/semmelweis.hu\/szaknyelv\/wp-json\/wp\/v2\/types\/page"}],"author":[{"embeddable":true,"href":"https:\/\/semmelweis.hu\/szaknyelv\/wp-json\/wp\/v2\/users\/118"}],"replies":[{"embeddable":true,"href":"https:\/\/semmelweis.hu\/szaknyelv\/wp-json\/wp\/v2\/comments?post=4970"}],"version-history":[{"count":12,"href":"https:\/\/semmelweis.hu\/szaknyelv\/wp-json\/wp\/v2\/pages\/4970\/revisions"}],"predecessor-version":[{"id":14526,"href":"https:\/\/semmelweis.hu\/szaknyelv\/wp-json\/wp\/v2\/pages\/4970\/revisions\/14526"}],"up":[{"embeddable":true,"href":"https:\/\/semmelweis.hu\/szaknyelv\/wp-json\/wp\/v2\/pages\/7675"}],"wp:attachment":[{"href":"https:\/\/semmelweis.hu\/szaknyelv\/wp-json\/wp\/v2\/media?parent=4970"}],"wp:term":[{"taxonomy":"category","embeddable":true,"href":"https:\/\/semmelweis.hu\/szaknyelv\/wp-json\/wp\/v2\/categories?post=4970"},{"taxonomy":"post_tag","embeddable":true,"href":"https:\/\/semmelweis.hu\/szaknyelv\/wp-json\/wp\/v2\/tags?post=4970"}],"curies":[{"name":"wp","href":"https:\/\/api.w.org\/{rel}","templated":true}]}}