{"id":4963,"date":"2020-09-10T13:08:45","date_gmt":"2020-09-10T11:08:45","guid":{"rendered":"https:\/\/semmelweis.hu\/szaknyelv\/?page_id=4963"},"modified":"2026-02-02T14:54:54","modified_gmt":"2026-02-02T13:54:54","slug":"phd-hallgatoknak","status":"publish","type":"page","link":"https:\/\/semmelweis.hu\/szaknyelv\/oktatas\/phd-hallgatoknak\/","title":{"rendered":"PhD hallgat\u00f3knak"},"content":{"rendered":"<div class=\"keretes w-100\">\n<p style=\"text-align: center\"><strong>A Szaknyelvi Int\u00e9zet a doktoranduszhallgat\u00f3k \u00e9s doktorjel\u00f6ltek r\u00e9sz\u00e9re az al\u00e1bbi szolg\u00e1ltat\u00e1sokat biztos\u00edtja:<\/strong><\/p>\n<\/div>\n<p><a href=\"https:\/\/semmelweis.hu\/phd\/hallgatoknak\/nyelvtanulas\/\">https:\/\/semmelweis.hu\/phd\/hallgatoknak\/nyelvtanulas\/<\/a><\/p>\n<p style=\"text-align: justify\"><strong>1. K\u00f6z\u00e9p (B2) szint\u0171 egyetemi angol szaknyelvi z\u00e1r\u00f3vizsga<\/strong> PhD hallgat\u00f3k r\u00e9sz\u00e9re. A vizsga egy sz\u00f3beli besz\u00e9lget\u00e9sb\u0151l \u00e1ll (bemutatkoz\u00e1s, szaknyelvi besz\u00e9lget\u00e9s a tanulm\u00e1nyaikr\u00f3l\u00a0\u00e9s a szakmai \u00fatjukr\u00f3l egy el\u0151zetesen az Int\u00e9zet r\u00e9sz\u00e9re megk\u00fcld\u00f6tt <strong>szakmai \u00f6n\u00e9letrajz alapj\u00e1n).<\/strong><\/p>\n<p style=\"text-align: justify\"><strong>2. K\u00fcsz\u00f6b (A2-B1) szint\u0171 egyetemi szaknyelvi z\u00e1r\u00f3vizsga n\u00e9met, francia, orosz, olasz, spanyol \u00e9s latin nyelvb\u0151l m\u00e1sodik nyelvvizsgak\u00e9nt<\/strong>. A sz\u00f3beli vizsga sor\u00e1n a PhD hallgat\u00f3 egy el\u0151zetesen az Int\u00e9zet r\u00e9sz\u00e9re megk\u00fcld\u00f6tt Power Point prezent\u00e1ci\u00f3 alapj\u00e1n 7 percben\u00a0ismerteti a PhD t\u00e9m\u00e1j\u00e1t az adott idegen nyelven. A latin eset\u00e9ben az orvostudom\u00e1nyban haszn\u00e1latos r\u00f6vid\u00edt\u00e9sek felold\u00e1sa \u00e9s magyar\u00e1zata a vizsga t\u00e1rgya.<\/p>\n<p style=\"text-align: justify\">3. A fenti vizsg\u00e1kra <strong>minden nyelvb\u0151l biztos\u00edtunk seg\u00edts\u00e9get a felk\u00e9sz\u00fcl\u00e9shez konzult\u00e1ci\u00f3 form\u00e1j\u00e1ban.<\/strong><\/p>\n<p style=\"text-align: justify\"><strong>A vizsg\u00e1kat ig\u00e9ny szerinti, el\u0151re egyeztetett id\u0151pontban megtartjuk<\/strong>, \u00e9s a teljes\u00edt\u00e9sr\u0151l \u00edr\u00e1sbeli igazol\u00e1st \u00e1ll\u00edtunk ki. K\u00e9rj\u00fck, hogy a vizsg\u00e1z\u00f3k <strong>vizsgaig\u00e9ny eset\u00e9n szorgalmi- \u00e9s vizsgaid\u0151szakban<\/strong> <strong>egyar\u00e1nt<\/strong> a Szaknyelvi Int\u00e9zet nyelvvizsga-koordin\u00e1tor\u00e1n\u00e1l, Szab\u00f3 Angelik\u00e1n\u00e1l jelentkezzenek a<br \/>\n<a href=\"mailto:biro-szabo.angelika@semmelweis-univ.hu\"><strong>szabo.angelika1@semmelweis.hu<\/strong><\/a> c\u00edmen.\u00a0<\/p>\n<p style=\"text-align: justify\"><strong>4. Tudom\u00e1nyos k\u00f6zlem\u00e9nyek angol szaknyelvi lektor\u00e1l\u00e1s\u00e1t<\/strong> a Tudom\u00e1nyos \u00e9s Innov\u00e1ci\u00f3s Rektorhelyettes \u00far megb\u00edz\u00e1s\u00e1b\u00f3l egyetemi k\u00f6lts\u00e9gre, 10 munkanapos hat\u00e1rid\u0151vel v\u00e1llaljuk, ha a PhD hallgat\u00f3k erre vonatkoz\u00f3 ig\u00e9ny\u00fcket a <a href=\"publication.lsp@semmelweis.hu\"><strong>publication.lsp@semmelweis.hu<\/strong><\/a>-ra bek\u00fcldik. <br \/>\nTov\u00e1bbi inform\u00e1ci\u00f3: <br \/>\n<a href=\"https:\/\/semmelweis.hu\/szaknyelv\/szolgaltatasok\/szaknyelvi-lektoralas\/\">https:\/\/semmelweis.hu\/szaknyelv\/szaknyelvi-lektoralas\/<\/a><\/p>\n<p style=\"text-align: justify\"><strong>5. Angol nyelven \u00edrt PhD dolgozatok \u00e9s absztraktf\u00fczetek angol szaknyelvi lektor\u00e1l\u00e1s\u00e1t szerz\u0151d\u00e9ssel alkalmazott, nagy tapasztalat\u00fa anyanyelvi lektorunk v\u00e1llalja 8500 Ft\/ 60 perces lektor\u00e1l\u00e1si d\u00edj mellett. Poszterek \u00e9s voice-overek lektor\u00e1l\u00e1s\u00e1t szint\u00e9n v\u00e1llaljuk. Amennyiben a hallgat\u00f3k ezzel \u00e9lni szeretn\u00e9nek, k\u00fcldj\u00e9k el ig\u00e9ny\u00fcket a\u00a0<a href=\"https:\/\/semmelweis.hu\/szaknyelv\/oktatas\/phd-hallgatoknak\/publication.lsp@semmelweis.hu\">publication.lsp@semmelweis.hu<\/a>-ra. Ennek d\u00edjaz\u00e1sa a Szaknyelvi Int\u00e9zet fel\u00e9 \u00e1tk\u00f6nyvel\u00e9s \u00fatj\u00e1n is megoldhat\u00f3.\u00a0<\/strong><\/p>\n<p style=\"text-align: justify\"><strong>6. Felk\u00e9sz\u00edt\u00e9s<\/strong> <strong>angol nyelv\u0171 prezent\u00e1ci\u00f3ra<\/strong> (konferencia-el\u0151ad\u00e1sra vagy poszter-prezent\u00e1ci\u00f3ra) konzult\u00e1ci\u00f3 form\u00e1j\u00e1ban 8500 Ft\/ 60 perces d\u00edjjal. Jelentkez\u00e9s: <a href=\"mailto:biro-szabo.angelika@semmelweis-univ.hu\"><strong>szabo.angelika1@semmelweis.hu<\/strong><\/a><\/p>\n<div class=\"keretes w-100\">\n<p style=\"text-align: center\"><strong>A Szaknyelvi Int\u00e9zet a Transzl\u00e1ci\u00f3s Medicina K\u00f6zpont PhD hallgat\u00f3inak az al\u00e1bbi szolg\u00e1ltat\u00e1sokat ny\u00fajtja:<\/strong><\/p>\n<\/div>\n<p style=\"text-align: justify\"><strong>Tudom\u00e1nyos k\u00f6zlem\u00e9nyek angol szaknyelvi lektor\u00e1l\u00e1s\u00e1t<\/strong>\u00a0a Tudom\u00e1nyos \u00e9s Innov\u00e1ci\u00f3s Rektorhelyettes \u00far megb\u00edz\u00e1s\u00e1b\u00f3l egyetemi k\u00f6lts\u00e9gre, 7 munkanapos hat\u00e1rid\u0151vel v\u00e1llaljuk, ha a PhD hallgat\u00f3k t\u00e9mavezet\u0151i erre vonatkoz\u00f3 ig\u00e9ny\u00fcket a <a href=\"mailto:ctm.publication@semmelweis.hu\"><strong>ctm.publication@semmelweis.hu<\/strong><\/a> c\u00edmre bek\u00fcldik. A levelez\u00e9s nyelve angol. <br \/>\nTov\u00e1bbi inform\u00e1ci\u00f3:<br \/>\n<a href=\"https:\/\/semmelweis.hu\/szaknyelv\/szolgaltatasok\/szaknyelvi-lektoralas\/\">https:\/\/semmelweis.hu\/szaknyelv\/szaknyelvi-lektoralas\/<\/a><\/p>\n<div class=\"keretes w-100\">\n<p style=\"text-align: center\"><strong>A Szaknyelvi Int\u00e9zet az Eg\u00e9szs\u00e9gtudom\u00e1nyi Kar PhD hallgat\u00f3inak <br \/>\n<\/strong><strong><u>K\u00dcL\u00d6N MEG\u00c1LLAPOD\u00c1S alapj\u00e1n<\/u> az al\u00e1bbi szolg\u00e1ltat\u00e1sokat ny\u00fajtja:<\/strong><\/p>\n<\/div>\n<ul>\n<li style=\"text-align: justify\"><strong>Tudom\u00e1nyos k\u00f6zlem\u00e9nyek angol szaknyelvi lektor\u00e1l\u00e1s\u00e1t \/ ford\u00edt\u00e1s\u00e1t<\/strong> kari k\u00f6lts\u00e9gre, 10 munkanapos hat\u00e1rid\u0151vel v\u00e1llaljuk, ha a szerz\u0151k erre vonatkoz\u00f3 ig\u00e9ny\u00fcket a <a href=\"publication.etk@semmelweis.hu\"><strong>publication<\/strong>.<strong>etk@semmelweis.hu<\/strong><\/a> c\u00edmre bek\u00fcldik. Sz\u00fcks\u00e9g eset\u00e9n a k\u00e9zirat ism\u00e9telt nyelvi \u00e1tdolgoz\u00e1s\u00e1t is biztos\u00edtjuk.<\/li>\n<li style=\"text-align: justify\"><strong>Angol nyelven \u00edrt PhD dolgozatok \u00e9s tudom\u00e1nyos k\u00f6zlem\u00e9nyek parafraze\u00e1l\u00e1s\u00e1t <\/strong>v\u00e1llaljuk, egy\u00e9ni meg\u00e1llapod\u00e1s alapj\u00e1n meghat\u00e1rozott hat\u00e1rid\u0151vel. Az erre vonatkoz\u00f3 ig\u00e9nyt a <a href=\"publication.etk@semmelweis.hu\"><strong>publication.etk@semmelweis.hu<\/strong><\/a> c\u00edmre k\u00e9rj\u00fck megk\u00fcldeni.<\/li>\n<\/ul>\n<p style=\"text-align: justify\"><strong>Tov\u00e1bbi szolg\u00e1ltat\u00e1saink:<\/strong><\/p>\n<ul>\n<li style=\"text-align: justify\"><strong>Felk\u00e9sz\u00edt\u00e9s<\/strong><strong>angol nyelv\u0171 prezent\u00e1ci\u00f3ra<\/strong>\u00a0(konferencia-el\u0151ad\u00e1sra vagy poszter-prezent\u00e1ci\u00f3ra) konzult\u00e1ci\u00f3 form\u00e1j\u00e1ban, kari k\u00f6lts\u00e9gre.<\/li>\n<li style=\"text-align: justify\"><strong>Poszterek<\/strong> \u00e9s <strong>voice-overek<\/strong> lektor\u00e1l\u00e1sa.<\/li>\n<\/ul>\n<p>Dr. Fogarasi Katalin<br \/>\nigazgat\u00f3<br \/>\nSzaknyelvi Int\u00e9zet<\/p>\n","protected":false},"excerpt":{"rendered":"<p>A Szaknyelvi Int\u00e9zet a doktoranduszhallgat\u00f3k \u00e9s doktorjel\u00f6ltek r\u00e9sz\u00e9re az al\u00e1bbi szolg\u00e1ltat\u00e1sokat biztos\u00edtja: <a href=\"https:\/\/semmelweis.hu\/phd\/hallgatoknak\/nyelvtanulas\/\">https:\/\/semmelweis.hu\/phd\/hallgatoknak\/nyelvtanulas\/<\/a> 1. K\u00f6z\u00e9p (B2) szint\u0171 egyetemi angol szaknyelvi z\u00e1r\u00f3vizsga PhD hallgat\u00f3k r\u00e9sz\u00e9re. A vizsga egy sz\u00f3beli besz\u00e9lget\u00e9sb\u0151l \u00e1ll (bemutatkoz\u00e1s, szaknyelvi besz\u00e9lget\u00e9s a tanulm\u00e1nyaikr\u00f3l\u00a0\u00e9s a szakmai \u00fatjukr\u00f3l egy el\u0151zetesen az Int\u00e9zet r\u00e9sz\u00e9re megk\u00fcld\u00f6tt szakmai \u00f6n\u00e9letrajz alapj\u00e1n). 2. K\u00fcsz\u00f6b (A2-B1) szint\u0171 egyetemi szaknyelvi z\u00e1r\u00f3vizsga n\u00e9met, francia, &hellip;<\/p>\n","protected":false},"author":118,"featured_media":0,"parent":4954,"menu_order":0,"comment_status":"closed","ping_status":"closed","template":"","meta":{"_acf_changed":false,"footnotes":""},"categories":[],"tags":[],"class_list":["post-4963","page","type-page","status-publish","hentry"],"acf":[],"_links":{"self":[{"href":"https:\/\/semmelweis.hu\/szaknyelv\/wp-json\/wp\/v2\/pages\/4963","targetHints":{"allow":["GET"]}}],"collection":[{"href":"https:\/\/semmelweis.hu\/szaknyelv\/wp-json\/wp\/v2\/pages"}],"about":[{"href":"https:\/\/semmelweis.hu\/szaknyelv\/wp-json\/wp\/v2\/types\/page"}],"author":[{"embeddable":true,"href":"https:\/\/semmelweis.hu\/szaknyelv\/wp-json\/wp\/v2\/users\/118"}],"replies":[{"embeddable":true,"href":"https:\/\/semmelweis.hu\/szaknyelv\/wp-json\/wp\/v2\/comments?post=4963"}],"version-history":[{"count":10,"href":"https:\/\/semmelweis.hu\/szaknyelv\/wp-json\/wp\/v2\/pages\/4963\/revisions"}],"predecessor-version":[{"id":15643,"href":"https:\/\/semmelweis.hu\/szaknyelv\/wp-json\/wp\/v2\/pages\/4963\/revisions\/15643"}],"up":[{"embeddable":true,"href":"https:\/\/semmelweis.hu\/szaknyelv\/wp-json\/wp\/v2\/pages\/4954"}],"wp:attachment":[{"href":"https:\/\/semmelweis.hu\/szaknyelv\/wp-json\/wp\/v2\/media?parent=4963"}],"wp:term":[{"taxonomy":"category","embeddable":true,"href":"https:\/\/semmelweis.hu\/szaknyelv\/wp-json\/wp\/v2\/categories?post=4963"},{"taxonomy":"post_tag","embeddable":true,"href":"https:\/\/semmelweis.hu\/szaknyelv\/wp-json\/wp\/v2\/tags?post=4963"}],"curies":[{"name":"wp","href":"https:\/\/api.w.org\/{rel}","templated":true}]}}