{"id":4903,"date":"2020-09-09T12:03:53","date_gmt":"2020-09-09T10:03:53","guid":{"rendered":"https:\/\/semmelweis.hu\/szaknyelv\/?page_id=4903"},"modified":"2021-12-15T14:22:10","modified_gmt":"2021-12-15T13:22:10","slug":"omhv","status":"publish","type":"page","link":"https:\/\/semmelweis.hu\/szaknyelv\/oktatas\/omhv\/","title":{"rendered":"OMHV int\u00e9zked\u00e9si terv"},"content":{"rendered":"","protected":false},"excerpt":{"rendered":"<p>Oktat\u00f3i munka hallgat\u00f3i v\u00e9lem\u00e9nyez\u00e9se<\/p>\n","protected":false},"author":118,"featured_media":0,"parent":4954,"menu_order":0,"comment_status":"closed","ping_status":"closed","template":"","meta":{"_acf_changed":false,"footnotes":""},"categories":[],"tags":[],"class_list":["post-4903","page","type-page","status-publish","hentry"],"acf":[],"_links":{"self":[{"href":"https:\/\/semmelweis.hu\/szaknyelv\/wp-json\/wp\/v2\/pages\/4903","targetHints":{"allow":["GET"]}}],"collection":[{"href":"https:\/\/semmelweis.hu\/szaknyelv\/wp-json\/wp\/v2\/pages"}],"about":[{"href":"https:\/\/semmelweis.hu\/szaknyelv\/wp-json\/wp\/v2\/types\/page"}],"author":[{"embeddable":true,"href":"https:\/\/semmelweis.hu\/szaknyelv\/wp-json\/wp\/v2\/users\/118"}],"replies":[{"embeddable":true,"href":"https:\/\/semmelweis.hu\/szaknyelv\/wp-json\/wp\/v2\/comments?post=4903"}],"version-history":[{"count":3,"href":"https:\/\/semmelweis.hu\/szaknyelv\/wp-json\/wp\/v2\/pages\/4903\/revisions"}],"predecessor-version":[{"id":5710,"href":"https:\/\/semmelweis.hu\/szaknyelv\/wp-json\/wp\/v2\/pages\/4903\/revisions\/5710"}],"up":[{"embeddable":true,"href":"https:\/\/semmelweis.hu\/szaknyelv\/wp-json\/wp\/v2\/pages\/4954"}],"wp:attachment":[{"href":"https:\/\/semmelweis.hu\/szaknyelv\/wp-json\/wp\/v2\/media?parent=4903"}],"wp:term":[{"taxonomy":"category","embeddable":true,"href":"https:\/\/semmelweis.hu\/szaknyelv\/wp-json\/wp\/v2\/categories?post=4903"},{"taxonomy":"post_tag","embeddable":true,"href":"https:\/\/semmelweis.hu\/szaknyelv\/wp-json\/wp\/v2\/tags?post=4903"}],"curies":[{"name":"wp","href":"https:\/\/api.w.org\/{rel}","templated":true}]}}