{"id":4484,"date":"2020-01-24T14:58:20","date_gmt":"2020-01-24T13:58:20","guid":{"rendered":"http:\/\/semmelweis.hu\/szaknyelv\/?page_id=4484"},"modified":"2025-10-22T13:28:45","modified_gmt":"2025-10-22T11:28:45","slug":"szaknyelvi-alapvizsga","status":"publish","type":"page","link":"https:\/\/semmelweis.hu\/szaknyelv\/nyelvvizsgak\/szaknyelvi-vizsgak-hallgatoknak\/szaknyelvi-alapvizsga\/","title":{"rendered":"Szaknyelvi alapvizsga"},"content":{"rendered":"<p style=\"text-align: center\"><strong><span style=\"color: #ff0000\">T\u00e1j\u00e9koztat\u00f3 az Egyetemi Szaknyelvi Alapvizsg\u00e1r\u00f3l <\/span><\/strong><br \/>\n<em><span style=\"color: #ff0000\">angol vagy n\u00e9met nyelven k\u00f6telez\u0151<\/span><\/em><\/p>\n<p style=\"text-align: center\"><em><span style=\"color: #ff0000\">francia, olasz, spanyol, orosz nyelven szabadon v\u00e1laszthat\u00f3<\/span><\/em><\/p>\n<p style=\"text-align: center\"><a class=\"button\" href=\"https:\/\/semmelweis.hu\/szaknyelv\/alapvizsga-mintafeladatsorok\/\" target=\"_self\" rel=\"noopener\">Alapvizsga mintafeladatsorok<\/a><\/p>\n<p style=\"text-align: left\">Tisztelt Hallgat\u00f3k!<\/p>\n<p style=\"text-align: justify\">A 2019-es curriculumreform \u00e9rtelm\u00e9ben a 2019-ben \u00e9s ut\u00e1na k\u00f6vetkez\u0151 \u00e9vekben az \u00c1OK-ra, FOK-ra \u00e9s GYTK-ra felv\u00e9telt nyert hallgat\u00f3k sz\u00e1m\u00e1ra <strong>krit\u00e9riumk\u00f6vetelm\u00e9ny<\/strong> az egyetemi szaknyelvi alapvizsga let\u00e9tele angol vagy n\u00e9met nyelvb\u0151l az abszolut\u00f3rium megszerz\u00e9s\u00e9ig, b\u00e1rmelyik szemeszterben. (A 2019 el\u0151tt GYTK-ra felvett hallgat\u00f3kra \u00e9s PhD hallgat\u00f3kra ez nem vonatkozik, \u0151k <a href=\"https:\/\/semmelweis.hu\/szaknyelv\/nyelvvizsgak\/szaknyelvi-zarovizsga\/\">szaknyelvi z\u00e1r\u00f3vizsg\u00e1t<\/a> is tehetnek, amelyr\u0151l a szaknyelvoktat\u00f3ink tudnak b\u0151vebb t\u00e1j\u00e9koztat\u00e1st ny\u00fajtani.) Az egyetemi szaknyelvi alapvizsga angol \u00e9s n\u00e9met nyelvb\u0151l 0 kredit \u00e9rt\u00e9k\u0171, teljes\u00edt\u00e9s\u00e9\u00e9rt al\u00e1\u00edr\u00e1st kapnak, ami a sikeres vizsga let\u00e9tele ut\u00e1n Neptunban ker\u00fcl r\u00f6gz\u00edt\u00e9sre. <a href=\"https:\/\/semmelweis.hu\/szaknyelv\/oktatas\/tematikak\/\"><span style=\"text-decoration: underline\">A vizsga le\u00edr\u00e1s\u00e1t<\/span><\/a>, \u00e9rt\u00e9kel\u00e9s menet\u00e9t megtal\u00e1lj\u00e1k honlapunkon, a felk\u00e9sz\u00edt\u0151 kurzusokr\u00f3l <a href=\"https:\/\/semmelweis.hu\/szaknyelv\/telefonkonyv\/\">szaktan\u00e1rainkn\u00e1l<\/a> \u00e9rdekl\u0151dhetnek.<\/p>\n<p style=\"text-align: justify\">A szaknyelvi alapvizsga teljes\u00edt\u00e9s\u00e9hez sz\u00fcks\u00e9ges, hogy az egyetemi szaknyelvi alapvizsg\u00e1t mint tant\u00e1rgyat felvegy\u00e9k a Neptunon kereszt\u00fcl t\u00e1rgyfelv\u00e9teli id\u0151szak alatt. A t\u00e1rgyfelv\u00e9teli id\u0151szak v\u00e9ge ut\u00e1n sajnos nem \u00e1ll m\u00f3dunkban \u00fajabb jelentkez\u0151ket hozz\u00e1adni a tant\u00e1rgyhoz, \u0151k leghamarabb a k\u00f6vetkez\u0151 f\u00e9l\u00e9vben tudnak \u00fajb\u00f3l jelentkezni a szaknyelvi alapvizsg\u00e1ra. A t\u00e1rgyat k\u00f6vetkez\u0151 n\u00e9ven \u00e9s k\u00f3don tal\u00e1lj\u00e1k meg a Neptunban:<\/p>\n<p style=\"text-align: justify\"><strong>\u00c1OK:<\/strong> Szaknyelvi alapvizsga angol orvosi szaknyelvb\u0151l \/ Szaknyelvi alapvizsga n\u00e9met orvosi szaknyelvb\u0151l (AOKNYE718_1M \/ AOKNYE719_1M)<\/p>\n<p style=\"text-align: justify\"><strong>FOK:<\/strong> Egyetemi szaknyelvi alapvizsga angol fogorvosi szaknyelvb\u0151l \/ Egyetemi szaknyelvi alapvizsga n\u00e9met fogorvosi szaknyelvb\u0151l (FOKONYE278_1M \/ FOKONYE279_1M)<\/p>\n<p style=\"text-align: justify\"><strong>GYTK:<\/strong> Szaknyelvi alapvizsga angol szaknyelvb\u0151l \/ Szaknyelvi alapvizsga n\u00e9met szaknyelvb\u0151l (GYKNYE135E1M \/ GYKNYE136E1M)<\/p>\n<p style=\"text-align: justify\"><strong>A vizsga kiv\u00e1lthat\u00f3 az \u00e1llamilag elismert<a href=\"https:\/\/semmelweis.hu\/szaknyelv\/nyelvvizsgak\/profex-2\/\"> Profex nyelvvizsg\u00e1val<\/a>!!!<\/strong><\/p>\n<p style=\"text-align: justify\">A tant\u00e1rgyhoz nem tartozik elm\u00e9leti vagy gyakorlati \u00f3ra, csak a vizsga. Felk\u00e9sz\u00fclni \u00f6n\u00e1ll\u00f3an, a Szaknyelvi Int\u00e9zet moodle oldal\u00e1n tal\u00e1lhat\u00f3, megold\u00f3kulccsal rendelkez\u0151 tananyagok seg\u00edts\u00e9g\u00e9vel lehet.<\/p>\n<p style=\"text-align: justify\">Ind\u00edtunk k\u00fcl\u00f6n <strong>felk\u00e9sz\u00edt\u0151 kurzusokat<\/strong> is az alapvizsg\u00e1ra, ezekre a Neptunban tudnak jelentkezni t\u00e1rgyfelv\u00e9teli id\u0151szakban, Szaknyelvi alapvizsga felk\u00e9sz\u00edt\u0151 n\u00e9ven. A felk\u00e9sz\u00edt\u0151 kurzusok id\u0151pontja \u00e9s helysz\u00edne megtal\u00e1lhat\u00f3 a Szaknyelvi Int\u00e9zet honlapj\u00e1n \u00e9s a Neptunban is. (A felk\u00e9sz\u00edt\u0151 kurzus sikeres teljes\u00edt\u00e9se nem ny\u00fajt mentess\u00e9get az egyetemi szaknyelvi alapvizsga al\u00f3l. Az alapvizsg\u00e1ra felk\u00e9sz\u00edt\u0151 kurzusaink ugyanis nem foglalj\u00e1k magukban a vizsg\u00e1t, azt k\u00fcl\u00f6n tant\u00e1rgyk\u00e9nt, k\u00fcl\u00f6n Neptun-k\u00f3don kell felvenni\u00fck.)<\/p>\n<p style=\"text-align: justify\">A vizsg\u00e1k egy \u00edr\u00e1sbeli (90 perces teszt) \u00e9s sz\u00f3beli r\u00e9szb\u0151l (hall\u00e1s\u00e9rt\u00e9s+sz\u00f3beli vizsga) \u00e1llnak, mindk\u00e9t r\u00e9sz min. 50%-os teljes\u00edt\u00e9se sz\u00fcks\u00e9ges az al\u00e1\u00edr\u00e1s megszerz\u00e9s\u00e9hez. Vizsg\u00e1ra jelentkezni a vizsgajelentkez\u00e9si id\u0151szakban \u00e1ll m\u00f3dj\u00e1ban t\u00e1rgyat felvett hallgat\u00f3k sz\u00e1m\u00e1ra, a vizsg\u00e1k id\u0151pontj\u00e1r\u00f3l \u00e9s az id\u0151pontra jelentkez\u00e9s m\u00f3dj\u00e1r\u00f3l Neptun \u00fczenetben t\u00e1j\u00e9koztatjuk a hallgat\u00f3kat.<\/p>\n<p style=\"text-align: justify\"><em><strong>K\u00e9rd\u00e9s eset\u00e9n forduljanak szaknyelvoktat\u00f3inkhoz, illetve Tick Vera Anik\u00f3 vizsgaszervez\u0151h\u00f6z:<br \/>\n<\/strong><\/em><a href=\"tick.vera@semmelweis.hu\"><span class=\"tel-value\">tick.vera@semmelweis.hu<\/span><\/a><\/p>\n<p><em>K\u00e9szs\u00e9ggel \u00e1llunk rendelkez\u00e9s\u00fckre!<\/em><\/p>\n","protected":false},"excerpt":{"rendered":"<p>T\u00e1j\u00e9koztat\u00f3 az Egyetemi Szaknyelvi Alapvizsg\u00e1r\u00f3l angol vagy n\u00e9met nyelven k\u00f6telez\u0151 francia, olasz, spanyol, orosz nyelven szabadon v\u00e1laszthat\u00f3 <a class=\"button\" href=\"https:\/\/semmelweis.hu\/szaknyelv\/alapvizsga-mintafeladatsorok\/\" target=\"_self\" rel=\"noopener\">Alapvizsga mintafeladatsorok<\/a> Tisztelt Hallgat\u00f3k! A 2019-es curriculumreform \u00e9rtelm\u00e9ben a 2019-ben \u00e9s ut\u00e1na k\u00f6vetkez\u0151 \u00e9vekben az \u00c1OK-ra, FOK-ra \u00e9s GYTK-ra felv\u00e9telt nyert hallgat\u00f3k sz\u00e1m\u00e1ra krit\u00e9riumk\u00f6vetelm\u00e9ny az egyetemi szaknyelvi alapvizsga let\u00e9tele angol vagy n\u00e9met nyelvb\u0151l az abszolut\u00f3rium megszerz\u00e9s\u00e9ig, b\u00e1rmelyik szemeszterben. (A 2019 &hellip;<\/p>\n","protected":false},"author":118,"featured_media":0,"parent":7677,"menu_order":3,"comment_status":"closed","ping_status":"closed","template":"","meta":{"_acf_changed":false,"footnotes":""},"categories":[],"tags":[],"class_list":["post-4484","page","type-page","status-publish","hentry"],"acf":[],"_links":{"self":[{"href":"https:\/\/semmelweis.hu\/szaknyelv\/wp-json\/wp\/v2\/pages\/4484","targetHints":{"allow":["GET"]}}],"collection":[{"href":"https:\/\/semmelweis.hu\/szaknyelv\/wp-json\/wp\/v2\/pages"}],"about":[{"href":"https:\/\/semmelweis.hu\/szaknyelv\/wp-json\/wp\/v2\/types\/page"}],"author":[{"embeddable":true,"href":"https:\/\/semmelweis.hu\/szaknyelv\/wp-json\/wp\/v2\/users\/118"}],"replies":[{"embeddable":true,"href":"https:\/\/semmelweis.hu\/szaknyelv\/wp-json\/wp\/v2\/comments?post=4484"}],"version-history":[{"count":11,"href":"https:\/\/semmelweis.hu\/szaknyelv\/wp-json\/wp\/v2\/pages\/4484\/revisions"}],"predecessor-version":[{"id":15117,"href":"https:\/\/semmelweis.hu\/szaknyelv\/wp-json\/wp\/v2\/pages\/4484\/revisions\/15117"}],"up":[{"embeddable":true,"href":"https:\/\/semmelweis.hu\/szaknyelv\/wp-json\/wp\/v2\/pages\/7677"}],"wp:attachment":[{"href":"https:\/\/semmelweis.hu\/szaknyelv\/wp-json\/wp\/v2\/media?parent=4484"}],"wp:term":[{"taxonomy":"category","embeddable":true,"href":"https:\/\/semmelweis.hu\/szaknyelv\/wp-json\/wp\/v2\/categories?post=4484"},{"taxonomy":"post_tag","embeddable":true,"href":"https:\/\/semmelweis.hu\/szaknyelv\/wp-json\/wp\/v2\/tags?post=4484"}],"curies":[{"name":"wp","href":"https:\/\/api.w.org\/{rel}","templated":true}]}}