{"id":3851,"date":"2019-03-22T09:22:44","date_gmt":"2019-03-22T08:22:44","guid":{"rendered":"http:\/\/semmelweis.hu\/nykk\/?page_id=3851"},"modified":"2026-03-11T10:11:07","modified_gmt":"2026-03-11T09:11:07","slug":"ungarisch-rigorosum","status":"publish","type":"page","link":"https:\/\/semmelweis.hu\/szaknyelv\/de\/prufungen\/universitaere-fachsprachpruefungen\/ungarisch-rigorosum\/","title":{"rendered":"Ungarisch-Rigorosum"},"content":{"rendered":"<p style=\"text-align: justify\">Liebe Studierende,<\/p>\n<p style=\"text-align: justify\">nachfolgend finden Sie einige Informationen zum <strong>ungarischen Rigorosum<\/strong>. Die Pr\u00fcfung besteht aus zwei Teilen. Der H\u00f6rverstehenstest findet in einem der H\u00f6rs\u00e4le statt. Die m\u00fcndlichen Pr\u00fcfungen werden im Geb\u00e4ude des Instituts f\u00fcr Fachsprachen durchgef\u00fchrt.<\/p>\n<ol style=\"text-align: justify\">\n<li><strong> H\u00f6rverstehen<\/strong><\/li>\n<\/ol>\n<p style=\"text-align: justify\">Sie werden einen Text zweimal h\u00f6ren, auf dessen Grundlage Sie verschiedene Aufgaben l\u00f6sen m\u00fcssen (z. B. richtig oder falsch \/ Multiple Choice \/ Fragen beantworten). Die Voraussetzung zum Bestehen der Pr\u00fcfung ist, dass sie eine Mindestpunktzahl (5\/10) erreichen. Wenn Sie diese nicht erreichen, d\u00fcrfen Sie an der m\u00fcndlichen Pr\u00fcfung nicht teilnehmen.<\/p>\n<ol style=\"text-align: justify\" start=\"2\">\n<li><strong> M\u00fcndliche Pr\u00fcfung (vor zwei Pr\u00fcfern)<\/strong><\/li>\n<\/ol>\n<p style=\"text-align: justify\">Sie ziehen ein Bild und eine Dialogkarte, \u00fcber die Sie sprechen sollen. Nach einem kurzen <u>allgemeinen Gespr\u00e4ch<\/u> (z. B. woher Sie kommen \/ was Ihre Zukunftspl\u00e4ne sind \/ wo Sie gerne arbeiten m\u00f6chten \u2026) werden Sie gebeten, \u00fcber das von Ihnen gezogene <u>Bild<\/u> zu sprechen. Die Pr\u00fcferinnen bzw. Pr\u00fcfer k\u00f6nnen Ihnen Fragen zum Thema stellen, um Ihnen zu helfen. Die Bilder (sowie auch die Dialoge) beziehen sich auf die zahnmedizinischen Themen, die Sie im Ungarischkurs gelernt haben. (Hier ist eine Liste der Themen: fog, fog\u00e1pol\u00e1s; fogszuvasod\u00e1s, t\u00f6m\u00e9sek, t\u00f6m\u00e9scsere, r\u00f6ntgen; gy\u00f6k\u00e9rkezel\u00e9s; \u00ednygyullad\u00e1s; fogk\u0151; fogelt\u00e1vol\u00edt\u00e1s; r\u00f6gz\u00edtett fogp\u00f3tl\u00e1sok, kivehet\u0151 fogp\u00f3tl\u00e1sok, lenyomatv\u00e9tel.) Anschlie\u00dfend folgt ein Gespr\u00e4ch mit einer Pr\u00fcferin bzw. einem Pr\u00fcfer anhand der Ideen und Hinweise der <u>Dialogkarte<\/u>.\u00a0 Alle Dialogkarten haben die gleiche Struktur: 1. Anamn\u00e9zis, panasz 2. Vizsg\u00e1lat 3. Diagn\u00f3zis 4. Kezel\u00e9s. Die Kenntnis der Gera-S\u00e4tze ist in diesem Teil eine gro\u00dfe Hilfe.<\/p>\n<p style=\"text-align: right\"><strong><em>Dr. Putz M\u00f3nika<\/em><\/strong><\/p>\n<p style=\"text-align: right\"><a href=\"mailto:putz.monika.dr@gmail.com\"><strong><em>putz.monika.dr@gmail.com<\/em><\/strong><\/a><\/p>\n","protected":false},"excerpt":{"rendered":"<p>Liebe Studierende, nachfolgend finden Sie einige Informationen zum ungarischen Rigorosum. Die Pr\u00fcfung besteht aus zwei Teilen. Der H\u00f6rverstehenstest findet in einem der H\u00f6rs\u00e4le statt. Die m\u00fcndlichen Pr\u00fcfungen werden im Geb\u00e4ude des Instituts f\u00fcr Fachsprachen durchgef\u00fchrt. H\u00f6rverstehen Sie werden einen Text zweimal h\u00f6ren, auf dessen Grundlage Sie verschiedene Aufgaben l\u00f6sen m\u00fcssen (z. B. richtig oder falsch &hellip;<\/p>\n","protected":false},"author":118,"featured_media":0,"parent":7782,"menu_order":2,"comment_status":"closed","ping_status":"closed","template":"","meta":{"_acf_changed":false,"footnotes":""},"categories":[],"tags":[],"class_list":["post-3851","page","type-page","status-publish","hentry"],"acf":[],"_links":{"self":[{"href":"https:\/\/semmelweis.hu\/szaknyelv\/wp-json\/wp\/v2\/pages\/3851","targetHints":{"allow":["GET"]}}],"collection":[{"href":"https:\/\/semmelweis.hu\/szaknyelv\/wp-json\/wp\/v2\/pages"}],"about":[{"href":"https:\/\/semmelweis.hu\/szaknyelv\/wp-json\/wp\/v2\/types\/page"}],"author":[{"embeddable":true,"href":"https:\/\/semmelweis.hu\/szaknyelv\/wp-json\/wp\/v2\/users\/118"}],"replies":[{"embeddable":true,"href":"https:\/\/semmelweis.hu\/szaknyelv\/wp-json\/wp\/v2\/comments?post=3851"}],"version-history":[{"count":10,"href":"https:\/\/semmelweis.hu\/szaknyelv\/wp-json\/wp\/v2\/pages\/3851\/revisions"}],"predecessor-version":[{"id":15819,"href":"https:\/\/semmelweis.hu\/szaknyelv\/wp-json\/wp\/v2\/pages\/3851\/revisions\/15819"}],"up":[{"embeddable":true,"href":"https:\/\/semmelweis.hu\/szaknyelv\/wp-json\/wp\/v2\/pages\/7782"}],"wp:attachment":[{"href":"https:\/\/semmelweis.hu\/szaknyelv\/wp-json\/wp\/v2\/media?parent=3851"}],"wp:term":[{"taxonomy":"category","embeddable":true,"href":"https:\/\/semmelweis.hu\/szaknyelv\/wp-json\/wp\/v2\/categories?post=3851"},{"taxonomy":"post_tag","embeddable":true,"href":"https:\/\/semmelweis.hu\/szaknyelv\/wp-json\/wp\/v2\/tags?post=3851"}],"curies":[{"name":"wp","href":"https:\/\/api.w.org\/{rel}","templated":true}]}}