{"id":3556,"date":"2018-11-28T14:48:51","date_gmt":"2018-11-28T13:48:51","guid":{"rendered":"http:\/\/semmelweis.hu\/nykk\/?page_id=3556"},"modified":"2025-03-06T09:39:09","modified_gmt":"2025-03-06T08:39:09","slug":"uber-uns","status":"publish","type":"page","link":"https:\/\/semmelweis.hu\/szaknyelv\/de\/uber-uns\/","title":{"rendered":"\u00dcber uns"},"content":{"rendered":"<p style=\"text-align: justify\">Die Hauptaktivit\u00e4ten des Instituts f\u00fcr Fachsprachen umfassen die Forschung und Lehre von Fachsprachen, die interprofessionelle und innovative Entwicklung der Gesundheitskommunikation, die Ausbildung von Fach\u00fcbersetzern und Dolmetschern in Gesundheitswissenschaften, die Betreuung von Diplomarbeiten und Arbeiten im Rahmen des \u00a0Wissenschaftlichen Studierendenzirkels sowie die Abnahme von Sprachpr\u00fcfungen.<\/p>\n<p style=\"text-align: justify\">Wir bieten die Lehre von Fachsprachen in den Bereichen Medizin, Zahnmedizin, Pharmazie, Gesundheitswissenschaften, der Konduktorenausbildung und Gesundheitsinformatik f\u00fcr Studierende im ungarischen, englischen und deutschen Studiengang sowie f\u00fcr Doktoranden und Mitarbeiter des Gesundheitswesens. Als einzige ungarische medizinische Universit\u00e4t unterrichten wir neben der griechisch-lateinischen Medizinischen Terminologie die Fachsprachen aller Fachrichtungen in Englisch, Deutsch, Franz\u00f6sisch, Spanisch, Italienisch, Russisch und Ungarisch f\u00fcr ausl\u00e4ndische Studierende, vom Anf\u00e4nger- bis zum Oberstufenniveau.<\/p>\n<p style=\"text-align: justify\">Die Lehrmaterialien unserer Fachsprachkurse orientieren sich an authentischen medizinischen Situationen. Vom Anf\u00e4ngerniveau an legen wir gro\u00dfen Wert auf den Erwerb praxisorientierter, pr\u00e4ziser Kommunikations- und Dokumentationskompetenzen. F\u00fcr den erfolgreichen Einsatz von studentischen Hilfskr\u00e4ften im praxisorientierten Fachsprachunterricht und f\u00fcr unseren innovativen Fachsprachunterricht wurde das Institut f\u00fcr Fachsprachen 2021 mit dem <strong>Europ\u00e4ischen Sprachenpreis ausgezeichnet<\/strong>.<\/p>\n<p>&nbsp;<\/p>\n<p><img loading=\"lazy\" decoding=\"async\" class=\"wp-image-7217 aligncenter\" src=\"https:\/\/semmelweis.hu\/szaknyelv\/files\/2022\/09\/ell.jpg\" alt=\"\" width=\"282\" height=\"133\" \/><\/p>\n<p><img loading=\"lazy\" decoding=\"async\" class=\"size-full wp-image-7237 aligncenter\" src=\"https:\/\/semmelweis.hu\/szaknyelv\/files\/2022\/09\/ell2.jpg\" alt=\"\" width=\"400\" height=\"111\" \/><\/p>\n<p style=\"text-align: justify\">Das Institut ist offizielles Pr\u00fcfungszentrum f\u00fcr folgende national und international anerkannte Sprachpr\u00fcfungen:<br \/>\n<strong>Profex<\/strong> Fachsprachpr\u00fcfung Englisch und Deutsch f\u00fcr Medizin und Gesundheitswissenschaften, <strong>telc<\/strong> Englisch und Deutsch f\u00fcr Allgemeinsprache, <strong>telc Deutsch Medizin<\/strong> Fachsprachpr\u00fcfung sowie <strong>DFP (Dipl\u00f4mes de fran\u00e7ais professionnel)<\/strong> <strong>Franz\u00f6sisch<\/strong> f\u00fcr Medizin, Wirtschaft, Internationale Beziehungen und Tourismus.<\/p>\n<p>&nbsp;<\/p>\n<table>\n<tbody>\n<tr>\n<td><img loading=\"lazy\" decoding=\"async\" class=\"aligncenter size-full wp-image-14258\" src=\"https:\/\/semmelweis.hu\/szaknyelv\/files\/2025\/03\/Canva-profex.png\" alt=\"\" width=\"685\" height=\"200\" srcset=\"https:\/\/semmelweis.hu\/szaknyelv\/files\/2025\/03\/Canva-profex.png 685w, https:\/\/semmelweis.hu\/szaknyelv\/files\/2025\/03\/Canva-profex-400x117.png 400w\" sizes=\"auto, (max-width: 685px) 100vw, 685px\" \/><\/td>\n<td><img loading=\"lazy\" decoding=\"async\" class=\"aligncenter size-full wp-image-14259\" src=\"https:\/\/semmelweis.hu\/szaknyelv\/files\/2025\/03\/Canva-telc-hungary.png\" alt=\"\" width=\"685\" height=\"200\" srcset=\"https:\/\/semmelweis.hu\/szaknyelv\/files\/2025\/03\/Canva-telc-hungary.png 685w, https:\/\/semmelweis.hu\/szaknyelv\/files\/2025\/03\/Canva-telc-hungary-400x117.png 400w\" sizes=\"auto, (max-width: 685px) 100vw, 685px\" \/><\/td>\n<td><img loading=\"lazy\" decoding=\"async\" class=\"aligncenter size-full wp-image-13780\" src=\"https:\/\/semmelweis.hu\/szaknyelv\/files\/2025\/02\/SMLC-2025-media-telc.png\" alt=\"\" width=\"685\" height=\"200\" srcset=\"https:\/\/semmelweis.hu\/szaknyelv\/files\/2025\/02\/SMLC-2025-media-telc.png 685w, https:\/\/semmelweis.hu\/szaknyelv\/files\/2025\/02\/SMLC-2025-media-telc-400x117.png 400w\" sizes=\"auto, (max-width: 685px) 100vw, 685px\" \/><\/td>\n<td><img loading=\"lazy\" decoding=\"async\" class=\"aligncenter size-full wp-image-14255\" src=\"https:\/\/semmelweis.hu\/szaknyelv\/files\/2025\/03\/Canva-dfp2.png\" alt=\"\" width=\"685\" height=\"200\" srcset=\"https:\/\/semmelweis.hu\/szaknyelv\/files\/2025\/03\/Canva-dfp2.png 685w, https:\/\/semmelweis.hu\/szaknyelv\/files\/2025\/03\/Canva-dfp2-400x117.png 400w\" sizes=\"auto, (max-width: 685px) 100vw, 685px\" \/><\/td>\n<td><img loading=\"lazy\" decoding=\"async\" class=\"aligncenter size-full wp-image-13721\" src=\"https:\/\/semmelweis.hu\/szaknyelv\/files\/2025\/02\/SMLC-2025-media-dfp.png\" alt=\"\" width=\"685\" height=\"200\" srcset=\"https:\/\/semmelweis.hu\/szaknyelv\/files\/2025\/02\/SMLC-2025-media-dfp.png 685w, https:\/\/semmelweis.hu\/szaknyelv\/files\/2025\/02\/SMLC-2025-media-dfp-400x117.png 400w\" sizes=\"auto, (max-width: 685px) 100vw, 685px\" \/><\/td>\n<td><img loading=\"lazy\" decoding=\"async\" class=\"aligncenter size-full wp-image-14247\" src=\"https:\/\/semmelweis.hu\/szaknyelv\/files\/2025\/03\/SMLC-2025-media-oet.png\" alt=\"\" width=\"685\" height=\"200\" srcset=\"https:\/\/semmelweis.hu\/szaknyelv\/files\/2025\/03\/SMLC-2025-media-oet.png 685w, https:\/\/semmelweis.hu\/szaknyelv\/files\/2025\/03\/SMLC-2025-media-oet-400x117.png 400w\" sizes=\"auto, (max-width: 685px) 100vw, 685px\" \/><\/td>\n<\/tr>\n<\/tbody>\n<\/table>\n<p>&nbsp;<\/p>\n<p style=\"text-align: justify\">Unser Institut organisiert postgraduelle Weiterbildungen f\u00fcr Fach\u00fcbersetzer und Dolmetscher Ungarisch-Englisch und Ungarisch-Deutsch in Gesundheitswissenschaften. In dieser Ausbildung wird besonderer Wert auf die Verwendung von \u00fcbersetzungsunterst\u00fctzender Software, bzw. die Integration von projektbasierten \u00dcbersetzungs- und Dolmetschtechniken gelegt.<\/p>\n<p>&nbsp;<\/p>\n<p><img loading=\"lazy\" decoding=\"async\" class=\"wp-image-7223 aligncenter\" src=\"https:\/\/semmelweis.hu\/szaknyelv\/files\/2022\/09\/logo-memoq-full_color-light_background-400x117.png\" alt=\"\" width=\"150\" height=\"44\" srcset=\"https:\/\/semmelweis.hu\/szaknyelv\/files\/2022\/09\/logo-memoq-full_color-light_background-400x117.png 400w, https:\/\/semmelweis.hu\/szaknyelv\/files\/2022\/09\/logo-memoq-full_color-light_background.png 684w\" sizes=\"auto, (max-width: 150px) 100vw, 150px\" \/><\/p>\n<p>&nbsp;<\/p>\n<p style=\"text-align: justify\">Unsere Forscher, Forschungsteams und internationalen Kooperationspartner f\u00fchren interprofessionelle, computerbasierte und manuelle Analysen der Gesundheitskommunikation auf Grundlage empirischer Daten durch. Unser Ziel besteht darin, patientenzentrierte medizinische Kommunikation und gesundheitswissenschaftliche Terminologie zu untersuchen sowie Sprachstrategien auszuarbeiten, die in enger Kooperation mit Experten zur Entwicklung gesundheitswissenschaftlicher Terminologie und patientenzentrierter Kommunikation beitragen.<\/p>\n<p>&nbsp;<\/p>\n<p><img loading=\"lazy\" decoding=\"async\" class=\"wp-image-7212 aligncenter\" src=\"https:\/\/semmelweis.hu\/szaknyelv\/files\/2022\/09\/Sketch-Engine-colour-on-white-1171x440-1-400x150.jpg\" alt=\"\" width=\"210\" height=\"79\" srcset=\"https:\/\/semmelweis.hu\/szaknyelv\/files\/2022\/09\/Sketch-Engine-colour-on-white-1171x440-1-400x150.jpg 400w, https:\/\/semmelweis.hu\/szaknyelv\/files\/2022\/09\/Sketch-Engine-colour-on-white-1171x440-1-1024x385.jpg 1024w, https:\/\/semmelweis.hu\/szaknyelv\/files\/2022\/09\/Sketch-Engine-colour-on-white-1171x440-1-768x289.jpg 768w, https:\/\/semmelweis.hu\/szaknyelv\/files\/2022\/09\/Sketch-Engine-colour-on-white-1171x440-1-753x283.jpg 753w, https:\/\/semmelweis.hu\/szaknyelv\/files\/2022\/09\/Sketch-Engine-colour-on-white-1171x440-1.jpg 1171w\" sizes=\"auto, (max-width: 210px) 100vw, 210px\" \/><img loading=\"lazy\" decoding=\"async\" class=\"wp-image-7208 aligncenter\" src=\"https:\/\/semmelweis.hu\/szaknyelv\/files\/2022\/09\/Alrite-green-400x116.png\" alt=\"\" width=\"196\" height=\"57\" srcset=\"https:\/\/semmelweis.hu\/szaknyelv\/files\/2022\/09\/Alrite-green-400x116.png 400w, https:\/\/semmelweis.hu\/szaknyelv\/files\/2022\/09\/Alrite-green.png 500w\" sizes=\"auto, (max-width: 196px) 100vw, 196px\" \/><\/p>\n<p>&nbsp;<\/p>\n<table>\n<tbody>\n<tr>\n<td><img loading=\"lazy\" decoding=\"async\" class=\"aligncenter size-full wp-image-13718\" src=\"https:\/\/semmelweis.hu\/szaknyelv\/files\/2025\/02\/SMLC-2025-media-ceepus.png\" alt=\"\" width=\"685\" height=\"200\" srcset=\"https:\/\/semmelweis.hu\/szaknyelv\/files\/2025\/02\/SMLC-2025-media-ceepus.png 685w, https:\/\/semmelweis.hu\/szaknyelv\/files\/2025\/02\/SMLC-2025-media-ceepus-400x117.png 400w\" sizes=\"auto, (max-width: 685px) 100vw, 685px\" \/><\/td>\n<td><img loading=\"lazy\" decoding=\"async\" class=\"aligncenter size-full wp-image-14256\" src=\"https:\/\/semmelweis.hu\/szaknyelv\/files\/2025\/03\/Canva-lithme.png\" alt=\"\" width=\"685\" height=\"200\" srcset=\"https:\/\/semmelweis.hu\/szaknyelv\/files\/2025\/03\/Canva-lithme.png 685w, https:\/\/semmelweis.hu\/szaknyelv\/files\/2025\/03\/Canva-lithme-400x117.png 400w\" sizes=\"auto, (max-width: 685px) 100vw, 685px\" \/><\/td>\n<td><img loading=\"lazy\" decoding=\"async\" class=\"aligncenter size-full wp-image-13719\" src=\"https:\/\/semmelweis.hu\/szaknyelv\/files\/2025\/02\/SMLC-2025-media-cercles.png\" alt=\"\" width=\"685\" height=\"200\" srcset=\"https:\/\/semmelweis.hu\/szaknyelv\/files\/2025\/02\/SMLC-2025-media-cercles.png 685w, https:\/\/semmelweis.hu\/szaknyelv\/files\/2025\/02\/SMLC-2025-media-cercles-400x117.png 400w\" sizes=\"auto, (max-width: 685px) 100vw, 685px\" \/><\/td>\n<td><img loading=\"lazy\" decoding=\"async\" class=\"aligncenter size-full wp-image-14260\" src=\"https:\/\/semmelweis.hu\/szaknyelv\/files\/2025\/03\/Canve-szokoe.png\" alt=\"\" width=\"685\" height=\"200\" srcset=\"https:\/\/semmelweis.hu\/szaknyelv\/files\/2025\/03\/Canve-szokoe.png 685w, https:\/\/semmelweis.hu\/szaknyelv\/files\/2025\/03\/Canve-szokoe-400x117.png 400w\" sizes=\"auto, (max-width: 685px) 100vw, 685px\" \/><\/td>\n<td><img loading=\"lazy\" decoding=\"async\" class=\"aligncenter size-full wp-image-14257\" src=\"https:\/\/semmelweis.hu\/szaknyelv\/files\/2025\/03\/Canva-manye.png\" alt=\"\" width=\"685\" height=\"200\" srcset=\"https:\/\/semmelweis.hu\/szaknyelv\/files\/2025\/03\/Canva-manye.png 685w, https:\/\/semmelweis.hu\/szaknyelv\/files\/2025\/03\/Canva-manye-400x117.png 400w\" sizes=\"auto, (max-width: 685px) 100vw, 685px\" \/><\/td>\n<td><img loading=\"lazy\" decoding=\"async\" class=\"aligncenter size-full wp-image-13723\" src=\"https:\/\/semmelweis.hu\/szaknyelv\/files\/2025\/02\/SMLC-2025-media-fiplv.png\" alt=\"\" width=\"685\" height=\"200\" srcset=\"https:\/\/semmelweis.hu\/szaknyelv\/files\/2025\/02\/SMLC-2025-media-fiplv.png 685w, https:\/\/semmelweis.hu\/szaknyelv\/files\/2025\/02\/SMLC-2025-media-fiplv-400x117.png 400w\" sizes=\"auto, (max-width: 685px) 100vw, 685px\" \/><\/td>\n<\/tr>\n<\/tbody>\n<\/table>\n","protected":false},"excerpt":{"rendered":"<p>Das Institut f\u00fcr Fachsprachen der Semmelweis Universit\u00e4t besch\u00e4ftigt sich mit der Lehre, der interdisziplin\u00e4ren Forschung und der Durchf\u00fchrung von Pr\u00fcfungen im Bereich der Fachsprachen der Medizin, Zahnmedizin, Pharmazie und Medizininformatik. Eine Besonderheit unserer Institution ist, dass neben der Lehre der Medizinischen Terminologie 7 moderne Fachsprachen unterrichtet werden: Englisch, Deutsch, Franz\u00f6sisch, Spanisch, Italienisch, Russisch und Ungarisch. Das Direktorat ist auch offizielle Pr\u00fcfungsstelle einer staatlich akkreditierten Fachsprachpr\u00fcfung (Profex) und einer staatlich akkreditierter allgemeinen Sprachpr\u00fcfung (Pannon).<\/p>\n","protected":false},"author":118,"featured_media":0,"parent":0,"menu_order":0,"comment_status":"closed","ping_status":"closed","template":"","meta":{"_acf_changed":false,"footnotes":""},"categories":[],"tags":[],"class_list":["post-3556","page","type-page","status-publish","hentry"],"acf":[],"_links":{"self":[{"href":"https:\/\/semmelweis.hu\/szaknyelv\/wp-json\/wp\/v2\/pages\/3556","targetHints":{"allow":["GET"]}}],"collection":[{"href":"https:\/\/semmelweis.hu\/szaknyelv\/wp-json\/wp\/v2\/pages"}],"about":[{"href":"https:\/\/semmelweis.hu\/szaknyelv\/wp-json\/wp\/v2\/types\/page"}],"author":[{"embeddable":true,"href":"https:\/\/semmelweis.hu\/szaknyelv\/wp-json\/wp\/v2\/users\/118"}],"replies":[{"embeddable":true,"href":"https:\/\/semmelweis.hu\/szaknyelv\/wp-json\/wp\/v2\/comments?post=3556"}],"version-history":[{"count":10,"href":"https:\/\/semmelweis.hu\/szaknyelv\/wp-json\/wp\/v2\/pages\/3556\/revisions"}],"predecessor-version":[{"id":14265,"href":"https:\/\/semmelweis.hu\/szaknyelv\/wp-json\/wp\/v2\/pages\/3556\/revisions\/14265"}],"wp:attachment":[{"href":"https:\/\/semmelweis.hu\/szaknyelv\/wp-json\/wp\/v2\/media?parent=3556"}],"wp:term":[{"taxonomy":"category","embeddable":true,"href":"https:\/\/semmelweis.hu\/szaknyelv\/wp-json\/wp\/v2\/categories?post=3556"},{"taxonomy":"post_tag","embeddable":true,"href":"https:\/\/semmelweis.hu\/szaknyelv\/wp-json\/wp\/v2\/tags?post=3556"}],"curies":[{"name":"wp","href":"https:\/\/api.w.org\/{rel}","templated":true}]}}