{"id":15897,"date":"2026-04-22T06:00:01","date_gmt":"2026-04-22T04:00:01","guid":{"rendered":"https:\/\/semmelweis.hu\/szaknyelv\/?page_id=15897"},"modified":"2026-04-23T13:43:54","modified_gmt":"2026-04-23T11:43:54","slug":"natalya-pasklinsky-lecture","status":"publish","type":"page","link":"https:\/\/semmelweis.hu\/szaknyelv\/en\/natalya-pasklinsky-lecture\/","title":{"rendered":"Natalya Pasklinsky workshop"},"content":{"rendered":"<p style=\"text-align: center\"><strong>HYBRID<br \/>\nLecture on simulation-based clinical education <br \/>\n<\/strong><strong>by Natalya Pasklinsky\u00a0 (Columbia University School of Nursing)\u00a0<\/strong><\/p>\n<p style=\"text-align: center\"><img loading=\"lazy\" decoding=\"async\" class=\"size-medium wp-image-15285 alignleft\" src=\"https:\/\/semmelweis.hu\/szaknyelv\/files\/2025\/12\/Natalya-Pasklinsky2-400x400.png\" alt=\"\" width=\"400\" height=\"400\" srcset=\"https:\/\/semmelweis.hu\/szaknyelv\/files\/2025\/12\/Natalya-Pasklinsky2-400x400.png 400w, https:\/\/semmelweis.hu\/szaknyelv\/files\/2025\/12\/Natalya-Pasklinsky2-150x150.png 150w, https:\/\/semmelweis.hu\/szaknyelv\/files\/2025\/12\/Natalya-Pasklinsky2-768x768.png 768w, https:\/\/semmelweis.hu\/szaknyelv\/files\/2025\/12\/Natalya-Pasklinsky2-753x753.png 753w, https:\/\/semmelweis.hu\/szaknyelv\/files\/2025\/12\/Natalya-Pasklinsky2.png 1000w\" sizes=\"auto, (max-width: 400px) 100vw, 400px\" \/><\/p>\n<p>&nbsp;<\/p>\n<p><strong>Title:<\/strong> <span class=\"a_GcMg font-feature-liga-off font-feature-clig-off font-feature-calt-off text-decoration-none text-strikethrough-none\">The Power of Simulation as Strategy: Designing, Delivering, and Scaling Experiential Health Professions Education<\/span>\u00a0<\/p>\n<p><strong>Date<\/strong>: <span class=\"a_GcMg font-feature-liga-off font-feature-clig-off font-feature-calt-off text-decoration-none text-strikethrough-none\">4<\/span> <span class=\"a_GcMg font-feature-liga-off font-feature-clig-off font-feature-calt-off text-decoration-none text-strikethrough-none\">June, 2026 3:00-4:00 PM<\/span><\/p>\n<p><strong>Venue<\/strong>: Semmelweis University, Basic Medical Science Center (Elm\u00e9leti Orvostudom\u00e1nyi K\u00f6zpont), Hevesy lecture room<\/p>\n<p>&nbsp;<\/p>\n<p>&#8211; organized by the Institute of Languages for Specific Purposes<br \/>\n&#8211; for all Semmelweis University clinicians<br \/>\n&#8211; join online or in-person<br \/>\n&#8211; followed by a Q&amp;A session<\/p>\n<p>Registration: <a href=\"https:\/\/forms.cloud.microsoft\/e\/GWuQ2SGxjM?origin=lprLink\">here <\/a>or <img loading=\"lazy\" decoding=\"async\" class=\"wp-image-15899 alignnone\" src=\"https:\/\/semmelweis.hu\/szaknyelv\/files\/2026\/04\/NP-registration-400x400.png\" alt=\"\" width=\"76\" height=\"76\" srcset=\"https:\/\/semmelweis.hu\/szaknyelv\/files\/2026\/04\/NP-registration-400x400.png 400w, https:\/\/semmelweis.hu\/szaknyelv\/files\/2026\/04\/NP-registration-150x150.png 150w, https:\/\/semmelweis.hu\/szaknyelv\/files\/2026\/04\/NP-registration-768x768.png 768w, https:\/\/semmelweis.hu\/szaknyelv\/files\/2026\/04\/NP-registration-753x753.png 753w, https:\/\/semmelweis.hu\/szaknyelv\/files\/2026\/04\/NP-registration.png 800w\" sizes=\"auto, (max-width: 76px) 100vw, 76px\" \/><\/p>\n<p>Online participants will receive the link<strong data-start=\"150\" data-end=\"168\"> to the session<\/strong> the day before by e-mail.<\/p>\n","protected":false},"excerpt":{"rendered":"<p>HYBRID Lecture on simulation-based clinical education by Natalya Pasklinsky\u00a0 (Columbia University School of Nursing)\u00a0 &nbsp; Title: The Power of Simulation as Strategy: Designing, Delivering, and Scaling Experiential Health Professions Education\u00a0 Date: 4 June, 2026 3:00-4:00 PM Venue: Semmelweis University, Basic Medical Science Center (Elm\u00e9leti Orvostudom\u00e1nyi K\u00f6zpont), Hevesy lecture room &nbsp; &#8211; organized by the Institute &hellip;<\/p>\n","protected":false},"author":102166,"featured_media":0,"parent":0,"menu_order":0,"comment_status":"closed","ping_status":"closed","template":"","meta":{"_acf_changed":false,"footnotes":""},"categories":[],"tags":[],"class_list":["post-15897","page","type-page","status-publish","hentry"],"acf":[],"_links":{"self":[{"href":"https:\/\/semmelweis.hu\/szaknyelv\/wp-json\/wp\/v2\/pages\/15897","targetHints":{"allow":["GET"]}}],"collection":[{"href":"https:\/\/semmelweis.hu\/szaknyelv\/wp-json\/wp\/v2\/pages"}],"about":[{"href":"https:\/\/semmelweis.hu\/szaknyelv\/wp-json\/wp\/v2\/types\/page"}],"author":[{"embeddable":true,"href":"https:\/\/semmelweis.hu\/szaknyelv\/wp-json\/wp\/v2\/users\/102166"}],"replies":[{"embeddable":true,"href":"https:\/\/semmelweis.hu\/szaknyelv\/wp-json\/wp\/v2\/comments?post=15897"}],"version-history":[{"count":5,"href":"https:\/\/semmelweis.hu\/szaknyelv\/wp-json\/wp\/v2\/pages\/15897\/revisions"}],"predecessor-version":[{"id":15915,"href":"https:\/\/semmelweis.hu\/szaknyelv\/wp-json\/wp\/v2\/pages\/15897\/revisions\/15915"}],"wp:attachment":[{"href":"https:\/\/semmelweis.hu\/szaknyelv\/wp-json\/wp\/v2\/media?parent=15897"}],"wp:term":[{"taxonomy":"category","embeddable":true,"href":"https:\/\/semmelweis.hu\/szaknyelv\/wp-json\/wp\/v2\/categories?post=15897"},{"taxonomy":"post_tag","embeddable":true,"href":"https:\/\/semmelweis.hu\/szaknyelv\/wp-json\/wp\/v2\/tags?post=15897"}],"curies":[{"name":"wp","href":"https:\/\/api.w.org\/{rel}","templated":true}]}}