{"id":15887,"date":"2026-04-22T05:59:59","date_gmt":"2026-04-22T03:59:59","guid":{"rendered":"https:\/\/semmelweis.hu\/szaknyelv\/?page_id=15887"},"modified":"2026-04-23T13:43:47","modified_gmt":"2026-04-23T11:43:47","slug":"anthony-young-workshops","status":"publish","type":"page","link":"https:\/\/semmelweis.hu\/szaknyelv\/en\/anthony-young-workshops\/","title":{"rendered":"Anthony Young workshops"},"content":{"rendered":"<p style=\"text-align: center\"><strong>Anthony Young (Columbia University in the City of New York) HYBRID workshop dates<\/strong><\/p>\n<p style=\"text-align: left\"><strong><img loading=\"lazy\" decoding=\"async\" class=\" wp-image-13631 alignleft\" src=\"https:\/\/semmelweis.hu\/szaknyelv\/files\/2024\/11\/Young-Anthony_-400x400.jpg\" alt=\"\" width=\"382\" height=\"382\" srcset=\"https:\/\/semmelweis.hu\/szaknyelv\/files\/2024\/11\/Young-Anthony_-400x400.jpg 400w, https:\/\/semmelweis.hu\/szaknyelv\/files\/2024\/11\/Young-Anthony_-150x150.jpg 150w, https:\/\/semmelweis.hu\/szaknyelv\/files\/2024\/11\/Young-Anthony_-768x768.jpg 768w, https:\/\/semmelweis.hu\/szaknyelv\/files\/2024\/11\/Young-Anthony_-753x753.jpg 753w, https:\/\/semmelweis.hu\/szaknyelv\/files\/2024\/11\/Young-Anthony_.jpg 1000w\" sizes=\"auto, (max-width: 382px) 100vw, 382px\" \/><span style=\"font-size: 10pt\">Session 1<br \/>\n<\/span><\/strong><span style=\"font-size: 10pt\">Title: Integration of simulated patients into course simulations<br \/>\n<\/span><span style=\"font-size: 10pt\">Date: 3 June, 2026 9.30-11.00 AM\u00a0<br \/>\nVenue: Semmelweis University, Basic Medical Science Center (Elm\u00e9leti Orvostudom\u00e1nyi K\u00f6zpont), Seminar room zero<\/span><\/p>\n<p><span style=\"font-size: 10pt\"><strong>Session 2<\/strong><\/span><br \/>\n<span style=\"font-size: 10pt\">Title: Course simulation: From Planning to Debrief<br \/>\n<\/span><span style=\"font-size: 10pt\">Date: 3 June, 2026 2.00-3.30 PM\u00a0<br \/>\nVenue:Semmelweis University, Basic Medical Science Center (Elm\u00e9leti Orvostudom\u00e1nyi K\u00f6zpont), Seminar room zero<\/span><\/p>\n<p><span style=\"font-size: 10pt\"><strong>Session 3<\/strong><\/span><br \/>\n<span style=\"font-size: 10pt\">Title:Value of course evaluation feedback<br \/>\nDate: 4 June, 2026 9.30-11.00 AM\u00a0<br \/>\nVenue:Semmelweis University, Basic Medical Science Center (Elm\u00e9leti Orvostudom\u00e1nyi K\u00f6zpont), Hevesy lecture room<\/span><\/p>\n<p style=\"text-align: left\"><span style=\"font-size: 12pt\">Simulated patient: Jay Miller<\/span><\/p>\n<p style=\"text-align: justify\"><span style=\"font-size: 12pt\">Register <a href=\"https:\/\/forms.cloud.microsoft\/e\/dJRMNiq8vx?origin=lprLink\">here<\/a> or\u00a0 <\/span><img loading=\"lazy\" decoding=\"async\" class=\"wp-image-15908\" src=\"https:\/\/semmelweis.hu\/szaknyelv\/files\/2026\/04\/AY-registration-400x400.png\" alt=\"\" width=\"87\" height=\"87\" srcset=\"https:\/\/semmelweis.hu\/szaknyelv\/files\/2026\/04\/AY-registration-400x400.png 400w, https:\/\/semmelweis.hu\/szaknyelv\/files\/2026\/04\/AY-registration-150x150.png 150w, https:\/\/semmelweis.hu\/szaknyelv\/files\/2026\/04\/AY-registration-768x768.png 768w, https:\/\/semmelweis.hu\/szaknyelv\/files\/2026\/04\/AY-registration-753x753.png 753w, https:\/\/semmelweis.hu\/szaknyelv\/files\/2026\/04\/AY-registration.png 800w\" sizes=\"auto, (max-width: 87px) 100vw, 87px\" \/><\/p>\n<p><span style=\"font-size: 12pt\">Online participants will receive the link<strong data-start=\"150\" data-end=\"168\"> to the session<\/strong> the day before by e-mail.<\/span><\/p>\n","protected":false},"excerpt":{"rendered":"<p>Anthony Young (Columbia University in the City of New York) HYBRID workshop dates Session 1 Title: Integration of simulated patients into course simulations Date: 3 June, 2026 9.30-11.00 AM\u00a0 Venue: Semmelweis University, Basic Medical Science Center (Elm\u00e9leti Orvostudom\u00e1nyi K\u00f6zpont), Seminar room zero Session 2 Title: Course simulation: From Planning to Debrief Date: 3 June, 2026 &hellip;<\/p>\n","protected":false},"author":102166,"featured_media":0,"parent":0,"menu_order":0,"comment_status":"closed","ping_status":"closed","template":"template-fullwidth.php","meta":{"_acf_changed":false,"footnotes":""},"categories":[],"tags":[],"class_list":["post-15887","page","type-page","status-publish","hentry"],"acf":[],"_links":{"self":[{"href":"https:\/\/semmelweis.hu\/szaknyelv\/wp-json\/wp\/v2\/pages\/15887","targetHints":{"allow":["GET"]}}],"collection":[{"href":"https:\/\/semmelweis.hu\/szaknyelv\/wp-json\/wp\/v2\/pages"}],"about":[{"href":"https:\/\/semmelweis.hu\/szaknyelv\/wp-json\/wp\/v2\/types\/page"}],"author":[{"embeddable":true,"href":"https:\/\/semmelweis.hu\/szaknyelv\/wp-json\/wp\/v2\/users\/102166"}],"replies":[{"embeddable":true,"href":"https:\/\/semmelweis.hu\/szaknyelv\/wp-json\/wp\/v2\/comments?post=15887"}],"version-history":[{"count":10,"href":"https:\/\/semmelweis.hu\/szaknyelv\/wp-json\/wp\/v2\/pages\/15887\/revisions"}],"predecessor-version":[{"id":15911,"href":"https:\/\/semmelweis.hu\/szaknyelv\/wp-json\/wp\/v2\/pages\/15887\/revisions\/15911"}],"wp:attachment":[{"href":"https:\/\/semmelweis.hu\/szaknyelv\/wp-json\/wp\/v2\/media?parent=15887"}],"wp:term":[{"taxonomy":"category","embeddable":true,"href":"https:\/\/semmelweis.hu\/szaknyelv\/wp-json\/wp\/v2\/categories?post=15887"},{"taxonomy":"post_tag","embeddable":true,"href":"https:\/\/semmelweis.hu\/szaknyelv\/wp-json\/wp\/v2\/tags?post=15887"}],"curies":[{"name":"wp","href":"https:\/\/api.w.org\/{rel}","templated":true}]}}