{"id":15009,"date":"2025-10-06T09:51:37","date_gmt":"2025-10-06T07:51:37","guid":{"rendered":"https:\/\/semmelweis.hu\/szaknyelv\/?page_id=15009"},"modified":"2025-10-15T14:27:50","modified_gmt":"2025-10-15T12:27:50","slug":"international-collaborations","status":"publish","type":"page","link":"https:\/\/semmelweis.hu\/szaknyelv\/en\/research\/international-collaborations\/","title":{"rendered":"International collaborations\u00a0"},"content":{"rendered":"<p style=\"text-align: justify\"><strong>International collaborations\u00a0<\/strong><\/p>\n<p style=\"text-align: justify\">Aarhus University, School of Communication and Culture <br \/>\nAcademy of Communication in Healthcare, USA<br \/>\nAsociaci\u00f3n Europea de Lenguas para Fines Espec\u00edficos (AELFE)<br \/>\nAssociation Internationale de Linguistique Appliqu\u00e9e (AILA)<br \/>\nAssociation of Language Testers in Europe (ALTE)<br \/>\nAssociation of Slavists POLYSLAV<br \/>\nAtlantic Language Galway<br \/>\nAVTiA (Audiovisual Translation for Inclusion and Accessibility) Erasmus+ project<br \/>\nBadr University in Cairo, School of Linguistics and Translation<br \/>\nBirkbeck University, London Centre for Interdisciplinary Research<br \/>\nCambridge Boxhill Language Assessment, UK, OET examination centre<br \/>\nCharit\u00e9 &#8211; Universit\u00e4tsmedizin, Berlin<br \/>\nCharles University, Faculty of Medicine in Pilsen, Department of Languages (Czech Republic)<br \/>\nColumbia University School of Nursing<br \/>\nComenius University in Bratislava, Jessenius Faculty of Medicine, Department of Foreign Languages (Slovakia)<br \/>\nComenius University, Faculty of Medicine, Institute of Medical Terminology and Foreign Languages IMTFL (Slovakia)<br \/>\nCork English College<br \/>\nDeutscher Germanistenverband<br \/>\nEACH International Association for Communication in Healthcare <br \/>\nEuropean Association for Terminology (EAFT)<br \/>\nEuropean Confederation of Language Centres in Higher Education (CercleS)<br \/>\nFederal State Budgetary Educational Institution of Higher Education &#8222;Linguistics University of Nizhny Novgorod&#8221; In the Russian Federation<br \/>\nF\u00e9d\u00e9ration Internationale des Professeurs de Langues Vivantes (FIPLV)<br \/>\nGeorge Emil Palade University of Medicine, Pharmacy, Science, and Technology of Targu Mures, Petru Major Faculty of Sciences and Letters, Foreign Language Department (Romania)<br \/>\nHeidelberg University<br \/>\nInternational Medical Interpreters Association (IMIA) <br \/>\nInternational Network of Address Research<br \/>\nJaume I University, Faculty of Humanities and Social Sciences<br \/>\nJohannes Gutenberg Universit\u00e4t Mainz, Institut f\u00fcr Rechtsmedizin <br \/>\nLithuanian University of Health Sciences<br \/>\n&#8222;Mainz Jahrestagung der Deutschen Gesellschaft f\u00fcr Sprachwissenschaft&#8221;<br \/>\nMasaryk University, Faculty of Medicine, Language Center (Czech Republic)<br \/>\nMatej Bel University in Banska Bystrica, Faculty of Arts, Department of German Studies (Slovakia)<br \/>\nMedizinische Fakult\u00e4t Mannheim der Universit\u00e4t Heidelberg<br \/>\nPalack\u00fd University, Faculty of Health Sciences, Department of Humanities and Social Sciences (Czech Republic)<br \/>\nPompeu Fabra University<br \/>\nPuskin Int\u00e9zet, Moszkva<br \/>\nSechenov University<br \/>\nSorbonne Universit\u00e9, D\u00e9partement d\u2019anglais m\u00e9dical<br \/>\nSorbonne Universit\u00e9, D\u00e9partement de m\u00e9decine g\u00e9n\u00e9rale<br \/>\nSs. Cyril and Methodius University of Skopje, Bla\u017ee Koneski Faculty of Philology of Skopje<br \/>\nStockholm University, Department of Linguistics<br \/>\nTallinna \u00dclikool, Department of School of Digital Technologies<br \/>\nTartu Applied Health Sciences University<br \/>\nUniversidad de Zaragoza, Filolog\u00eda Inglesa y Alemana<br \/>\nUniversit\u00e0 Cattolica del Sacro Cuore, Department of Foreign Languages and Literature<br \/>\nUniversit\u00e4t Graz, Institut f\u00fcr Gerichtliche Medizin<br \/>\nUniversit\u00e4t Hamburg, Institut f\u00fcr Germaistik<br \/>\nUniversit\u00e4t Heidelberg, Medizinische Fakult\u00e4t, Zentrum f\u00fcr Medizinische Kommunikation und Interaktion<br \/>\nUniversit\u00e4t Hildesheim, Forschungsstelle f\u00fcr Leichte Sprache<br \/>\nUniversitat Jaume I <br \/>\nUniversit\u00e4t W\u00fcrzburg, Simulationspatientenprogramm<br \/>\nUniversit\u00e9 de Montr\u00e9al<br \/>\nUniversit\u00e9 Saint Louis Bruxelles<br \/>\nUniversity Department of Health Studies, University of Split (Croatia)<br \/>\nUniversity of Alcala<br \/>\nUniversity of Applied Sciences BFI Vienna<br \/>\nUniversity of Applied Sciences Wiener Neustadt<br \/>\nUniversity of Belgrade, Faculty of Medicine, Department of Humanities (Serbia)<br \/>\nUniversity of Belgrade, School of Dental Medicine, English Language (Serbia)<br \/>\nUniversity of Campania &#8216;Luigi Vanvitelli&#8217;, School of Medicine and Surgery, Department of Precision Medicine<br \/>\nUniversity of Copenhagen, Department of Nordic Studies and Linguistics <br \/>\nUniversity of Cyprus<br \/>\nUniversity of Florence, Departmento FORLIPSI\/UNIFI<br \/>\nUniversity of Granada<br \/>\nUniversity of Helsinki, Faculty of Arts Department of Finnish, Finno-Ugrian and Scandinavian Studies<br \/>\nUniversity of Innsbruck, Department of Translation Studies<br \/>\nUniversity of Leeds, European Society for Translation Studies<br \/>\nUniversity of Ljubljana, Faculty of Arts, Department of Translation Studies (Slovenia)<br \/>\nUniversity of Pavia<br \/>\nUniversity of Prague Institute of Forensic Medicine<br \/>\nUniversity of Rijeka, Faculty of Health Studies, Department of Public Health (Croatia)<br \/>\nUniversity of Rijeka, Faculty of Humanities and Social Sciences, Department of Croatian Studies<br \/>\nUniversity of Split, Faculty of Economics, Business and Tourism<br \/>\nUniversity of Z\u00fcrich, Language and Medicine Interdisciplinary Research Colloquium <br \/>\nWestern Balkans University, Faculty of Technical Medical Sciences, Department of Medicine (Albania)<\/p>\n","protected":false},"excerpt":{"rendered":"<p>International collaborations\u00a0 Aarhus University, School of Communication and Culture Academy of Communication in Healthcare, USA Asociaci\u00f3n Europea de Lenguas para Fines Espec\u00edficos (AELFE) Association Internationale de Linguistique Appliqu\u00e9e (AILA) Association of Language Testers in Europe (ALTE) Association of Slavists POLYSLAV Atlantic Language Galway AVTiA (Audiovisual Translation for Inclusion and Accessibility) Erasmus+ project Badr University in &hellip;<\/p>\n","protected":false},"author":102166,"featured_media":0,"parent":6313,"menu_order":0,"comment_status":"closed","ping_status":"closed","template":"","meta":{"_acf_changed":false,"footnotes":""},"categories":[],"tags":[],"class_list":["post-15009","page","type-page","status-publish","hentry"],"acf":[],"_links":{"self":[{"href":"https:\/\/semmelweis.hu\/szaknyelv\/wp-json\/wp\/v2\/pages\/15009","targetHints":{"allow":["GET"]}}],"collection":[{"href":"https:\/\/semmelweis.hu\/szaknyelv\/wp-json\/wp\/v2\/pages"}],"about":[{"href":"https:\/\/semmelweis.hu\/szaknyelv\/wp-json\/wp\/v2\/types\/page"}],"author":[{"embeddable":true,"href":"https:\/\/semmelweis.hu\/szaknyelv\/wp-json\/wp\/v2\/users\/102166"}],"replies":[{"embeddable":true,"href":"https:\/\/semmelweis.hu\/szaknyelv\/wp-json\/wp\/v2\/comments?post=15009"}],"version-history":[{"count":3,"href":"https:\/\/semmelweis.hu\/szaknyelv\/wp-json\/wp\/v2\/pages\/15009\/revisions"}],"predecessor-version":[{"id":15114,"href":"https:\/\/semmelweis.hu\/szaknyelv\/wp-json\/wp\/v2\/pages\/15009\/revisions\/15114"}],"up":[{"embeddable":true,"href":"https:\/\/semmelweis.hu\/szaknyelv\/wp-json\/wp\/v2\/pages\/6313"}],"wp:attachment":[{"href":"https:\/\/semmelweis.hu\/szaknyelv\/wp-json\/wp\/v2\/media?parent=15009"}],"wp:term":[{"taxonomy":"category","embeddable":true,"href":"https:\/\/semmelweis.hu\/szaknyelv\/wp-json\/wp\/v2\/categories?post=15009"},{"taxonomy":"post_tag","embeddable":true,"href":"https:\/\/semmelweis.hu\/szaknyelv\/wp-json\/wp\/v2\/tags?post=15009"}],"curies":[{"name":"wp","href":"https:\/\/api.w.org\/{rel}","templated":true}]}}