{"id":14921,"date":"2025-09-14T20:22:39","date_gmt":"2025-09-14T18:22:39","guid":{"rendered":"https:\/\/semmelweis.hu\/szaknyelv\/?page_id=14921"},"modified":"2026-02-25T14:09:19","modified_gmt":"2026-02-25T13:09:19","slug":"course-information","status":"publish","type":"page","link":"https:\/\/semmelweis.hu\/szaknyelv\/en\/exams\/exams-for-specific-purposes-to-students\/medical-hungarian-language-examination-for-the-residency-program\/course-information\/","title":{"rendered":"Course information"},"content":{"rendered":"<p style=\"text-align: center\">Institute of Languages for Specific Purposes<br \/>\nMedical Hungarian Language Examination for the Residency Program<\/p>\n<div class=\"w-100 lead\">\n<p style=\"text-align: center\"><span style=\"font-size: 12pt\">&#8211; Exam Preparation Course Information &#8211;<\/span><\/p>\n<\/div>\n<p><span style=\"font-size: 12pt\"><a href=\"https:\/\/semmelweis.hu\/szaknyelv\/files\/2026\/02\/26-March-Residency-exam-flyer-.png\"><img loading=\"lazy\" decoding=\"async\" class=\"alignleft wp-image-15787 size-medium\" src=\"https:\/\/semmelweis.hu\/szaknyelv\/files\/2026\/02\/26-March-Residency-exam-flyer--283x400.png\" alt=\"\" width=\"283\" height=\"400\" srcset=\"https:\/\/semmelweis.hu\/szaknyelv\/files\/2026\/02\/26-March-Residency-exam-flyer--283x400.png 283w, https:\/\/semmelweis.hu\/szaknyelv\/files\/2026\/02\/26-March-Residency-exam-flyer--724x1024.png 724w, https:\/\/semmelweis.hu\/szaknyelv\/files\/2026\/02\/26-March-Residency-exam-flyer--768x1086.png 768w, https:\/\/semmelweis.hu\/szaknyelv\/files\/2026\/02\/26-March-Residency-exam-flyer--1086x1536.png 1086w, https:\/\/semmelweis.hu\/szaknyelv\/files\/2026\/02\/26-March-Residency-exam-flyer--1448x2048.png 1448w, https:\/\/semmelweis.hu\/szaknyelv\/files\/2026\/02\/26-March-Residency-exam-flyer--753x1065.png 753w, https:\/\/semmelweis.hu\/szaknyelv\/files\/2026\/02\/26-March-Residency-exam-flyer-.png 1587w\" sizes=\"auto, (max-width: 283px) 100vw, 283px\" \/><\/a><\/span><\/p>\n<p>&nbsp;<\/p>\n<p><span style=\"font-size: 12pt\">This course <strong>prepares for all skills<\/strong> of the residency exam.\u00a0<\/span><\/p>\n<p><span style=\"font-size: 12pt\"><strong>COURSE DETAILS<\/strong><\/span><br \/>\n<span style=\"font-size: 12pt\">&#8211; 100% online<\/span><br \/>\n<span style=\"font-size: 12pt\">&#8211; 5 occasions (2&#215;45 mins\/occasion, altogether 10 classes)<\/span><br \/>\n<span style=\"font-size: 12pt\">&#8211; Dates: 26 March, 2 April, 9 April, 16 April, 23 April between 6 PM-7.30 PM<\/span><br \/>\n<span style=\"font-size: 12pt\">&#8211; Fee: 80.000 Ft<\/span><br \/>\n<span style=\"font-size: 12pt\">&#8211; Application and payment deadline: 23 March 2026<\/span><\/p>\n<div class=\"fontos_div\">\n<p><span style=\"font-size: 12pt\"><strong>COURSE APPLICATION form<\/strong>:\u00a0<\/span><br \/>\n<span style=\"font-size: 12pt\"><a href=\"https:\/\/forms.office.com\/e\/850vRMSkZE\">Prep Course for the Medical Hungarian Residency Program \u2013 \u0170rlap kit\u00f6lt\u00e9se<\/a><\/span><\/p>\n<\/div>\n<div><span style=\"font-size: 12pt\"><strong>PAYMENT DETAILS<\/strong><\/span><\/div>\n<div><span style=\"font-size: 12pt\">The amount to be paid is: 80.000 Ft<\/span><\/div>\n<div><span style=\"font-size: 12pt\">Proof of payment should be sent to the following e-mail address: \u00a0<a href=\"szabo.angelika1@semmelweis.hu\">szabo.angelika1@semmelweis.hu<\/a><\/span><\/div>\n<p>\n<span style=\"font-size: 12pt\">Semmelweis University account number: 11784009-22236665<\/span><br \/>\n<span style=\"font-size: 12pt\">name: Semmelweis Egyetem<\/span><br \/>\n<span style=\"font-size: 12pt\">Write in the comment box: &#8222;name of candidate&#8221;, Szaknyelvi Int\u00e9zet, Residency Course<\/span><br \/>\n<span style=\"font-size: 12pt\">From abroad:<\/span><br \/>\n<span style=\"font-size: 12pt\">IBAN:<\/span><br \/>\n<span style=\"font-size: 12pt\">HUF: HU41117840092223666500000000<\/span><br \/>\n<span style=\"font-size: 12pt\">EUR: HU51117638420088088800000000<\/span><br \/>\n<span style=\"font-size: 12pt\">USD: HU57117638420088101600000000<\/span><br \/>\n<span style=\"font-size: 12pt\">SWIFT (BIC) k\u00f3d: OTPVHUHB<\/span><br \/>\n<span style=\"font-size: 12pt\"><strong>tax number:<\/strong>\u00a0<\/span><br \/>\n<span style=\"font-size: 12pt\">\u2013 for Hungarian natural persons, companies: 17784234-5-44<\/span><br \/>\n<span style=\"font-size: 12pt\">\u2013 for natural persons, companies out of Hungary: HU17784234<\/span><\/p>\n<p><a href=\"https:\/\/semmelweis.hu\/szaknyelv\/files\/2025\/09\/Residency-Exam-course-description.pdf\"><span style=\"font-size: 14pt\"><span style=\"font-size: 12pt\">COURSE DESCRIPTION<\/span><\/span><\/a><\/p>\n","protected":false},"excerpt":{"rendered":"<p>Institute of Languages for Specific Purposes Medical Hungarian Language Examination for the Residency Program &#8211; Exam Preparation Course Information &#8211; <a href=\"https:\/\/semmelweis.hu\/szaknyelv\/files\/2026\/02\/26-March-Residency-exam-flyer-.png\"><\/a> &nbsp; This course prepares for all skills of the residency exam.\u00a0 COURSE DETAILS &#8211; 100% online &#8211; 5 occasions (2&#215;45 mins\/occasion, altogether 10 classes) &#8211; Dates: 26 March, 2 April, 9 April, 16 April, 23 &hellip;<\/p>\n","protected":false},"author":102166,"featured_media":0,"parent":14907,"menu_order":0,"comment_status":"closed","ping_status":"closed","template":"","meta":{"_acf_changed":false,"footnotes":""},"categories":[],"tags":[],"class_list":["post-14921","page","type-page","status-publish","hentry"],"acf":[],"_links":{"self":[{"href":"https:\/\/semmelweis.hu\/szaknyelv\/wp-json\/wp\/v2\/pages\/14921","targetHints":{"allow":["GET"]}}],"collection":[{"href":"https:\/\/semmelweis.hu\/szaknyelv\/wp-json\/wp\/v2\/pages"}],"about":[{"href":"https:\/\/semmelweis.hu\/szaknyelv\/wp-json\/wp\/v2\/types\/page"}],"author":[{"embeddable":true,"href":"https:\/\/semmelweis.hu\/szaknyelv\/wp-json\/wp\/v2\/users\/102166"}],"replies":[{"embeddable":true,"href":"https:\/\/semmelweis.hu\/szaknyelv\/wp-json\/wp\/v2\/comments?post=14921"}],"version-history":[{"count":10,"href":"https:\/\/semmelweis.hu\/szaknyelv\/wp-json\/wp\/v2\/pages\/14921\/revisions"}],"predecessor-version":[{"id":14936,"href":"https:\/\/semmelweis.hu\/szaknyelv\/wp-json\/wp\/v2\/pages\/14921\/revisions\/14936"}],"up":[{"embeddable":true,"href":"https:\/\/semmelweis.hu\/szaknyelv\/wp-json\/wp\/v2\/pages\/14907"}],"wp:attachment":[{"href":"https:\/\/semmelweis.hu\/szaknyelv\/wp-json\/wp\/v2\/media?parent=14921"}],"wp:term":[{"taxonomy":"category","embeddable":true,"href":"https:\/\/semmelweis.hu\/szaknyelv\/wp-json\/wp\/v2\/categories?post=14921"},{"taxonomy":"post_tag","embeddable":true,"href":"https:\/\/semmelweis.hu\/szaknyelv\/wp-json\/wp\/v2\/tags?post=14921"}],"curies":[{"name":"wp","href":"https:\/\/api.w.org\/{rel}","templated":true}]}}