{"id":14760,"date":"2025-08-25T07:28:36","date_gmt":"2025-08-25T05:28:36","guid":{"rendered":"https:\/\/semmelweis.hu\/szaknyelv\/?page_id=14760"},"modified":"2026-02-06T12:00:32","modified_gmt":"2026-02-06T11:00:32","slug":"magyar-hallgatok-szamara-felveheto-kurzusok-25_26_2","status":"publish","type":"page","link":"https:\/\/semmelweis.hu\/szaknyelv\/magyar-hallgatok-szamara-felveheto-kurzusok-25_26_2\/","title":{"rendered":"Magyar hallgat\u00f3k sz\u00e1m\u00e1ra felvehet\u0151 kurzusok 25_26_2"},"content":{"rendered":"<p style=\"text-align: center\"><strong>Magyar hallgat\u00f3k sz\u00e1m\u00e1ra felvehet\u0151 kurzusok<\/strong><\/p>\n<div class=\"exp-col-content-holder\"><a class=\"expand-cnt-link\" href=\"#\">\u00c1OK<\/a><\/p>\n<div class=\"hidden-content\">\n<div class=\"exp-col-content-holder\"><a class=\"expand-cnt-link\" href=\"#\">Terminol\u00f3gia<\/a><\/p>\n<div class=\"hidden-content\">\n<div class=\"exp-col-content-holder\"><a class=\"expand-cnt-link\" href=\"#\">k\u00f6telez\u0151k\u00e9nt elismertethet\u0151 v\u00e1laszthat\u00f3<\/a><\/p>\n<div class=\"hidden-content\"><a href=\"https:\/\/semmelweis.hu\/szaknyelv\/files\/2026\/02\/AOK-termi-kotelezo.gif\"><img loading=\"lazy\" decoding=\"async\" class=\"aligncenter wp-image-15695\" src=\"https:\/\/semmelweis.hu\/szaknyelv\/files\/2026\/02\/AOK-termi-kotelezo-400x171.gif\" alt=\"\" width=\"900\" height=\"386\" srcset=\"https:\/\/semmelweis.hu\/szaknyelv\/files\/2026\/02\/AOK-termi-kotelezo-400x171.gif 400w, https:\/\/semmelweis.hu\/szaknyelv\/files\/2026\/02\/AOK-termi-kotelezo-768x329.gif 768w, https:\/\/semmelweis.hu\/szaknyelv\/files\/2026\/02\/AOK-termi-kotelezo-753x323.gif 753w\" sizes=\"auto, (max-width: 900px) 100vw, 900px\" \/><\/a><\/div>\n<\/div>\n<div>\u00a0<\/div>\n<div>\n<div class=\"exp-col-content-holder\"><a class=\"expand-cnt-link\" href=\"#\">szabadon v\u00e1laszthat\u00f3<\/a><\/p>\n<div class=\"hidden-content\">\n<p class=\"hiddenContentp\"><a href=\"https:\/\/semmelweis.hu\/szaknyelv\/files\/2026\/01\/aok-termin-szabval.png\"><img loading=\"lazy\" decoding=\"async\" class=\"aligncenter wp-image-15526\" src=\"https:\/\/semmelweis.hu\/szaknyelv\/files\/2026\/01\/aok-termin-szabval-400x42.png\" alt=\"\" width=\"900\" height=\"94\" srcset=\"https:\/\/semmelweis.hu\/szaknyelv\/files\/2026\/01\/aok-termin-szabval-400x42.png 400w, https:\/\/semmelweis.hu\/szaknyelv\/files\/2026\/01\/aok-termin-szabval-768x80.png 768w, https:\/\/semmelweis.hu\/szaknyelv\/files\/2026\/01\/aok-termin-szabval-753x79.png 753w, https:\/\/semmelweis.hu\/szaknyelv\/files\/2026\/01\/aok-termin-szabval.png 907w\" sizes=\"auto, (max-width: 900px) 100vw, 900px\" \/><\/a><\/p>\n<\/div>\n<\/div>\n<\/div>\n<\/div>\n<\/div>\n<div class=\"exp-col-content-holder\"><a class=\"expand-cnt-link\" href=\"#\">Angol<\/a><\/p>\n<div class=\"hidden-content\">\n<p class=\"hiddenContentp\"><a href=\"https:\/\/semmelweis.hu\/szaknyelv\/files\/2026\/02\/aok-angol-jo.gif\"><img loading=\"lazy\" decoding=\"async\" class=\"aligncenter wp-image-15691\" src=\"https:\/\/semmelweis.hu\/szaknyelv\/files\/2026\/02\/aok-angol-jo-400x87.gif\" alt=\"\" width=\"900\" height=\"196\" srcset=\"https:\/\/semmelweis.hu\/szaknyelv\/files\/2026\/02\/aok-angol-jo-400x87.gif 400w, https:\/\/semmelweis.hu\/szaknyelv\/files\/2026\/02\/aok-angol-jo-768x167.gif 768w, https:\/\/semmelweis.hu\/szaknyelv\/files\/2026\/02\/aok-angol-jo-753x164.gif 753w\" sizes=\"auto, (max-width: 900px) 100vw, 900px\" \/><\/a><\/p>\n<\/div>\n<\/div>\n<div class=\"exp-col-content-holder\"><a class=\"expand-cnt-link\" href=\"#\">N\u00e9met<\/a><\/p>\n<div class=\"hidden-content\">\n<p class=\"hiddenContentp\"><a href=\"https:\/\/semmelweis.hu\/szaknyelv\/files\/2026\/02\/AOK-nemet.gif\"><img loading=\"lazy\" decoding=\"async\" class=\"aligncenter wp-image-15693\" src=\"https:\/\/semmelweis.hu\/szaknyelv\/files\/2026\/02\/AOK-nemet-400x91.gif\" alt=\"\" width=\"900\" height=\"206\" srcset=\"https:\/\/semmelweis.hu\/szaknyelv\/files\/2026\/02\/AOK-nemet-400x91.gif 400w, https:\/\/semmelweis.hu\/szaknyelv\/files\/2026\/02\/AOK-nemet-768x176.gif 768w, https:\/\/semmelweis.hu\/szaknyelv\/files\/2026\/02\/AOK-nemet-753x172.gif 753w\" sizes=\"auto, (max-width: 900px) 100vw, 900px\" \/><\/a><\/p>\n<\/div>\n<\/div>\n<div class=\"exp-col-content-holder\"><a class=\"expand-cnt-link\" href=\"#\">Francia<\/a><\/p>\n<div class=\"hidden-content\">\n<p class=\"hiddenContentp\"><a href=\"https:\/\/semmelweis.hu\/szaknyelv\/files\/2026\/02\/AOK-francia.gif\"><img loading=\"lazy\" decoding=\"async\" class=\"aligncenter wp-image-15692\" src=\"https:\/\/semmelweis.hu\/szaknyelv\/files\/2026\/02\/AOK-francia-400x64.gif\" alt=\"\" width=\"900\" height=\"144\" srcset=\"https:\/\/semmelweis.hu\/szaknyelv\/files\/2026\/02\/AOK-francia-400x64.gif 400w, https:\/\/semmelweis.hu\/szaknyelv\/files\/2026\/02\/AOK-francia-768x123.gif 768w, https:\/\/semmelweis.hu\/szaknyelv\/files\/2026\/02\/AOK-francia-753x120.gif 753w\" sizes=\"auto, (max-width: 900px) 100vw, 900px\" \/><\/a><\/p>\n<\/div>\n<\/div>\n<div class=\"exp-col-content-holder\"><a class=\"expand-cnt-link\" href=\"#\">Spanyol<\/a><\/p>\n<div class=\"hidden-content\">\n<p class=\"hiddenContentp\"><a href=\"https:\/\/semmelweis.hu\/szaknyelv\/files\/2026\/01\/aok-spanyol.png\"><img loading=\"lazy\" decoding=\"async\" class=\"aligncenter wp-image-15524\" src=\"https:\/\/semmelweis.hu\/szaknyelv\/files\/2026\/01\/aok-spanyol-400x52.png\" alt=\"\" width=\"900\" height=\"117\" srcset=\"https:\/\/semmelweis.hu\/szaknyelv\/files\/2026\/01\/aok-spanyol-400x52.png 400w, https:\/\/semmelweis.hu\/szaknyelv\/files\/2026\/01\/aok-spanyol-768x100.png 768w, https:\/\/semmelweis.hu\/szaknyelv\/files\/2026\/01\/aok-spanyol-753x98.png 753w, https:\/\/semmelweis.hu\/szaknyelv\/files\/2026\/01\/aok-spanyol.png 907w\" sizes=\"auto, (max-width: 900px) 100vw, 900px\" \/><\/a><\/p>\n<\/div>\n<\/div>\n<div>\n<div class=\"exp-col-content-holder\"><a class=\"expand-cnt-link\" href=\"#\">Olasz<\/a><\/p>\n<div class=\"hidden-content\">\n<p class=\"hiddenContentp\"><a href=\"https:\/\/semmelweis.hu\/szaknyelv\/files\/2026\/02\/AOK-olasz.gif\"><img loading=\"lazy\" decoding=\"async\" class=\"aligncenter wp-image-15694\" src=\"https:\/\/semmelweis.hu\/szaknyelv\/files\/2026\/02\/AOK-olasz-400x41.gif\" alt=\"\" width=\"900\" height=\"91\" srcset=\"https:\/\/semmelweis.hu\/szaknyelv\/files\/2026\/02\/AOK-olasz-400x41.gif 400w, https:\/\/semmelweis.hu\/szaknyelv\/files\/2026\/02\/AOK-olasz-768x78.gif 768w, https:\/\/semmelweis.hu\/szaknyelv\/files\/2026\/02\/AOK-olasz-753x76.gif 753w\" sizes=\"auto, (max-width: 900px) 100vw, 900px\" \/><\/a><\/p>\n<\/div>\n<\/div>\n<div>\n<div class=\"exp-col-content-holder\"><a class=\"expand-cnt-link\" href=\"#\">Orosz<\/a><\/p>\n<div class=\"hidden-content\">\n<p class=\"hiddenContentp\"><a href=\"https:\/\/semmelweis.hu\/szaknyelv\/files\/2026\/01\/aok-orosz.png\"><img loading=\"lazy\" decoding=\"async\" class=\"aligncenter wp-image-15523\" src=\"https:\/\/semmelweis.hu\/szaknyelv\/files\/2026\/01\/aok-orosz-400x29.png\" alt=\"\" width=\"900\" height=\"65\" srcset=\"https:\/\/semmelweis.hu\/szaknyelv\/files\/2026\/01\/aok-orosz-400x29.png 400w, https:\/\/semmelweis.hu\/szaknyelv\/files\/2026\/01\/aok-orosz-768x56.png 768w, https:\/\/semmelweis.hu\/szaknyelv\/files\/2026\/01\/aok-orosz-753x55.png 753w, https:\/\/semmelweis.hu\/szaknyelv\/files\/2026\/01\/aok-orosz.png 907w\" sizes=\"auto, (max-width: 900px) 100vw, 900px\" \/><\/a><\/p>\n<\/div>\n<\/div>\n<\/div>\n<\/div>\n<div>\n<div class=\"exp-col-content-holder\"><a class=\"expand-cnt-link\" href=\"#\">Orvosi nyelv<\/a><\/p>\n<div class=\"hidden-content\">\n<p class=\"hiddenContentp\"><a href=\"https:\/\/semmelweis.hu\/szaknyelv\/files\/2026\/01\/aok-termin-szabval.png\"><img loading=\"lazy\" decoding=\"async\" class=\"aligncenter wp-image-15526\" src=\"https:\/\/semmelweis.hu\/szaknyelv\/files\/2026\/01\/aok-termin-szabval-400x42.png\" alt=\"\" width=\"900\" height=\"94\" srcset=\"https:\/\/semmelweis.hu\/szaknyelv\/files\/2026\/01\/aok-termin-szabval-400x42.png 400w, https:\/\/semmelweis.hu\/szaknyelv\/files\/2026\/01\/aok-termin-szabval-768x80.png 768w, https:\/\/semmelweis.hu\/szaknyelv\/files\/2026\/01\/aok-termin-szabval-753x79.png 753w, https:\/\/semmelweis.hu\/szaknyelv\/files\/2026\/01\/aok-termin-szabval.png 907w\" sizes=\"auto, (max-width: 900px) 100vw, 900px\" \/><\/a><\/p>\n<\/div>\n<\/div>\n<\/div>\n<\/div>\n<\/div>\n<div class=\"exp-col-content-holder\"><a class=\"expand-cnt-link\" href=\"#\">FOK<\/a><\/p>\n<div class=\"hidden-content\">\n<div class=\"exp-col-content-holder\"><a class=\"expand-cnt-link\" href=\"#\">Terminol\u00f3gia<\/a><\/p>\n<div class=\"hidden-content\">\n<p class=\"hiddenContentp\"><a href=\"https:\/\/semmelweis.hu\/szaknyelv\/files\/2026\/01\/fok-termin.png\"><img loading=\"lazy\" decoding=\"async\" class=\"aligncenter wp-image-15533\" src=\"https:\/\/semmelweis.hu\/szaknyelv\/files\/2026\/01\/fok-termin-400x24.png\" alt=\"\" width=\"900\" height=\"55\" srcset=\"https:\/\/semmelweis.hu\/szaknyelv\/files\/2026\/01\/fok-termin-400x24.png 400w, https:\/\/semmelweis.hu\/szaknyelv\/files\/2026\/01\/fok-termin-768x47.png 768w, https:\/\/semmelweis.hu\/szaknyelv\/files\/2026\/01\/fok-termin-753x46.png 753w, https:\/\/semmelweis.hu\/szaknyelv\/files\/2026\/01\/fok-termin.png 907w\" sizes=\"auto, (max-width: 900px) 100vw, 900px\" \/><\/a><\/p>\n<\/div>\n<\/div>\n<div class=\"exp-col-content-holder\"><a class=\"expand-cnt-link\" href=\"#\">Angol<\/a><\/p>\n<div class=\"hidden-content\">\n<p class=\"hiddenContentp\"><a href=\"https:\/\/semmelweis.hu\/szaknyelv\/files\/2026\/02\/fok-angol.png\"><img loading=\"lazy\" decoding=\"async\" class=\"aligncenter wp-image-15633\" src=\"https:\/\/semmelweis.hu\/szaknyelv\/files\/2026\/02\/fok-angol-400x87.png\" alt=\"\" width=\"900\" height=\"196\" srcset=\"https:\/\/semmelweis.hu\/szaknyelv\/files\/2026\/02\/fok-angol-400x87.png 400w, https:\/\/semmelweis.hu\/szaknyelv\/files\/2026\/02\/fok-angol-768x167.png 768w, https:\/\/semmelweis.hu\/szaknyelv\/files\/2026\/02\/fok-angol-753x164.png 753w, https:\/\/semmelweis.hu\/szaknyelv\/files\/2026\/02\/fok-angol.png 945w\" sizes=\"auto, (max-width: 900px) 100vw, 900px\" \/><\/a><\/p>\n<\/div>\n<\/div>\n<div>\n<div class=\"exp-col-content-holder\"><a class=\"expand-cnt-link\" href=\"#\">N\u00e9met<\/a><\/p>\n<div class=\"hidden-content\">\n<p class=\"hiddenContentp\"><a href=\"https:\/\/semmelweis.hu\/szaknyelv\/files\/2026\/02\/FOK-nemet.gif\"><img loading=\"lazy\" decoding=\"async\" class=\"aligncenter wp-image-15700\" src=\"https:\/\/semmelweis.hu\/szaknyelv\/files\/2026\/02\/FOK-nemet-400x47.gif\" alt=\"\" width=\"900\" height=\"105\" srcset=\"https:\/\/semmelweis.hu\/szaknyelv\/files\/2026\/02\/FOK-nemet-400x47.gif 400w, https:\/\/semmelweis.hu\/szaknyelv\/files\/2026\/02\/FOK-nemet-768x89.gif 768w, https:\/\/semmelweis.hu\/szaknyelv\/files\/2026\/02\/FOK-nemet-753x88.gif 753w\" sizes=\"auto, (max-width: 900px) 100vw, 900px\" \/><\/a><\/p>\n<\/div>\n<\/div>\n<div>\n<div class=\"exp-col-content-holder\"><a class=\"expand-cnt-link\" href=\"#\">Francia<\/a><\/p>\n<div class=\"hidden-content\">\n<p class=\"hiddenContentp\"><a href=\"https:\/\/semmelweis.hu\/szaknyelv\/files\/2026\/02\/FOK-francia.gif\"><img loading=\"lazy\" decoding=\"async\" class=\"aligncenter wp-image-15699\" src=\"https:\/\/semmelweis.hu\/szaknyelv\/files\/2026\/02\/FOK-francia-400x52.gif\" alt=\"\" width=\"900\" height=\"118\" srcset=\"https:\/\/semmelweis.hu\/szaknyelv\/files\/2026\/02\/FOK-francia-400x52.gif 400w, https:\/\/semmelweis.hu\/szaknyelv\/files\/2026\/02\/FOK-francia-768x101.gif 768w, https:\/\/semmelweis.hu\/szaknyelv\/files\/2026\/02\/FOK-francia-753x99.gif 753w\" sizes=\"auto, (max-width: 900px) 100vw, 900px\" \/><\/a><\/p>\n<\/div>\n<\/div>\n<div class=\"exp-col-content-holder\"><a class=\"expand-cnt-link\" href=\"#\">Spanyol<\/a><\/p>\n<div class=\"hidden-content\">\n<p class=\"hiddenContentp\"><a href=\"https:\/\/semmelweis.hu\/szaknyelv\/files\/2026\/01\/fok-spanyol.png\"><img loading=\"lazy\" decoding=\"async\" class=\"aligncenter wp-image-15532\" src=\"https:\/\/semmelweis.hu\/szaknyelv\/files\/2026\/01\/fok-spanyol-400x53.png\" alt=\"\" width=\"900\" height=\"119\" srcset=\"https:\/\/semmelweis.hu\/szaknyelv\/files\/2026\/01\/fok-spanyol-400x53.png 400w, https:\/\/semmelweis.hu\/szaknyelv\/files\/2026\/01\/fok-spanyol-768x102.png 768w, https:\/\/semmelweis.hu\/szaknyelv\/files\/2026\/01\/fok-spanyol-753x100.png 753w, https:\/\/semmelweis.hu\/szaknyelv\/files\/2026\/01\/fok-spanyol.png 907w\" sizes=\"auto, (max-width: 900px) 100vw, 900px\" \/><\/a><\/p>\n<\/div>\n<\/div>\n<div class=\"exp-col-content-holder\"><a class=\"expand-cnt-link\" href=\"#\">Olasz<\/a><\/p>\n<div class=\"hidden-content\">\n<p class=\"hiddenContentp\"><a href=\"https:\/\/semmelweis.hu\/szaknyelv\/files\/2026\/01\/fok-olasz.png\"><img loading=\"lazy\" decoding=\"async\" class=\"aligncenter wp-image-15530\" src=\"https:\/\/semmelweis.hu\/szaknyelv\/files\/2026\/01\/fok-olasz-400x41.png\" alt=\"\" width=\"900\" height=\"92\" srcset=\"https:\/\/semmelweis.hu\/szaknyelv\/files\/2026\/01\/fok-olasz-400x41.png 400w, https:\/\/semmelweis.hu\/szaknyelv\/files\/2026\/01\/fok-olasz-768x79.png 768w, https:\/\/semmelweis.hu\/szaknyelv\/files\/2026\/01\/fok-olasz-753x77.png 753w, https:\/\/semmelweis.hu\/szaknyelv\/files\/2026\/01\/fok-olasz.png 907w\" sizes=\"auto, (max-width: 900px) 100vw, 900px\" \/><\/a><\/p>\n<\/div>\n<\/div>\n<div>\n<div class=\"exp-col-content-holder\"><a class=\"expand-cnt-link\" href=\"#\">Orosz<\/a><\/p>\n<div class=\"hidden-content\">\n<p class=\"hiddenContentp\"><a href=\"https:\/\/semmelweis.hu\/szaknyelv\/files\/2026\/02\/FOK-olasz.gif\"><img loading=\"lazy\" decoding=\"async\" class=\"aligncenter wp-image-15701\" src=\"https:\/\/semmelweis.hu\/szaknyelv\/files\/2026\/02\/FOK-olasz-400x41.gif\" alt=\"\" width=\"900\" height=\"91\" srcset=\"https:\/\/semmelweis.hu\/szaknyelv\/files\/2026\/02\/FOK-olasz-400x41.gif 400w, https:\/\/semmelweis.hu\/szaknyelv\/files\/2026\/02\/FOK-olasz-768x78.gif 768w, https:\/\/semmelweis.hu\/szaknyelv\/files\/2026\/02\/FOK-olasz-753x76.gif 753w\" sizes=\"auto, (max-width: 900px) 100vw, 900px\" \/><\/a><\/p>\n<\/div>\n<\/div>\n<\/div>\n<\/div>\n<\/div>\n<\/div>\n<\/div>\n<div class=\"exp-col-content-holder\"><a class=\"expand-cnt-link\" href=\"#\">GYTK<\/a><\/p>\n<div class=\"hidden-content\">\n<div class=\"exp-col-content-holder\"><a class=\"expand-cnt-link\" href=\"#\">Terminol\u00f3gia<\/a><\/p>\n<div class=\"hidden-content\">\n<p class=\"hiddenContentp\"><a href=\"https:\/\/semmelweis.hu\/szaknyelv\/files\/2026\/01\/fok-termin.png\"><img loading=\"lazy\" decoding=\"async\" class=\"aligncenter wp-image-15533\" src=\"https:\/\/semmelweis.hu\/szaknyelv\/files\/2026\/01\/fok-termin-400x24.png\" alt=\"\" width=\"900\" height=\"55\" srcset=\"https:\/\/semmelweis.hu\/szaknyelv\/files\/2026\/01\/fok-termin-400x24.png 400w, https:\/\/semmelweis.hu\/szaknyelv\/files\/2026\/01\/fok-termin-768x47.png 768w, https:\/\/semmelweis.hu\/szaknyelv\/files\/2026\/01\/fok-termin-753x46.png 753w, https:\/\/semmelweis.hu\/szaknyelv\/files\/2026\/01\/fok-termin.png 907w\" sizes=\"auto, (max-width: 900px) 100vw, 900px\" \/><\/a><\/p>\n<\/div>\n<\/div>\n<div>\n<div class=\"exp-col-content-holder\"><a class=\"expand-cnt-link\" href=\"#\">Angol<\/a><\/p>\n<div class=\"hidden-content\">\n<p class=\"hiddenContentp\"><a href=\"https:\/\/semmelweis.hu\/szaknyelv\/files\/2026\/02\/gytk-angol.png\"><img loading=\"lazy\" decoding=\"async\" class=\"aligncenter wp-image-15634\" src=\"https:\/\/semmelweis.hu\/szaknyelv\/files\/2026\/02\/gytk-angol-400x41.png\" alt=\"\" width=\"900\" height=\"91\" srcset=\"https:\/\/semmelweis.hu\/szaknyelv\/files\/2026\/02\/gytk-angol-400x41.png 400w, https:\/\/semmelweis.hu\/szaknyelv\/files\/2026\/02\/gytk-angol-768x78.png 768w, https:\/\/semmelweis.hu\/szaknyelv\/files\/2026\/02\/gytk-angol-753x76.png 753w, https:\/\/semmelweis.hu\/szaknyelv\/files\/2026\/02\/gytk-angol.png 945w\" sizes=\"auto, (max-width: 900px) 100vw, 900px\" \/><\/a><\/p>\n<\/div>\n<\/div>\n<div class=\"exp-col-content-holder\"><a class=\"expand-cnt-link\" href=\"#\">N\u00e9met<\/a><\/p>\n<div class=\"hidden-content\">\n<p class=\"hiddenContentp\"><a href=\"https:\/\/semmelweis.hu\/szaknyelv\/files\/2026\/02\/GYTK-nemet.gif\"><img loading=\"lazy\" decoding=\"async\" class=\"aligncenter wp-image-15703\" src=\"https:\/\/semmelweis.hu\/szaknyelv\/files\/2026\/02\/GYTK-nemet-400x90.gif\" alt=\"\" width=\"900\" height=\"202\" srcset=\"https:\/\/semmelweis.hu\/szaknyelv\/files\/2026\/02\/GYTK-nemet-400x90.gif 400w, https:\/\/semmelweis.hu\/szaknyelv\/files\/2026\/02\/GYTK-nemet-768x172.gif 768w, https:\/\/semmelweis.hu\/szaknyelv\/files\/2026\/02\/GYTK-nemet-753x169.gif 753w\" sizes=\"auto, (max-width: 900px) 100vw, 900px\" \/><\/a><\/p>\n<\/div>\n<\/div>\n<div>\n<div class=\"exp-col-content-holder\"><a class=\"expand-cnt-link\" href=\"#\">Francia<\/a><\/p>\n<div class=\"hidden-content\">\n<p class=\"hiddenContentp\"><a href=\"https:\/\/semmelweis.hu\/szaknyelv\/files\/2026\/02\/FOK-francia.gif\"><img loading=\"lazy\" decoding=\"async\" class=\"aligncenter wp-image-15699\" src=\"https:\/\/semmelweis.hu\/szaknyelv\/files\/2026\/02\/FOK-francia-400x52.gif\" alt=\"\" width=\"900\" height=\"118\" srcset=\"https:\/\/semmelweis.hu\/szaknyelv\/files\/2026\/02\/FOK-francia-400x52.gif 400w, https:\/\/semmelweis.hu\/szaknyelv\/files\/2026\/02\/FOK-francia-768x101.gif 768w, https:\/\/semmelweis.hu\/szaknyelv\/files\/2026\/02\/FOK-francia-753x99.gif 753w\" sizes=\"auto, (max-width: 900px) 100vw, 900px\" \/><\/a><\/p>\n<\/div>\n<\/div>\n<div>\n<div class=\"exp-col-content-holder\"><a class=\"expand-cnt-link\" href=\"#\">Spanyol<\/a><\/p>\n<div class=\"hidden-content\">\n<p class=\"hiddenContentp\"><a href=\"https:\/\/semmelweis.hu\/szaknyelv\/files\/2026\/01\/gytk-spanyol.png\"><img loading=\"lazy\" decoding=\"async\" class=\"aligncenter wp-image-15539\" src=\"https:\/\/semmelweis.hu\/szaknyelv\/files\/2026\/01\/gytk-spanyol-400x52.png\" alt=\"\" width=\"900\" height=\"117\" srcset=\"https:\/\/semmelweis.hu\/szaknyelv\/files\/2026\/01\/gytk-spanyol-400x52.png 400w, https:\/\/semmelweis.hu\/szaknyelv\/files\/2026\/01\/gytk-spanyol-768x100.png 768w, https:\/\/semmelweis.hu\/szaknyelv\/files\/2026\/01\/gytk-spanyol-753x98.png 753w, https:\/\/semmelweis.hu\/szaknyelv\/files\/2026\/01\/gytk-spanyol.png 907w\" sizes=\"auto, (max-width: 900px) 100vw, 900px\" \/><\/a><\/p>\n<\/div>\n<\/div>\n<div class=\"exp-col-content-holder\"><a class=\"expand-cnt-link\" href=\"#\">Olasz<\/a><\/p>\n<div class=\"hidden-content\">\n<p class=\"hiddenContentp\"><a href=\"https:\/\/semmelweis.hu\/szaknyelv\/files\/2026\/02\/GYTK-olasz.gif\"><img loading=\"lazy\" decoding=\"async\" class=\"aligncenter wp-image-15704\" src=\"https:\/\/semmelweis.hu\/szaknyelv\/files\/2026\/02\/GYTK-olasz-400x41.gif\" alt=\"\" width=\"900\" height=\"93\" srcset=\"https:\/\/semmelweis.hu\/szaknyelv\/files\/2026\/02\/GYTK-olasz-400x41.gif 400w, https:\/\/semmelweis.hu\/szaknyelv\/files\/2026\/02\/GYTK-olasz-768x80.gif 768w, https:\/\/semmelweis.hu\/szaknyelv\/files\/2026\/02\/GYTK-olasz-753x78.gif 753w\" sizes=\"auto, (max-width: 900px) 100vw, 900px\" \/><\/a><\/p>\n<\/div>\n<\/div>\n<div>\n<div class=\"exp-col-content-holder\"><a class=\"expand-cnt-link\" href=\"#\">Orosz<\/a><\/p>\n<div class=\"hidden-content\">\n<p class=\"hiddenContentp\"><a href=\"https:\/\/semmelweis.hu\/szaknyelv\/files\/2026\/01\/gytk-orosz.png\"><img loading=\"lazy\" decoding=\"async\" class=\"aligncenter wp-image-15538\" src=\"https:\/\/semmelweis.hu\/szaknyelv\/files\/2026\/01\/gytk-orosz-400x30.png\" alt=\"\" width=\"900\" height=\"66\" srcset=\"https:\/\/semmelweis.hu\/szaknyelv\/files\/2026\/01\/gytk-orosz-400x30.png 400w, https:\/\/semmelweis.hu\/szaknyelv\/files\/2026\/01\/gytk-orosz-768x57.png 768w, https:\/\/semmelweis.hu\/szaknyelv\/files\/2026\/01\/gytk-orosz-753x56.png 753w, https:\/\/semmelweis.hu\/szaknyelv\/files\/2026\/01\/gytk-orosz.png 907w\" sizes=\"auto, (max-width: 900px) 100vw, 900px\" \/><\/a><\/p>\n<\/div>\n<\/div>\n<\/div>\n<\/div>\n<\/div>\n<\/div>\n<\/div>\n<\/div>\n<p><img loading=\"lazy\" decoding=\"async\" class=\"aligncenter wp-image-15570 size-large\" src=\"https:\/\/semmelweis.hu\/szaknyelv\/files\/2026\/01\/1.-Elonyelvi-kurzusok-25_26_2-576x1024.png\" alt=\"\" width=\"576\" height=\"1024\" srcset=\"https:\/\/semmelweis.hu\/szaknyelv\/files\/2026\/01\/1.-Elonyelvi-kurzusok-25_26_2-576x1024.png 576w, https:\/\/semmelweis.hu\/szaknyelv\/files\/2026\/01\/1.-Elonyelvi-kurzusok-25_26_2-225x400.png 225w, https:\/\/semmelweis.hu\/szaknyelv\/files\/2026\/01\/1.-Elonyelvi-kurzusok-25_26_2-768x1365.png 768w, https:\/\/semmelweis.hu\/szaknyelv\/files\/2026\/01\/1.-Elonyelvi-kurzusok-25_26_2-864x1536.png 864w, https:\/\/semmelweis.hu\/szaknyelv\/files\/2026\/01\/1.-Elonyelvi-kurzusok-25_26_2-753x1339.png 753w, https:\/\/semmelweis.hu\/szaknyelv\/files\/2026\/01\/1.-Elonyelvi-kurzusok-25_26_2.png 1080w\" sizes=\"auto, (max-width: 576px) 100vw, 576px\" \/><\/p>\n","protected":false},"excerpt":{"rendered":"<p>Magyar hallgat\u00f3k sz\u00e1m\u00e1ra felvehet\u0151 kurzusok <a class=\"expand-cnt-link\" href=\"#\">\u00c1OK<\/a> <a class=\"expand-cnt-link\" href=\"#\">Terminol\u00f3gia<\/a> <a class=\"expand-cnt-link\" href=\"#\">k\u00f6telez\u0151k\u00e9nt elismertethet\u0151 v\u00e1laszthat\u00f3<\/a> <a href=\"https:\/\/semmelweis.hu\/szaknyelv\/files\/2026\/02\/AOK-termi-kotelezo.gif\"><\/a> \u00a0 <a class=\"expand-cnt-link\" href=\"#\">szabadon v\u00e1laszthat\u00f3<\/a> <a href=\"https:\/\/semmelweis.hu\/szaknyelv\/files\/2026\/01\/aok-termin-szabval.png\"><\/a> <a class=\"expand-cnt-link\" href=\"#\">Angol<\/a> <a href=\"https:\/\/semmelweis.hu\/szaknyelv\/files\/2026\/02\/aok-angol-jo.gif\"><\/a> <a class=\"expand-cnt-link\" href=\"#\">N\u00e9met<\/a> <a href=\"https:\/\/semmelweis.hu\/szaknyelv\/files\/2026\/02\/AOK-nemet.gif\"><\/a> <a class=\"expand-cnt-link\" href=\"#\">Francia<\/a> <a href=\"https:\/\/semmelweis.hu\/szaknyelv\/files\/2026\/02\/AOK-francia.gif\"><\/a> <a class=\"expand-cnt-link\" href=\"#\">Spanyol<\/a> <a href=\"https:\/\/semmelweis.hu\/szaknyelv\/files\/2026\/01\/aok-spanyol.png\"><\/a> <a class=\"expand-cnt-link\" href=\"#\">Olasz<\/a> <a href=\"https:\/\/semmelweis.hu\/szaknyelv\/files\/2026\/02\/AOK-olasz.gif\"><\/a> <a class=\"expand-cnt-link\" href=\"#\">Orosz<\/a> <a href=\"https:\/\/semmelweis.hu\/szaknyelv\/files\/2026\/01\/aok-orosz.png\"><\/a> <a class=\"expand-cnt-link\" href=\"#\">Orvosi nyelv<\/a> <a href=\"https:\/\/semmelweis.hu\/szaknyelv\/files\/2026\/01\/aok-termin-szabval.png\"><\/a> <a class=\"expand-cnt-link\" href=\"#\">FOK<\/a> <a class=\"expand-cnt-link\" href=\"#\">Terminol\u00f3gia<\/a> <a href=\"https:\/\/semmelweis.hu\/szaknyelv\/files\/2026\/01\/fok-termin.png\"><\/a> <a class=\"expand-cnt-link\" href=\"#\">Angol<\/a> <a href=\"https:\/\/semmelweis.hu\/szaknyelv\/files\/2026\/02\/fok-angol.png\"><\/a> <a class=\"expand-cnt-link\" href=\"#\">N\u00e9met<\/a> <a href=\"https:\/\/semmelweis.hu\/szaknyelv\/files\/2026\/02\/FOK-nemet.gif\"><\/a> <a class=\"expand-cnt-link\" href=\"#\">Francia<\/a> <a href=\"https:\/\/semmelweis.hu\/szaknyelv\/files\/2026\/02\/FOK-francia.gif\"><\/a> <a class=\"expand-cnt-link\" href=\"#\">Spanyol<\/a> <a href=\"https:\/\/semmelweis.hu\/szaknyelv\/files\/2026\/01\/fok-spanyol.png\"><\/a> <a class=\"expand-cnt-link\" href=\"#\">Olasz<\/a> <a href=\"https:\/\/semmelweis.hu\/szaknyelv\/files\/2026\/01\/fok-olasz.png\"><\/a> <a class=\"expand-cnt-link\" href=\"#\">Orosz<\/a> <a href=\"https:\/\/semmelweis.hu\/szaknyelv\/files\/2026\/02\/FOK-olasz.gif\"><\/a> <a class=\"expand-cnt-link\" href=\"#\">GYTK<\/a> <a class=\"expand-cnt-link\" href=\"#\">Terminol\u00f3gia<\/a> <a href=\"https:\/\/semmelweis.hu\/szaknyelv\/files\/2026\/01\/fok-termin.png\"><\/a> <a class=\"expand-cnt-link\" href=\"#\">Angol<\/a> <a href=\"https:\/\/semmelweis.hu\/szaknyelv\/files\/2026\/02\/gytk-angol.png\"><\/a> <a class=\"expand-cnt-link\" href=\"#\">N\u00e9met<\/a> <a href=\"https:\/\/semmelweis.hu\/szaknyelv\/files\/2026\/02\/GYTK-nemet.gif\"><\/a> <a class=\"expand-cnt-link\" href=\"#\">Francia<\/a> <a href=\"https:\/\/semmelweis.hu\/szaknyelv\/files\/2026\/02\/FOK-francia.gif\"><\/a> <a class=\"expand-cnt-link\" href=\"#\">Spanyol<\/a> <a href=\"https:\/\/semmelweis.hu\/szaknyelv\/files\/2026\/01\/gytk-spanyol.png\"><\/a> <a class=\"expand-cnt-link\" href=\"#\">Olasz<\/a> <a href=\"https:\/\/semmelweis.hu\/szaknyelv\/files\/2026\/02\/GYTK-olasz.gif\"><\/a> <a class=\"expand-cnt-link\" href=\"#\">Orosz<\/a> &hellip;<\/p>\n","protected":false},"author":102166,"featured_media":0,"parent":0,"menu_order":0,"comment_status":"closed","ping_status":"closed","template":"","meta":{"_acf_changed":false,"footnotes":""},"categories":[],"tags":[],"class_list":["post-14760","page","type-page","status-publish","hentry"],"acf":[],"_links":{"self":[{"href":"https:\/\/semmelweis.hu\/szaknyelv\/wp-json\/wp\/v2\/pages\/14760","targetHints":{"allow":["GET"]}}],"collection":[{"href":"https:\/\/semmelweis.hu\/szaknyelv\/wp-json\/wp\/v2\/pages"}],"about":[{"href":"https:\/\/semmelweis.hu\/szaknyelv\/wp-json\/wp\/v2\/types\/page"}],"author":[{"embeddable":true,"href":"https:\/\/semmelweis.hu\/szaknyelv\/wp-json\/wp\/v2\/users\/102166"}],"replies":[{"embeddable":true,"href":"https:\/\/semmelweis.hu\/szaknyelv\/wp-json\/wp\/v2\/comments?post=14760"}],"version-history":[{"count":9,"href":"https:\/\/semmelweis.hu\/szaknyelv\/wp-json\/wp\/v2\/pages\/14760\/revisions"}],"predecessor-version":[{"id":15715,"href":"https:\/\/semmelweis.hu\/szaknyelv\/wp-json\/wp\/v2\/pages\/14760\/revisions\/15715"}],"wp:attachment":[{"href":"https:\/\/semmelweis.hu\/szaknyelv\/wp-json\/wp\/v2\/media?parent=14760"}],"wp:term":[{"taxonomy":"category","embeddable":true,"href":"https:\/\/semmelweis.hu\/szaknyelv\/wp-json\/wp\/v2\/categories?post=14760"},{"taxonomy":"post_tag","embeddable":true,"href":"https:\/\/semmelweis.hu\/szaknyelv\/wp-json\/wp\/v2\/tags?post=14760"}],"curies":[{"name":"wp","href":"https:\/\/api.w.org\/{rel}","templated":true}]}}