{"id":14730,"date":"2025-08-13T22:58:38","date_gmt":"2025-08-13T20:58:38","guid":{"rendered":"https:\/\/semmelweis.hu\/szaknyelv\/?page_id=14730"},"modified":"2025-08-13T22:58:38","modified_gmt":"2025-08-13T20:58:38","slug":"angol-nyelvu-szimulacios-kurzusok","status":"publish","type":"page","link":"https:\/\/semmelweis.hu\/szaknyelv\/rolunk\/tevekenysegeink\/angol-nyelvu-szimulacios-kurzusok\/","title":{"rendered":"Angol nyelv\u0171 szimul\u00e1ci\u00f3s kurzusok"},"content":{"rendered":"<blockquote class=\"wp-embedded-content\" data-secret=\"eDbY4hTsNC\"><p><a href=\"https:\/\/semmelweis.hu\/szaknyelv\/en\/education\/simulation-based-courses\/preparation-course-for-the-osce\/\">Preparation Course for the OSCE<\/a><\/p><\/blockquote>\n<p><iframe loading=\"lazy\" class=\"wp-embedded-content\" sandbox=\"allow-scripts\" security=\"restricted\" style=\"position: absolute; visibility: hidden;\" title=\"&#8220;Preparation Course for the OSCE&#8221; &#8212; Szaknyelvi Int\u00e9zet\" src=\"https:\/\/semmelweis.hu\/szaknyelv\/en\/education\/simulation-based-courses\/preparation-course-for-the-osce\/embed\/#?secret=pvx3qlRO0l#?secret=eDbY4hTsNC\" data-secret=\"eDbY4hTsNC\" width=\"600\" height=\"338\" frameborder=\"0\" marginwidth=\"0\" marginheight=\"0\" scrolling=\"no\"><\/iframe><\/p>\n<blockquote class=\"wp-embedded-content\" data-secret=\"gRHvrM3Ou5\"><p><a href=\"https:\/\/semmelweis.hu\/szaknyelv\/en\/education\/simulation-based-courses\/simulation-based-communication-training-columbia-university\/\">Simulation-Based Communication Training \u2013 Columbia University<\/a><\/p><\/blockquote>\n<p><iframe loading=\"lazy\" class=\"wp-embedded-content\" sandbox=\"allow-scripts\" security=\"restricted\" style=\"position: absolute; visibility: hidden;\" title=\"&#8220;Simulation-Based Communication Training \u2013 Columbia University&#8221; &#8212; Szaknyelvi Int\u00e9zet\" src=\"https:\/\/semmelweis.hu\/szaknyelv\/en\/education\/simulation-based-courses\/simulation-based-communication-training-columbia-university\/embed\/#?secret=6IGYHDlyNo#?secret=gRHvrM3Ou5\" data-secret=\"gRHvrM3Ou5\" width=\"600\" height=\"338\" frameborder=\"0\" marginwidth=\"0\" marginheight=\"0\" scrolling=\"no\"><\/iframe><\/p>\n","protected":false},"excerpt":{"rendered":"<p><a href=\"https:\/\/semmelweis.hu\/szaknyelv\/en\/education\/simulation-based-courses\/preparation-course-for-the-osce\/\">Preparation Course for the OSCE<\/a><\/p>\n<p><a href=\"https:\/\/semmelweis.hu\/szaknyelv\/en\/education\/simulation-based-courses\/simulation-based-communication-training-columbia-university\/\">Simulation-Based Communication Training \u2013 Columbia University<\/a><\/p>\n","protected":false},"author":102166,"featured_media":0,"parent":13812,"menu_order":0,"comment_status":"closed","ping_status":"closed","template":"","meta":{"_acf_changed":false,"footnotes":""},"categories":[],"tags":[],"class_list":["post-14730","page","type-page","status-publish","hentry"],"acf":[],"_links":{"self":[{"href":"https:\/\/semmelweis.hu\/szaknyelv\/wp-json\/wp\/v2\/pages\/14730","targetHints":{"allow":["GET"]}}],"collection":[{"href":"https:\/\/semmelweis.hu\/szaknyelv\/wp-json\/wp\/v2\/pages"}],"about":[{"href":"https:\/\/semmelweis.hu\/szaknyelv\/wp-json\/wp\/v2\/types\/page"}],"author":[{"embeddable":true,"href":"https:\/\/semmelweis.hu\/szaknyelv\/wp-json\/wp\/v2\/users\/102166"}],"replies":[{"embeddable":true,"href":"https:\/\/semmelweis.hu\/szaknyelv\/wp-json\/wp\/v2\/comments?post=14730"}],"version-history":[{"count":1,"href":"https:\/\/semmelweis.hu\/szaknyelv\/wp-json\/wp\/v2\/pages\/14730\/revisions"}],"predecessor-version":[{"id":14731,"href":"https:\/\/semmelweis.hu\/szaknyelv\/wp-json\/wp\/v2\/pages\/14730\/revisions\/14731"}],"up":[{"embeddable":true,"href":"https:\/\/semmelweis.hu\/szaknyelv\/wp-json\/wp\/v2\/pages\/13812"}],"wp:attachment":[{"href":"https:\/\/semmelweis.hu\/szaknyelv\/wp-json\/wp\/v2\/media?parent=14730"}],"wp:term":[{"taxonomy":"category","embeddable":true,"href":"https:\/\/semmelweis.hu\/szaknyelv\/wp-json\/wp\/v2\/categories?post=14730"},{"taxonomy":"post_tag","embeddable":true,"href":"https:\/\/semmelweis.hu\/szaknyelv\/wp-json\/wp\/v2\/tags?post=14730"}],"curies":[{"name":"wp","href":"https:\/\/api.w.org\/{rel}","templated":true}]}}