{"id":14674,"date":"2025-08-08T15:32:25","date_gmt":"2025-08-08T13:32:25","guid":{"rendered":"https:\/\/semmelweis.hu\/szaknyelv\/?page_id=14674"},"modified":"2026-03-03T09:47:48","modified_gmt":"2026-03-03T08:47:48","slug":"aktuelle-kurse","status":"publish","type":"page","link":"https:\/\/semmelweis.hu\/szaknyelv\/de\/extracurriculare-sprachkurse\/aktuelle-kurse\/","title":{"rendered":"Aktuelle Kurse"},"content":{"rendered":"<div class=\"fontos_div\">\n<p>Customer service<br \/>\nE-mail: lsp@semmelweis.hu <br \/>\nAddress: 1091 Budapest \u00dcll\u0151i \u00fat 25.<\/p>\n<\/div>\n<h4><a href=\"https:\/\/semmelweis.hu\/szaknyelv\/files\/2026\/02\/EXT-telc-Medizin-FSP-26-marcius-training.png\"><img loading=\"lazy\" decoding=\"async\" class=\"alignright wp-image-15808 size-medium\" src=\"https:\/\/semmelweis.hu\/szaknyelv\/files\/2026\/02\/EXT-telc-Medizin-FSP-26-marcius-training-225x400.png\" alt=\"\" width=\"225\" height=\"400\" srcset=\"https:\/\/semmelweis.hu\/szaknyelv\/files\/2026\/02\/EXT-telc-Medizin-FSP-26-marcius-training-225x400.png 225w, https:\/\/semmelweis.hu\/szaknyelv\/files\/2026\/02\/EXT-telc-Medizin-FSP-26-marcius-training-576x1024.png 576w, https:\/\/semmelweis.hu\/szaknyelv\/files\/2026\/02\/EXT-telc-Medizin-FSP-26-marcius-training-768x1365.png 768w, https:\/\/semmelweis.hu\/szaknyelv\/files\/2026\/02\/EXT-telc-Medizin-FSP-26-marcius-training-864x1536.png 864w, https:\/\/semmelweis.hu\/szaknyelv\/files\/2026\/02\/EXT-telc-Medizin-FSP-26-marcius-training-753x1339.png 753w, https:\/\/semmelweis.hu\/szaknyelv\/files\/2026\/02\/EXT-telc-Medizin-FSP-26-marcius-training.png 1080w\" sizes=\"auto, (max-width: 225px) 100vw, 225px\" \/><\/a><strong>telc Deutsch B2\u00b7C1 Medizin Fachsprachpr\u00fcfung medical German language exam PREP training\u00a0<\/strong><\/h4>\n<p>Upcoming exam date: 28 March, 2026<br \/>\nA successful exam is necessary for a medical license in German-speaking countries.<\/p>\n<p>Online two-day exam training details:<\/p>\n<p>&#8211; intensive training right before the exam,<br \/>\n&#8211; 100% online,<br \/>\n&#8211; 2 Saturday sessions, 6\u00d745 mins\/session, 12 hours total,<br \/>\n&#8211; on <strong>14 March<\/strong>\u00a0AND <strong>21 March<\/strong>\u00a02026, Saturdays, between 9 AM- 2 PM,<br \/>\n&#8211; B2-C1,<br \/>\n&#8211; fee: HUF 90000,*<br \/>\n&#8211; registration and payment deadline: 12 March, 2026<\/p>\n<p><span data-contrast=\"auto\">Discounts<\/span>: 20% discount for Semmelweis University citizens, 10% discount for Semmelweis Alumni members<br \/>\nMore information: lsp@semmelweis.hu<\/p>\n<p><a href=\"https:\/\/forms.office.com\/e\/zsjMZQLH2n?origin=lprLink\">Registration\u00a0 \u2192<\/a><\/p>\n<hr \/>\n<h4><a href=\"https:\/\/semmelweis.hu\/szaknyelv\/files\/2025\/07\/2025.-summer-courses-4-ENG.png\"><strong><img loading=\"lazy\" decoding=\"async\" class=\"alignright wp-image-15427 size-medium\" src=\"https:\/\/semmelweis.hu\/szaknyelv\/files\/2026\/01\/angol2-283x400.png\" alt=\"\" width=\"283\" height=\"400\" srcset=\"https:\/\/semmelweis.hu\/szaknyelv\/files\/2026\/01\/angol2-283x400.png 283w, https:\/\/semmelweis.hu\/szaknyelv\/files\/2026\/01\/angol2-724x1024.png 724w, https:\/\/semmelweis.hu\/szaknyelv\/files\/2026\/01\/angol2-768x1086.png 768w, https:\/\/semmelweis.hu\/szaknyelv\/files\/2026\/01\/angol2-1086x1536.png 1086w, https:\/\/semmelweis.hu\/szaknyelv\/files\/2026\/01\/angol2-1448x2048.png 1448w, https:\/\/semmelweis.hu\/szaknyelv\/files\/2026\/01\/angol2-753x1065.png 753w, https:\/\/semmelweis.hu\/szaknyelv\/files\/2026\/01\/angol2.png 1587w\" sizes=\"auto, (max-width: 283px) 100vw, 283px\" \/><\/strong><\/a><strong>Physician-patient\/Dentist-patient communication in German\u00a0<\/strong><\/h4>\n<ul>\n<li>communication-focused dental and medical German courses at B2 level,<\/li>\n<li>preparation for the FSP exam,<\/li>\n<li>online classes introducing students to German dental terminology,<\/li>\n<li>practice in written documentation (Anamnese, Kurzarztbrief, etc.),<\/li>\n<li>simulation of the oral exam: doctor\u2013patient and doctor\u2013doctor dialogues,<\/li>\n<li>15 sessions, 2\u00d745 mins\/session (30 hours total)<\/li>\n<li>Mondays and Thursdays, 3 \u20134:30 pm, from 2 February to 23 March 2026<\/li>\n<li>Fee: HUF 180000*<\/li>\n<li>Application and payment deadline: 29 January 2026.<\/li>\n<li><span data-contrast=\"auto\">Discounts<\/span>: 20% discount for Semmelweis University citizens, 10% discount for Semmelweis Alumni members<br \/>\nMore information: lsp@semmelweis.hu<\/li>\n<\/ul>\n<p><a href=\"https:\/\/forms.office.com\/e\/F3irEJpmyu?origin=lprLink\">Registration\u00a0 \u2192<\/a><\/p>\n<hr \/>\n<h4><a href=\"https:\/\/semmelweis.hu\/szaknyelv\/files\/2025\/07\/2025.-summer-courses-4-ENG.png\"><strong><img loading=\"lazy\" decoding=\"async\" class=\"alignright wp-image-15427 size-medium\" src=\"https:\/\/semmelweis.hu\/szaknyelv\/files\/2026\/01\/angol2-283x400.png\" alt=\"\" width=\"283\" height=\"400\" srcset=\"https:\/\/semmelweis.hu\/szaknyelv\/files\/2026\/01\/angol2-283x400.png 283w, https:\/\/semmelweis.hu\/szaknyelv\/files\/2026\/01\/angol2-724x1024.png 724w, https:\/\/semmelweis.hu\/szaknyelv\/files\/2026\/01\/angol2-768x1086.png 768w, https:\/\/semmelweis.hu\/szaknyelv\/files\/2026\/01\/angol2-1086x1536.png 1086w, https:\/\/semmelweis.hu\/szaknyelv\/files\/2026\/01\/angol2-1448x2048.png 1448w, https:\/\/semmelweis.hu\/szaknyelv\/files\/2026\/01\/angol2-753x1065.png 753w, https:\/\/semmelweis.hu\/szaknyelv\/files\/2026\/01\/angol2.png 1587w\" sizes=\"auto, (max-width: 283px) 100vw, 283px\" \/><\/strong><\/a><strong>German grammar consolidation course with a medical and healthcare language focus\u00a0<\/strong><\/h4>\n<ul>\n<li>clear, structured grammar review,<\/li>\n<li>healthcare\/medical examples,<\/li>\n<li>preparation for higher-level (B2\u2013C1) studies,<\/li>\n<li>ideal for learners moving up from A2\u2013B1 level,<\/li>\n<li>6 sessions, 4\u00d745 mins\/session (24 hours total),<\/li>\n<li>Thursdays, 4\u20137.15 pm, from 12 February to 19 March 2026,<\/li>\n<li>Fee: HUF 120000*<\/li>\n<li>Application and payment deadline: 10 February 2026.<\/li>\n<li><span data-contrast=\"auto\">Discounts<\/span>: 20% discount for Semmelweis University citizens, 10% discount for Semmelweis Alumni members<br \/>\nMore information: lsp@semmelweis.hu<\/li>\n<\/ul>\n<p><a href=\"https:\/\/forms.office.com\/e\/F3irEJpmyu?origin=lprLink\">Registration\u00a0 \u2192<\/a><\/p>\n<hr \/>\n<h4><a href=\"https:\/\/semmelweis.hu\/szaknyelv\/files\/2025\/07\/2025.-summer-courses-4-ENG.png\"><strong><img loading=\"lazy\" decoding=\"async\" class=\"alignright wp-image-15475 size-medium\" src=\"https:\/\/semmelweis.hu\/szaknyelv\/files\/2026\/01\/telc-Medizin-FSP-26-januar-training--225x400.png\" alt=\"\" width=\"225\" height=\"400\" srcset=\"https:\/\/semmelweis.hu\/szaknyelv\/files\/2026\/01\/telc-Medizin-FSP-26-januar-training--225x400.png 225w, https:\/\/semmelweis.hu\/szaknyelv\/files\/2026\/01\/telc-Medizin-FSP-26-januar-training--576x1024.png 576w, https:\/\/semmelweis.hu\/szaknyelv\/files\/2026\/01\/telc-Medizin-FSP-26-januar-training--768x1365.png 768w, https:\/\/semmelweis.hu\/szaknyelv\/files\/2026\/01\/telc-Medizin-FSP-26-januar-training--864x1536.png 864w, https:\/\/semmelweis.hu\/szaknyelv\/files\/2026\/01\/telc-Medizin-FSP-26-januar-training--753x1339.png 753w, https:\/\/semmelweis.hu\/szaknyelv\/files\/2026\/01\/telc-Medizin-FSP-26-januar-training-.png 1080w\" sizes=\"auto, (max-width: 225px) 100vw, 225px\" \/><\/strong><\/a><strong>telc Deutsch B2\u00b7C1 Medizin Fachsprachpr\u00fcfung medical German language exam PREP COURSE\u00a0<\/strong><\/h4>\n<p>Upcoming exam date: 14 February, 2025<br \/>\nA successful exam is necessary for a medical license in German-speaking countries.<\/p>\n<p>Online two-day exam training details:<\/p>\n<p>&#8211; intensive training right before the exam,<br \/>\n&#8211; 100% online,<br \/>\n&#8211; 2 Saturday sessions, 6\u00d745 mins\/session, 12 hours total,<br \/>\n&#8211; on 31 January AND 7 February 2026, Saturdays, between 9 AM- 2 PM,<br \/>\n&#8211; B2-C1,<br \/>\n&#8211; fee: HUF 90000,*<br \/>\n&#8211; registration and payment deadline: 30 January, 2026<\/p>\n<p><span data-contrast=\"auto\">Discounts<\/span>: 20% discount for Semmelweis University citizens, 10% discount for Semmelweis Alumni members<br \/>\nMore information: lsp@semmelweis.hu<\/p>\n<p><a href=\"https:\/\/forms.office.com\/e\/zYKSPQih0M?origin=lprLink\">Registration\u00a0 \u2192<\/a><\/p>\n<hr \/>\n<h4><a href=\"https:\/\/semmelweis.hu\/szaknyelv\/files\/2025\/07\/2025.-summer-courses-4-ENG.png\"><strong><img loading=\"lazy\" decoding=\"async\" class=\"alignright wp-image-15427 size-medium\" src=\"https:\/\/semmelweis.hu\/szaknyelv\/files\/2026\/01\/angol2-283x400.png\" alt=\"\" width=\"283\" height=\"400\" srcset=\"https:\/\/semmelweis.hu\/szaknyelv\/files\/2026\/01\/angol2-283x400.png 283w, https:\/\/semmelweis.hu\/szaknyelv\/files\/2026\/01\/angol2-724x1024.png 724w, https:\/\/semmelweis.hu\/szaknyelv\/files\/2026\/01\/angol2-768x1086.png 768w, https:\/\/semmelweis.hu\/szaknyelv\/files\/2026\/01\/angol2-1086x1536.png 1086w, https:\/\/semmelweis.hu\/szaknyelv\/files\/2026\/01\/angol2-1448x2048.png 1448w, https:\/\/semmelweis.hu\/szaknyelv\/files\/2026\/01\/angol2-753x1065.png 753w, https:\/\/semmelweis.hu\/szaknyelv\/files\/2026\/01\/angol2.png 1587w\" sizes=\"auto, (max-width: 283px) 100vw, 283px\" \/><\/strong><\/a><strong>OET English exam preparation course\u00a0<\/strong><\/h4>\n<ul>\n<li>a successful exam helps you obtain a license in English-speaking countries,<\/li>\n<li>with a focus on exam success strategies,<\/li>\n<li>15 sessions, 2\u00d745 mins\/session (30 lessons total),<\/li>\n<li>from 26 January to 27 February 2026, Mondays 8.30-10 am, Wednesdays 10-11.30 am, Fridays 8.30-10 am,<\/li>\n<li>level: B2-C1,<\/li>\n<li>fee: HUF 225,000*<\/li>\n<li>registration and payment deadline: 23 January, 2026.<\/li>\n<li><span data-contrast=\"auto\">Discounts<\/span>: 20% discount for Semmelweis University citizens, 10% discount for Semmelweis Alumni members<\/li>\n<\/ul>\n<p>More information: lsp@semmelweis.hu<\/p>\n<p><a href=\"https:\/\/forms.office.com\/e\/F3irEJpmyu?origin=lprLink\">Registration\u00a0 \u2192<\/a><\/p>\n<hr \/>\n<h4><a href=\"https:\/\/semmelweis.hu\/szaknyelv\/files\/2025\/07\/2025.-summer-courses-4-ENG.png\"><strong><img loading=\"lazy\" decoding=\"async\" class=\"alignright wp-image-15427 size-medium\" src=\"https:\/\/semmelweis.hu\/szaknyelv\/files\/2026\/01\/angol2-283x400.png\" alt=\"\" width=\"283\" height=\"400\" srcset=\"https:\/\/semmelweis.hu\/szaknyelv\/files\/2026\/01\/angol2-283x400.png 283w, https:\/\/semmelweis.hu\/szaknyelv\/files\/2026\/01\/angol2-724x1024.png 724w, https:\/\/semmelweis.hu\/szaknyelv\/files\/2026\/01\/angol2-768x1086.png 768w, https:\/\/semmelweis.hu\/szaknyelv\/files\/2026\/01\/angol2-1086x1536.png 1086w, https:\/\/semmelweis.hu\/szaknyelv\/files\/2026\/01\/angol2-1448x2048.png 1448w, https:\/\/semmelweis.hu\/szaknyelv\/files\/2026\/01\/angol2-753x1065.png 753w, https:\/\/semmelweis.hu\/szaknyelv\/files\/2026\/01\/angol2.png 1587w\" sizes=\"auto, (max-width: 283px) 100vw, 283px\" \/><\/strong><\/a><strong>german for Healthcare settings\u00a0<\/strong><\/h4>\n<p><strong>Course aims<\/strong><\/p>\n<ul>\n<li>introduce the key terminology of major medical fields,<\/li>\n<li>strengthen grammar through medically relevant vocabulary,<\/li>\n<li>develop professional communication and documentation skills.<\/li>\n<\/ul>\n<p><strong>Who is this course for?<\/strong><\/p>\n<ul>\n<li>learners who want to acquire or refresh their knowledge of healthcare-specific language,<\/li>\n<li>prospective or current students of our postgraduate Medical interpreter and translator program who wish to prepare effectively and strengthen their healthcare language skills at an accelerated pace.<\/li>\n<\/ul>\n<p><span data-contrast=\"auto\">10 sessions, 4\u00d745 mins\/session (40 hours total)<br \/>\nTuesdays, 8:00\u201311:15 am, from 17 February to 21 April 2026<br \/>\nFee: HUF 240,000*<br \/>\nApplication and payment deadline: 16 February 2026<br \/>\nDiscounts: 20% discount for Semmelweis University citizens, 10% discount for Semmelweis Alumni members<\/span>More information: lsp@semmelweis.hu<\/p>\n<p><a href=\"https:\/\/forms.office.com\/e\/F3irEJpmyu?origin=lprLink\">Registration\u00a0 \u2192<\/a><\/p>\n<hr \/>\n<h4><a href=\"https:\/\/semmelweis.hu\/szaknyelv\/files\/2025\/07\/2025.-summer-courses-4-ENG.png\"><strong><img loading=\"lazy\" decoding=\"async\" class=\"alignright wp-image-15427 size-medium\" src=\"https:\/\/semmelweis.hu\/szaknyelv\/files\/2026\/01\/angol2-283x400.png\" alt=\"\" width=\"283\" height=\"400\" srcset=\"https:\/\/semmelweis.hu\/szaknyelv\/files\/2026\/01\/angol2-283x400.png 283w, https:\/\/semmelweis.hu\/szaknyelv\/files\/2026\/01\/angol2-724x1024.png 724w, https:\/\/semmelweis.hu\/szaknyelv\/files\/2026\/01\/angol2-768x1086.png 768w, https:\/\/semmelweis.hu\/szaknyelv\/files\/2026\/01\/angol2-1086x1536.png 1086w, https:\/\/semmelweis.hu\/szaknyelv\/files\/2026\/01\/angol2-1448x2048.png 1448w, https:\/\/semmelweis.hu\/szaknyelv\/files\/2026\/01\/angol2-753x1065.png 753w, https:\/\/semmelweis.hu\/szaknyelv\/files\/2026\/01\/angol2.png 1587w\" sizes=\"auto, (max-width: 283px) 100vw, 283px\" \/><\/strong><\/a><strong>English for Healthcare settings\u00a0<\/strong><\/h4>\n<p><strong>Course aims<\/strong><\/p>\n<ul>\n<li>introduce the key terminology of major medical fields,<\/li>\n<li>strengthen grammar through medically relevant vocabulary,<\/li>\n<li>develop professional communication and documentation skills.<\/li>\n<\/ul>\n<p><strong>Who is this course for?<\/strong><\/p>\n<ul>\n<li>learners who want to acquire or refresh their knowledge of healthcare-specific language,<\/li>\n<li>prospective or current students of our postgraduate Medical interpreter and translator program who wish to prepare effectively and strengthen their healthcare language skills at an accelerated pace.<\/li>\n<\/ul>\n<p><span data-contrast=\"auto\">10 sessions, 4\u00d745 mins\/session (40 hours total)<br \/>\nWednesdays, 5\u20138:15 pm, from 28 January to 1 April 2026<br \/>\nFee: HUF 240,000*<br \/>\nApplication and payment deadline: 27 January 2026<br \/>\n<\/span><span data-contrast=\"auto\">Discounts: 20% discount for Semmelweis University citizens, 10% discount for Semmelweis Alumni members<\/span>More information: lsp@semmelweis.hu<\/p>\n<p><a href=\"https:\/\/forms.office.com\/e\/F3irEJpmyu?origin=lprLink\">Registration\u00a0 \u2192<\/a><\/p>\n<hr \/>\n<h4><a href=\"https:\/\/semmelweis.hu\/szaknyelv\/files\/2025\/07\/2025.-summer-courses-4-ENG.png\"><strong><img loading=\"lazy\" decoding=\"async\" class=\"alignright wp-image-14966 size-medium\" src=\"https:\/\/semmelweis.hu\/szaknyelv\/files\/2025\/09\/Residency-exam-flyer-283x400.png\" alt=\"\" width=\"283\" height=\"400\" srcset=\"https:\/\/semmelweis.hu\/szaknyelv\/files\/2025\/09\/Residency-exam-flyer-283x400.png 283w, https:\/\/semmelweis.hu\/szaknyelv\/files\/2025\/09\/Residency-exam-flyer-724x1024.png 724w, https:\/\/semmelweis.hu\/szaknyelv\/files\/2025\/09\/Residency-exam-flyer-768x1086.png 768w, https:\/\/semmelweis.hu\/szaknyelv\/files\/2025\/09\/Residency-exam-flyer-1086x1536.png 1086w, https:\/\/semmelweis.hu\/szaknyelv\/files\/2025\/09\/Residency-exam-flyer-1448x2048.png 1448w, https:\/\/semmelweis.hu\/szaknyelv\/files\/2025\/09\/Residency-exam-flyer-753x1065.png 753w, https:\/\/semmelweis.hu\/szaknyelv\/files\/2025\/09\/Residency-exam-flyer.png 1587w\" sizes=\"auto, (max-width: 283px) 100vw, 283px\" \/><\/strong><\/a><strong>Medical hungarian language examination <br \/>\n<\/strong><strong>for the residency program <\/strong><strong>\u00a0<\/strong><\/h4>\n<p><span data-contrast=\"auto\">100% online<br \/>\n5 occasions (2\u00d745 mins\/occasion, altogether 10 classes)<br \/>\n<\/span><span data-contrast=\"auto\">Dates: <br \/>\n<\/span><span data-contrast=\"auto\">&#8211; 3 October, <br \/>\n<\/span><span data-contrast=\"auto\">&#8211; 10 October, <br \/>\n<\/span><span data-contrast=\"auto\">&#8211; 17 October, <br \/>\n<\/span><span data-contrast=\"auto\">&#8211; 7 November, <br \/>\n<\/span><span data-contrast=\"auto\">&#8211; 14 November between 6 PM-7.30 PM<br \/>\nFee: 80.000 Ft<br \/>\nApplication and payment deadline: 29 September 2025<\/span><span class=\"text-format-content \">\u00a0<\/span><br \/>\nMore information: lsp@semmelweis.hu or <a href=\"https:\/\/semmelweis.hu\/szaknyelv\/en\/exams\/exams-for-specific-purposes-to-students\/medical-hungarian-language-examination-for-the-residency-program\/course-information\/\">here<\/a><\/p>\n<p><a href=\"https:\/\/forms.office.com\/pages\/responsepage.aspx?id=uJCuuvE5TUOrpmTr1YljV2V1plreY9dNomxiS3ym4_pUQkVPQUpaWURZRzNESjMxMkpVQUlNWUoxRS4u&amp;origin=lprLink&amp;route=shorturl\">Registration\u00a0 \u2192<\/a><\/p>\n<hr \/>\n<h4><a href=\"https:\/\/semmelweis.hu\/szaknyelv\/files\/2025\/07\/2025.-summer-courses-4-ENG.png\"><strong><img loading=\"lazy\" decoding=\"async\" class=\"alignright wp-image-14510 size-medium\" src=\"https:\/\/semmelweis.hu\/szaknyelv\/files\/2025\/07\/2025.-summer-courses-4-ENG-283x400.png\" alt=\"\" width=\"283\" height=\"400\" srcset=\"https:\/\/semmelweis.hu\/szaknyelv\/files\/2025\/07\/2025.-summer-courses-4-ENG-283x400.png 283w, https:\/\/semmelweis.hu\/szaknyelv\/files\/2025\/07\/2025.-summer-courses-4-ENG-724x1024.png 724w, https:\/\/semmelweis.hu\/szaknyelv\/files\/2025\/07\/2025.-summer-courses-4-ENG-768x1086.png 768w, https:\/\/semmelweis.hu\/szaknyelv\/files\/2025\/07\/2025.-summer-courses-4-ENG-1086x1536.png 1086w, https:\/\/semmelweis.hu\/szaknyelv\/files\/2025\/07\/2025.-summer-courses-4-ENG-1448x2048.png 1448w, https:\/\/semmelweis.hu\/szaknyelv\/files\/2025\/07\/2025.-summer-courses-4-ENG-753x1065.png 753w, https:\/\/semmelweis.hu\/szaknyelv\/files\/2025\/07\/2025.-summer-courses-4-ENG.png 1587w\" sizes=\"auto, (max-width: 283px) 100vw, 283px\" \/><\/strong><\/a><strong>telc Deutsch B2-C1 Medizin Fachsprachpr\u00fcfung medical German exam prep course\u00a0<\/strong><\/h4>\n<p><span data-contrast=\"auto\">Start of the course<\/span>: <span class=\"text-format-content \">26 August 2025 <\/span><br \/>\n<span data-contrast=\"auto\">End of the course<\/span>: <span class=\"text-format-content \">28 October 2025 <\/span><br \/>\nRegistration and payment deadline: <span class=\"text-format-content \">24 August 2025<\/span><br \/>\n<span data-contrast=\"auto\">Days of the course<\/span>: <span class=\"text-format-content \">Tuesday and Thursdays<\/span><br \/>\nExact time: 1<span class=\"text-format-content \">7-18.30 PM<\/span><br \/>\n<span data-contrast=\"auto\">Classes per occasion<\/span>: <span class=\"text-format-content \">2&#215;45 minutes <\/span><br \/>\n<span data-contrast=\"auto\">Number of total classes<\/span>:\u00a0<span class=\"text-format-content \">40&#215;45 minutes <\/span><br \/>\n<span data-contrast=\"auto\">Input requirement<\/span>: B2-C1<br \/>\nCourse fee: <span class=\"text-format-content \">300.000 HUF\u00a0<\/span><br \/>\n<span data-contrast=\"auto\">Discounts<\/span>: 20% discount for Semmelweis University citizens, 10% discount for Semmelweis Alumni members<br \/>\nMore information: lsp@semmelweis.hu<\/p>\n<p><a href=\"https:\/\/forms.office.com\/e\/Jahrpjq1iX?origin=lprLink\">Registration\u00a0 \u2192<\/a><\/p>\n<hr \/>\n<h4><a href=\"https:\/\/semmelweis.hu\/szaknyelv\/files\/2025\/07\/2025.-summer-courses-4-ENG.png\"><strong><img loading=\"lazy\" decoding=\"async\" class=\"alignright wp-image-14510 size-medium\" src=\"https:\/\/semmelweis.hu\/szaknyelv\/files\/2025\/07\/2025.-summer-courses-4-ENG-283x400.png\" alt=\"\" width=\"283\" height=\"400\" srcset=\"https:\/\/semmelweis.hu\/szaknyelv\/files\/2025\/07\/2025.-summer-courses-4-ENG-283x400.png 283w, https:\/\/semmelweis.hu\/szaknyelv\/files\/2025\/07\/2025.-summer-courses-4-ENG-724x1024.png 724w, https:\/\/semmelweis.hu\/szaknyelv\/files\/2025\/07\/2025.-summer-courses-4-ENG-768x1086.png 768w, https:\/\/semmelweis.hu\/szaknyelv\/files\/2025\/07\/2025.-summer-courses-4-ENG-1086x1536.png 1086w, https:\/\/semmelweis.hu\/szaknyelv\/files\/2025\/07\/2025.-summer-courses-4-ENG-1448x2048.png 1448w, https:\/\/semmelweis.hu\/szaknyelv\/files\/2025\/07\/2025.-summer-courses-4-ENG-753x1065.png 753w, https:\/\/semmelweis.hu\/szaknyelv\/files\/2025\/07\/2025.-summer-courses-4-ENG.png 1587w\" sizes=\"auto, (max-width: 283px) 100vw, 283px\" \/><\/strong><\/a><strong>summer catch-up Hungarian course for Medical Purposes\u00a0<\/strong><\/h4>\n<p><span data-contrast=\"auto\">Start of the course<\/span>: <span class=\"text-format-content \">15th July\u00a02025 <\/span><br \/>\n<span data-contrast=\"auto\">End of the course<\/span>: <span class=\"text-format-content \">28th August 2025 <\/span><br \/>\nRegistration and payment deadline: <span class=\"text-format-content \">10 July 2025<\/span><br \/>\n<span data-contrast=\"auto\">Days of the course<\/span>: <span class=\"text-format-content \">Tuesday and Thursdays<\/span><br \/>\nExact time:\u00a0<span class=\"text-format-content \">8-9.30 AM<\/span><br \/>\n<span data-contrast=\"auto\">Classes per occasion<\/span>: <span class=\"text-format-content \">2&#215;45 minutes <\/span><br \/>\n<span data-contrast=\"auto\">Number of total classes<\/span>:\u00a0<span class=\"text-format-content \">24&#215;45 minutes <\/span><br \/>\n<span data-contrast=\"auto\">Input requirement<\/span>: <span class=\"text-format-content \">A2-B1<\/span><br \/>\nCourse fee: <span class=\"text-format-content \">108.000 HUF\u00a0 <\/span><br \/>\n<span data-contrast=\"auto\">Discounts<\/span>: 20% discount for Semmelweis University citizens, 10% discount for Semmelweis Alumni members<br \/>\nMore information: lsp@semmelweis.hu<\/p>\n<p><a href=\"https:\/\/l.facebook.com\/l.php?u=https%3A%2F%2Fforms.office.com%2Fe%2FZiH4tHSZdS%3Forigin%3DlprLink%26fbclid%3DIwZXh0bgNhZW0CMTAAYnJpZBEwN0UyTkFXaXhzbHNoVkRpMgEelwBtYn7xtg6Vvixvk8sBz8ljXVkpn43rQ3eYMSdd3WeSLPIagkzJ9zYfPGQ_aem_Lwl-eXw16ZwVGQkF1ikV_Q&amp;h=AT1dN5qyyxm0pURSSEDtNeevXO8HFiYcc3SU08Lf89eKTK--bp0SuaU7WKRnibiUMFbuyCD6uihnC2o2BRmhTaV-BW8ABKKafvZMQjax0LtSzSCXNdfyQ4kdeOomijxvMGPo5lArw0sqDaWh&amp;__tn__=-UK*F\">Registration\u00a0 \u2192<\/a><\/p>\n<hr \/>\n<h4><a href=\"https:\/\/semmelweis.hu\/szaknyelv\/files\/2025\/07\/2025.-summer-courses-4-ENG.png\"><strong><img loading=\"lazy\" decoding=\"async\" class=\"alignright wp-image-14510 size-medium\" src=\"https:\/\/semmelweis.hu\/szaknyelv\/files\/2025\/07\/2025.-summer-courses-4-ENG-283x400.png\" alt=\"\" width=\"283\" height=\"400\" srcset=\"https:\/\/semmelweis.hu\/szaknyelv\/files\/2025\/07\/2025.-summer-courses-4-ENG-283x400.png 283w, https:\/\/semmelweis.hu\/szaknyelv\/files\/2025\/07\/2025.-summer-courses-4-ENG-724x1024.png 724w, https:\/\/semmelweis.hu\/szaknyelv\/files\/2025\/07\/2025.-summer-courses-4-ENG-768x1086.png 768w, https:\/\/semmelweis.hu\/szaknyelv\/files\/2025\/07\/2025.-summer-courses-4-ENG-1086x1536.png 1086w, https:\/\/semmelweis.hu\/szaknyelv\/files\/2025\/07\/2025.-summer-courses-4-ENG-1448x2048.png 1448w, https:\/\/semmelweis.hu\/szaknyelv\/files\/2025\/07\/2025.-summer-courses-4-ENG-753x1065.png 753w, https:\/\/semmelweis.hu\/szaknyelv\/files\/2025\/07\/2025.-summer-courses-4-ENG.png 1587w\" sizes=\"auto, (max-width: 283px) 100vw, 283px\" \/><\/strong><\/a><strong>German for Dental purposes\u00a0<\/strong><\/h4>\n<p><span data-contrast=\"auto\">Start of the course<\/span>: <span class=\"text-format-content \">14 July 2025 <\/span><br \/>\n<span data-contrast=\"auto\">End of the course<\/span>: <span class=\"text-format-content \">15 September 2025 <\/span><br \/>\nRegistration and payment deadline: <span class=\"text-format-content \">9 July 2025<\/span><br \/>\n<span data-contrast=\"auto\">Days of the course<\/span>: <span class=\"text-format-content \">every Monday and Friday<\/span><br \/>\nExact time:\u00a0<span class=\"text-format-content \">Monday 3.30-5.45 PM, Friday 3-5.15 PM<\/span><br \/>\n<span data-contrast=\"auto\">Classes per occasion<\/span>: <span class=\"text-format-content \">3&#215;45 minutes <\/span><br \/>\n<span data-contrast=\"auto\">Number of total classes<\/span>:\u00a0<span class=\"text-format-content \">60&#215;45 minutes <\/span><br \/>\n<span data-contrast=\"auto\">Input requirement<\/span>: B2<br \/>\nCourse fee: 24<span class=\"text-format-content \">0.000 HUF\u00a0<\/span><br \/>\n<span data-contrast=\"auto\">Discounts<\/span>: 20% discount for Semmelweis University citizens, 10% discount for Semmelweis Alumni members<br \/>\nMore information: lsp@semmelweis.hu<\/p>\n<p><a href=\"https:\/\/l.facebook.com\/l.php?u=https%3A%2F%2Fforms.office.com%2Fe%2FPEVEifPbW7%3Forigin%3DlprLink%26fbclid%3DIwZXh0bgNhZW0CMTAAYnJpZBEwN0UyTkFXaXhzbHNoVkRpMgEelwBtYn7xtg6Vvixvk8sBz8ljXVkpn43rQ3eYMSdd3WeSLPIagkzJ9zYfPGQ_aem_Lwl-eXw16ZwVGQkF1ikV_Q&amp;h=AT3BwgjzmPmGaBhsouCCROvJZllCkwQbIttSM3q3yWh1irkm8MSsJ4Ii58NRPGsqIUJuNfwiNQ0MWu3QQ9WScTL2pP3emkmRVYwx5I4Y3juucLfh0_d7LvyN_5mQOTdH0EfMxU6IywrtoZWn&amp;__tn__=-UK*F\">Registration\u00a0 \u2192<\/a><\/p>\n<hr \/>\n<h4><strong>\u00a0<\/strong><\/h4>\n","protected":false},"excerpt":{"rendered":"<p>Customer service E-mail: lsp@semmelweis.hu Address: 1091 Budapest \u00dcll\u0151i \u00fat 25. <a href=\"https:\/\/semmelweis.hu\/szaknyelv\/files\/2026\/02\/EXT-telc-Medizin-FSP-26-marcius-training.png\"><\/a> telc Deutsch B2\u00b7C1 Medizin Fachsprachpr\u00fcfung medical German language exam PREP training\u00a0 Upcoming exam date: 28 March, 2026 A successful exam is necessary for a medical license in German-speaking countries. Online two-day exam training details: &#8211; intensive training right before the exam, &#8211; 100% online, &#8211; &hellip;<\/p>\n","protected":false},"author":102166,"featured_media":0,"parent":5672,"menu_order":0,"comment_status":"closed","ping_status":"closed","template":"","meta":{"_acf_changed":false,"footnotes":""},"categories":[],"tags":[],"class_list":["post-14674","page","type-page","status-publish","hentry"],"acf":[],"_links":{"self":[{"href":"https:\/\/semmelweis.hu\/szaknyelv\/wp-json\/wp\/v2\/pages\/14674","targetHints":{"allow":["GET"]}}],"collection":[{"href":"https:\/\/semmelweis.hu\/szaknyelv\/wp-json\/wp\/v2\/pages"}],"about":[{"href":"https:\/\/semmelweis.hu\/szaknyelv\/wp-json\/wp\/v2\/types\/page"}],"author":[{"embeddable":true,"href":"https:\/\/semmelweis.hu\/szaknyelv\/wp-json\/wp\/v2\/users\/102166"}],"replies":[{"embeddable":true,"href":"https:\/\/semmelweis.hu\/szaknyelv\/wp-json\/wp\/v2\/comments?post=14674"}],"version-history":[{"count":10,"href":"https:\/\/semmelweis.hu\/szaknyelv\/wp-json\/wp\/v2\/pages\/14674\/revisions"}],"predecessor-version":[{"id":15812,"href":"https:\/\/semmelweis.hu\/szaknyelv\/wp-json\/wp\/v2\/pages\/14674\/revisions\/15812"}],"up":[{"embeddable":true,"href":"https:\/\/semmelweis.hu\/szaknyelv\/wp-json\/wp\/v2\/pages\/5672"}],"wp:attachment":[{"href":"https:\/\/semmelweis.hu\/szaknyelv\/wp-json\/wp\/v2\/media?parent=14674"}],"wp:term":[{"taxonomy":"category","embeddable":true,"href":"https:\/\/semmelweis.hu\/szaknyelv\/wp-json\/wp\/v2\/categories?post=14674"},{"taxonomy":"post_tag","embeddable":true,"href":"https:\/\/semmelweis.hu\/szaknyelv\/wp-json\/wp\/v2\/tags?post=14674"}],"curies":[{"name":"wp","href":"https:\/\/api.w.org\/{rel}","templated":true}]}}