{"id":14463,"date":"2025-06-18T08:29:58","date_gmt":"2025-06-18T06:29:58","guid":{"rendered":"https:\/\/semmelweis.hu\/szaknyelv\/?page_id=14463"},"modified":"2025-06-18T08:32:11","modified_gmt":"2025-06-18T06:32:11","slug":"impressum","status":"publish","type":"page","link":"https:\/\/semmelweis.hu\/szaknyelv\/en\/impressum\/","title":{"rendered":"Impressum"},"content":{"rendered":"<p><strong>Responsible publisher:<\/strong> Semmelweis University<\/p>\n<p><strong>Unit name:<\/strong> Institute of Languages for Specific Purposes<\/p>\n<p><strong>Unit head:<\/strong> Dr. Katalin Fogarasi PhD<\/p>\n<p><strong>Website editor:<\/strong> Angelika B\u00edr\u00f3-Szab\u00f3, M\u00f3nika Trencs\u00e9nyi<\/p>\n","protected":false},"excerpt":{"rendered":"<p>Responsible publisher: Semmelweis University<br \/>\nUnit name: Institute of Languages for Specific Purposes<br \/>\nUnit head: Dr. Katalin Fogarasi PhD<br \/>\nWebsite editor: Angelika B\u00edr\u00f3-Szab\u00f3, M\u00f3nika Trencs\u00e9nyi<\/p>\n","protected":false},"author":12,"featured_media":0,"parent":0,"menu_order":9,"comment_status":"open","ping_status":"closed","template":"","meta":{"_acf_changed":false,"footnotes":""},"categories":[],"tags":[],"class_list":["post-14463","page","type-page","status-publish","hentry"],"acf":[],"_links":{"self":[{"href":"https:\/\/semmelweis.hu\/szaknyelv\/wp-json\/wp\/v2\/pages\/14463","targetHints":{"allow":["GET"]}}],"collection":[{"href":"https:\/\/semmelweis.hu\/szaknyelv\/wp-json\/wp\/v2\/pages"}],"about":[{"href":"https:\/\/semmelweis.hu\/szaknyelv\/wp-json\/wp\/v2\/types\/page"}],"author":[{"embeddable":true,"href":"https:\/\/semmelweis.hu\/szaknyelv\/wp-json\/wp\/v2\/users\/12"}],"replies":[{"embeddable":true,"href":"https:\/\/semmelweis.hu\/szaknyelv\/wp-json\/wp\/v2\/comments?post=14463"}],"version-history":[{"count":3,"href":"https:\/\/semmelweis.hu\/szaknyelv\/wp-json\/wp\/v2\/pages\/14463\/revisions"}],"predecessor-version":[{"id":14466,"href":"https:\/\/semmelweis.hu\/szaknyelv\/wp-json\/wp\/v2\/pages\/14463\/revisions\/14466"}],"wp:attachment":[{"href":"https:\/\/semmelweis.hu\/szaknyelv\/wp-json\/wp\/v2\/media?parent=14463"}],"wp:term":[{"taxonomy":"category","embeddable":true,"href":"https:\/\/semmelweis.hu\/szaknyelv\/wp-json\/wp\/v2\/categories?post=14463"},{"taxonomy":"post_tag","embeddable":true,"href":"https:\/\/semmelweis.hu\/szaknyelv\/wp-json\/wp\/v2\/tags?post=14463"}],"curies":[{"name":"wp","href":"https:\/\/api.w.org\/{rel}","templated":true}]}}