{"id":14225,"date":"2025-02-28T10:29:26","date_gmt":"2025-02-28T09:29:26","guid":{"rendered":"https:\/\/semmelweis.hu\/szaknyelv\/?page_id=14225"},"modified":"2025-02-28T10:29:26","modified_gmt":"2025-02-28T09:29:26","slug":"magyar-orvosi-nyelv","status":"publish","type":"page","link":"https:\/\/semmelweis.hu\/szaknyelv\/oktatas\/tantargyak\/magyar-orvosi-nyelv\/","title":{"rendered":"Magyar orvosi nyelv"},"content":{"rendered":"<p style=\"text-align: justify\">A magyar orvosi nyelv tant\u00e1rgy az alapvet\u0151 nyelvi k\u00e9rd\u00e9sek mellett minden orvostanhallgat\u00f3nak \u00e9s v\u00e9gzett orvosnak, kutat\u00f3nak is\u00a0gyakorlatk\u00f6zpont\u00fa, a hat\u00e9kony eg\u00e9szs\u00e9g\u00fcgyi kommunik\u00e1ci\u00f3hoz\u00a0sz\u00fcks\u00e9ges ismereteket tan\u00edt. \u0410 Szaknyelvi Int\u00e9zet munkat\u00e1rsai \u00e9s vend\u00e9gel\u0151ad\u00f3k oktatj\u00e1k. A kurzus hallgat\u00f3ja k\u00e9pes lesz:<\/p>\n<ul>\n<li style=\"text-align: justify\">a magyar orvosi nyelvet\u00a0 a leletez\u00e9sben, valamint \u00e9l\u0151sz\u00f3ban az orvos\u2013orvos, orvos \u2013 eg\u00e9szs\u00e9g\u00fcgyi dolgoz\u00f3 \u00e9s orvos\u2013beteg viszonyban a kommunik\u00e1ci\u00f3s helyzetnek megfelel\u0151en \u00e9rthet\u0151en \u00e9s helyesen haszn\u00e1lni;<\/li>\n<li style=\"text-align: justify\">a magyar \u00e9s az eur\u00f3pai orvosi nyelv t\u00f6rt\u00e9net\u00e9nek ismeret\u00e9ben a magyar szaknyelvre gyakorolt idegen nyelvi hat\u00e1sok felismer\u00e9s\u00e9re \u00e9s kik\u00fcsz\u00f6b\u00f6l\u00e9s\u00e9re;<\/li>\n<li style=\"text-align: justify\">a magyar nyelv\u0171 szakdolgozat\u00e1ban sz\u00fcks\u00e9ges nyelvi (helyes\u00edr\u00e1si, stilisztikai) ismereteket alkalmazni;<\/li>\n<li style=\"text-align: justify\">a magyar nyelv\u0171 szakdolgozat\u00e1hoz sz\u00fcks\u00e9ges relev\u00e1ns szakirodalmat adatb\u00e1zisokb\u00f3l megkeresni;<\/li>\n<li style=\"text-align: justify\">a tudom\u00e1nyos fokozatok rendszer\u00e9ben eligazodni.<\/li>\n<\/ul>\n","protected":false},"excerpt":{"rendered":"<p>A magyar orvosi nyelv tant\u00e1rgy az alapvet\u0151 nyelvi k\u00e9rd\u00e9sek mellett minden orvostanhallgat\u00f3nak \u00e9s v\u00e9gzett orvosnak, kutat\u00f3nak is\u00a0gyakorlatk\u00f6zpont\u00fa, a hat\u00e9kony eg\u00e9szs\u00e9g\u00fcgyi kommunik\u00e1ci\u00f3hoz\u00a0sz\u00fcks\u00e9ges ismereteket tan\u00edt. \u0410 Szaknyelvi Int\u00e9zet munkat\u00e1rsai \u00e9s vend\u00e9gel\u0151ad\u00f3k oktatj\u00e1k. A kurzus hallgat\u00f3ja k\u00e9pes lesz: a magyar orvosi nyelvet\u00a0 a leletez\u00e9sben, valamint \u00e9l\u0151sz\u00f3ban az orvos\u2013orvos, orvos \u2013 eg\u00e9szs\u00e9g\u00fcgyi dolgoz\u00f3 \u00e9s orvos\u2013beteg viszonyban a kommunik\u00e1ci\u00f3s helyzetnek &hellip;<\/p>\n","protected":false},"author":102166,"featured_media":0,"parent":4260,"menu_order":0,"comment_status":"closed","ping_status":"closed","template":"","meta":{"_acf_changed":false,"footnotes":""},"categories":[],"tags":[],"class_list":["post-14225","page","type-page","status-publish","hentry"],"acf":[],"_links":{"self":[{"href":"https:\/\/semmelweis.hu\/szaknyelv\/wp-json\/wp\/v2\/pages\/14225","targetHints":{"allow":["GET"]}}],"collection":[{"href":"https:\/\/semmelweis.hu\/szaknyelv\/wp-json\/wp\/v2\/pages"}],"about":[{"href":"https:\/\/semmelweis.hu\/szaknyelv\/wp-json\/wp\/v2\/types\/page"}],"author":[{"embeddable":true,"href":"https:\/\/semmelweis.hu\/szaknyelv\/wp-json\/wp\/v2\/users\/102166"}],"replies":[{"embeddable":true,"href":"https:\/\/semmelweis.hu\/szaknyelv\/wp-json\/wp\/v2\/comments?post=14225"}],"version-history":[{"count":1,"href":"https:\/\/semmelweis.hu\/szaknyelv\/wp-json\/wp\/v2\/pages\/14225\/revisions"}],"predecessor-version":[{"id":14226,"href":"https:\/\/semmelweis.hu\/szaknyelv\/wp-json\/wp\/v2\/pages\/14225\/revisions\/14226"}],"up":[{"embeddable":true,"href":"https:\/\/semmelweis.hu\/szaknyelv\/wp-json\/wp\/v2\/pages\/4260"}],"wp:attachment":[{"href":"https:\/\/semmelweis.hu\/szaknyelv\/wp-json\/wp\/v2\/media?parent=14225"}],"wp:term":[{"taxonomy":"category","embeddable":true,"href":"https:\/\/semmelweis.hu\/szaknyelv\/wp-json\/wp\/v2\/categories?post=14225"},{"taxonomy":"post_tag","embeddable":true,"href":"https:\/\/semmelweis.hu\/szaknyelv\/wp-json\/wp\/v2\/tags?post=14225"}],"curies":[{"name":"wp","href":"https:\/\/api.w.org\/{rel}","templated":true}]}}