{"id":14214,"date":"2025-02-26T14:38:56","date_gmt":"2025-02-26T13:38:56","guid":{"rendered":"https:\/\/semmelweis.hu\/szaknyelv\/?page_id=14214"},"modified":"2025-02-26T14:41:13","modified_gmt":"2025-02-26T13:41:13","slug":"scientific-editor-kepzes","status":"publish","type":"page","link":"https:\/\/semmelweis.hu\/szaknyelv\/oktatas\/temavezetes\/posztgradualis-kepzes\/scientific-editor-kepzes\/","title":{"rendered":"Scientific Editor k\u00e9pz\u00e9s"},"content":{"rendered":"<p><strong>Szakdolgozat (diplomamunka) k\u00f6vetelm\u00e9nyek a Scientific Editor k\u00e9pz\u00e9sen:<\/strong><\/p>\n<p style=\"text-align: justify\">A szakdolgozat, a szak k\u00e9pes\u00edt\u00e9si k\u00f6vetelm\u00e9nyeinek megfelel\u0151, eredm\u00e9ny\u00e9ben \u00edr\u00e1sosan is megjelen\u0151, alkot\u00f3 jelleg\u0171, elm\u00e9leti megalapozotts\u00e1g\u00fa, gyakorlati megk\u00f6zel\u00edt\u00e9st alkalmaz\u00f3 szakmai feladat, amely a hallgat\u00f3 tanulm\u00e1nyaira, a hazai \u00e9s nemzetk\u00f6zi szakirodalomra t\u00e1maszkodva igazolja azt, hogy a jel\u00f6lt k\u00e9pes az elsaj\u00e1t\u00edtott ismeretanyag gyakorlati alkalmaz\u00e1s\u00e1ra, a t\u00e9mak\u00f6r\u00e9be tartoz\u00f3 feladatok kreat\u00edv megold\u00e1s\u00e1ra, \u00f6n\u00e1ll\u00f3 szakmai munka v\u00e9gz\u00e9s\u00e9re.<\/p>\n<p style=\"text-align: justify\"><strong>A szakdolgozat, diplomamunka k\u00f6vetelm\u00e9nyei<\/strong>: a hallgat\u00f3k angol nyelv\u0171, szakmai t\u00e9m\u00e1j\u00fa \u00f6n\u00e1ll\u00f3 kutat\u00e1son alapul\u00f3 szakdolgozatot k\u00e9sz\u00edtenek a 2. f\u00e9l\u00e9vben 15-20 g\u00e9pelt oldal terjedelemben, melyben bizony\u00edtj\u00e1k szaknyelvi, terminol\u00f3giai ismereteiket \u00e9s szerkeszt\u00e9si ismereteiket. A szakdolgozat <strong>k\u00e9t r\u00e9szb\u0151l \u00e1ll<\/strong>: egy tudom\u00e1nyos sz\u00f6veg szerkeszt\u00e9se \u00e9s a sz\u00f6veghez kapcsol\u00f3d\u00f3 szerkeszt\u0151i d\u00f6nt\u00e9sek indokl\u00e1sa.<\/p>\n","protected":false},"excerpt":{"rendered":"<p>Szakdolgozat (diplomamunka) k\u00f6vetelm\u00e9nyek a Scientific Editor k\u00e9pz\u00e9sen: A szakdolgozat, a szak k\u00e9pes\u00edt\u00e9si k\u00f6vetelm\u00e9nyeinek megfelel\u0151, eredm\u00e9ny\u00e9ben \u00edr\u00e1sosan is megjelen\u0151, alkot\u00f3 jelleg\u0171, elm\u00e9leti megalapozotts\u00e1g\u00fa, gyakorlati megk\u00f6zel\u00edt\u00e9st alkalmaz\u00f3 szakmai feladat, amely a hallgat\u00f3 tanulm\u00e1nyaira, a hazai \u00e9s nemzetk\u00f6zi szakirodalomra t\u00e1maszkodva igazolja azt, hogy a jel\u00f6lt k\u00e9pes az elsaj\u00e1t\u00edtott ismeretanyag gyakorlati alkalmaz\u00e1s\u00e1ra, a t\u00e9mak\u00f6r\u00e9be tartoz\u00f3 feladatok kreat\u00edv megold\u00e1s\u00e1ra, \u00f6n\u00e1ll\u00f3 &hellip;<\/p>\n","protected":false},"author":102166,"featured_media":0,"parent":11817,"menu_order":0,"comment_status":"closed","ping_status":"closed","template":"","meta":{"_acf_changed":false,"footnotes":""},"categories":[],"tags":[],"class_list":["post-14214","page","type-page","status-publish","hentry"],"acf":[],"_links":{"self":[{"href":"https:\/\/semmelweis.hu\/szaknyelv\/wp-json\/wp\/v2\/pages\/14214","targetHints":{"allow":["GET"]}}],"collection":[{"href":"https:\/\/semmelweis.hu\/szaknyelv\/wp-json\/wp\/v2\/pages"}],"about":[{"href":"https:\/\/semmelweis.hu\/szaknyelv\/wp-json\/wp\/v2\/types\/page"}],"author":[{"embeddable":true,"href":"https:\/\/semmelweis.hu\/szaknyelv\/wp-json\/wp\/v2\/users\/102166"}],"replies":[{"embeddable":true,"href":"https:\/\/semmelweis.hu\/szaknyelv\/wp-json\/wp\/v2\/comments?post=14214"}],"version-history":[{"count":3,"href":"https:\/\/semmelweis.hu\/szaknyelv\/wp-json\/wp\/v2\/pages\/14214\/revisions"}],"predecessor-version":[{"id":14217,"href":"https:\/\/semmelweis.hu\/szaknyelv\/wp-json\/wp\/v2\/pages\/14214\/revisions\/14217"}],"up":[{"embeddable":true,"href":"https:\/\/semmelweis.hu\/szaknyelv\/wp-json\/wp\/v2\/pages\/11817"}],"wp:attachment":[{"href":"https:\/\/semmelweis.hu\/szaknyelv\/wp-json\/wp\/v2\/media?parent=14214"}],"wp:term":[{"taxonomy":"category","embeddable":true,"href":"https:\/\/semmelweis.hu\/szaknyelv\/wp-json\/wp\/v2\/categories?post=14214"},{"taxonomy":"post_tag","embeddable":true,"href":"https:\/\/semmelweis.hu\/szaknyelv\/wp-json\/wp\/v2\/tags?post=14214"}],"curies":[{"name":"wp","href":"https:\/\/api.w.org\/{rel}","templated":true}]}}