{"id":14142,"date":"2025-02-18T14:54:47","date_gmt":"2025-02-18T13:54:47","guid":{"rendered":"https:\/\/semmelweis.hu\/szaknyelv\/?page_id=14142"},"modified":"2025-02-18T15:05:43","modified_gmt":"2025-02-18T14:05:43","slug":"14142-2","status":"publish","type":"page","link":"https:\/\/semmelweis.hu\/szaknyelv\/14142-2\/","title":{"rendered":""},"content":{"rendered":"<p style=\"text-align: justify\"><strong>Hal\u00e1sz, H. \u2013 Putz, M.<\/strong> (in press): Analysis of the Speech Output of Foreign Medical Students Learning Hungarian Medical Terminology. <em>Semmelweis Medical Linguistics Investigations.<\/em> Peter Lang.<\/p>\n<p style=\"text-align: justify\"><strong>Putz, M.<\/strong> (2023).\u00a0A motiv\u00e1ci\u00f3 szerepe \u00e9s a szigorlati eredm\u00e9nyek &#8211; \u00f6sszef\u00fcgg\u00e9sek, tapasztalatok.\u00a0<em>THL2: A magyar nyelv \u00e9s kult\u00fara tan\u00edt\u00e1s\u00e1nak szakfoly\u00f3irata<\/em>, 1-2, 93-104.<\/p>\n<p style=\"text-align: justify\"><strong>Putz, M.<\/strong> (2023). A motiv\u00e1ci\u00f3 szerepe a \u201eHalad\u00f3 magyar orvosi \u00e9s fogorvosi szaknyelv\u201d kurzuson.\u00a0<em>Porta Lingua<\/em>,\u00a0<em>2<\/em>, 139\u2013148. <br \/>\n<a href=\"https:\/\/doi.org\/10.48040\/pl.2023.2.13\">https:\/\/doi.org\/10.48040\/pl.2023.2.13<\/a><\/p>\n<p style=\"text-align: justify\"><strong>Putz, M.<\/strong> (in press). Motiv\u00e1l\u00f3 t\u00e9nyez\u0151k a magyar fogorvosi szaknyelv tanul\u00e1sa sor\u00e1n. <em>Tud\u00e1smegoszt\u00e1s, inform\u00e1ci\u00f3kezel\u00e9s, alkalmazhat\u00f3s\u00e1g III. Nyelvpedag\u00f3gia.<\/em> Akad\u00e9miai Kiad\u00f3.<\/p>\n<p style=\"text-align: justify\"><strong>Putz, M. \u2013 Gyenes, G.<\/strong> (in press): New Challenges in Teaching Hungarian Dental Language: Insights from Measuring Students\u2019 Attitudes Towards Communication Skills. <em>Semmelweis Medical Linguistics Investigations.<\/em> Peter Lang.<\/p>\n<p style=\"text-align: justify\"><strong>Putz, M.<\/strong> (in press).\u00a0A magyar fogorvosi szaknyelv oktat\u00e1sa \u2013 hogyan tov\u00e1bb?\u00a0<em>Porta Lingua<\/em><\/p>\n","protected":false},"excerpt":{"rendered":"<p>Hal\u00e1sz, H. \u2013 Putz, M. (in press): Analysis of the Speech Output of Foreign Medical Students Learning Hungarian Medical Terminology. Semmelweis Medical Linguistics Investigations. Peter Lang. Putz, M. (2023).\u00a0A motiv\u00e1ci\u00f3 szerepe \u00e9s a szigorlati eredm\u00e9nyek &#8211; \u00f6sszef\u00fcgg\u00e9sek, tapasztalatok.\u00a0THL2: A magyar nyelv \u00e9s kult\u00fara tan\u00edt\u00e1s\u00e1nak szakfoly\u00f3irata, 1-2, 93-104. Putz, M. (2023). A motiv\u00e1ci\u00f3 szerepe a \u201eHalad\u00f3 &hellip;<\/p>\n","protected":false},"author":102166,"featured_media":0,"parent":0,"menu_order":0,"comment_status":"closed","ping_status":"closed","template":"","meta":{"_acf_changed":false,"footnotes":""},"categories":[],"tags":[],"class_list":["post-14142","page","type-page","status-publish","hentry"],"acf":[],"_links":{"self":[{"href":"https:\/\/semmelweis.hu\/szaknyelv\/wp-json\/wp\/v2\/pages\/14142","targetHints":{"allow":["GET"]}}],"collection":[{"href":"https:\/\/semmelweis.hu\/szaknyelv\/wp-json\/wp\/v2\/pages"}],"about":[{"href":"https:\/\/semmelweis.hu\/szaknyelv\/wp-json\/wp\/v2\/types\/page"}],"author":[{"embeddable":true,"href":"https:\/\/semmelweis.hu\/szaknyelv\/wp-json\/wp\/v2\/users\/102166"}],"replies":[{"embeddable":true,"href":"https:\/\/semmelweis.hu\/szaknyelv\/wp-json\/wp\/v2\/comments?post=14142"}],"version-history":[{"count":3,"href":"https:\/\/semmelweis.hu\/szaknyelv\/wp-json\/wp\/v2\/pages\/14142\/revisions"}],"predecessor-version":[{"id":14147,"href":"https:\/\/semmelweis.hu\/szaknyelv\/wp-json\/wp\/v2\/pages\/14142\/revisions\/14147"}],"wp:attachment":[{"href":"https:\/\/semmelweis.hu\/szaknyelv\/wp-json\/wp\/v2\/media?parent=14142"}],"wp:term":[{"taxonomy":"category","embeddable":true,"href":"https:\/\/semmelweis.hu\/szaknyelv\/wp-json\/wp\/v2\/categories?post=14142"},{"taxonomy":"post_tag","embeddable":true,"href":"https:\/\/semmelweis.hu\/szaknyelv\/wp-json\/wp\/v2\/tags?post=14142"}],"curies":[{"name":"wp","href":"https:\/\/api.w.org\/{rel}","templated":true}]}}