{"id":14019,"date":"2025-02-07T17:05:41","date_gmt":"2025-02-07T16:05:41","guid":{"rendered":"https:\/\/semmelweis.hu\/szaknyelv\/?page_id=14019"},"modified":"2025-02-07T17:05:41","modified_gmt":"2025-02-07T16:05:41","slug":"altalanos-nyelvi-zarovizsga-aok-fok-gytk","status":"publish","type":"page","link":"https:\/\/semmelweis.hu\/szaknyelv\/altalanos-nyelvi-zarovizsga-aok-fok-gytk\/","title":{"rendered":"\u00c1ltal\u00e1nos nyelvi z\u00e1r\u00f3vizsga (\u00c1OK, FOK, GYTK)"},"content":{"rendered":"<p style=\"text-align: justify\">Angol nyelv\u0171* <strong><u>\u00e1ltal\u00e1nos<\/u><\/strong> nyelvi z\u00e1r\u00f3vizsga, 0 kredites k\u00f6telez\u0151 <strong>krit\u00e9riumvizsga, amelyet a hallgat\u00f3knak a tanulm\u00e1nyaik sor\u00e1n le kell tennie legk\u00e9s\u0151bb az abszolut\u00f3rium megszerz\u00e9s\u00e9ig, amennyiben nem rendelkeznek a diplom\u00e1hoz sz\u00fcks\u00e9ges min. B2 (k\u00f6z\u00e9pfok\u00fa) komplex nyelvvizsg\u00e1val.<\/strong><\/p>\n<p style=\"text-align: justify\">Akkor sikeres a vizsga, ha a vizsg\u00e1z\u00f3 az \u00edr\u00e1sbeli \u00e9s a sz\u00f3beli vizsgar\u00e9szen egy\u00fcttesen el\u00e9ri a 50%-ot (50 pont) vagy afelett teljes\u00edt.<\/p>\n<p style=\"text-align: justify\">Az angol nyelv\u0171 \u00e1ltal\u00e1nos z\u00e1r\u00f3vizsga kiv\u00e1lthat\u00f3 angol nyelvb\u0151l \u00e1llamilag elismert, \u00e1ltal\u00e1nos nyelvi, k\u00f6z\u00e9pfok\u00fa (B2) komplex t\u00edpus\u00fa nyelvvizsg\u00e1val, vagy ezzel egyen\u00e9rt\u00e9k\u0171 \u00e9retts\u00e9gi bizony\u00edtv\u00e1nnyal. \u2013 <em>K\u00e9rj\u00fck, a saj\u00e1t kari TO-n mutassa be nyelvvizsgabizony\u00edtv\u00e1ny\u00e1t!<\/em><\/p>\n<p style=\"text-align: justify\"><strong>Figyelem! Ez a vizsga nem egyezik meg a szaknyelvi alapvizsg\u00e1val, amely angol vagy n\u00e9met nyelvb\u0151l minden \u00c1OK \/ FOK \/ GYTK hallgat\u00f3 sz\u00e1m\u00e1ra k\u00f6telez\u0151en teljes\u00edtend\u0151 krit\u00e9riumt\u00e1rgy. A szaknyelvi alapvizsg\u00e1r\u00f3l inform\u00e1ci\u00f3t itt tal\u00e1l:<\/strong> <a href=\"https:\/\/semmelweis.hu\/szaknyelv\/nyelvvizsgak\/szaknyelvi-vizsgak-hallgatoknak\/szaknyelvi-alapvizsga\/\">https:\/\/semmelweis.hu\/szaknyelv\/nyelvvizsgak\/szaknyelvi-vizsgak-hallgatoknak\/szaknyelvi-alapvizsga\/<\/a><\/p>\n<p style=\"text-align: justify\"><em>*A 2025\/26-ban diplom\u00e1z\u00f3 GYTK hallgat\u00f3k angolon k\u00edv\u00fcl n\u00e9met, francia, spanyol, olasz, vagy orosz nyelvb\u0151l is tehetnek vizsg\u00e1t.<\/em><\/p>\n<p style=\"text-align: justify\">\u00a0<\/p>\n<p style=\"text-align: justify\"><strong>A vizsga fel\u00e9p\u00edt\u00e9se:<\/strong><\/p>\n<p style=\"text-align: justify\">A vizsga mind a n\u00e9gy k\u00e9szs\u00e9get (olvas\u00e1s\u00e9rt\u00e9s, \u00edr\u00e1sk\u00e9szs\u00e9g, besz\u00e9d\u00e9rt\u00e9s, besz\u00e9dk\u00e9szs\u00e9g) vizsg\u00e1lja<\/p>\n<p style=\"text-align: justify\"><strong>\u00cdr\u00e1sbeli vizsga (50 pont \u2013 90 perc)<\/strong><\/p>\n<ol style=\"text-align: justify\">\n<li>Olvas\u00e1s\u00e9rt\u00e9s (15 pont)<\/li>\n<\/ol>\n<ul style=\"text-align: justify\">\n<li>Glob\u00e1lis \u00e9rt\u00e9s m\u00e9r\u00e9s\u00e9re a vizsg\u00e1z\u00f3nak 5 r\u00f6vid sz\u00f6veghez megfelel\u0151 c\u00edmet kell v\u00e1lasztania 10 el\u0151re megadott c\u00edm k\u00f6z\u00fcl.<\/li>\n<li>Szelekt\u00edv olvas\u00e1si feladat keret\u00e9ben 3 blog bejegyz\u00e9s\/v\u00e9lem\u00e9ny alapj\u00e1n 5 \u00e1ll\u00edt\u00e1snak kell p\u00e1rt tal\u00e1lni.<\/li>\n<li>Komplex \u00e9rt\u00e9s igazol\u00e1s\u00e1ra 5 feleletv\u00e1laszt\u00f3s k\u00e9rd\u00e9sre kell v\u00e1laszolni.<\/li>\n<\/ul>\n<p style=\"text-align: justify\">\u00a02.Nyelvtani, lexikai ismeretek (20 pont)<\/p>\n<ul style=\"text-align: justify\">\n<li>egybef\u00fcgg\u0151 sz\u00f6vegben kell megoldani 10 feleletv\u00e1laszt\u00f3s tesztk\u00e9rd\u00e9st.<\/li>\n<li>egybef\u00fcgg\u0151 sz\u00f6vegben kell elhelyezni 10 sz\u00f3t 12 el\u0151re megadott sz\u00f3 k\u00f6z\u00fcl.<\/li>\n<\/ul>\n<ol style=\"text-align: justify\" start=\"3\">\n<li>\u00cdr\u00e1sk\u00e9szs\u00e9g (15 pont)<\/li>\n<\/ol>\n<ul style=\"text-align: justify\">\n<li>Egy legal\u00e1bb 150 szavas inform\u00e1lis e-mail meg\u00edr\u00e1sa r\u00f6vid utas\u00edt\u00e1s alapj\u00e1n.<\/li>\n<\/ul>\n<p style=\"text-align: justify\"><strong>Sz\u00f3beli vizsga (50 pont \u2013 35 perc)<\/strong><\/p>\n<ol style=\"text-align: justify\">\n<li>Besz\u00e9d\u00e9rt\u00e9s (20 pont \u2013 20 perc)<br \/>\n<em>A hall\u00e1s\u00e9rt\u00e9si feladat meg\u00edr\u00e1s\u00e1ra az \u00edr\u00e1sbeli meg\u00edr\u00e1sakor ker\u00fcl sor.<br \/>\nA felv\u00e9teleket k\u00e9tszer hallgatj\u00e1k meg.<\/em><\/li>\n<\/ol>\n<ul style=\"text-align: justify\">\n<li>A r\u00e9szletes \u00e9rt\u00e9s m\u00e9r\u00e9s\u00e9re a vizsg\u00e1z\u00f3k a sz\u00f6veg meghallgat\u00e1sa ut\u00e1n 10 igaz\/hamis k\u00e9rd\u00e9sre v\u00e1laszolnak.<\/li>\n<li>A szelekt\u00edv \u00e9rt\u00e9s m\u00e9r\u00e9s\u00e9re a vizsg\u00e1z\u00f3k 10 feleletv\u00e1laszt\u00f3s k\u00e9rd\u00e9sre v\u00e1laszolnak. V\u00e1lasztaniuk kell a,b,c lehet\u0151s\u00e9gekb\u0151l. A felv\u00e9telt k\u00e9tszer hallgatj\u00e1k meg<\/li>\n<\/ul>\n<ol style=\"text-align: justify\" start=\"2\">\n<li>Besz\u00e9dk\u00e9szs\u00e9g (30 pont \u2013 kb. 15 perc)<\/li>\n<\/ol>\n<ul style=\"text-align: justify\">\n<li>A vizsg\u00e1z\u00f3 r\u00f6viden bemutatkozik. Ez bemeleg\u00edt\u00e9snek szolg\u00e1l, nem ker\u00fcl \u00e9rt\u00e9kel\u00e9sre. (3 perc)<\/li>\n<li>Prezent\u00e1ci\u00f3 (5 perc)<br \/>\nA hallgat\u00f3 k\u00e9t c\u00edmb\u0151l v\u00e1laszt \u00e9s az \u00e1ltala v\u00e1lasztott t\u00e9m\u00e1t 90 m\u00e1sodperc id\u0151tartam alatt ismerteti. A sz\u00f3beli t\u00e9mak\u00f6r\u00f6ket a vizsg\u00e1z\u00f3 m\u00e1r a vizsga el\u0151tt ismeri.** A t\u00e9ma ismertet\u00e9se ut\u00e1n a vizsg\u00e1ztat\u00f3 legal\u00e1bb egy k\u00e9rd\u00e9st tesz fel.<\/li>\n<li>A vizsg\u00e1z\u00f3 kap egy 100-110 szavas sz\u00f6veget, amelyr\u0151l k\u00e9t perc felk\u00e9sz\u00fcl\u00e9s ut\u00e1n ismerteti a v\u00e9lem\u00e9ny\u00e9t, saj\u00e1t tapasztalatait \u00e9s besz\u00e9lget\u00e9st folytat a t\u00e9m\u00e1r\u00f3l a vizsg\u00e1ztat\u00f3val. (7 perc)<\/li>\n<\/ul>\n<p style=\"text-align: justify\">\u00a0<\/p>\n<p style=\"text-align: justify\">**T\u00e9mak\u00f6r\u00f6k a prezent\u00e1ci\u00f3hoz<\/p>\n<ol style=\"text-align: justify\">\n<li>The most memorable event in my life<\/li>\n<li>A book that has had a great influence on me<\/li>\n<li>My hobbies<\/li>\n<li>A creative thing I have done or made<\/li>\n<li>My favourite film<\/li>\n<li>A sport event I have attended<\/li>\n<li>A Hungarian dish<\/li>\n<li>My favourite work of art<\/li>\n<li>A famous sight in my hometown<\/li>\n<li>A person I look up to<\/li>\n<li>A traditional festival<\/li>\n<li>My favourite means of transport<\/li>\n<li>My favourite city in Europe<\/li>\n<li>A film you would recommend seeing<\/li>\n<li>What an individual can do to protect the environment<\/li>\n<\/ol>\n<p style=\"text-align: justify\">\u00a0<\/p>\n<p style=\"text-align: justify\">\u00a0<\/p>\n","protected":false},"excerpt":{"rendered":"<p>Angol nyelv\u0171* \u00e1ltal\u00e1nos nyelvi z\u00e1r\u00f3vizsga, 0 kredites k\u00f6telez\u0151 krit\u00e9riumvizsga, amelyet a hallgat\u00f3knak a tanulm\u00e1nyaik sor\u00e1n le kell tennie legk\u00e9s\u0151bb az abszolut\u00f3rium megszerz\u00e9s\u00e9ig, amennyiben nem rendelkeznek a diplom\u00e1hoz sz\u00fcks\u00e9ges min. B2 (k\u00f6z\u00e9pfok\u00fa) komplex nyelvvizsg\u00e1val. Akkor sikeres a vizsga, ha a vizsg\u00e1z\u00f3 az \u00edr\u00e1sbeli \u00e9s a sz\u00f3beli vizsgar\u00e9szen egy\u00fcttesen el\u00e9ri a 50%-ot (50 pont) vagy afelett teljes\u00edt. &hellip;<\/p>\n","protected":false},"author":102166,"featured_media":0,"parent":0,"menu_order":0,"comment_status":"closed","ping_status":"closed","template":"","meta":{"_acf_changed":false,"footnotes":""},"categories":[],"tags":[],"class_list":["post-14019","page","type-page","status-publish","hentry"],"acf":[],"_links":{"self":[{"href":"https:\/\/semmelweis.hu\/szaknyelv\/wp-json\/wp\/v2\/pages\/14019","targetHints":{"allow":["GET"]}}],"collection":[{"href":"https:\/\/semmelweis.hu\/szaknyelv\/wp-json\/wp\/v2\/pages"}],"about":[{"href":"https:\/\/semmelweis.hu\/szaknyelv\/wp-json\/wp\/v2\/types\/page"}],"author":[{"embeddable":true,"href":"https:\/\/semmelweis.hu\/szaknyelv\/wp-json\/wp\/v2\/users\/102166"}],"replies":[{"embeddable":true,"href":"https:\/\/semmelweis.hu\/szaknyelv\/wp-json\/wp\/v2\/comments?post=14019"}],"version-history":[{"count":2,"href":"https:\/\/semmelweis.hu\/szaknyelv\/wp-json\/wp\/v2\/pages\/14019\/revisions"}],"predecessor-version":[{"id":14267,"href":"https:\/\/semmelweis.hu\/szaknyelv\/wp-json\/wp\/v2\/pages\/14019\/revisions\/14267"}],"wp:attachment":[{"href":"https:\/\/semmelweis.hu\/szaknyelv\/wp-json\/wp\/v2\/media?parent=14019"}],"wp:term":[{"taxonomy":"category","embeddable":true,"href":"https:\/\/semmelweis.hu\/szaknyelv\/wp-json\/wp\/v2\/categories?post=14019"},{"taxonomy":"post_tag","embeddable":true,"href":"https:\/\/semmelweis.hu\/szaknyelv\/wp-json\/wp\/v2\/tags?post=14019"}],"curies":[{"name":"wp","href":"https:\/\/api.w.org\/{rel}","templated":true}]}}