{"id":13986,"date":"2025-02-07T17:20:38","date_gmt":"2025-02-07T16:20:38","guid":{"rendered":"https:\/\/semmelweis.hu\/szaknyelv\/?page_id=13986"},"modified":"2025-02-07T17:20:38","modified_gmt":"2025-02-07T16:20:38","slug":"language-club","status":"publish","type":"page","link":"https:\/\/semmelweis.hu\/szaknyelv\/language-club\/","title":{"rendered":"Language Club"},"content":{"rendered":"<p><strong>Language Club (LC) <\/strong><\/p>\n<p><strong>\u00c1ttekint\u00e9s<\/strong><\/p>\n<p style=\"text-align: justify\">A <strong>Language Klub (LC) kurzusai<\/strong> a Semmelweis Egyetem k\u00fcl\u00f6nb\u00f6z\u0151 szakter\u00fcletein tanul\u00f3 hallgat\u00f3k sz\u00e1m\u00e1ra k\u00edn\u00e1lnak lehet\u0151s\u00e9get <strong>\u00e1ltal\u00e1nos nyelvi k\u00e9szs\u00e9geik fejleszt\u00e9s\u00e9re<\/strong>. A program az <strong>alapfokt\u00f3l (B1) a halad\u00f3 szintig (C1)<\/strong> terjed\u0151 nyelvtanul\u00f3k ig\u00e9nyeire \u00e9p\u00fcl, \u00e9s az <strong>angol, n\u00e9met vagy magyar nyelv\u0171<\/strong> kommunik\u00e1ci\u00f3 er\u0151s\u00edt\u00e9s\u00e9re \u00f6sszpontos\u00edt. A r\u00e9sztvev\u0151k <strong>v\u00e1ltozatos nyelvi gyakorlatokban<\/strong> vesznek r\u00e9szt, amelyek c\u00e9lja a <strong>gyakorlati kommunik\u00e1ci\u00f3 \u00e9s kultur\u00e1lis kompetenci\u00e1k fejleszt\u00e9se<\/strong>. A kurzusokat <strong>hallgat\u00f3t\u00e1rsak, anyanyelvi szint\u0171 nyelvtud\u00e1ssal rendelkez\u0151 tutorok<\/strong> vezetik, akik t\u00e1mogat\u00f3 \u00e9s interakt\u00edv tanul\u00e1si k\u00f6rnyezetet biztos\u00edtanak.<\/p>\n<p><strong>C\u00e9lkit\u0171z\u00e9sek<\/strong><\/p>\n<ul>\n<li style=\"text-align: justify\"><strong>Motiv\u00e1l\u00f3 \u00e9s dinamikus nyelvtanul\u00e1si k\u00f6rnyezet<\/strong> biztos\u00edt\u00e1sa, amely seg\u00edti a hallgat\u00f3kat <strong>\u00e1ltal\u00e1nos nyelvi k\u00e9szs\u00e9geik fejleszt\u00e9s\u00e9ben<\/strong> angol, n\u00e9met vagy magyar c\u00e9lnyelven.<\/li>\n<li style=\"text-align: justify\"><strong>Autentikus kommunik\u00e1ci\u00f3s helyzetekben<\/strong> val\u00f3 nyelvhaszn\u00e1lat t\u00e1mogat\u00e1sa, legyen sz\u00f3 <strong>h\u00e9tk\u00f6znapi t\u00e1rsalg\u00e1sr\u00f3l, tudom\u00e1nyos vit\u00e1kr\u00f3l vagy szakmai szitu\u00e1ci\u00f3s gyakorlatokr\u00f3l<\/strong>.<\/li>\n<li style=\"text-align: justify\"><strong>Interkultur\u00e1lis kommunik\u00e1ci\u00f3s k\u00e9szs\u00e9gek fejleszt\u00e9se<\/strong>, hogy a hallgat\u00f3k magabiztosan boldoguljanak <strong>nemzetk\u00f6zi k\u00f6rnyezetben<\/strong>.<\/li>\n<\/ul>\n","protected":false},"excerpt":{"rendered":"<p>Language Club (LC) \u00c1ttekint\u00e9s A Language Klub (LC) kurzusai a Semmelweis Egyetem k\u00fcl\u00f6nb\u00f6z\u0151 szakter\u00fcletein tanul\u00f3 hallgat\u00f3k sz\u00e1m\u00e1ra k\u00edn\u00e1lnak lehet\u0151s\u00e9get \u00e1ltal\u00e1nos nyelvi k\u00e9szs\u00e9geik fejleszt\u00e9s\u00e9re. A program az alapfokt\u00f3l (B1) a halad\u00f3 szintig (C1) terjed\u0151 nyelvtanul\u00f3k ig\u00e9nyeire \u00e9p\u00fcl, \u00e9s az angol, n\u00e9met vagy magyar nyelv\u0171 kommunik\u00e1ci\u00f3 er\u0151s\u00edt\u00e9s\u00e9re \u00f6sszpontos\u00edt. A r\u00e9sztvev\u0151k v\u00e1ltozatos nyelvi gyakorlatokban vesznek r\u00e9szt, amelyek c\u00e9lja &hellip;<\/p>\n","protected":false},"author":102166,"featured_media":0,"parent":0,"menu_order":0,"comment_status":"closed","ping_status":"closed","template":"","meta":{"_acf_changed":false,"footnotes":""},"categories":[],"tags":[],"class_list":["post-13986","page","type-page","status-publish","hentry"],"acf":[],"_links":{"self":[{"href":"https:\/\/semmelweis.hu\/szaknyelv\/wp-json\/wp\/v2\/pages\/13986","targetHints":{"allow":["GET"]}}],"collection":[{"href":"https:\/\/semmelweis.hu\/szaknyelv\/wp-json\/wp\/v2\/pages"}],"about":[{"href":"https:\/\/semmelweis.hu\/szaknyelv\/wp-json\/wp\/v2\/types\/page"}],"author":[{"embeddable":true,"href":"https:\/\/semmelweis.hu\/szaknyelv\/wp-json\/wp\/v2\/users\/102166"}],"replies":[{"embeddable":true,"href":"https:\/\/semmelweis.hu\/szaknyelv\/wp-json\/wp\/v2\/comments?post=13986"}],"version-history":[{"count":1,"href":"https:\/\/semmelweis.hu\/szaknyelv\/wp-json\/wp\/v2\/pages\/13986\/revisions"}],"predecessor-version":[{"id":13987,"href":"https:\/\/semmelweis.hu\/szaknyelv\/wp-json\/wp\/v2\/pages\/13986\/revisions\/13987"}],"wp:attachment":[{"href":"https:\/\/semmelweis.hu\/szaknyelv\/wp-json\/wp\/v2\/media?parent=13986"}],"wp:term":[{"taxonomy":"category","embeddable":true,"href":"https:\/\/semmelweis.hu\/szaknyelv\/wp-json\/wp\/v2\/categories?post=13986"},{"taxonomy":"post_tag","embeddable":true,"href":"https:\/\/semmelweis.hu\/szaknyelv\/wp-json\/wp\/v2\/tags?post=13986"}],"curies":[{"name":"wp","href":"https:\/\/api.w.org\/{rel}","templated":true}]}}