{"id":13839,"date":"2025-02-05T21:50:06","date_gmt":"2025-02-05T20:50:06","guid":{"rendered":"https:\/\/semmelweis.hu\/szaknyelv\/?page_id=13839"},"modified":"2025-02-07T19:17:46","modified_gmt":"2025-02-07T18:17:46","slug":"szakiranyu-tovabbkepzesek","status":"publish","type":"page","link":"https:\/\/semmelweis.hu\/szaknyelv\/rolunk\/tevekenysegeink-egyeb\/szakiranyu-tovabbkepzesek\/","title":{"rendered":"Szakir\u00e1ny\u00fa tov\u00e1bbk\u00e9pz\u00e9sek"},"content":{"rendered":"<p>Eg\u00e9szs\u00e9gtudom\u00e1nyi szakford\u00edt\u00f3 \u00e9s tolm\u00e1cs, Scientific Editor (tudom\u00e1nyos szerkeszt\u0151)<\/p>\n<p><a href=\"https:\/\/semmelweis.hu\/szaknyelv\/kepzeseink\/szakfordito-egeszsegtudomanyi-kepzeseink\/\">Eg\u00e9szs\u00e9gtudom\u00e1nyi szakford\u00edt\u00f3 \u00e9s tolm\u00e1cs<\/a><br \/>\n2 \u00e9v, online<br \/>\nmagyar-angol<br \/>\nmagyar-n\u00e9met<\/p>\n<p><a href=\"https:\/\/semmelweis.hu\/szaknyelv\/en\/trainings\/scientificeditor\/\">Scientific Editor (tudom\u00e1nyos szerkeszt\u0151)<\/a><br \/>\n1 \u00e9v, online<br \/>\nangol<\/p>\n","protected":false},"excerpt":{"rendered":"<p>Eg\u00e9szs\u00e9gtudom\u00e1nyi szakford\u00edt\u00f3 \u00e9s tolm\u00e1cs, Scientific Editor (tudom\u00e1nyos szerkeszt\u0151)<br \/>\n<a href=\"https:\/\/semmelweis.hu\/szaknyelv\/kepzeseink\/szakfordito-egeszsegtudomanyi-kepzeseink\/\">Eg\u00e9szs\u00e9gtudom\u00e1nyi szakford\u00edt\u00f3 \u00e9s tolm\u00e1cs<\/a><br \/>\n2 \u00e9v, online<br \/>\nmagyar-angol<br \/>\nmagyar-n\u00e9met<br \/>\n<a href=\"https:\/\/semmelweis.hu\/szaknyelv\/en\/trainings\/scientificeditor\/\">Scientific Editor (tudom\u00e1nyos szerkeszt\u0151)<\/a><br \/>\n1 \u00e9v, online<br \/>\nangol<\/p>\n","protected":false},"author":102166,"featured_media":0,"parent":13820,"menu_order":0,"comment_status":"closed","ping_status":"closed","template":"","meta":{"_acf_changed":false,"footnotes":""},"categories":[],"tags":[],"class_list":["post-13839","page","type-page","status-publish","hentry"],"acf":[],"_links":{"self":[{"href":"https:\/\/semmelweis.hu\/szaknyelv\/wp-json\/wp\/v2\/pages\/13839","targetHints":{"allow":["GET"]}}],"collection":[{"href":"https:\/\/semmelweis.hu\/szaknyelv\/wp-json\/wp\/v2\/pages"}],"about":[{"href":"https:\/\/semmelweis.hu\/szaknyelv\/wp-json\/wp\/v2\/types\/page"}],"author":[{"embeddable":true,"href":"https:\/\/semmelweis.hu\/szaknyelv\/wp-json\/wp\/v2\/users\/102166"}],"replies":[{"embeddable":true,"href":"https:\/\/semmelweis.hu\/szaknyelv\/wp-json\/wp\/v2\/comments?post=13839"}],"version-history":[{"count":4,"href":"https:\/\/semmelweis.hu\/szaknyelv\/wp-json\/wp\/v2\/pages\/13839\/revisions"}],"predecessor-version":[{"id":14067,"href":"https:\/\/semmelweis.hu\/szaknyelv\/wp-json\/wp\/v2\/pages\/13839\/revisions\/14067"}],"up":[{"embeddable":true,"href":"https:\/\/semmelweis.hu\/szaknyelv\/wp-json\/wp\/v2\/pages\/13820"}],"wp:attachment":[{"href":"https:\/\/semmelweis.hu\/szaknyelv\/wp-json\/wp\/v2\/media?parent=13839"}],"wp:term":[{"taxonomy":"category","embeddable":true,"href":"https:\/\/semmelweis.hu\/szaknyelv\/wp-json\/wp\/v2\/categories?post=13839"},{"taxonomy":"post_tag","embeddable":true,"href":"https:\/\/semmelweis.hu\/szaknyelv\/wp-json\/wp\/v2\/tags?post=13839"}],"curies":[{"name":"wp","href":"https:\/\/api.w.org\/{rel}","templated":true}]}}