{"id":13837,"date":"2025-02-05T21:49:20","date_gmt":"2025-02-05T20:49:20","guid":{"rendered":"https:\/\/semmelweis.hu\/szaknyelv\/?page_id=13837"},"modified":"2025-02-07T18:10:48","modified_gmt":"2025-02-07T17:10:48","slug":"szaknyelvi-lektoralas-es-forditas","status":"publish","type":"page","link":"https:\/\/semmelweis.hu\/szaknyelv\/rolunk\/tevekenysegeink-egyeb\/szaknyelvi-lektoralas-es-forditas\/","title":{"rendered":"Szaknyelvi lektor\u00e1l\u00e1s \u00e9s ford\u00edt\u00e1s"},"content":{"rendered":"<p><a href=\"https:\/\/semmelweis.hu\/szaknyelv\/szolgaltatasok\/\">szaknyelvi lektor\u00e1l\u00e1s \u00e9s ford\u00edt\u00e1s,<\/a><br \/>\nSemmelweis polg\u00e1rok sz\u00e1m\u00e1ra kedvezm\u00e9nyesen<\/p>\n","protected":false},"excerpt":{"rendered":"<p><a href=\"https:\/\/semmelweis.hu\/szaknyelv\/szolgaltatasok\/\">szaknyelvi lektor\u00e1l\u00e1s \u00e9s ford\u00edt\u00e1s,<\/a><br \/>\nSemmelweis polg\u00e1rok sz\u00e1m\u00e1ra kedvezm\u00e9nyesen<\/p>\n","protected":false},"author":102166,"featured_media":0,"parent":13820,"menu_order":0,"comment_status":"closed","ping_status":"closed","template":"","meta":{"_acf_changed":false,"footnotes":""},"categories":[],"tags":[],"class_list":["post-13837","page","type-page","status-publish","hentry"],"acf":[],"_links":{"self":[{"href":"https:\/\/semmelweis.hu\/szaknyelv\/wp-json\/wp\/v2\/pages\/13837","targetHints":{"allow":["GET"]}}],"collection":[{"href":"https:\/\/semmelweis.hu\/szaknyelv\/wp-json\/wp\/v2\/pages"}],"about":[{"href":"https:\/\/semmelweis.hu\/szaknyelv\/wp-json\/wp\/v2\/types\/page"}],"author":[{"embeddable":true,"href":"https:\/\/semmelweis.hu\/szaknyelv\/wp-json\/wp\/v2\/users\/102166"}],"replies":[{"embeddable":true,"href":"https:\/\/semmelweis.hu\/szaknyelv\/wp-json\/wp\/v2\/comments?post=13837"}],"version-history":[{"count":4,"href":"https:\/\/semmelweis.hu\/szaknyelv\/wp-json\/wp\/v2\/pages\/13837\/revisions"}],"predecessor-version":[{"id":14043,"href":"https:\/\/semmelweis.hu\/szaknyelv\/wp-json\/wp\/v2\/pages\/13837\/revisions\/14043"}],"up":[{"embeddable":true,"href":"https:\/\/semmelweis.hu\/szaknyelv\/wp-json\/wp\/v2\/pages\/13820"}],"wp:attachment":[{"href":"https:\/\/semmelweis.hu\/szaknyelv\/wp-json\/wp\/v2\/media?parent=13837"}],"wp:term":[{"taxonomy":"category","embeddable":true,"href":"https:\/\/semmelweis.hu\/szaknyelv\/wp-json\/wp\/v2\/categories?post=13837"},{"taxonomy":"post_tag","embeddable":true,"href":"https:\/\/semmelweis.hu\/szaknyelv\/wp-json\/wp\/v2\/tags?post=13837"}],"curies":[{"name":"wp","href":"https:\/\/api.w.org\/{rel}","templated":true}]}}