{"id":13832,"date":"2025-02-05T21:47:42","date_gmt":"2025-02-05T20:47:42","guid":{"rendered":"https:\/\/semmelweis.hu\/szaknyelv\/?page_id=13832"},"modified":"2025-08-18T06:45:07","modified_gmt":"2025-08-18T04:45:07","slug":"nyelvtanfolyamok","status":"publish","type":"page","link":"https:\/\/semmelweis.hu\/szaknyelv\/rolunk\/tevekenysegeink-egyeb\/nyelvtanfolyamok\/","title":{"rendered":"Nyelvtanfolyamok"},"content":{"rendered":"<p>egy\u00e9ni vagy csoportos <a href=\"https:\/\/semmelweis.hu\/szaknyelv\/nyelvtanfolyam\/aktualis-tanfolyamok\/\">nyelvtanfolyamok,<\/a><br \/>\n\u00e1ltal\u00e1nos vagy szaknyelvi,<br \/>\nminden oktatott nyelvb\u0151l \u00e9s ig\u00e9ny szerint tov\u00e1bbi nyelvekb\u0151l is<\/p>\n","protected":false},"excerpt":{"rendered":"<p>egy\u00e9ni vagy csoportos <a href=\"https:\/\/semmelweis.hu\/szaknyelv\/nyelvtanfolyam\/aktualis-tanfolyamok\/\">nyelvtanfolyamok,<\/a><br \/>\n\u00e1ltal\u00e1nos vagy szaknyelvi,<br \/>\nminden oktatott nyelvb\u0151l \u00e9s ig\u00e9ny szerint tov\u00e1bbi nyelvekb\u0151l is<\/p>\n","protected":false},"author":102166,"featured_media":0,"parent":13820,"menu_order":0,"comment_status":"closed","ping_status":"closed","template":"","meta":{"_acf_changed":false,"footnotes":""},"categories":[],"tags":[],"class_list":["post-13832","page","type-page","status-publish","hentry"],"acf":[],"_links":{"self":[{"href":"https:\/\/semmelweis.hu\/szaknyelv\/wp-json\/wp\/v2\/pages\/13832","targetHints":{"allow":["GET"]}}],"collection":[{"href":"https:\/\/semmelweis.hu\/szaknyelv\/wp-json\/wp\/v2\/pages"}],"about":[{"href":"https:\/\/semmelweis.hu\/szaknyelv\/wp-json\/wp\/v2\/types\/page"}],"author":[{"embeddable":true,"href":"https:\/\/semmelweis.hu\/szaknyelv\/wp-json\/wp\/v2\/users\/102166"}],"replies":[{"embeddable":true,"href":"https:\/\/semmelweis.hu\/szaknyelv\/wp-json\/wp\/v2\/comments?post=13832"}],"version-history":[{"count":6,"href":"https:\/\/semmelweis.hu\/szaknyelv\/wp-json\/wp\/v2\/pages\/13832\/revisions"}],"predecessor-version":[{"id":14770,"href":"https:\/\/semmelweis.hu\/szaknyelv\/wp-json\/wp\/v2\/pages\/13832\/revisions\/14770"}],"up":[{"embeddable":true,"href":"https:\/\/semmelweis.hu\/szaknyelv\/wp-json\/wp\/v2\/pages\/13820"}],"wp:attachment":[{"href":"https:\/\/semmelweis.hu\/szaknyelv\/wp-json\/wp\/v2\/media?parent=13832"}],"wp:term":[{"taxonomy":"category","embeddable":true,"href":"https:\/\/semmelweis.hu\/szaknyelv\/wp-json\/wp\/v2\/categories?post=13832"},{"taxonomy":"post_tag","embeddable":true,"href":"https:\/\/semmelweis.hu\/szaknyelv\/wp-json\/wp\/v2\/tags?post=13832"}],"curies":[{"name":"wp","href":"https:\/\/api.w.org\/{rel}","templated":true}]}}