{"id":13824,"date":"2025-02-05T21:41:47","date_gmt":"2025-02-05T20:41:47","guid":{"rendered":"https:\/\/semmelweis.hu\/szaknyelv\/?page_id=13824"},"modified":"2025-08-13T14:08:35","modified_gmt":"2025-08-13T12:08:35","slug":"kurzusok-es-vizsgak","status":"publish","type":"page","link":"https:\/\/semmelweis.hu\/szaknyelv\/rolunk\/tevekenysegeink\/kurzusok-es-vizsgak\/","title":{"rendered":"Kurzusok \u00e9s vizsg\u00e1k"},"content":{"rendered":"<p>1. <a href=\"https:\/\/semmelweis.hu\/szaknyelv\/oktatas\/tantargyak\/szabadon-valaszthato-elonyelvi-kurzusok\/\">Szabadon v\u00e1laszthat\u00f3 szaknyelvi kurzusok <\/a>(2 kredit)<br \/>\nkezd\u0151t\u0151l a halad\u00f3ig<br \/>\n&#8211; angol\/n\u00e9met\/francia\/spanyol\/olasz\/orosz\/terminol\u00f3gia<\/p>\n<p>2. <a href=\"https:\/\/semmelweis.hu\/szaknyelv\/oktatas\/tantargyak\/aok-kot-val\/\">K\u00f6telez\u0151en v\u00e1laszthat\u00f3 kurzusok<\/a><br \/>\nMagyar orvosi nyelv (\u00c1OK, FOK, GYTK)<br \/>\nSzakorvosi terminol\u00f3gia (\u00c1OK)<\/p>\n<p>3. Egyetemi nyelvi vizsg\u00e1k &#8211; krit\u00e9riumt\u00e1rgyak<\/p>\n<table style=\"width: 90.6692%;height: 968px\">\n<tbody>\n<tr style=\"height: 52px\">\n<td style=\"width: 30.1325%;height: 52px\" width=\"182\">\n<p><strong>\u00a0<\/strong><\/p>\n<\/td>\n<td style=\"width: 34.9338%;height: 52px\" width=\"212\">\n<p><a href=\"https:\/\/semmelweis.hu\/szaknyelv\/nyelvvizsgak\/szaknyelvi-vizsgak-hallgatoknak\/szaknyelvi-alapvizsga\"><strong>Szaknyelvi alapvizsga<\/strong><\/a><\/p>\n<\/td>\n<td style=\"width: 83.9404%;height: 52px\" width=\"211\">\n<p><a href=\"https:\/\/semmelweis.hu\/szaknyelv\/altalanos-nyelvi-zarovizsga-aok-fok-gytk\/\"><strong>\u00c1ltal\u00e1nos nyelvi z\u00e1r\u00f3vizsga<\/strong><\/a><\/p>\n<\/td>\n<\/tr>\n<tr style=\"height: 258px\">\n<td style=\"width: 30.1325%;height: 258px\" width=\"182\">\n<p><strong>krit\u00e9riumt\u00e1rgyk\u00e9nt<\/strong><\/p>\n<p><strong>(0 kredit)<\/strong><\/p>\n<\/td>\n<td style=\"width: 34.9338%;height: 258px\" width=\"212\">\n<p>angol vagy n\u00e9met nyelvb\u0151l<\/p>\n<p>minden \u00c1OK\/FOK\/GYTK hallgat\u00f3nak k\u00f6telez\u0151<\/p>\n<\/td>\n<td style=\"width: 83.9404%;height: 258px\" width=\"211\">\n<p>angol nyelvb\u0151l k\u00f6telez\u0151 azok sz\u00e1m\u00e1ra (\u00c1OK\/FOK\/GYTK), akik nem rendelkeznek a diplom\u00e1hoz sz\u00fcks\u00e9ges B2 nyelvvizsg\u00e1val<\/p>\n<p><em>*A 2025\/26-ban diplom\u00e1z\u00f3 GYTK hallgat\u00f3k angolon k\u00edv\u00fcl n\u00e9met, francia, spanyol, olasz, vagy orosz nyelvb\u0151l is tehetnek vizsg\u00e1t.<\/em><\/p>\n<\/td>\n<\/tr>\n<tr style=\"height: 52px\">\n<td style=\"width: 30.1325%;height: 52px\" width=\"182\">\n<p><strong>nyelvi szint<\/strong><\/p>\n<\/td>\n<td style=\"width: 34.9338%;height: 52px\" width=\"212\">\n<p>B1 (alapfok\u00fa) szaknyelvi tud\u00e1s<\/p>\n<\/td>\n<td style=\"width: 83.9404%;height: 52px\" width=\"211\">\n<p>B2 (k\u00f6z\u00e9pfok\u00fa) \u00e1ltal\u00e1nos nyelvi tud\u00e1s<\/p>\n<\/td>\n<\/tr>\n<tr style=\"height: 192px\">\n<td style=\"width: 30.1325%;height: 192px\" width=\"182\">\n<p><strong>krit\u00e9riumt\u00e1rgy kiv\u00e1lt\u00e1sa<\/strong><\/p>\n<\/td>\n<td style=\"width: 34.9338%;height: 192px\" width=\"212\">\n<p>angol vagy n\u00e9met PROFEX k\u00f6z\u00e9pfok\u00fa (B2) nyelvvizsg\u00e1val<\/p>\n<\/td>\n<td style=\"width: 83.9404%;height: 192px\" width=\"211\">\n<p>angol B2 nyelvvizsg\u00e1val*<\/p>\n<p><em>*A 2025\/26-ban diplom\u00e1z\u00f3 GYTK hallgat\u00f3k angolon k\u00edv\u00fcl n\u00e9met, francia, spanyol, olasz, vagy orosz B2 nyelvvizsg\u00e1val is.<\/em><\/p>\n<\/td>\n<\/tr>\n<tr style=\"height: 202px\">\n<td style=\"width: 30.1325%;height: 202px\" width=\"182\">\n<p><strong>szabadon v\u00e1laszthat\u00f3 t\u00e1rgyk\u00e9nt<\/strong><\/p>\n<p><strong>(2 kredit)<\/strong><\/p>\n<\/td>\n<td style=\"width: 34.9338%;height: 202px\" width=\"212\">\n<p>francia<\/p>\n<p>spanyol<\/p>\n<p>olasz<\/p>\n<p>francia<\/p>\n<\/td>\n<td style=\"width: 83.9404%;height: 202px\" width=\"211\">\n<p>&#8212;<\/p>\n<\/td>\n<\/tr>\n<tr style=\"height: 212px\">\n<td style=\"width: 30.1325%;height: 212px\" width=\"182\">\n<p><strong>felk\u00e9sz\u00fcl\u00e9s m\u00f3dja<\/strong><\/p>\n<\/td>\n<td style=\"width: 34.9338%;height: 212px\" width=\"212\">\n<p>\u00f6n\u00e1ll\u00f3an, a Moodle-re felt\u00f6lt\u00f6tt anyag seg\u00edts\u00e9g\u00e9vel<\/p>\n<p>VAGY<\/p>\n<p>a szaknyelvi alapvizsg\u00e1ra felk\u00e9sz\u00edt\u0151 kurzusok elv\u00e9gz\u00e9s\u00e9vel<\/p>\n<\/td>\n<td style=\"width: 83.9404%;height: 212px\" width=\"211\">\n<p>\u00f6n\u00e1ll\u00f3an, a Moodle-re felt\u00f6lt\u00f6tt anyag seg\u00edts\u00e9g\u00e9vel<\/p>\n<p>VAGY<\/p>\n<p>az \u00e1ltal\u00e1nos z\u00e1r\u00f3vizsg\u00e1ra felk\u00e9sz\u00edt\u0151 kurzusok elv\u00e9gz\u00e9s\u00e9vel<\/p>\n<\/td>\n<\/tr>\n<\/tbody>\n<\/table>\n<p>&nbsp;<\/p>\n","protected":false},"excerpt":{"rendered":"<p>1. <a href=\"https:\/\/semmelweis.hu\/szaknyelv\/oktatas\/tantargyak\/szabadon-valaszthato-elonyelvi-kurzusok\/\">Szabadon v\u00e1laszthat\u00f3 szaknyelvi kurzusok <\/a> (2 kredit) kezd\u0151t\u0151l a halad\u00f3ig &#8211; angol\/n\u00e9met\/francia\/spanyol\/olasz\/orosz\/terminol\u00f3gia 2. <a href=\"https:\/\/semmelweis.hu\/szaknyelv\/oktatas\/tantargyak\/aok-kot-val\/\">K\u00f6telez\u0151en v\u00e1laszthat\u00f3 kurzusok<\/a> Magyar orvosi nyelv (\u00c1OK, FOK, GYTK) Szakorvosi terminol\u00f3gia (\u00c1OK) 3. Egyetemi nyelvi vizsg\u00e1k &#8211; krit\u00e9riumt\u00e1rgyak \u00a0 <a href=\"https:\/\/semmelweis.hu\/szaknyelv\/nyelvvizsgak\/szaknyelvi-vizsgak-hallgatoknak\/szaknyelvi-alapvizsga\">Szaknyelvi alapvizsga<\/a> <a href=\"https:\/\/semmelweis.hu\/szaknyelv\/altalanos-nyelvi-zarovizsga-aok-fok-gytk\/\">\u00c1ltal\u00e1nos nyelvi z\u00e1r\u00f3vizsga<\/a> krit\u00e9riumt\u00e1rgyk\u00e9nt (0 kredit) angol vagy n\u00e9met nyelvb\u0151l minden \u00c1OK\/FOK\/GYTK hallgat\u00f3nak k\u00f6telez\u0151 angol nyelvb\u0151l k\u00f6telez\u0151 azok sz\u00e1m\u00e1ra (\u00c1OK\/FOK\/GYTK), akik nem rendelkeznek a diplom\u00e1hoz sz\u00fcks\u00e9ges B2 nyelvvizsg\u00e1val *A 2025\/26-ban diplom\u00e1z\u00f3 GYTK hallgat\u00f3k &hellip;<\/p>\n","protected":false},"author":102166,"featured_media":0,"parent":13812,"menu_order":0,"comment_status":"closed","ping_status":"closed","template":"","meta":{"_acf_changed":false,"footnotes":""},"categories":[],"tags":[],"class_list":["post-13824","page","type-page","status-publish","hentry"],"acf":[],"_links":{"self":[{"href":"https:\/\/semmelweis.hu\/szaknyelv\/wp-json\/wp\/v2\/pages\/13824","targetHints":{"allow":["GET"]}}],"collection":[{"href":"https:\/\/semmelweis.hu\/szaknyelv\/wp-json\/wp\/v2\/pages"}],"about":[{"href":"https:\/\/semmelweis.hu\/szaknyelv\/wp-json\/wp\/v2\/types\/page"}],"author":[{"embeddable":true,"href":"https:\/\/semmelweis.hu\/szaknyelv\/wp-json\/wp\/v2\/users\/102166"}],"replies":[{"embeddable":true,"href":"https:\/\/semmelweis.hu\/szaknyelv\/wp-json\/wp\/v2\/comments?post=13824"}],"version-history":[{"count":10,"href":"https:\/\/semmelweis.hu\/szaknyelv\/wp-json\/wp\/v2\/pages\/13824\/revisions"}],"predecessor-version":[{"id":14681,"href":"https:\/\/semmelweis.hu\/szaknyelv\/wp-json\/wp\/v2\/pages\/13824\/revisions\/14681"}],"up":[{"embeddable":true,"href":"https:\/\/semmelweis.hu\/szaknyelv\/wp-json\/wp\/v2\/pages\/13812"}],"wp:attachment":[{"href":"https:\/\/semmelweis.hu\/szaknyelv\/wp-json\/wp\/v2\/media?parent=13824"}],"wp:term":[{"taxonomy":"category","embeddable":true,"href":"https:\/\/semmelweis.hu\/szaknyelv\/wp-json\/wp\/v2\/categories?post=13824"},{"taxonomy":"post_tag","embeddable":true,"href":"https:\/\/semmelweis.hu\/szaknyelv\/wp-json\/wp\/v2\/tags?post=13824"}],"curies":[{"name":"wp","href":"https:\/\/api.w.org\/{rel}","templated":true}]}}