{"id":13812,"date":"2025-02-04T23:31:53","date_gmt":"2025-02-04T22:31:53","guid":{"rendered":"https:\/\/semmelweis.hu\/szaknyelv\/?page_id=13812"},"modified":"2025-02-07T18:11:21","modified_gmt":"2025-02-07T17:11:21","slug":"tevekenysegeink","status":"publish","type":"page","link":"https:\/\/semmelweis.hu\/szaknyelv\/rolunk\/tevekenysegeink\/","title":{"rendered":"Tev\u00e9kenys\u00e9geink"},"content":{"rendered":"<div class=\"responsive-tabs\">\n<h2 class=\"tabtitle\">Kredites kurzusok<\/h2>\n<div class=\"tabcontent\">\n\n<style>\n           #page-grid .card-body > .line-clamp-box.excerpt{\n        width: inherit;\n        max-width: inherit;\n        display:flex;\n        min-height: 2.4em;\n        flex-direction: column;\n        justify-content: space-around;\n        background-color: #D6E4EA;\n        min-height: 3.4rem;\n        font-family: \"Montserrat\", sans-serif;\n    }\n\n    #page-grid a:hover .card-body > .line-clamp-box.excerpt {\n        background-color: #fff;\n        color: #313B40;\n    }\n\n    #page-grid .card-body .line-clamp-box.excerpt section{\n        max-width: inherit;\n        display: -webkit-box;\n        -webkit-line-clamp: 2;\n        -webkit-box-orient: vertical;\n        overflow: hidden;\n        text-overflow: ellipsis;\n        hyphens: auto;\n        margin: auto;\n        \n    }\n    .line-clamp-box.excerpt section, .line-clamp-box.excerpt section p{\n        font-size:0.8em;\n    }\n    \n<\/style>\n    <section id=\"page-grid\">\n        \n        <div class=\"row row-cols-1 row-cols-md-2 row-cols-lg-3 no-gutters mx-0 \">    <div class =\"col  mb-2 card-wrapper\">\n        <a class=\"d-flex flex-fill card-link-warapper m-md-1\" href=\"https:\/\/semmelweis.hu\/szaknyelv\/rolunk\/tevekenysegeink\/angol-nyelvu-szimulacios-kurzusok\/\">\n            <div class=\"card border border-secondary se-border flex-fill\">\n                <div class=\"row no-gutters mx-0 d-flex flex-nowrap flex-md-wrap align-items-center\">\n                    <div class =\"  col-5 col-md-12  d-none  d-md-none d-md-none  bg-image  card-image justify-content-center\">\n                        <img class='wp-post-image img-fluid landscape' src='https:\/\/semmelweis.hu\/szaknyelv\/wp-content\/themes\/se18\/dist\/images\/svg\/bg-image.svg' \/>\n                    <\/div>\n                    <div class=\"card-body  col flex-column  col-md-12 p-0\">\n                        <div class=\"line-clamp-box p-3\">\n                            <h5 class=\"ml-0 ml-sm-1 mt-2 align-items-center\"  >Angol nyelv\u0171 szimul\u00e1ci\u00f3s kurzusok<\/h5>\n                        <\/div>\n                            <div class= \"line-clamp-box excerpt m-0 p-2 pl-3\">\n        <section>\n            Preparation Course for the OSCE\n\nSimulation-Based Communication Training \u2013 Columbia University\n\n\n        <\/section>\n    <\/div>\n                    <\/div>\n                <\/div>\n\n            <\/div>\n        <\/a>\n    <\/div>    <div class =\"col  mb-2 card-wrapper\">\n        <a class=\"d-flex flex-fill card-link-warapper m-md-1\" href=\"https:\/\/semmelweis.hu\/szaknyelv\/rolunk\/tevekenysegeink\/hallgatoi-kutatomunka-temavezetes\/\">\n            <div class=\"card border border-secondary se-border flex-fill\">\n                <div class=\"row no-gutters mx-0 d-flex flex-nowrap flex-md-wrap align-items-center\">\n                    <div class =\"  col-5 col-md-12  d-none  d-md-none d-md-none  bg-image  card-image justify-content-center\">\n                        <img class='wp-post-image img-fluid landscape' src='https:\/\/semmelweis.hu\/szaknyelv\/wp-content\/themes\/se18\/dist\/images\/svg\/bg-image.svg' \/>\n                    <\/div>\n                    <div class=\"card-body  col flex-column  col-md-12 p-0\">\n                        <div class=\"line-clamp-box p-3\">\n                            <h5 class=\"ml-0 ml-sm-1 mt-2 align-items-center\"  >Hallgat\u00f3i kutat\u00f3munka, t\u00e9mavezet\u00e9s<\/h5>\n                        <\/div>\n                            <div class= \"line-clamp-box excerpt m-0 p-2 pl-3\">\n        <section>\n            Szakdolgozati t\u00e9mavezet\u00e9s,\nTDK t\u00e9mavezet\u00e9s\n\n        <\/section>\n    <\/div>\n                    <\/div>\n                <\/div>\n\n            <\/div>\n        <\/a>\n    <\/div>    <div class =\"col  mb-2 card-wrapper\">\n        <a class=\"d-flex flex-fill card-link-warapper m-md-1\" href=\"https:\/\/semmelweis.hu\/szaknyelv\/rolunk\/tevekenysegeink\/kurzusok-es-vizsgak\/\">\n            <div class=\"card border border-secondary se-border flex-fill\">\n                <div class=\"row no-gutters mx-0 d-flex flex-nowrap flex-md-wrap align-items-center\">\n                    <div class =\"  col-5 col-md-12  d-none  d-md-none d-md-none  bg-image  card-image justify-content-center\">\n                        <img class='wp-post-image img-fluid landscape' src='https:\/\/semmelweis.hu\/szaknyelv\/wp-content\/themes\/se18\/dist\/images\/svg\/bg-image.svg' \/>\n                    <\/div>\n                    <div class=\"card-body  col flex-column  col-md-12 p-0\">\n                        <div class=\"line-clamp-box p-3\">\n                            <h5 class=\"ml-0 ml-sm-1 mt-2 align-items-center\"  >Kurzusok \u00e9s vizsg\u00e1k<\/h5>\n                        <\/div>\n                            <div class= \"line-clamp-box excerpt m-0 p-2 pl-3\">\n        <section>\n            1. Szabadon v\u00e1laszthat\u00f3 szaknyelvi kurzusok (2 kredit)\nkezd\u0151t\u0151l a halad\u00f3ig\n&#8211; angol\/n\u00e9met\/francia\/spanyol\/olasz\/orosz\/terminol\u00f3gia\n2. K\u00f6telez\u0151en v\u00e1laszthat\u00f3 kurzusok\nMagyar orvosi nyelv (\u00c1OK, FOK, GYTK)\nSzakorvosi terminol\u00f3gia (\u00c1OK)\n3. Egyetemi nyelvi vizsg\u00e1k &#8211; krit\u00e9riumt\u00e1rgyak\n\n\n\n\n\u00a0\n\n\nSzaknyelvi alapvizsga\n\n\n\u00c1ltal\u00e1nos nyelvi z\u00e1r\u00f3vizsga\n\n\n\n\nkrit\u00e9riumt\u00e1rgyk\u00e9nt\n(0 kredit)\n\n\nangol ..\n        <\/section>\n    <\/div>\n                    <\/div>\n                <\/div>\n\n            <\/div>\n        <\/a>\n    <\/div>    <div class =\"col  mb-2 card-wrapper\">\n        <a class=\"d-flex flex-fill card-link-warapper m-md-1\" href=\"https:\/\/semmelweis.hu\/szaknyelv\/rolunk\/tevekenysegeink\/phd-kurzusok-es-vizsgak\/\">\n            <div class=\"card border border-secondary se-border flex-fill\">\n                <div class=\"row no-gutters mx-0 d-flex flex-nowrap flex-md-wrap align-items-center\">\n                    <div class =\"  col-5 col-md-12  d-none  d-md-none d-md-none  bg-image  card-image justify-content-center\">\n                        <img class='wp-post-image img-fluid landscape' src='https:\/\/semmelweis.hu\/szaknyelv\/wp-content\/themes\/se18\/dist\/images\/svg\/bg-image.svg' \/>\n                    <\/div>\n                    <div class=\"card-body  col flex-column  col-md-12 p-0\">\n                        <div class=\"line-clamp-box p-3\">\n                            <h5 class=\"ml-0 ml-sm-1 mt-2 align-items-center\"  >PhD kurzusok \u00e9s vizsg\u00e1k<\/h5>\n                        <\/div>\n                            <div class= \"line-clamp-box excerpt m-0 p-2 pl-3\">\n        <section>\n            PhD kurzusok\n\nMagyar orvosi nyelv (DI0033KV_1M)\n\nT\u00e1rgyfelel\u0151s: Dr. Ittz\u00e9s D\u00e1niel &#8211; ittzes.daniel@semmelweis.hu\nA t\u00e1rgy el\u00e9rhet\u0151: minden tavaszi f\u00e9l\u00e9vben, jelenl\u00e9ti oktat\u00e1sban.\nA magyar orvosi nyelv tant\u00e1rgy az alapvet\u0151 nyelvi k\u00e9rd\u00e9sek mellett minden orvostanhallgat\u00f3nak \u00e9s v\u00e9gzett orvosnak, kutat\u00f3nak is sz\u00fcks\u00e9ges ismereteket tan\u00edt. Rangos el\u0151ad\u00f3k oktatj\u00e1k sok m\u00e1s mellett:\n\u2022 a magyar orvosi nyelv elvi, helyes\u00edr\u00e1si, ..\n        <\/section>\n    <\/div>\n                    <\/div>\n                <\/div>\n\n            <\/div>\n        <\/a>\n    <\/div>    <div class =\"col  mb-2 card-wrapper\">\n        <a class=\"d-flex flex-fill card-link-warapper m-md-1\" href=\"https:\/\/semmelweis.hu\/szaknyelv\/rolunk\/tevekenysegeink\/teach-with-us\/\">\n            <div class=\"card border border-secondary se-border flex-fill\">\n                <div class=\"row no-gutters mx-0 d-flex flex-nowrap flex-md-wrap align-items-center\">\n                    <div class =\"  col-5 col-md-12  d-none  d-md-none d-md-none  bg-image  card-image justify-content-center\">\n                        <img class='wp-post-image img-fluid landscape' src='https:\/\/semmelweis.hu\/szaknyelv\/wp-content\/themes\/se18\/dist\/images\/svg\/bg-image.svg' \/>\n                    <\/div>\n                    <div class=\"card-body  col flex-column  col-md-12 p-0\">\n                        <div class=\"line-clamp-box p-3\">\n                            <h5 class=\"ml-0 ml-sm-1 mt-2 align-items-center\"  >Teach with us<\/h5>\n                        <\/div>\n                            <div class= \"line-clamp-box excerpt m-0 p-2 pl-3\">\n        <section>\n            demonstr\u00e1tori munka b\u00e1rmely nyelvkurzuson,\nLanguage Club mentorok\n\n        <\/section>\n    <\/div>\n                    <\/div>\n                <\/div>\n\n            <\/div>\n        <\/a>\n    <\/div>        <\/div>\n    <\/section>\n\n<\/div><h2 class=\"tabtitle\">Egy\u00e9b szolg\u00e1ltat\u00e1sok<\/h2>\n<div class=\"tabcontent\">\n\n<style>\n           #page-grid .card-body > .line-clamp-box.excerpt{\n        width: inherit;\n        max-width: inherit;\n        display:flex;\n        min-height: 2.4em;\n        flex-direction: column;\n        justify-content: space-around;\n        background-color: #D6E4EA;\n        min-height: 3.4rem;\n        font-family: \"Montserrat\", sans-serif;\n    }\n\n    #page-grid a:hover .card-body > .line-clamp-box.excerpt {\n        background-color: #fff;\n        color: #313B40;\n    }\n\n    #page-grid .card-body .line-clamp-box.excerpt section{\n        max-width: inherit;\n        display: -webkit-box;\n        -webkit-line-clamp: 2;\n        -webkit-box-orient: vertical;\n        overflow: hidden;\n        text-overflow: ellipsis;\n        hyphens: auto;\n        margin: auto;\n        \n    }\n    .line-clamp-box.excerpt section, .line-clamp-box.excerpt section p{\n        font-size:0.8em;\n    }\n    \n<\/style>\n    <section id=\"page-grid\">\n        \n        <div class=\"row row-cols-1 row-cols-md-2 row-cols-lg-3 no-gutters mx-0 \">    <div class =\"col  mb-2 card-wrapper\">\n        <a class=\"d-flex flex-fill card-link-warapper m-md-1\" href=\"https:\/\/semmelweis.hu\/szaknyelv\/rolunk\/tevekenysegeink-egyeb\/nemzetkozi-nyelvvizsgak\/\">\n            <div class=\"card border border-secondary se-border flex-fill\">\n                <div class=\"row no-gutters mx-0 d-flex flex-nowrap flex-md-wrap align-items-center\">\n                    <div class =\"  col-5 col-md-12  d-none  d-md-none d-md-none  bg-image  card-image justify-content-center\">\n                        <img class='wp-post-image img-fluid landscape' src='https:\/\/semmelweis.hu\/szaknyelv\/wp-content\/themes\/se18\/dist\/images\/svg\/bg-image.svg' \/>\n                    <\/div>\n                    <div class=\"card-body  col flex-column  col-md-12 p-0\">\n                        <div class=\"line-clamp-box p-3\">\n                            <h5 class=\"ml-0 ml-sm-1 mt-2 align-items-center\"  >Nemzetk\u00f6zi nyelvvizsg\u00e1k<\/h5>\n                        <\/div>\n                            <div class= \"line-clamp-box excerpt m-0 p-2 pl-3\">\n        <section>\n            nemzetk\u00f6zi nyelvvizsg\u00e1k\n\n        <\/section>\n    <\/div>\n                    <\/div>\n                <\/div>\n\n            <\/div>\n        <\/a>\n    <\/div>    <div class =\"col  mb-2 card-wrapper\">\n        <a class=\"d-flex flex-fill card-link-warapper m-md-1\" href=\"https:\/\/semmelweis.hu\/szaknyelv\/rolunk\/tevekenysegeink-egyeb\/nyelvtanfolyamok\/\">\n            <div class=\"card border border-secondary se-border flex-fill\">\n                <div class=\"row no-gutters mx-0 d-flex flex-nowrap flex-md-wrap align-items-center\">\n                    <div class =\"  col-5 col-md-12  d-none  d-md-none d-md-none  bg-image  card-image justify-content-center\">\n                        <img class='wp-post-image img-fluid landscape' src='https:\/\/semmelweis.hu\/szaknyelv\/wp-content\/themes\/se18\/dist\/images\/svg\/bg-image.svg' \/>\n                    <\/div>\n                    <div class=\"card-body  col flex-column  col-md-12 p-0\">\n                        <div class=\"line-clamp-box p-3\">\n                            <h5 class=\"ml-0 ml-sm-1 mt-2 align-items-center\"  >Nyelvtanfolyamok<\/h5>\n                        <\/div>\n                            <div class= \"line-clamp-box excerpt m-0 p-2 pl-3\">\n        <section>\n            egy\u00e9ni vagy csoportos nyelvtanfolyamok,\n\u00e1ltal\u00e1nos vagy szaknyelvi,\nminden oktatott nyelvb\u0151l \u00e9s ig\u00e9ny szerint tov\u00e1bbi nyelvekb\u0151l is\n\n        <\/section>\n    <\/div>\n                    <\/div>\n                <\/div>\n\n            <\/div>\n        <\/a>\n    <\/div>    <div class =\"col  mb-2 card-wrapper\">\n        <a class=\"d-flex flex-fill card-link-warapper m-md-1\" href=\"https:\/\/semmelweis.hu\/szaknyelv\/rolunk\/tevekenysegeink-egyeb\/szakiranyu-tovabbkepzesek\/\">\n            <div class=\"card border border-secondary se-border flex-fill\">\n                <div class=\"row no-gutters mx-0 d-flex flex-nowrap flex-md-wrap align-items-center\">\n                    <div class =\"  col-5 col-md-12  d-none  d-md-none d-md-none  bg-image  card-image justify-content-center\">\n                        <img class='wp-post-image img-fluid landscape' src='https:\/\/semmelweis.hu\/szaknyelv\/wp-content\/themes\/se18\/dist\/images\/svg\/bg-image.svg' \/>\n                    <\/div>\n                    <div class=\"card-body  col flex-column  col-md-12 p-0\">\n                        <div class=\"line-clamp-box p-3\">\n                            <h5 class=\"ml-0 ml-sm-1 mt-2 align-items-center\"  >Szakir\u00e1ny\u00fa tov\u00e1bbk\u00e9pz\u00e9sek<\/h5>\n                        <\/div>\n                            <div class= \"line-clamp-box excerpt m-0 p-2 pl-3\">\n        <section>\n            Eg\u00e9szs\u00e9gtudom\u00e1nyi szakford\u00edt\u00f3 \u00e9s tolm\u00e1cs, Scientific Editor (tudom\u00e1nyos szerkeszt\u0151)\nEg\u00e9szs\u00e9gtudom\u00e1nyi szakford\u00edt\u00f3 \u00e9s tolm\u00e1cs\n2 \u00e9v, online\nmagyar-angol\nmagyar-n\u00e9met\nScientific Editor (tudom\u00e1nyos szerkeszt\u0151)\n1 \u00e9v, online\nangol\n\n        <\/section>\n    <\/div>\n                    <\/div>\n                <\/div>\n\n            <\/div>\n        <\/a>\n    <\/div>    <div class =\"col  mb-2 card-wrapper\">\n        <a class=\"d-flex flex-fill card-link-warapper m-md-1\" href=\"https:\/\/semmelweis.hu\/szaknyelv\/rolunk\/tevekenysegeink-egyeb\/szaknyelvi-lektoralas-es-forditas\/\">\n            <div class=\"card border border-secondary se-border flex-fill\">\n                <div class=\"row no-gutters mx-0 d-flex flex-nowrap flex-md-wrap align-items-center\">\n                    <div class =\"  col-5 col-md-12  d-none  d-md-none d-md-none  bg-image  card-image justify-content-center\">\n                        <img class='wp-post-image img-fluid landscape' src='https:\/\/semmelweis.hu\/szaknyelv\/wp-content\/themes\/se18\/dist\/images\/svg\/bg-image.svg' \/>\n                    <\/div>\n                    <div class=\"card-body  col flex-column  col-md-12 p-0\">\n                        <div class=\"line-clamp-box p-3\">\n                            <h5 class=\"ml-0 ml-sm-1 mt-2 align-items-center\"  >Szaknyelvi lektor\u00e1l\u00e1s \u00e9s ford\u00edt\u00e1s<\/h5>\n                        <\/div>\n                            <div class= \"line-clamp-box excerpt m-0 p-2 pl-3\">\n        <section>\n            szaknyelvi lektor\u00e1l\u00e1s \u00e9s ford\u00edt\u00e1s,\nSemmelweis polg\u00e1rok sz\u00e1m\u00e1ra kedvezm\u00e9nyesen\n\n        <\/section>\n    <\/div>\n                    <\/div>\n                <\/div>\n\n            <\/div>\n        <\/a>\n    <\/div>        <\/div>\n    <\/section>\n<\/div><\/div>\n","protected":false},"excerpt":{"rendered":"","protected":false},"author":102166,"featured_media":0,"parent":7988,"menu_order":0,"comment_status":"closed","ping_status":"closed","template":"template-fullwidth.php","meta":{"_acf_changed":false,"footnotes":""},"categories":[],"tags":[],"class_list":["post-13812","page","type-page","status-publish","hentry"],"acf":[],"_links":{"self":[{"href":"https:\/\/semmelweis.hu\/szaknyelv\/wp-json\/wp\/v2\/pages\/13812","targetHints":{"allow":["GET"]}}],"collection":[{"href":"https:\/\/semmelweis.hu\/szaknyelv\/wp-json\/wp\/v2\/pages"}],"about":[{"href":"https:\/\/semmelweis.hu\/szaknyelv\/wp-json\/wp\/v2\/types\/page"}],"author":[{"embeddable":true,"href":"https:\/\/semmelweis.hu\/szaknyelv\/wp-json\/wp\/v2\/users\/102166"}],"replies":[{"embeddable":true,"href":"https:\/\/semmelweis.hu\/szaknyelv\/wp-json\/wp\/v2\/comments?post=13812"}],"version-history":[{"count":4,"href":"https:\/\/semmelweis.hu\/szaknyelv\/wp-json\/wp\/v2\/pages\/13812\/revisions"}],"predecessor-version":[{"id":14729,"href":"https:\/\/semmelweis.hu\/szaknyelv\/wp-json\/wp\/v2\/pages\/13812\/revisions\/14729"}],"up":[{"embeddable":true,"href":"https:\/\/semmelweis.hu\/szaknyelv\/wp-json\/wp\/v2\/pages\/7988"}],"wp:attachment":[{"href":"https:\/\/semmelweis.hu\/szaknyelv\/wp-json\/wp\/v2\/media?parent=13812"}],"wp:term":[{"taxonomy":"category","embeddable":true,"href":"https:\/\/semmelweis.hu\/szaknyelv\/wp-json\/wp\/v2\/categories?post=13812"},{"taxonomy":"post_tag","embeddable":true,"href":"https:\/\/semmelweis.hu\/szaknyelv\/wp-json\/wp\/v2\/tags?post=13812"}],"curies":[{"name":"wp","href":"https:\/\/api.w.org\/{rel}","templated":true}]}}