{"id":13676,"date":"2025-01-13T15:32:14","date_gmt":"2025-01-13T14:32:14","guid":{"rendered":"https:\/\/semmelweis.hu\/szaknyelv\/?page_id=13676"},"modified":"2025-01-13T15:32:14","modified_gmt":"2025-01-13T14:32:14","slug":"13676-2","status":"publish","type":"page","link":"https:\/\/semmelweis.hu\/szaknyelv\/13676-2\/","title":{"rendered":""},"content":{"rendered":"<div><strong>M\u00e1ny, D.<\/strong> (2024). F<i>ran\u00e7ais sur objectifs m\u00e9dicaux B1-B2.<\/i><\/div>\n<div>Budapest: Semmelweis Egyetem Szaknyelvi Int\u00e9zet.<\/div>\n<div><strong>M\u00e1ny, D., &amp; J\u00e1mbor, M.<\/strong> (2024). <i>Fran\u00e7ais sur objectifs m\u00e9dicaux A2-B1<\/i>.<\/div>\n<div>Budapest: Semmelweis Egyetem Szaknyelvi Int\u00e9zet.<\/div>\n<div><strong>M\u00e1ny, D.<\/strong> (2024). <i>Fran\u00e7ais sur objectifs m\u00e9dicaux et pharmaceutiques A1-A2<\/i>.<\/div>\n<div>Budapest: Semmelweis Egyetem Szaknyelvi Int\u00e9zet.<\/div>\n","protected":false},"excerpt":{"rendered":"<p>M\u00e1ny, D. (2024). Fran\u00e7ais sur objectifs m\u00e9dicaux B1-B2.<br \/>\nBudapest: Semmelweis Egyetem Szaknyelvi Int\u00e9zet.<br \/>\nM\u00e1ny, D., &amp; J\u00e1mbor, M. (2024). Fran\u00e7ais sur objectifs m\u00e9dicaux A2-B1.<br \/>\nBudapest: Semmelweis Egyetem Szaknyelvi Int\u00e9zet.<br \/>\nM\u00e1ny, D. (2024). Fran\u00e7ais sur objectifs m\u00e9dicaux et pharmaceutiques A1-A2.<br \/>\nBudapest: Semmelweis Egyetem Szaknyelvi Int\u00e9zet.<\/p>\n","protected":false},"author":102166,"featured_media":0,"parent":0,"menu_order":0,"comment_status":"closed","ping_status":"closed","template":"","meta":{"_acf_changed":false,"footnotes":""},"categories":[],"tags":[],"class_list":["post-13676","page","type-page","status-publish","hentry"],"acf":[],"_links":{"self":[{"href":"https:\/\/semmelweis.hu\/szaknyelv\/wp-json\/wp\/v2\/pages\/13676","targetHints":{"allow":["GET"]}}],"collection":[{"href":"https:\/\/semmelweis.hu\/szaknyelv\/wp-json\/wp\/v2\/pages"}],"about":[{"href":"https:\/\/semmelweis.hu\/szaknyelv\/wp-json\/wp\/v2\/types\/page"}],"author":[{"embeddable":true,"href":"https:\/\/semmelweis.hu\/szaknyelv\/wp-json\/wp\/v2\/users\/102166"}],"replies":[{"embeddable":true,"href":"https:\/\/semmelweis.hu\/szaknyelv\/wp-json\/wp\/v2\/comments?post=13676"}],"version-history":[{"count":3,"href":"https:\/\/semmelweis.hu\/szaknyelv\/wp-json\/wp\/v2\/pages\/13676\/revisions"}],"predecessor-version":[{"id":13679,"href":"https:\/\/semmelweis.hu\/szaknyelv\/wp-json\/wp\/v2\/pages\/13676\/revisions\/13679"}],"wp:attachment":[{"href":"https:\/\/semmelweis.hu\/szaknyelv\/wp-json\/wp\/v2\/media?parent=13676"}],"wp:term":[{"taxonomy":"category","embeddable":true,"href":"https:\/\/semmelweis.hu\/szaknyelv\/wp-json\/wp\/v2\/categories?post=13676"},{"taxonomy":"post_tag","embeddable":true,"href":"https:\/\/semmelweis.hu\/szaknyelv\/wp-json\/wp\/v2\/tags?post=13676"}],"curies":[{"name":"wp","href":"https:\/\/api.w.org\/{rel}","templated":true}]}}