{"id":13671,"date":"2025-01-13T15:23:58","date_gmt":"2025-01-13T14:23:58","guid":{"rendered":"https:\/\/semmelweis.hu\/szaknyelv\/?page_id=13671"},"modified":"2025-01-13T15:24:59","modified_gmt":"2025-01-13T14:24:59","slug":"13671-2","status":"publish","type":"page","link":"https:\/\/semmelweis.hu\/szaknyelv\/13671-2\/","title":{"rendered":""},"content":{"rendered":"<p><strong>Finta, K., Tarnai, C., Fogarasi, K., Oravecz, A., &amp; M\u00e1ny, D.<\/strong> (2024). <br \/>\nT\u00e1mogat\u00f3 orvosi t\u00e1j\u00e9koztat\u00e1s: betekint\u00e9s az urol\u00f3gus-beteg p\u00e1rbesz\u00e9dekbe. <i>MAGYAR ORVOSI NYELV,<\/i> 24(1), 8\u201311. <a href=\"http:\/\/doi.org\/10.61333\/mony.v24i1.17249\" target=\"_blank\" rel=\"noopener\">http:\/\/doi.org\/10.61333\/mony.v24i1.17249<\/a><\/p>\n","protected":false},"excerpt":{"rendered":"<p>Finta, K., Tarnai, C., Fogarasi, K., Oravecz, A., &amp; M\u00e1ny, D. (2024).<br \/>\nT\u00e1mogat\u00f3 orvosi t\u00e1j\u00e9koztat\u00e1s: betekint\u00e9s az urol\u00f3gus-beteg p\u00e1rbesz\u00e9dekbe. MAGYAR ORVOSI NYELV, 24(1), 8\u201311. <a href=\"http:\/\/doi.org\/10.61333\/mony.v24i1.17249\" target=\"_blank\" rel=\"noopener\">http:\/\/doi.org\/10.61333\/mony.v24i1.17249<\/a><\/p>\n","protected":false},"author":102166,"featured_media":0,"parent":0,"menu_order":0,"comment_status":"closed","ping_status":"closed","template":"","meta":{"_acf_changed":false,"footnotes":""},"categories":[],"tags":[],"class_list":["post-13671","page","type-page","status-publish","hentry"],"acf":[],"_links":{"self":[{"href":"https:\/\/semmelweis.hu\/szaknyelv\/wp-json\/wp\/v2\/pages\/13671","targetHints":{"allow":["GET"]}}],"collection":[{"href":"https:\/\/semmelweis.hu\/szaknyelv\/wp-json\/wp\/v2\/pages"}],"about":[{"href":"https:\/\/semmelweis.hu\/szaknyelv\/wp-json\/wp\/v2\/types\/page"}],"author":[{"embeddable":true,"href":"https:\/\/semmelweis.hu\/szaknyelv\/wp-json\/wp\/v2\/users\/102166"}],"replies":[{"embeddable":true,"href":"https:\/\/semmelweis.hu\/szaknyelv\/wp-json\/wp\/v2\/comments?post=13671"}],"version-history":[{"count":2,"href":"https:\/\/semmelweis.hu\/szaknyelv\/wp-json\/wp\/v2\/pages\/13671\/revisions"}],"predecessor-version":[{"id":13673,"href":"https:\/\/semmelweis.hu\/szaknyelv\/wp-json\/wp\/v2\/pages\/13671\/revisions\/13673"}],"wp:attachment":[{"href":"https:\/\/semmelweis.hu\/szaknyelv\/wp-json\/wp\/v2\/media?parent=13671"}],"wp:term":[{"taxonomy":"category","embeddable":true,"href":"https:\/\/semmelweis.hu\/szaknyelv\/wp-json\/wp\/v2\/categories?post=13671"},{"taxonomy":"post_tag","embeddable":true,"href":"https:\/\/semmelweis.hu\/szaknyelv\/wp-json\/wp\/v2\/tags?post=13671"}],"curies":[{"name":"wp","href":"https:\/\/api.w.org\/{rel}","templated":true}]}}