{"id":12710,"date":"2024-02-21T10:48:33","date_gmt":"2024-02-21T09:48:33","guid":{"rendered":"https:\/\/semmelweis.hu\/szaknyelv\/?page_id=12710"},"modified":"2024-02-21T10:48:33","modified_gmt":"2024-02-21T09:48:33","slug":"egeszsegugyi-nemet-szaknyelv-b2-c1-tanfolyam","status":"publish","type":"page","link":"https:\/\/semmelweis.hu\/szaknyelv\/egeszsegugyi-nemet-szaknyelv-b2-c1-tanfolyam\/","title":{"rendered":"EG\u00c9SZS\u00c9G\u00dcGYI N\u00c9MET SZAKNYELV (B2-C1) tanfolyam"},"content":{"rendered":"<p style=\"text-align: center\">ONLINE EG\u00c9SZS\u00c9G\u00dcGYI N\u00c9MET SZAKNYELV (B2-C1) tanfolyamot ind\u00edt a Semmelweis Egyetem Szaknyelvi Int\u00e9zete <br \/>\n2024. m\u00e1rcius 7-\u00e9n<\/p>\n<p data-wp-editing=\"1\"><img loading=\"lazy\" decoding=\"async\" class=\"alignleft wp-image-12645\" src=\"https:\/\/semmelweis.hu\/szaknyelv\/files\/2024\/02\/Eu-szaknyelv-nemet-24.-febr.-724x1024.png\" alt=\"\" width=\"500\" height=\"707\" srcset=\"https:\/\/semmelweis.hu\/szaknyelv\/files\/2024\/02\/Eu-szaknyelv-nemet-24.-febr.-724x1024.png 724w, https:\/\/semmelweis.hu\/szaknyelv\/files\/2024\/02\/Eu-szaknyelv-nemet-24.-febr.-283x400.png 283w, https:\/\/semmelweis.hu\/szaknyelv\/files\/2024\/02\/Eu-szaknyelv-nemet-24.-febr.-768x1086.png 768w, https:\/\/semmelweis.hu\/szaknyelv\/files\/2024\/02\/Eu-szaknyelv-nemet-24.-febr.-1086x1536.png 1086w, https:\/\/semmelweis.hu\/szaknyelv\/files\/2024\/02\/Eu-szaknyelv-nemet-24.-febr.-1448x2048.png 1448w, https:\/\/semmelweis.hu\/szaknyelv\/files\/2024\/02\/Eu-szaknyelv-nemet-24.-febr.-753x1065.png 753w, https:\/\/semmelweis.hu\/szaknyelv\/files\/2024\/02\/Eu-szaknyelv-nemet-24.-febr..png 1587w\" sizes=\"auto, (max-width: 500px) 100vw, 500px\" \/><\/p>\n<p style=\"text-align: justify\"><strong><span style=\"font-size: 14pt\">A 40 \u00f3r\u00e1s, ONLINE k\u00e9pz\u00e9s<\/span><\/strong><br \/>\n<span style=\"font-size: 14pt\">&#8211; betekint\u00e9st ny\u00fajt a legfontosabb orvosi szakter\u00fcletek terminol\u00f3gi\u00e1j\u00e1ba, <\/span><br \/>\n<span style=\"font-size: 14pt\">&#8211; orvosi szaksz\u00f3kincsen alapul\u00f3 nyelvtani rendszerez\u00e9st biztos\u00edt, <\/span><br \/>\n<span style=\"font-size: 14pt\">&#8211; a szaknyelvi kommunik\u00e1ci\u00f3s \u00e9s dokument\u00e1ci\u00f3s k\u00e9szs\u00e9gek fejleszt\u00e9s\u00e9t seg\u00edti. <\/span><\/p>\n<p><span style=\"font-size: 14pt\">V\u00e1rjuk azokat az \u00e9rdekl\u0151d\u0151ket, akik <\/span><br \/>\n<span style=\"font-size: 14pt\">&#8211; szeretn\u00e9nek szaknyelvi ismereteket szerezni, esetleg megl\u00e9v\u0151 tud\u00e1sukat szeretn\u00e9k felfriss\u00edteni, kieg\u00e9sz\u00edteni,<\/span><br \/>\n<span style=\"font-size: 14pt\">&#8211; az Eg\u00e9szs\u00e9gtudom\u00e1nyi szakford\u00edt\u00f3- \u00e9s tolm\u00e1cs szakir\u00e1ny\u00fa k\u00e9pz\u00e9s\u00fcnk ir\u00e1nt \u00e9rdekl\u0151dnek vagy m\u00e1r akt\u00edv hallgat\u00f3k.<\/span><\/p>\n<p><span style=\"font-size: 14pt\"><strong>Jelentkez\u00e9si-befizet\u00e9si hat\u00e1rid\u0151<\/strong>: 2024.02.29.<\/span><\/p>\n<p style=\"text-align: left\"><span style=\"font-size: 14pt\"><strong>Regisztr\u00e1ci\u00f3 a tanfolyamra itt:<\/strong> <\/span><br \/>\n<span style=\"font-size: 14pt\"><a class=\"x1fey0fg xmper1u x1edh9d7\" href=\"https:\/\/forms.office.com\/e\/kVE8um5tKi?origin=lprLink\">https:\/\/forms.office.com\/e\/kVE8um5tKi?origin=lprLink<\/a><\/span><\/p>\n<p><span style=\"font-size: 14pt\"><strong>El\u00e9rhet\u0151s\u00e9g:<\/strong><\/span><br \/>\n<span style=\"font-size: 14pt\">lsp@semmelweis.hu<\/span><br \/>\n<span class=\"xv78j7m\" style=\"font-size: 14pt\">Semmelweis Egyetem Szaknyelvi Int\u00e9zet<\/span><\/p>\n","protected":false},"excerpt":{"rendered":"<p>ONLINE EG\u00c9SZS\u00c9G\u00dcGYI N\u00c9MET SZAKNYELV (B2-C1) tanfolyamot ind\u00edt a Semmelweis Egyetem Szaknyelvi Int\u00e9zete 2024. m\u00e1rcius 7-\u00e9n A 40 \u00f3r\u00e1s, ONLINE k\u00e9pz\u00e9s &#8211; betekint\u00e9st ny\u00fajt a legfontosabb orvosi szakter\u00fcletek terminol\u00f3gi\u00e1j\u00e1ba, &#8211; orvosi szaksz\u00f3kincsen alapul\u00f3 nyelvtani rendszerez\u00e9st biztos\u00edt, &#8211; a szaknyelvi kommunik\u00e1ci\u00f3s \u00e9s dokument\u00e1ci\u00f3s k\u00e9szs\u00e9gek fejleszt\u00e9s\u00e9t seg\u00edti. V\u00e1rjuk azokat az \u00e9rdekl\u0151d\u0151ket, akik &#8211; szeretn\u00e9nek szaknyelvi ismereteket szerezni, esetleg &hellip;<\/p>\n","protected":false},"author":102166,"featured_media":0,"parent":0,"menu_order":0,"comment_status":"closed","ping_status":"closed","template":"template-fullwidth.php","meta":{"_acf_changed":false,"footnotes":""},"categories":[23],"tags":[],"class_list":["post-12710","page","type-page","status-publish","hentry","category-hirek"],"acf":[],"_links":{"self":[{"href":"https:\/\/semmelweis.hu\/szaknyelv\/wp-json\/wp\/v2\/pages\/12710","targetHints":{"allow":["GET"]}}],"collection":[{"href":"https:\/\/semmelweis.hu\/szaknyelv\/wp-json\/wp\/v2\/pages"}],"about":[{"href":"https:\/\/semmelweis.hu\/szaknyelv\/wp-json\/wp\/v2\/types\/page"}],"author":[{"embeddable":true,"href":"https:\/\/semmelweis.hu\/szaknyelv\/wp-json\/wp\/v2\/users\/102166"}],"replies":[{"embeddable":true,"href":"https:\/\/semmelweis.hu\/szaknyelv\/wp-json\/wp\/v2\/comments?post=12710"}],"version-history":[{"count":10,"href":"https:\/\/semmelweis.hu\/szaknyelv\/wp-json\/wp\/v2\/pages\/12710\/revisions"}],"predecessor-version":[{"id":12725,"href":"https:\/\/semmelweis.hu\/szaknyelv\/wp-json\/wp\/v2\/pages\/12710\/revisions\/12725"}],"wp:attachment":[{"href":"https:\/\/semmelweis.hu\/szaknyelv\/wp-json\/wp\/v2\/media?parent=12710"}],"wp:term":[{"taxonomy":"category","embeddable":true,"href":"https:\/\/semmelweis.hu\/szaknyelv\/wp-json\/wp\/v2\/categories?post=12710"},{"taxonomy":"post_tag","embeddable":true,"href":"https:\/\/semmelweis.hu\/szaknyelv\/wp-json\/wp\/v2\/tags?post=12710"}],"curies":[{"name":"wp","href":"https:\/\/api.w.org\/{rel}","templated":true}]}}