{"id":11929,"date":"2023-11-21T05:48:41","date_gmt":"2023-11-21T04:48:41","guid":{"rendered":"https:\/\/semmelweis.hu\/szaknyelv\/?page_id=11929"},"modified":"2025-12-10T10:01:40","modified_gmt":"2025-12-10T09:01:40","slug":"research-supports","status":"publish","type":"page","link":"https:\/\/semmelweis.hu\/szaknyelv\/en\/research\/research-supports\/","title":{"rendered":"Research supports"},"content":{"rendered":"<p><strong>Katalin Fogarasi Ph.D., habil.<\/strong><br \/>\nSemmelweis Scientific and Innovation Fund tender winner<\/p>\n<p><strong>Katalin Fogarasi Ph.D., habil.<\/strong><br \/>\nBolyai J\u00e1nos Research Scholarship (Hungarian Academy of Sciences)<\/p>\n<p><strong>G\u00e1bor Gyenes<\/strong><br \/>\nUniversity Researchers\u2019 Scholarship Program (Semmelweis University)<br \/>\nSupervisor: Katalin Fogarasi Ph.D., habil.<\/p>\n<p><strong>\u00c1gnes Horv\u00e1th<\/strong> <strong>Ph.D.<br \/>\n<\/strong><span class=\"x193iq5w xeuugli x13faqbe x1vvkbs x1xmvt09 x1lliihq x1s928wv xhkezso x1gmr53x x1cpjm7i x1fgarty x1943h6x xudqn12 x3x7a5m x6prxxf xvq8zen xo1l8bm xzsf02u x1yc453h\" dir=\"auto\">9th EUniWell Seed Funding Call<\/span><\/p>\n<p><strong>D\u00e1niel M\u00e1ny Ph.D.<\/strong><br \/>\nNew National Excellence Program \u2013 postdoctoral tender winner<\/p>\n<p><strong>D\u00e1niel M\u00e1ny Ph.D.<\/strong><br \/>\nFrench State Postdoctoral Scholarship winner<\/p>\n<p><strong>M\u00f3nika Schmidtn\u00e9 Putz Ph.D.<\/strong><br \/>\nGeneral education development tender winner<\/p>\n<p><strong>T\u00edmea Tak\u00e1cs Ph.D.<\/strong><br \/>\nEstonian Government Postdoctoral Scholarship<\/p>\n<p><strong>\u00c9va Katalin Varga Ph.D.<\/strong><br \/>\nRussian Bilateral state scholarships winner<\/p>\n<p><strong>Andrea Weidingern\u00e9 Varg\u00f3czky<\/strong><br \/>\nGeneral education development tender winner<\/p>\n","protected":false},"excerpt":{"rendered":"<p>Katalin Fogarasi Ph.D., habil. Semmelweis Scientific and Innovation Fund tender winner Katalin Fogarasi Ph.D., habil. Bolyai J\u00e1nos Research Scholarship (Hungarian Academy of Sciences) G\u00e1bor Gyenes University Researchers\u2019 Scholarship Program (Semmelweis University) Supervisor: Katalin Fogarasi Ph.D., habil. \u00c1gnes Horv\u00e1th Ph.D. 9th EUniWell Seed Funding Call D\u00e1niel M\u00e1ny Ph.D. New National Excellence Program \u2013 postdoctoral tender winner &hellip;<\/p>\n","protected":false},"author":102166,"featured_media":0,"parent":6313,"menu_order":0,"comment_status":"closed","ping_status":"closed","template":"","meta":{"_acf_changed":false,"footnotes":""},"categories":[],"tags":[],"class_list":["post-11929","page","type-page","status-publish","hentry"],"acf":[],"_links":{"self":[{"href":"https:\/\/semmelweis.hu\/szaknyelv\/wp-json\/wp\/v2\/pages\/11929","targetHints":{"allow":["GET"]}}],"collection":[{"href":"https:\/\/semmelweis.hu\/szaknyelv\/wp-json\/wp\/v2\/pages"}],"about":[{"href":"https:\/\/semmelweis.hu\/szaknyelv\/wp-json\/wp\/v2\/types\/page"}],"author":[{"embeddable":true,"href":"https:\/\/semmelweis.hu\/szaknyelv\/wp-json\/wp\/v2\/users\/102166"}],"replies":[{"embeddable":true,"href":"https:\/\/semmelweis.hu\/szaknyelv\/wp-json\/wp\/v2\/comments?post=11929"}],"version-history":[{"count":7,"href":"https:\/\/semmelweis.hu\/szaknyelv\/wp-json\/wp\/v2\/pages\/11929\/revisions"}],"predecessor-version":[{"id":15338,"href":"https:\/\/semmelweis.hu\/szaknyelv\/wp-json\/wp\/v2\/pages\/11929\/revisions\/15338"}],"up":[{"embeddable":true,"href":"https:\/\/semmelweis.hu\/szaknyelv\/wp-json\/wp\/v2\/pages\/6313"}],"wp:attachment":[{"href":"https:\/\/semmelweis.hu\/szaknyelv\/wp-json\/wp\/v2\/media?parent=11929"}],"wp:term":[{"taxonomy":"category","embeddable":true,"href":"https:\/\/semmelweis.hu\/szaknyelv\/wp-json\/wp\/v2\/categories?post=11929"},{"taxonomy":"post_tag","embeddable":true,"href":"https:\/\/semmelweis.hu\/szaknyelv\/wp-json\/wp\/v2\/tags?post=11929"}],"curies":[{"name":"wp","href":"https:\/\/api.w.org\/{rel}","templated":true}]}}