{"id":11924,"date":"2023-11-21T05:45:19","date_gmt":"2023-11-21T04:45:19","guid":{"rendered":"https:\/\/semmelweis.hu\/szaknyelv\/?page_id=11924"},"modified":"2025-12-10T10:02:55","modified_gmt":"2025-12-10T09:02:55","slug":"palyazatok","status":"publish","type":"page","link":"https:\/\/semmelweis.hu\/szaknyelv\/kutatas\/palyazatok\/","title":{"rendered":"P\u00e1ly\u00e1zatok"},"content":{"rendered":"<p><strong>Dr. habil. Fogarasi Katalin<\/strong><br \/>\nSemmelweis Tudom\u00e1nyos \u00e9s Innov\u00e1ci\u00f3s Alap (STIA) p\u00e1ly\u00e1zat<\/p>\n<p><strong>Dr. habil. Fogarasi Katalin<\/strong><br \/>\nBolyai J\u00e1nos Kutat\u00e1si \u00d6szt\u00f6nd\u00edj<\/p>\n<p><strong>Dr. Varga \u00c9va Katalin<\/strong><br \/>\nOrosz \u00e1llamk\u00f6zi \u00f6szt\u00f6nd\u00edj<\/p>\n<p><strong>Dr. M\u00e1ny D\u00e1niel<\/strong><br \/>\n\u00daj Nemzeti Kiv\u00e1l\u00f3s\u00e1gi Program (\u00daNKP) &#8211; posztdoktori p\u00e1ly\u00e1zat<\/p>\n<p><strong>Dr. Schmitdn\u00e9 Dr. Putz M\u00f3nika<\/strong><br \/>\n\u00c1ltal\u00e1nos oktat\u00e1sfejleszt\u00e9si p\u00e1ly\u00e1zat<\/p>\n<p><strong>Weidingern\u00e9 Varg\u00f3czky Andrea<\/strong><br \/>\n\u00c1ltal\u00e1nos oktat\u00e1sfejleszt\u00e9si p\u00e1ly\u00e1zat<\/p>\n<p><strong>Dr. M\u00e1ny D\u00e1niel<\/strong><br \/>\nFrancia \u00c1llami Posztdoktori \u00d6szt\u00f6nd\u00edj<\/p>\n<p><strong>Dr. Tak\u00e1cs T\u00edmea<\/strong><br \/>\n\u00c9szt \u00e1llami \u00f6szt\u00f6nd\u00edj k\u00fclf\u00f6ldi kutat\u00f3k \u00e9s egyetemi oktat\u00f3k sz\u00e1m\u00e1ra<\/p>\n<p><strong>Gyenes G\u00e1bor<\/strong><br \/>\nEgyetemi Kutat\u00f3i \u00d6szt\u00f6nd\u00edj Program (EK\u00d6P), Semmelweis Egyetem<br \/>\nT\u00e9mavezet\u0151: Dr. habil. Fogarasi Katalin<\/p>\n<p><strong>dr. Horv\u00e1th \u00c1gnes <\/strong> <strong><br \/>\n<\/strong><span class=\"x193iq5w xeuugli x13faqbe x1vvkbs x1xmvt09 x1lliihq x1s928wv xhkezso x1gmr53x x1cpjm7i x1fgarty x1943h6x xudqn12 x3x7a5m x6prxxf xvq8zen xo1l8bm xzsf02u x1yc453h\" dir=\"auto\">9th EUniWell Seed Funding Call<\/span><\/p>\n","protected":false},"excerpt":{"rendered":"<p>Dr. habil. Fogarasi Katalin Semmelweis Tudom\u00e1nyos \u00e9s Innov\u00e1ci\u00f3s Alap (STIA) p\u00e1ly\u00e1zat Dr. habil. Fogarasi Katalin Bolyai J\u00e1nos Kutat\u00e1si \u00d6szt\u00f6nd\u00edj Dr. Varga \u00c9va Katalin Orosz \u00e1llamk\u00f6zi \u00f6szt\u00f6nd\u00edj Dr. M\u00e1ny D\u00e1niel \u00daj Nemzeti Kiv\u00e1l\u00f3s\u00e1gi Program (\u00daNKP) &#8211; posztdoktori p\u00e1ly\u00e1zat Dr. Schmitdn\u00e9 Dr. Putz M\u00f3nika \u00c1ltal\u00e1nos oktat\u00e1sfejleszt\u00e9si p\u00e1ly\u00e1zat Weidingern\u00e9 Varg\u00f3czky Andrea \u00c1ltal\u00e1nos oktat\u00e1sfejleszt\u00e9si p\u00e1ly\u00e1zat Dr. M\u00e1ny D\u00e1niel Francia &hellip;<\/p>\n","protected":false},"author":102166,"featured_media":0,"parent":5529,"menu_order":0,"comment_status":"closed","ping_status":"closed","template":"","meta":{"_acf_changed":false,"footnotes":""},"categories":[],"tags":[],"class_list":["post-11924","page","type-page","status-publish","hentry"],"acf":[],"_links":{"self":[{"href":"https:\/\/semmelweis.hu\/szaknyelv\/wp-json\/wp\/v2\/pages\/11924","targetHints":{"allow":["GET"]}}],"collection":[{"href":"https:\/\/semmelweis.hu\/szaknyelv\/wp-json\/wp\/v2\/pages"}],"about":[{"href":"https:\/\/semmelweis.hu\/szaknyelv\/wp-json\/wp\/v2\/types\/page"}],"author":[{"embeddable":true,"href":"https:\/\/semmelweis.hu\/szaknyelv\/wp-json\/wp\/v2\/users\/102166"}],"replies":[{"embeddable":true,"href":"https:\/\/semmelweis.hu\/szaknyelv\/wp-json\/wp\/v2\/comments?post=11924"}],"version-history":[{"count":8,"href":"https:\/\/semmelweis.hu\/szaknyelv\/wp-json\/wp\/v2\/pages\/11924\/revisions"}],"predecessor-version":[{"id":15339,"href":"https:\/\/semmelweis.hu\/szaknyelv\/wp-json\/wp\/v2\/pages\/11924\/revisions\/15339"}],"up":[{"embeddable":true,"href":"https:\/\/semmelweis.hu\/szaknyelv\/wp-json\/wp\/v2\/pages\/5529"}],"wp:attachment":[{"href":"https:\/\/semmelweis.hu\/szaknyelv\/wp-json\/wp\/v2\/media?parent=11924"}],"wp:term":[{"taxonomy":"category","embeddable":true,"href":"https:\/\/semmelweis.hu\/szaknyelv\/wp-json\/wp\/v2\/categories?post=11924"},{"taxonomy":"post_tag","embeddable":true,"href":"https:\/\/semmelweis.hu\/szaknyelv\/wp-json\/wp\/v2\/tags?post=11924"}],"curies":[{"name":"wp","href":"https:\/\/api.w.org\/{rel}","templated":true}]}}