{"id":11906,"date":"2023-11-20T14:37:27","date_gmt":"2023-11-20T13:37:27","guid":{"rendered":"https:\/\/semmelweis.hu\/szaknyelv\/?page_id=11906"},"modified":"2023-11-21T05:17:20","modified_gmt":"2023-11-21T04:17:20","slug":"11906-2","status":"publish","type":"page","link":"https:\/\/semmelweis.hu\/szaknyelv\/11906-2\/","title":{"rendered":""},"content":{"rendered":"<p style=\"text-align: justify\"><a href=\"https:\/\/m2.mtmt.hu\/api\/author\/10063366\"><strong>M\u00e1ny, D\u00e1niel<\/strong><\/a><br \/>\n<em><a href=\"https:\/\/m2.mtmt.hu\/api\/publication\/33726796\">Eufemizmusok az orvosi szakford\u00edt\u00e1sban<\/a>\u00a0pp. 247-250. , 4 p.\u00a0(2023)<br \/>\n<\/em>In: Robin Edina, Malaczkov Szilvia, Kovalik-De\u00e1k Szilvia (szerk.) \u00cdgy sz\u00fcletett a magyar ford\u00edt\u00e1studom\u00e1ny: Doktori kutat\u00e1sok 2003\u20132023, Budapest: ELTE BTK Ford\u00edt\u00f3- \u00e9s Tolm\u00e1csk\u00e9pz\u0151 Tansz\u00e9k,<\/p>\n","protected":false},"excerpt":{"rendered":"<p><a href=\"https:\/\/m2.mtmt.hu\/api\/author\/10063366\">M\u00e1ny, D\u00e1niel<\/a><br \/>\n<a href=\"https:\/\/m2.mtmt.hu\/api\/publication\/33726796\">Eufemizmusok az orvosi szakford\u00edt\u00e1sban<\/a>\u00a0pp. 247-250. , 4 p.\u00a0(2023)<br \/>\nIn: Robin Edina, Malaczkov Szilvia, Kovalik-De\u00e1k Szilvia (szerk.) \u00cdgy sz\u00fcletett a magyar ford\u00edt\u00e1studom\u00e1ny: Doktori kutat\u00e1sok 2003\u20132023, Budapest: ELTE BTK Ford\u00edt\u00f3- \u00e9s Tolm\u00e1csk\u00e9pz\u0151 Tansz\u00e9k,<\/p>\n","protected":false},"author":102166,"featured_media":0,"parent":0,"menu_order":0,"comment_status":"closed","ping_status":"closed","template":"","meta":{"_acf_changed":false,"footnotes":""},"categories":[],"tags":[],"class_list":["post-11906","page","type-page","status-publish","hentry"],"acf":[],"_links":{"self":[{"href":"https:\/\/semmelweis.hu\/szaknyelv\/wp-json\/wp\/v2\/pages\/11906","targetHints":{"allow":["GET"]}}],"collection":[{"href":"https:\/\/semmelweis.hu\/szaknyelv\/wp-json\/wp\/v2\/pages"}],"about":[{"href":"https:\/\/semmelweis.hu\/szaknyelv\/wp-json\/wp\/v2\/types\/page"}],"author":[{"embeddable":true,"href":"https:\/\/semmelweis.hu\/szaknyelv\/wp-json\/wp\/v2\/users\/102166"}],"replies":[{"embeddable":true,"href":"https:\/\/semmelweis.hu\/szaknyelv\/wp-json\/wp\/v2\/comments?post=11906"}],"version-history":[{"count":2,"href":"https:\/\/semmelweis.hu\/szaknyelv\/wp-json\/wp\/v2\/pages\/11906\/revisions"}],"predecessor-version":[{"id":11911,"href":"https:\/\/semmelweis.hu\/szaknyelv\/wp-json\/wp\/v2\/pages\/11906\/revisions\/11911"}],"wp:attachment":[{"href":"https:\/\/semmelweis.hu\/szaknyelv\/wp-json\/wp\/v2\/media?parent=11906"}],"wp:term":[{"taxonomy":"category","embeddable":true,"href":"https:\/\/semmelweis.hu\/szaknyelv\/wp-json\/wp\/v2\/categories?post=11906"},{"taxonomy":"post_tag","embeddable":true,"href":"https:\/\/semmelweis.hu\/szaknyelv\/wp-json\/wp\/v2\/tags?post=11906"}],"curies":[{"name":"wp","href":"https:\/\/api.w.org\/{rel}","templated":true}]}}